{"id":6389,"date":"2023-05-24T18:36:04","date_gmt":"2023-05-24T16:36:04","guid":{"rendered":"https:\/\/penzionbado.sk\/?post_type=product&#038;p=6389"},"modified":"2024-12-04T14:16:30","modified_gmt":"2024-12-04T13:16:30","slug":"darcekova-poukazka","status":"publish","type":"product","link":"https:\/\/penzionbado.sk\/pl\/produkt\/darcekova-poukazka\/","title":{"rendered":"Dar\u010dekov\u00e1 pouk\u00e1\u017eka"},"content":{"rendered":"<p>N\u00e1\u0161 dar\u010dekov\u00fd poukaz\u00a0<strong>m\u00e1 formu A4<\/strong>, zlo\u017een\u00fd dar\u010dekov\u00fd poukaz m\u00e1 kompaktn\u00e9 rozmery a zmest\u00ed sa do ka\u017edej schr\u00e1nky. Je nutn\u00e9 ma\u0165 dan\u00fd poukaz pri n\u00e1stupe na ubytovanie tak, aby bolo preuk\u00e1zate\u013en\u00e9 zak\u00fapenie dan\u00e9ho poukazu.<\/p>\n<h4>Ako si objedn\u00e1m poukaz v\u00a0dar\u010dekovom balen\u00ed?<\/h4>\n<ol>\n<li>Nap\u00ed\u0161te n\u00e1m na\u00a0<a href=\"mailto:info@penzionbado.sk\">info@penzionbado.sk<\/a>, v predmete uve\u010fte \u201cDar\u010dekov\u00fd poukaz\u201d a odo\u0161lite.<\/li>\n<li>Do e-mailu v\u00e1m pr\u00eddu in\u0161trukcie oh\u013eadom \u00fahrady dar\u010dekov\u00e9ho poukazu a n\u00e1sledne po \u00fahrade v\u00e1m za\u0161leme dar\u010dekov\u00fa pouk\u00e1\u017eku.<\/li>\n<li><strong>Za dar\u010dekov\u00e9 balenie zaplat\u00edte 1,90 \u20ac a oby\u010dajn\u00e9 doru\u010denie je zadarmo.\u00a0<\/strong><\/li>\n<\/ol>\n<p><strong>Dobr\u00e9 vedie\u0165:<\/strong><\/p>\n<ul>\n<li>Dar\u010dekov\u00e9 balenie je dostupn\u00e9 len pre slu\u017eby a nie konzum\u00e1ciu n\u00e1pojov \u010di jed\u00e1l.<\/li>\n<li>Dar\u010dekov\u00e9 balenie nie je mo\u017en\u00e9 nesk\u00f4r doobjedna\u0165. Tak na\u0148 po\u010das\u00a0objedn\u00e1vky nezabudnite.<\/li>\n<\/ul>\n<h4>V\u00fdhody dar\u010dekov\u00e9ho balenia poukazu<\/h4>\n<ul>\n<li>M\u00f4\u017eete prida\u0165 aj\u00a0osobn\u00e9 venovanie.<\/li>\n<li>S\u00a0darovan\u00edm poukazu v\u00a0na\u0161om dar\u010dekovom balen\u00ed z\u00edska obdarovan\u00fd aj\u00a0poukaz v\u00a0digit\u00e1lnej podobe \u2013 v\u010faka 8-miestnemu k\u00f3du si tento m\u00f4\u017eete uplatni\u0165 na recepcii.\u00a0Takto bud\u00fa v\u0161etky notifik\u00e1cie \u010di pripomienky term\u00ednov vyu\u017eitia chodi\u0165 obdarovan\u00e9mu\u00a0a nie darcovi.<\/li>\n<li>\u010eal\u0161ou u\u017eito\u010dnou funkciou je mo\u017enos\u0165\u00a0vytvori\u0165 si vlastn\u00fa rezerv\u00e1ciu pobytu \u010di dovolenky priamo na telef\u00f3nnom \u010d\u00edsle +421 903 714 695 \u010di e-mailom.<\/li>\n<\/ul>\n<h4>Aj\u00a0tieto Vianoce v\u00e1s zachr\u00e1nia ponuky s\u00a0dlhou platnos\u0165ou<\/h4>\n<p>Darujte pod strom\u010dek dar\u010dekov\u00fd poukaz s dlhou platnos\u0165ou a term\u00edn vyu\u017eitia si vyberie obdarovan\u00fd v roku 2025 pod\u013ea seba. Pre\u010do je to rozumn\u00e1 vo\u013eba? Preto\u017ee vy nak\u00fapite za tohtoro\u010dn\u00e9 ceny a obdarovan\u00fd z\u00edska dostatok \u010dasu na rozmyslenie a n\u00e1jdenie si d\u00e1tumu, kedy svoj dar\u010dek vyu\u017eije.<\/p>\n","protected":false},"excerpt":{"rendered":"<p>Ak\u00fdko\u013evek pobyt \u010di z\u00e1\u017eitok v na\u0161om ubytovacom zariaden\u00ed penzi\u00f3n BA\u010eO*** je ide\u00e1lny na darovanie. N\u00e1jdete u n\u00e1s super tipy na dar\u010dek pre rodinu, kamar\u00e1tov i kolegov. Dar\u010dekov\u00e9 poukazy z na\u0161ej ponuky m\u00f4\u017eete darova\u0165 svojpomocne vytla\u010den\u00edm doma, alebo necha\u0165 balenie a doru\u010denie na n\u00e1s.<\/p>\n","protected":false},"featured_media":10799,"template":"","meta":{"inline_featured_image":false},"product_cat":[15],"product_tag":[],"yoast_head":"<!-- This site is optimized with the Yoast SEO plugin v20.13 - https:\/\/yoast.com\/wordpress\/plugins\/seo\/ -->\n<title>Dar\u010dekov\u00e1 pouk\u00e1\u017eka | Penzi\u00f3n BA\u010eO ***<\/title>\n<meta name=\"robots\" content=\"index, follow, max-snippet:-1, max-image-preview:large, max-video-preview:-1\" \/>\n<link rel=\"canonical\" href=\"https:\/\/penzionbado.sk\/produkt\/darcekova-poukazka\/\" \/>\n<meta property=\"og:locale\" content=\"pl_PL\" \/>\n<meta property=\"og:type\" content=\"article\" \/>\n<meta property=\"og:title\" content=\"Dar\u010dekov\u00e1 pouk\u00e1\u017eka | Penzi\u00f3n BA\u010eO ***\" \/>\n<meta property=\"og:description\" content=\"Ak\u00fdko\u013evek pobyt \u010di z\u00e1\u017eitok v na\u0161om ubytovacom zariaden\u00ed penzi\u00f3n BA\u010eO*** je ide\u00e1lny na darovanie. N\u00e1jdete u n\u00e1s super tipy na dar\u010dek pre rodinu, kamar\u00e1tov i kolegov. Dar\u010dekov\u00e9 poukazy z na\u0161ej ponuky m\u00f4\u017eete darova\u0165 svojpomocne vytla\u010den\u00edm doma, alebo necha\u0165 balenie a doru\u010denie na n\u00e1s.\" \/>\n<meta property=\"og:url\" content=\"https:\/\/penzionbado.sk\/produkt\/darcekova-poukazka\/\" \/>\n<meta property=\"og:site_name\" content=\"Penzi\u00f3n BA\u010eO ***\" \/>\n<meta property=\"article:publisher\" content=\"https:\/\/www.facebook.com\/www.penzionbado.sk\" \/>\n<meta property=\"article:modified_time\" content=\"2024-12-04T13:16:30+00:00\" \/>\n<meta property=\"og:image\" content=\"https:\/\/penzionbado.sk\/wp-content\/uploads\/2024\/11\/Penzion-Bado-darcekova-poukazka-1-1.png\" \/>\n\t<meta property=\"og:image:width\" content=\"1080\" \/>\n\t<meta property=\"og:image:height\" content=\"1080\" \/>\n\t<meta property=\"og:image:type\" content=\"image\/png\" \/>\n<meta name=\"twitter:card\" content=\"summary_large_image\" \/>\n<meta name=\"twitter:label1\" content=\"Szacowany czas czytania\" \/>\n\t<meta name=\"twitter:data1\" content=\"2 minuty\" \/>\n<script type=\"application\/ld+json\" class=\"yoast-schema-graph\">{\"@context\":\"https:\/\/schema.org\",\"@graph\":[{\"@type\":\"WebPage\",\"@id\":\"https:\/\/penzionbado.sk\/produkt\/darcekova-poukazka\/\",\"url\":\"https:\/\/penzionbado.sk\/produkt\/darcekova-poukazka\/\",\"name\":\"Dar\u010dekov\u00e1 pouk\u00e1\u017eka | Penzi\u00f3n BA\u010eO ***\",\"isPartOf\":{\"@id\":\"https:\/\/penzionbado.sk\/#website\"},\"datePublished\":\"2023-05-24T16:36:04+00:00\",\"dateModified\":\"2024-12-04T13:16:30+00:00\",\"breadcrumb\":{\"@id\":\"https:\/\/penzionbado.sk\/produkt\/darcekova-poukazka\/#breadcrumb\"},\"inLanguage\":\"pl-PL\",\"potentialAction\":[{\"@type\":\"ReadAction\",\"target\":[\"https:\/\/penzionbado.sk\/produkt\/darcekova-poukazka\/\"]}]},{\"@type\":\"BreadcrumbList\",\"@id\":\"https:\/\/penzionbado.sk\/produkt\/darcekova-poukazka\/#breadcrumb\",\"itemListElement\":[{\"@type\":\"ListItem\",\"position\":1,\"name\":\"Home\",\"item\":\"https:\/\/penzionbado.sk\/pl\/\"},{\"@type\":\"ListItem\",\"position\":2,\"name\":\"Obchod\",\"item\":\"https:\/\/penzionbado.sk\/obchod\/\"},{\"@type\":\"ListItem\",\"position\":3,\"name\":\"Dar\u010dekov\u00e1 pouk\u00e1\u017eka\"}]},{\"@type\":\"WebSite\",\"@id\":\"https:\/\/penzionbado.sk\/#website\",\"url\":\"https:\/\/penzionbado.sk\/\",\"name\":\"Penzi\u00f3n BA\u010eO ***\",\"description\":\"Rodinn\u00fd penzi\u00f3n pod Lomnick\u00fdm \u0160t\u00edtom\",\"publisher\":{\"@id\":\"https:\/\/penzionbado.sk\/#organization\"},\"potentialAction\":[{\"@type\":\"SearchAction\",\"target\":{\"@type\":\"EntryPoint\",\"urlTemplate\":\"https:\/\/penzionbado.sk\/?s={search_term_string}\"},\"query-input\":\"required name=search_term_string\"}],\"inLanguage\":\"pl-PL\"},{\"@type\":\"Organization\",\"@id\":\"https:\/\/penzionbado.sk\/#organization\",\"name\":\"Penzi\u00f3n BA\u010eO ***\",\"url\":\"https:\/\/penzionbado.sk\/\",\"logo\":{\"@type\":\"ImageObject\",\"inLanguage\":\"pl-PL\",\"@id\":\"https:\/\/penzionbado.sk\/#\/schema\/logo\/image\/\",\"url\":\"https:\/\/penzionbado.sk\/wp-content\/uploads\/2023\/05\/BADO_logo_black_transparent.png\",\"contentUrl\":\"https:\/\/penzionbado.sk\/wp-content\/uploads\/2023\/05\/BADO_logo_black_transparent.png\",\"width\":470,\"height\":473,\"caption\":\"Penzi\u00f3n BA\u010eO ***\"},\"image\":{\"@id\":\"https:\/\/penzionbado.sk\/#\/schema\/logo\/image\/\"},\"sameAs\":[\"https:\/\/www.facebook.com\/www.penzionbado.sk\",\"https:\/\/www.instagram.com\/penzionvysoketatry\/\",\"https:\/\/www.youtube.com\/channel\/UCxZmlcE9qBcD9fdk4hfpo7g\"]}]}<\/script>\n<!-- \/ Yoast SEO plugin. -->","yoast_head_json":{"title":"Dar\u010dekov\u00e1 pouk\u00e1\u017eka | Penzi\u00f3n BA\u010eO ***","robots":{"index":"index","follow":"follow","max-snippet":"max-snippet:-1","max-image-preview":"max-image-preview:large","max-video-preview":"max-video-preview:-1"},"canonical":"https:\/\/penzionbado.sk\/produkt\/darcekova-poukazka\/","og_locale":"pl_PL","og_type":"article","og_title":"Dar\u010dekov\u00e1 pouk\u00e1\u017eka | Penzi\u00f3n BA\u010eO ***","og_description":"Ak\u00fdko\u013evek pobyt \u010di z\u00e1\u017eitok v na\u0161om ubytovacom zariaden\u00ed penzi\u00f3n BA\u010eO*** je ide\u00e1lny na darovanie. N\u00e1jdete u n\u00e1s super tipy na dar\u010dek pre rodinu, kamar\u00e1tov i kolegov. Dar\u010dekov\u00e9 poukazy z na\u0161ej ponuky m\u00f4\u017eete darova\u0165 svojpomocne vytla\u010den\u00edm doma, alebo necha\u0165 balenie a doru\u010denie na n\u00e1s.","og_url":"https:\/\/penzionbado.sk\/produkt\/darcekova-poukazka\/","og_site_name":"Penzi\u00f3n BA\u010eO ***","article_publisher":"https:\/\/www.facebook.com\/www.penzionbado.sk","article_modified_time":"2024-12-04T13:16:30+00:00","og_image":[{"width":1080,"height":1080,"url":"https:\/\/penzionbado.sk\/wp-content\/uploads\/2024\/11\/Penzion-Bado-darcekova-poukazka-1-1.png","type":"image\/png"}],"twitter_card":"summary_large_image","twitter_misc":{"Szacowany czas czytania":"2 minuty"},"schema":{"@context":"https:\/\/schema.org","@graph":[{"@type":"WebPage","@id":"https:\/\/penzionbado.sk\/produkt\/darcekova-poukazka\/","url":"https:\/\/penzionbado.sk\/produkt\/darcekova-poukazka\/","name":"Dar\u010dekov\u00e1 pouk\u00e1\u017eka | Penzi\u00f3n BA\u010eO ***","isPartOf":{"@id":"https:\/\/penzionbado.sk\/#website"},"datePublished":"2023-05-24T16:36:04+00:00","dateModified":"2024-12-04T13:16:30+00:00","breadcrumb":{"@id":"https:\/\/penzionbado.sk\/produkt\/darcekova-poukazka\/#breadcrumb"},"inLanguage":"pl-PL","potentialAction":[{"@type":"ReadAction","target":["https:\/\/penzionbado.sk\/produkt\/darcekova-poukazka\/"]}]},{"@type":"BreadcrumbList","@id":"https:\/\/penzionbado.sk\/produkt\/darcekova-poukazka\/#breadcrumb","itemListElement":[{"@type":"ListItem","position":1,"name":"Home","item":"https:\/\/penzionbado.sk\/pl\/"},{"@type":"ListItem","position":2,"name":"Obchod","item":"https:\/\/penzionbado.sk\/obchod\/"},{"@type":"ListItem","position":3,"name":"Dar\u010dekov\u00e1 pouk\u00e1\u017eka"}]},{"@type":"WebSite","@id":"https:\/\/penzionbado.sk\/#website","url":"https:\/\/penzionbado.sk\/","name":"Penzi\u00f3n BA\u010eO ***","description":"Rodinn\u00fd penzi\u00f3n pod Lomnick\u00fdm \u0160t\u00edtom","publisher":{"@id":"https:\/\/penzionbado.sk\/#organization"},"potentialAction":[{"@type":"SearchAction","target":{"@type":"EntryPoint","urlTemplate":"https:\/\/penzionbado.sk\/?s={search_term_string}"},"query-input":"required name=search_term_string"}],"inLanguage":"pl-PL"},{"@type":"Organization","@id":"https:\/\/penzionbado.sk\/#organization","name":"Penzi\u00f3n BA\u010eO ***","url":"https:\/\/penzionbado.sk\/","logo":{"@type":"ImageObject","inLanguage":"pl-PL","@id":"https:\/\/penzionbado.sk\/#\/schema\/logo\/image\/","url":"https:\/\/penzionbado.sk\/wp-content\/uploads\/2023\/05\/BADO_logo_black_transparent.png","contentUrl":"https:\/\/penzionbado.sk\/wp-content\/uploads\/2023\/05\/BADO_logo_black_transparent.png","width":470,"height":473,"caption":"Penzi\u00f3n BA\u010eO ***"},"image":{"@id":"https:\/\/penzionbado.sk\/#\/schema\/logo\/image\/"},"sameAs":["https:\/\/www.facebook.com\/www.penzionbado.sk","https:\/\/www.instagram.com\/penzionvysoketatry\/","https:\/\/www.youtube.com\/channel\/UCxZmlcE9qBcD9fdk4hfpo7g"]}]}},"_links":{"self":[{"href":"https:\/\/penzionbado.sk\/pl\/wp-json\/wp\/v2\/product\/6389"}],"collection":[{"href":"https:\/\/penzionbado.sk\/pl\/wp-json\/wp\/v2\/product"}],"about":[{"href":"https:\/\/penzionbado.sk\/pl\/wp-json\/wp\/v2\/types\/product"}],"wp:featuredmedia":[{"embeddable":true,"href":"https:\/\/penzionbado.sk\/pl\/wp-json\/wp\/v2\/media\/10799"}],"wp:attachment":[{"href":"https:\/\/penzionbado.sk\/pl\/wp-json\/wp\/v2\/media?parent=6389"}],"wp:term":[{"taxonomy":"product_cat","embeddable":true,"href":"https:\/\/penzionbado.sk\/pl\/wp-json\/wp\/v2\/product_cat?post=6389"},{"taxonomy":"product_tag","embeddable":true,"href":"https:\/\/penzionbado.sk\/pl\/wp-json\/wp\/v2\/product_tag?post=6389"}],"curies":[{"name":"wp","href":"https:\/\/api.w.org\/{rel}","templated":true}]}}