{"id":8704,"date":"2024-07-08T16:22:54","date_gmt":"2024-07-08T14:22:54","guid":{"rendered":"https:\/\/penzionbado.sk\/polityka-dotyczaca-plikow-cookie\/"},"modified":"2024-07-18T08:14:36","modified_gmt":"2024-07-18T06:14:36","slug":"polityka-dotyczaca-plikow-cookie","status":"publish","type":"page","link":"https:\/\/penzionbado.sk\/pl\/polityka-dotyczaca-plikow-cookie\/","title":{"rendered":"Polityka dotycz\u0105ca plik\u00f3w cookie"},"content":{"rendered":"\t\t<div data-elementor-type=\"wp-page\" data-elementor-id=\"8704\" class=\"elementor elementor-8704 elementor-6626\" data-elementor-post-type=\"page\">\n\t\t\t\t\t\t\t\t\t<section class=\"elementor-section elementor-top-section elementor-element elementor-element-4d225ac elementor-section-full_width elementor-section-height-default elementor-section-height-default qodef-elementor-content-no\" data-id=\"4d225ac\" data-element_type=\"section\">\n\t\t\t\t\t\t<div class=\"elementor-container elementor-column-gap-no\">\n\t\t\t\t\t<div class=\"elementor-column elementor-col-100 elementor-top-column elementor-element elementor-element-c3b305a\" data-id=\"c3b305a\" data-element_type=\"column\">\n\t\t\t<div class=\"elementor-widget-wrap elementor-element-populated\">\n\t\t\t\t\t\t\t\t<div class=\"elementor-element elementor-element-da5e3dd elementor-widget elementor-widget-text-editor\" data-id=\"da5e3dd\" data-element_type=\"widget\" data-widget_type=\"text-editor.default\">\n\t\t\t\t<div class=\"elementor-widget-container\">\n\t\t\t\t\t\t\t<h2>Czym s\u0105 pliki cookie?<\/h2>\nPliki cookie to ma\u0142e pliki tekstowe tworzone przez serwer internetowy i przechowywane na komputerze lub urz\u0105dzeniu mobilnym u\u017cytkownika podczas przegl\u0105dania stron internetowych. Dzi\u0119ki tym plikom serwer internetowy zapami\u0119tuje ruchy i preferencje u\u017cytkownika na stronie internetowej (np. j\u0119zyk, rozmiar czcionki itp.) przez okre\u015blony czas, a u\u017cytkownik nie musi ich ponownie wprowadza\u0107 przy nast\u0119pnej wizycie na stronie internetowej. Pliki cookie s\u0105 u\u017cywane przez wi\u0119kszo\u015b\u0107 stron internetowych i sklep\u00f3w internetowych.\n<h2>Dystrybucja plik\u00f3w cookie<\/h2>\nCiasteczka mo\u017cna podzieli\u0107 ze wzgl\u0119du na ich trwa\u0142o\u015b\u0107 na:\n<ul>\n \t<li>Kr\u00f3tkoterminowe (sesyjne) &#8211; s\u0105 usuwane z komputera po zamkni\u0119ciu przegl\u0105darki.<\/li>\n \t<li>D\u0142ugoterminowe (trwa\u0142e pliki cookie) &#8211; pozostaj\u0105 przechowywane na komputerze u\u017cytkownika po zamkni\u0119ciu przegl\u0105darki i s\u0105 usuwane po bardzo d\u0142ugim czasie. (W zale\u017cno\u015bci od ustawie\u0144 przegl\u0105darki). Mo\u017cna je r\u00f3wnie\u017c usun\u0105\u0107 r\u0119cznie.<\/li>\n<\/ul>\nZgodnie z ich przeznaczeniem mo\u017cemy podzieli\u0107 je na:\n<ul>\n \t<li>Techniczne &#8211; u\u017cywane do podstawowych funkcji witryny lub strony (odtwarzanie wideo, udost\u0119pnianie tre\u015bci, logowanie).<\/li>\n \t<li>Analityczne &#8211; wykorzystywane do gromadzenia nieanonimowych danych o zachowaniu u\u017cytkownika. Na tej podstawie mo\u017cemy zmodyfikowa\u0107 stron\u0119, aby by\u0142a bardziej przyjazna dla u\u017cytkownika.<\/li>\n \t<li>Remarketing &#8211; u\u017cywany do kierowania reklam do u\u017cytkownika<\/li>\n<\/ul>\n<h2>Jak wykorzystujemy pliki cookie?<\/h2>\nTa strona u\u017cywa plik\u00f3w cookie do:\n<ul>\n \t<li>Dla niezb\u0119dnej funkcjonalno\u015bci strony<\/li>\n \t<li>Zapami\u0119tywanie ustawie\u0144 u\u017cytkownika<\/li>\n \t<li>Gromadzenie anonimowych informacji statystycznych o odwiedzaj\u0105cych<\/li>\n \t<li>Lepsze dostosowanie reklam i udost\u0119pnianie w mediach spo\u0142eczno\u015bciowych<\/li>\n<\/ul>\n<h2>Jakich plik\u00f3w cookie u\u017cywamy?<\/h2>\n<h3>Google Analytics<\/h3>\nGoogle Analytics jest dostarczany przez Google, Inc. S\u0142u\u017cy do uzyskiwania i gromadzenia anonimowych danych statystycznych dotycz\u0105cych korzystania z witryny przez u\u017cytkownik\u00f3w. Celem korzystania z tej us\u0142ugi jest lepsze zrozumienie potrzeb naszych go\u015bci i upewnienie si\u0119, \u017ce s\u0105 oni zadowoleni. Google Analytics przechowuje informacje o tym, jakie strony odwiedza u\u017cytkownik, jak d\u0142ugo na nich pozostaje, sk\u0105d pochodzi i jakie linki klika. Wszystkie informacje i pliki cookie s\u0105 przesy\u0142ane i przechowywane przez Google, Inc. na serwerach w Stanach Zjednoczonych Ameryki. Dane te nie zawieraj\u0105 \u017cadnych poufnych informacji, kt\u00f3re pozwoli\u0142yby nam zidentyfikowa\u0107 konkretnego u\u017cytkownika. Okres przechowywania tych informacji jest nieokre\u015blony. Google, Inc. mo\u017ce ujawni\u0107 te dane stronom trzecim, je\u015bli jest to wymagane przez prawo.\n\nAby uzyska\u0107 wi\u0119cej informacji na temat prywatno\u015bci, kliknij tutaj: <a href=\"https:\/\/support.google.com\/analytics\/topic\/2919631?hl=sk&amp;ref_topic=1008008\">https:\/\/support.google.com\/analytics\/topic\/2919631?hl=sk&amp;ref_topic=1008008<\/a>\n\nAby zainstalowa\u0107 dodatek do oprogramowania odrzucaj\u0105cy pliki cookie Google Analytics, kliknij tutaj: <a href=\"https:\/\/tools.google.com\/dlpage\/gaoptout\">https:\/\/tools.google.com\/dlpage\/gaoptou<\/a>\n<h3>Facebook<\/h3>\nFacebook, Inc. wykorzystuje pliki cookie do obs\u0142ugi przycisk\u00f3w &#8220;Lubi\u0119 to&#8221; i &#8220;Udost\u0119pnij&#8221;, dzi\u0119ki czemu odwiedzaj\u0105cy witryn\u0119 mog\u0105 szybciej i wygodniej udost\u0119pnia\u0107 informacje wy\u015bwietlane w witrynie. (np. artyku\u0142y, produkty, portfolio itp.). Aby uzyska\u0107 wi\u0119cej informacji na temat plik\u00f3w cookie u\u017cywanych przez Facebook, Inc. kliknij tutaj: <a href=\"https:\/\/sk-sk.facebook.com\/policies\/cookies\/\">https:\/\/sk-sk.facebook.com\/policies\/cookies\/<\/a>\n<h2>Ustawienia przegl\u0105darki<\/h2>\nWi\u0119kszo\u015b\u0107 przegl\u0105darek internetowych mo\u017cna ustawi\u0107 tak, aby blokowa\u0142y pliki cookie. Dzieje si\u0119 tak pomimo faktu, \u017ce niekt\u00f3re elementy na stronie mog\u0105 nie dzia\u0142a\u0107 poprawnie. Ustawienia plik\u00f3w cookie znajduj\u0105 si\u0119 zazwyczaj w zak\u0142adce &#8220;Opcje&#8221; lub &#8220;Ustawienia&#8221;.\n\nUstawienia plik\u00f3w cookie specyficzne dla przegl\u0105darki:\n<ul>\n \t<li>Internet Explorer &#8211; <a href=\"https:\/\/support.microsoft.com\/sk-sk\/help\/17442\/windows-internet-explorer-delete-manage-cookies\">https:\/\/support.microsoft.com\/sk-sk\/help\/17442\/windows-internet-explorer-delete-manage-cookies<\/a><\/li>\n \t<li>Mozilla Firefox &#8211; <a href=\"https:\/\/support.mozilla.org\/sk\/kb\/Spr%C3%A1va%20cookies\">%C3%<\/a><\/li>\n \t<li>Google Chrome &#8211; <a href=\"https:\/\/support.google.com\/chrome\/answer\/95647?hl=sk\">https:\/\/support.google.com\/chrome\/answer\/95647?hl=sk<\/a><\/li>\n \t<li>Safari &#8211; <a href=\"https:\/\/support.apple.com\/kb\/ph21411?locale=sk_SK\">https:\/\/support.apple.com\/kb\/ph21411?locale=sk_SK<\/a><\/li>\n<\/ul>\nWi\u0119cej informacji na temat plik\u00f3w cookie i ich wykorzystania mo\u017cna znale\u017a\u0107 na stronie <a href=\"https:\/\/www.aboutcookies.org\/\">https:\/\/aboutcookies.org\/<\/a>.\n<p>Zarz\u0105dzaj swoj\u0105 zgod\u0105 na pliki cookie <a class=\"cmplz-show-banner\">, klikaj\u0105c tutaj<\/a>.<\/p>\t\t\t\t\t\t<\/div>\n\t\t\t\t<\/div>\n\t\t\t\t\t<\/div>\n\t\t<\/div>\n\t\t\t\t\t\t\t<\/div>\n\t\t<\/section>\n\t\t\t\t\t\t\t<\/div>\n\t\t","protected":false},"excerpt":{"rendered":"<p>Czym s\u0105 pliki cookie? Pliki cookie to ma\u0142e pliki tekstowe tworzone przez serwer internetowy i przechowywane na komputerze lub urz\u0105dzeniu mobilnym u\u017cytkownika podczas przegl\u0105dania stron internetowych. Dzi\u0119ki tym plikom serwer internetowy zapami\u0119tuje ruchy i preferencje u\u017cytkownika na stronie internetowej (np. j\u0119zyk, rozmiar czcionki itp.) przez okre\u015blony czas, a u\u017cytkownik nie musi ich ponownie wprowadza\u0107 przy [&hellip;]<\/p>\n","protected":false},"author":1,"featured_media":0,"parent":0,"menu_order":0,"comment_status":"closed","ping_status":"closed","template":"","meta":{"inline_featured_image":false},"yoast_head":"<!-- This site is optimized with the Yoast SEO plugin v20.13 - https:\/\/yoast.com\/wordpress\/plugins\/seo\/ -->\n<title>Polityka dotycz\u0105ca plik\u00f3w cookie | Penzi\u00f3n BA\u010eO ***<\/title>\n<meta name=\"robots\" content=\"index, follow, max-snippet:-1, max-image-preview:large, max-video-preview:-1\" \/>\n<link rel=\"canonical\" href=\"https:\/\/penzionbado.sk\/pl\/polityka-dotyczaca-plikow-cookie\/\" \/>\n<meta property=\"og:locale\" content=\"pl_PL\" \/>\n<meta property=\"og:type\" content=\"article\" \/>\n<meta property=\"og:title\" content=\"Polityka dotycz\u0105ca plik\u00f3w cookie | Penzi\u00f3n BA\u010eO ***\" \/>\n<meta property=\"og:description\" content=\"Czym s\u0105 pliki cookie? Pliki cookie to ma\u0142e pliki tekstowe tworzone przez serwer internetowy i przechowywane na komputerze lub urz\u0105dzeniu mobilnym u\u017cytkownika podczas przegl\u0105dania stron internetowych. Dzi\u0119ki tym plikom serwer internetowy zapami\u0119tuje ruchy i preferencje u\u017cytkownika na stronie internetowej (np. j\u0119zyk, rozmiar czcionki itp.) przez okre\u015blony czas, a u\u017cytkownik nie musi ich ponownie wprowadza\u0107 przy [&hellip;]\" \/>\n<meta property=\"og:url\" content=\"https:\/\/penzionbado.sk\/pl\/polityka-dotyczaca-plikow-cookie\/\" \/>\n<meta property=\"og:site_name\" content=\"Penzi\u00f3n BA\u010eO ***\" \/>\n<meta property=\"article:publisher\" content=\"https:\/\/www.facebook.com\/www.penzionbado.sk\" \/>\n<meta property=\"article:modified_time\" content=\"2024-07-18T06:14:36+00:00\" \/>\n<meta name=\"twitter:card\" content=\"summary_large_image\" \/>\n<meta name=\"twitter:label1\" content=\"Szacowany czas czytania\" \/>\n\t<meta name=\"twitter:data1\" content=\"3 minuty\" \/>\n<script type=\"application\/ld+json\" class=\"yoast-schema-graph\">{\"@context\":\"https:\/\/schema.org\",\"@graph\":[{\"@type\":\"WebPage\",\"@id\":\"https:\/\/penzionbado.sk\/pl\/polityka-dotyczaca-plikow-cookie\/\",\"url\":\"https:\/\/penzionbado.sk\/pl\/polityka-dotyczaca-plikow-cookie\/\",\"name\":\"Polityka dotycz\u0105ca plik\u00f3w cookie | Penzi\u00f3n BA\u010eO ***\",\"isPartOf\":{\"@id\":\"https:\/\/penzionbado.sk\/#website\"},\"datePublished\":\"2024-07-08T14:22:54+00:00\",\"dateModified\":\"2024-07-18T06:14:36+00:00\",\"breadcrumb\":{\"@id\":\"https:\/\/penzionbado.sk\/pl\/polityka-dotyczaca-plikow-cookie\/#breadcrumb\"},\"inLanguage\":\"pl-PL\",\"potentialAction\":[{\"@type\":\"ReadAction\",\"target\":[\"https:\/\/penzionbado.sk\/pl\/polityka-dotyczaca-plikow-cookie\/\"]}]},{\"@type\":\"BreadcrumbList\",\"@id\":\"https:\/\/penzionbado.sk\/pl\/polityka-dotyczaca-plikow-cookie\/#breadcrumb\",\"itemListElement\":[{\"@type\":\"ListItem\",\"position\":1,\"name\":\"Home\",\"item\":\"https:\/\/penzionbado.sk\/pl\/\"},{\"@type\":\"ListItem\",\"position\":2,\"name\":\"Polityka dotycz\u0105ca plik\u00f3w cookie\"}]},{\"@type\":\"WebSite\",\"@id\":\"https:\/\/penzionbado.sk\/#website\",\"url\":\"https:\/\/penzionbado.sk\/\",\"name\":\"Penzi\u00f3n BA\u010eO ***\",\"description\":\"Rodinn\u00fd penzi\u00f3n pod Lomnick\u00fdm \u0160t\u00edtom\",\"publisher\":{\"@id\":\"https:\/\/penzionbado.sk\/#organization\"},\"potentialAction\":[{\"@type\":\"SearchAction\",\"target\":{\"@type\":\"EntryPoint\",\"urlTemplate\":\"https:\/\/penzionbado.sk\/?s={search_term_string}\"},\"query-input\":\"required name=search_term_string\"}],\"inLanguage\":\"pl-PL\"},{\"@type\":\"Organization\",\"@id\":\"https:\/\/penzionbado.sk\/#organization\",\"name\":\"Penzi\u00f3n BA\u010eO ***\",\"url\":\"https:\/\/penzionbado.sk\/\",\"logo\":{\"@type\":\"ImageObject\",\"inLanguage\":\"pl-PL\",\"@id\":\"https:\/\/penzionbado.sk\/#\/schema\/logo\/image\/\",\"url\":\"https:\/\/penzionbado.sk\/wp-content\/uploads\/2023\/05\/BADO_logo_black_transparent.png\",\"contentUrl\":\"https:\/\/penzionbado.sk\/wp-content\/uploads\/2023\/05\/BADO_logo_black_transparent.png\",\"width\":470,\"height\":473,\"caption\":\"Penzi\u00f3n BA\u010eO ***\"},\"image\":{\"@id\":\"https:\/\/penzionbado.sk\/#\/schema\/logo\/image\/\"},\"sameAs\":[\"https:\/\/www.facebook.com\/www.penzionbado.sk\",\"https:\/\/www.instagram.com\/penzionvysoketatry\/\",\"https:\/\/www.youtube.com\/channel\/UCxZmlcE9qBcD9fdk4hfpo7g\"]}]}<\/script>\n<!-- \/ Yoast SEO plugin. -->","yoast_head_json":{"title":"Polityka dotycz\u0105ca plik\u00f3w cookie | Penzi\u00f3n BA\u010eO ***","robots":{"index":"index","follow":"follow","max-snippet":"max-snippet:-1","max-image-preview":"max-image-preview:large","max-video-preview":"max-video-preview:-1"},"canonical":"https:\/\/penzionbado.sk\/pl\/polityka-dotyczaca-plikow-cookie\/","og_locale":"pl_PL","og_type":"article","og_title":"Polityka dotycz\u0105ca plik\u00f3w cookie | Penzi\u00f3n BA\u010eO ***","og_description":"Czym s\u0105 pliki cookie? Pliki cookie to ma\u0142e pliki tekstowe tworzone przez serwer internetowy i przechowywane na komputerze lub urz\u0105dzeniu mobilnym u\u017cytkownika podczas przegl\u0105dania stron internetowych. Dzi\u0119ki tym plikom serwer internetowy zapami\u0119tuje ruchy i preferencje u\u017cytkownika na stronie internetowej (np. j\u0119zyk, rozmiar czcionki itp.) przez okre\u015blony czas, a u\u017cytkownik nie musi ich ponownie wprowadza\u0107 przy [&hellip;]","og_url":"https:\/\/penzionbado.sk\/pl\/polityka-dotyczaca-plikow-cookie\/","og_site_name":"Penzi\u00f3n BA\u010eO ***","article_publisher":"https:\/\/www.facebook.com\/www.penzionbado.sk","article_modified_time":"2024-07-18T06:14:36+00:00","twitter_card":"summary_large_image","twitter_misc":{"Szacowany czas czytania":"3 minuty"},"schema":{"@context":"https:\/\/schema.org","@graph":[{"@type":"WebPage","@id":"https:\/\/penzionbado.sk\/pl\/polityka-dotyczaca-plikow-cookie\/","url":"https:\/\/penzionbado.sk\/pl\/polityka-dotyczaca-plikow-cookie\/","name":"Polityka dotycz\u0105ca plik\u00f3w cookie | Penzi\u00f3n BA\u010eO ***","isPartOf":{"@id":"https:\/\/penzionbado.sk\/#website"},"datePublished":"2024-07-08T14:22:54+00:00","dateModified":"2024-07-18T06:14:36+00:00","breadcrumb":{"@id":"https:\/\/penzionbado.sk\/pl\/polityka-dotyczaca-plikow-cookie\/#breadcrumb"},"inLanguage":"pl-PL","potentialAction":[{"@type":"ReadAction","target":["https:\/\/penzionbado.sk\/pl\/polityka-dotyczaca-plikow-cookie\/"]}]},{"@type":"BreadcrumbList","@id":"https:\/\/penzionbado.sk\/pl\/polityka-dotyczaca-plikow-cookie\/#breadcrumb","itemListElement":[{"@type":"ListItem","position":1,"name":"Home","item":"https:\/\/penzionbado.sk\/pl\/"},{"@type":"ListItem","position":2,"name":"Polityka dotycz\u0105ca plik\u00f3w cookie"}]},{"@type":"WebSite","@id":"https:\/\/penzionbado.sk\/#website","url":"https:\/\/penzionbado.sk\/","name":"Penzi\u00f3n BA\u010eO ***","description":"Rodinn\u00fd penzi\u00f3n pod Lomnick\u00fdm \u0160t\u00edtom","publisher":{"@id":"https:\/\/penzionbado.sk\/#organization"},"potentialAction":[{"@type":"SearchAction","target":{"@type":"EntryPoint","urlTemplate":"https:\/\/penzionbado.sk\/?s={search_term_string}"},"query-input":"required name=search_term_string"}],"inLanguage":"pl-PL"},{"@type":"Organization","@id":"https:\/\/penzionbado.sk\/#organization","name":"Penzi\u00f3n BA\u010eO ***","url":"https:\/\/penzionbado.sk\/","logo":{"@type":"ImageObject","inLanguage":"pl-PL","@id":"https:\/\/penzionbado.sk\/#\/schema\/logo\/image\/","url":"https:\/\/penzionbado.sk\/wp-content\/uploads\/2023\/05\/BADO_logo_black_transparent.png","contentUrl":"https:\/\/penzionbado.sk\/wp-content\/uploads\/2023\/05\/BADO_logo_black_transparent.png","width":470,"height":473,"caption":"Penzi\u00f3n BA\u010eO ***"},"image":{"@id":"https:\/\/penzionbado.sk\/#\/schema\/logo\/image\/"},"sameAs":["https:\/\/www.facebook.com\/www.penzionbado.sk","https:\/\/www.instagram.com\/penzionvysoketatry\/","https:\/\/www.youtube.com\/channel\/UCxZmlcE9qBcD9fdk4hfpo7g"]}]}},"_links":{"self":[{"href":"https:\/\/penzionbado.sk\/pl\/wp-json\/wp\/v2\/pages\/8704"}],"collection":[{"href":"https:\/\/penzionbado.sk\/pl\/wp-json\/wp\/v2\/pages"}],"about":[{"href":"https:\/\/penzionbado.sk\/pl\/wp-json\/wp\/v2\/types\/page"}],"author":[{"embeddable":true,"href":"https:\/\/penzionbado.sk\/pl\/wp-json\/wp\/v2\/users\/1"}],"replies":[{"embeddable":true,"href":"https:\/\/penzionbado.sk\/pl\/wp-json\/wp\/v2\/comments?post=8704"}],"version-history":[{"count":1,"href":"https:\/\/penzionbado.sk\/pl\/wp-json\/wp\/v2\/pages\/8704\/revisions"}],"predecessor-version":[{"id":8705,"href":"https:\/\/penzionbado.sk\/pl\/wp-json\/wp\/v2\/pages\/8704\/revisions\/8705"}],"wp:attachment":[{"href":"https:\/\/penzionbado.sk\/pl\/wp-json\/wp\/v2\/media?parent=8704"}],"curies":[{"name":"wp","href":"https:\/\/api.w.org\/{rel}","templated":true}]}}