{"id":8677,"date":"2023-05-12T20:10:36","date_gmt":"2023-05-12T18:10:36","guid":{"rendered":"https:\/\/penzionbado.sk\/dzialania\/"},"modified":"2024-12-04T19:59:38","modified_gmt":"2024-12-04T18:59:38","slug":"dzialania","status":"publish","type":"page","link":"https:\/\/penzionbado.sk\/pl\/dzialania\/","title":{"rendered":"Bie\u017c\u0105ce wydarzenia"},"content":{"rendered":"\t\t<div data-elementor-type=\"wp-page\" data-elementor-id=\"8677\" class=\"elementor elementor-8677 elementor-5759\" data-elementor-post-type=\"page\">\n\t\t\t\t\t\t\t\t\t<section class=\"elementor-section elementor-top-section elementor-element elementor-element-be15fbf elementor-section-full_width elementor-section-height-default elementor-section-height-default qodef-elementor-content-no\" data-id=\"be15fbf\" data-element_type=\"section\">\n\t\t\t\t\t\t<div class=\"elementor-container elementor-column-gap-no\">\n\t\t\t\t\t<div class=\"elementor-column elementor-col-100 elementor-top-column elementor-element elementor-element-43f440f\" data-id=\"43f440f\" data-element_type=\"column\">\n\t\t\t<div class=\"elementor-widget-wrap elementor-element-populated\">\n\t\t\t\t\t\t\t\t<div class=\"elementor-element elementor-element-08a9efe akcie-img-same-size elementor-widget elementor-widget-alloggio_core_blog_list\" data-id=\"08a9efe\" data-element_type=\"widget\" data-widget_type=\"alloggio_core_blog_list.default\">\n\t\t\t\t<div class=\"elementor-widget-container\">\n\t\t\t<div class=\"qodef-shortcode qodef-m  qodef-blog qodef--list qodef-item-layout--standard  qodef--has-animation qodef-grid qodef-layout--columns  qodef-gutter--normal qodef-col-num--3 qodef-item-layout--standard qodef-pagination--on qodef-pagination-type--standard qodef-responsive--custom qodef-col-num--1440--3 qodef-col-num--1366--3 qodef-col-num--1024--2 qodef-col-num--768--2 qodef-col-num--680--1 qodef-col-num--480--1\" data-options=\"{&quot;plugin&quot;:&quot;alloggio_core&quot;,&quot;module&quot;:&quot;blog\\\/shortcodes&quot;,&quot;shortcode&quot;:&quot;blog-list&quot;,&quot;post_type&quot;:&quot;post&quot;,&quot;next_page&quot;:&quot;2&quot;,&quot;max_pages_num&quot;:1,&quot;behavior&quot;:&quot;columns&quot;,&quot;images_proportion&quot;:&quot;full&quot;,&quot;columns&quot;:&quot;3&quot;,&quot;columns_responsive&quot;:&quot;custom&quot;,&quot;columns_1440&quot;:&quot;3&quot;,&quot;columns_1366&quot;:&quot;3&quot;,&quot;columns_1024&quot;:&quot;2&quot;,&quot;columns_768&quot;:&quot;2&quot;,&quot;columns_680&quot;:&quot;1&quot;,&quot;columns_480&quot;:&quot;1&quot;,&quot;space&quot;:&quot;normal&quot;,&quot;posts_per_page&quot;:&quot;12&quot;,&quot;orderby&quot;:&quot;date&quot;,&quot;order&quot;:&quot;DESC&quot;,&quot;additional_params&quot;:&quot;tax&quot;,&quot;tax&quot;:&quot;category&quot;,&quot;tax_slug&quot;:&quot;Akcie&quot;,&quot;layout&quot;:&quot;standard&quot;,&quot;title_tag&quot;:&quot;h3&quot;,&quot;enable_animation&quot;:&quot;yes&quot;,&quot;enable_author_info&quot;:&quot;no&quot;,&quot;enable_read_more&quot;:&quot;yes&quot;,&quot;excerpt_length&quot;:&quot;145&quot;,&quot;pagination_type&quot;:&quot;standard&quot;,&quot;object_class_name&quot;:&quot;AlloggioCoreBlogListShortcode&quot;,&quot;taxonomy_filter&quot;:&quot;category&quot;,&quot;additional_query_args&quot;:{&quot;tax_query&quot;:[{&quot;taxonomy&quot;:&quot;category&quot;,&quot;field&quot;:&quot;slug&quot;,&quot;terms&quot;:&quot;Akcie&quot;}]},&quot;space_value&quot;:15}\">\n\t\t<div class=\"qodef-grid-inner clear\">\n\t\t<article class=\"qodef-e qodef-blog-item qodef-grid-item qodef-item--full post-8738 post type-post status-publish format-standard has-post-thumbnail hentry category-dzialania\">\n\t<div class=\"qodef-e-inner\">\n\t\t<div class=\"qodef-e-media\">\n\t\t<div class=\"qodef-e-media-image\">\n\t\t<a itemprop=\"url\" href=\"https:\/\/penzionbado.sk\/pl\/dzialania\/61-darmowa-akcja\/\">\n\t\t\t<img width=\"1200\" height=\"462\" src=\"https:\/\/penzionbado.sk\/wp-content\/uploads\/2025\/05\/61-gratis-Penzion-Bado-PL.webp\" class=\"attachment-full size-full wp-post-image\" alt=\"6+1 gratis - Penzion Ba\u010fo PL\" decoding=\"async\" loading=\"lazy\" srcset=\"https:\/\/penzionbado.sk\/wp-content\/uploads\/2025\/05\/61-gratis-Penzion-Bado-PL.webp 1200w, https:\/\/penzionbado.sk\/wp-content\/uploads\/2025\/05\/61-gratis-Penzion-Bado-PL-300x116.webp 300w, https:\/\/penzionbado.sk\/wp-content\/uploads\/2025\/05\/61-gratis-Penzion-Bado-PL-1024x394.webp 1024w, https:\/\/penzionbado.sk\/wp-content\/uploads\/2025\/05\/61-gratis-Penzion-Bado-PL-768x296.webp 768w, https:\/\/penzionbado.sk\/wp-content\/uploads\/2025\/05\/61-gratis-Penzion-Bado-PL-600x231.webp 600w\" sizes=\"(max-width: 1200px) 100vw, 1200px\" \/>\t\t<\/a>\n\t<\/div>\n<\/div>\t\t<div class=\"qodef-e-content\">\n\t\t\t<div class=\"qodef-e-info qodef-info--top\">\n\t\t\t\t<div itemprop=\"dateCreated\" class=\"qodef-e-info-item qodef-e-info-date entry-date \">\n\t<a itemprop=\"url\" href=\"https:\/\/penzionbado.sk\/pl\/2025\/05\/\">4. maja 2025<\/a>\n\t<meta itemprop=\"interactionCount\" content=\"UserComments: 0\"\/>\n<\/div>\t\t\t<\/div>\n\t\t\t<div class=\"qodef-e-text\">\n\t\t\t\t<h3 itemprop=\"name\" class=\"qodef-e-title entry-title\" >\n\t<a itemprop=\"url\" class=\"qodef-e-title-link\" href=\"https:\/\/penzionbado.sk\/pl\/dzialania\/61-darmowa-akcja\/\">\n\t\t6+1 darmowa akcja\t<\/a>\n<\/h3>\n\t\t<p itemprop=\"description\" class=\"qodef-e-excerpt\">Prze\u017cyj wyj\u0105tkowe wakacje 2026 dzi\u0119ki naszemu ekskluzywnemu pakietowi!\n\nCena za 2 osoby wynosi 36,- EUR * 6 nocy * 2 = 432,- EUR z VAT.  \nPaki<\/p>\n\t\t\t\t<\/div>\n\t\t\t\t\t\t\t<div class=\"qodef-e-info qodef-info--bottom\">\n\t\t\t\t\t\t<div class=\"qodef-e-read-more\">\n\t\t<a class=\"qodef-shortcode qodef-m  qodef-button qodef-layout--textual  qodef-html--link\" href=\"https:\/\/penzionbado.sk\/pl\/dzialania\/61-darmowa-akcja\/\" target=\"_self\"  >\t<span class=\"qodef-m-text\">Czytaj wi\u0119cej<\/span>\t<span class=\"qodef-m-plus\"><\/span><\/a>\t<\/div>\n\t\t\t\t<\/div>\n\t\t\t\t\t<\/div>\n\t<\/div>\n<\/article><article class=\"qodef-e qodef-blog-item qodef-grid-item qodef-item--full post-11090 post type-post status-publish format-standard has-post-thumbnail hentry category-dzialania\">\n\t<div class=\"qodef-e-inner\">\n\t\t<div class=\"qodef-e-media\">\n\t\t<div class=\"qodef-e-media-image\">\n\t\t<a itemprop=\"url\" href=\"https:\/\/penzionbado.sk\/pl\/dzialania\/majowe-wakacje-w-gorach-2\/\">\n\t\t\t<img width=\"2400\" height=\"924\" src=\"https:\/\/penzionbado.sk\/wp-content\/uploads\/2025\/05\/Maj-na-horach-wid-PL.jpg\" class=\"attachment-full size-full wp-post-image\" alt=\"\" decoding=\"async\" loading=\"lazy\" srcset=\"https:\/\/penzionbado.sk\/wp-content\/uploads\/2025\/05\/Maj-na-horach-wid-PL.jpg 2400w, https:\/\/penzionbado.sk\/wp-content\/uploads\/2025\/05\/Maj-na-horach-wid-PL-300x116.jpg 300w, https:\/\/penzionbado.sk\/wp-content\/uploads\/2025\/05\/Maj-na-horach-wid-PL-1024x394.jpg 1024w, https:\/\/penzionbado.sk\/wp-content\/uploads\/2025\/05\/Maj-na-horach-wid-PL-768x296.jpg 768w, https:\/\/penzionbado.sk\/wp-content\/uploads\/2025\/05\/Maj-na-horach-wid-PL-1536x591.jpg 1536w, https:\/\/penzionbado.sk\/wp-content\/uploads\/2025\/05\/Maj-na-horach-wid-PL-2048x788.jpg 2048w, https:\/\/penzionbado.sk\/wp-content\/uploads\/2025\/05\/Maj-na-horach-wid-PL-600x231.jpg 600w\" sizes=\"(max-width: 2400px) 100vw, 2400px\" \/>\t\t<\/a>\n\t<\/div>\n<\/div>\t\t<div class=\"qodef-e-content\">\n\t\t\t<div class=\"qodef-e-info qodef-info--top\">\n\t\t\t\t<div itemprop=\"dateCreated\" class=\"qodef-e-info-item qodef-e-info-date entry-date \">\n\t<a itemprop=\"url\" href=\"https:\/\/penzionbado.sk\/pl\/2025\/01\/\">30. stycznia 2025<\/a>\n\t<meta itemprop=\"interactionCount\" content=\"UserComments: 0\"\/>\n<\/div>\t\t\t<\/div>\n\t\t\t<div class=\"qodef-e-text\">\n\t\t\t\t<h3 itemprop=\"name\" class=\"qodef-e-title entry-title\" >\n\t<a itemprop=\"url\" class=\"qodef-e-title-link\" href=\"https:\/\/penzionbado.sk\/pl\/dzialania\/majowe-wakacje-w-gorach-2\/\">\n\t\tMajowe wakacje w g\u00f3rach z wellness\t<\/a>\n<\/h3>\n\t\t<p itemprop=\"description\" class=\"qodef-e-excerpt\">Weekend majowy w g\u00f3rach. Przytulne zakwaterowanie z domow\u0105 atmosfer\u0105 i tradycyjn\u0105 kuchni\u0105 s\u0142owack\u0105. Go\u015bcie mog\u0105 zrelaksowa\u0107 si\u0119 w saun<\/p>\n\t\t\t\t<\/div>\n\t\t\t\t\t\t\t<div class=\"qodef-e-info qodef-info--bottom\">\n\t\t\t\t\t\t<div class=\"qodef-e-read-more\">\n\t\t<a class=\"qodef-shortcode qodef-m  qodef-button qodef-layout--textual  qodef-html--link\" href=\"https:\/\/penzionbado.sk\/pl\/dzialania\/majowe-wakacje-w-gorach-2\/\" target=\"_self\"  >\t<span class=\"qodef-m-text\">Czytaj wi\u0119cej<\/span>\t<span class=\"qodef-m-plus\"><\/span><\/a>\t<\/div>\n\t\t\t\t<\/div>\n\t\t\t\t\t<\/div>\n\t<\/div>\n<\/article><article class=\"qodef-e qodef-blog-item qodef-grid-item qodef-item--full post-8732 post type-post status-publish format-standard has-post-thumbnail hentry category-dzialania\">\n\t<div class=\"qodef-e-inner\">\n\t\t<div class=\"qodef-e-media\">\n\t\t<div class=\"qodef-e-media-image\">\n\t\t<a itemprop=\"url\" href=\"https:\/\/penzionbado.sk\/pl\/dzialania\/bony-upominkowe-w-jakiej-formie-podarowac-pobyty-uslugi-lub-doswiadczenia\/\">\n\t\t\t<img width=\"2400\" height=\"924\" src=\"https:\/\/penzionbado.sk\/wp-content\/uploads\/2025\/05\/Daruj-zazitok-wid-PL.jpg\" class=\"attachment-full size-full wp-post-image\" alt=\"\" decoding=\"async\" loading=\"lazy\" srcset=\"https:\/\/penzionbado.sk\/wp-content\/uploads\/2025\/05\/Daruj-zazitok-wid-PL.jpg 2400w, https:\/\/penzionbado.sk\/wp-content\/uploads\/2025\/05\/Daruj-zazitok-wid-PL-300x116.jpg 300w, https:\/\/penzionbado.sk\/wp-content\/uploads\/2025\/05\/Daruj-zazitok-wid-PL-1024x394.jpg 1024w, https:\/\/penzionbado.sk\/wp-content\/uploads\/2025\/05\/Daruj-zazitok-wid-PL-768x296.jpg 768w, https:\/\/penzionbado.sk\/wp-content\/uploads\/2025\/05\/Daruj-zazitok-wid-PL-1536x591.jpg 1536w, https:\/\/penzionbado.sk\/wp-content\/uploads\/2025\/05\/Daruj-zazitok-wid-PL-2048x788.jpg 2048w, https:\/\/penzionbado.sk\/wp-content\/uploads\/2025\/05\/Daruj-zazitok-wid-PL-600x231.jpg 600w\" sizes=\"(max-width: 2400px) 100vw, 2400px\" \/>\t\t<\/a>\n\t<\/div>\n<\/div>\t\t<div class=\"qodef-e-content\">\n\t\t\t<div class=\"qodef-e-info qodef-info--top\">\n\t\t\t\t<div itemprop=\"dateCreated\" class=\"qodef-e-info-item qodef-e-info-date entry-date \">\n\t<a itemprop=\"url\" href=\"https:\/\/penzionbado.sk\/pl\/2024\/11\/\">26. listopada 2024<\/a>\n\t<meta itemprop=\"interactionCount\" content=\"UserComments: 0\"\/>\n<\/div>\t\t\t<\/div>\n\t\t\t<div class=\"qodef-e-text\">\n\t\t\t\t<h3 itemprop=\"name\" class=\"qodef-e-title entry-title\" >\n\t<a itemprop=\"url\" class=\"qodef-e-title-link\" href=\"https:\/\/penzionbado.sk\/pl\/dzialania\/bony-upominkowe-w-jakiej-formie-podarowac-pobyty-uslugi-lub-doswiadczenia\/\">\n\t\tBony podarunkowe &#8211; Wakacje na S\u0142owacji\t<\/a>\n<\/h3>\n\t\t<p itemprop=\"description\" class=\"qodef-e-excerpt\">Ka\u017cdy pobyt lub do\u015bwiadczenie w naszym obiekcie BA\u010eO*** jest idealny na prezent. Znajd\u017a \u015bwietne wskaz\u00f3wki dotycz\u0105ce prezent\u00f3w dla rodziny<\/p>\n\t\t\t\t<\/div>\n\t\t\t\t\t\t\t<div class=\"qodef-e-info qodef-info--bottom\">\n\t\t\t\t\t\t<div class=\"qodef-e-read-more\">\n\t\t<a class=\"qodef-shortcode qodef-m  qodef-button qodef-layout--textual  qodef-html--link\" href=\"https:\/\/penzionbado.sk\/pl\/dzialania\/bony-upominkowe-w-jakiej-formie-podarowac-pobyty-uslugi-lub-doswiadczenia\/\" target=\"_self\"  >\t<span class=\"qodef-m-text\">Czytaj wi\u0119cej<\/span>\t<span class=\"qodef-m-plus\"><\/span><\/a>\t<\/div>\n\t\t\t\t<\/div>\n\t\t\t\t\t<\/div>\n\t<\/div>\n<\/article>\t<\/div>\n\t<\/div>\n\t\t<\/div>\n\t\t\t\t<\/div>\n\t\t\t\t\t<\/div>\n\t\t<\/div>\n\t\t\t\t\t\t\t<\/div>\n\t\t<\/section>\n\t\t\t\t\t\t\t<\/div>\n\t\t","protected":false},"excerpt":{"rendered":"<p>7. j\u00fana 2023 Akcia 6+1 zdarma Pre\u017eite ultimat\u00edvnu letn\u00fa dovolenku 2023 s na\u0161im exkluz\u00edvnym bal\u00edkom! Cena akcie pre 2 osoby je 34,- Eur * 6 noc\u00ed * 2 = 408,- Eur s DPH. \u010c\u00edta\u0165 viac 15. m\u00e1ja 2023 Silvestrovsk\u00fd pobyt 2023 Pre\u017eite Silvestrovsk\u00fd pobyt 2023 v Tatr\u00e1ch. Pre\u017eite Silvester 2023\/24 v na\u0161om ubytovacom penzi\u00f3n BA\u010eO*** [&hellip;]<\/p>\n","protected":false},"author":1,"featured_media":0,"parent":0,"menu_order":0,"comment_status":"closed","ping_status":"closed","template":"","meta":{"inline_featured_image":false},"yoast_head":"<!-- This site is optimized with the Yoast SEO plugin v20.13 - https:\/\/yoast.com\/wordpress\/plugins\/seo\/ -->\n<title>Bie\u017c\u0105ce wydarzenia | Penzi\u00f3n BA\u010eO ***<\/title>\n<meta name=\"description\" content=\"Zapoznaj si\u0119 z nasz\u0105 aktualn\u0105 ofert\u0105 pobyt\u00f3w weekendowych lub tygodniowych. Skorzystaj z pakiet\u00f3w pobytowych w jeszcze lepszych cenach.\" \/>\n<meta name=\"robots\" content=\"index, follow, max-snippet:-1, max-image-preview:large, max-video-preview:-1\" \/>\n<link rel=\"canonical\" href=\"https:\/\/penzionbado.sk\/pl\/dzialania\/\" \/>\n<meta property=\"og:locale\" content=\"pl_PL\" \/>\n<meta property=\"og:type\" content=\"article\" \/>\n<meta property=\"og:title\" content=\"Bie\u017c\u0105ce wydarzenia | Penzi\u00f3n BA\u010eO ***\" \/>\n<meta property=\"og:description\" content=\"Zapoznaj si\u0119 z nasz\u0105 aktualn\u0105 ofert\u0105 pobyt\u00f3w weekendowych lub tygodniowych. Skorzystaj z pakiet\u00f3w pobytowych w jeszcze lepszych cenach.\" \/>\n<meta property=\"og:url\" content=\"https:\/\/penzionbado.sk\/pl\/dzialania\/\" \/>\n<meta property=\"og:site_name\" content=\"Penzi\u00f3n BA\u010eO ***\" \/>\n<meta property=\"article:publisher\" content=\"https:\/\/www.facebook.com\/www.penzionbado.sk\" \/>\n<meta property=\"article:modified_time\" content=\"2024-12-04T18:59:38+00:00\" \/>\n<meta property=\"og:image\" content=\"https:\/\/penzionbado.sk\/wp-content\/uploads\/2023\/06\/Bado-61-cover-1.png\" \/>\n<meta name=\"twitter:card\" content=\"summary_large_image\" \/>\n<meta name=\"twitter:label1\" content=\"Szacowany czas czytania\" \/>\n\t<meta name=\"twitter:data1\" content=\"1 minuta\" \/>\n<script type=\"application\/ld+json\" class=\"yoast-schema-graph\">{\"@context\":\"https:\/\/schema.org\",\"@graph\":[{\"@type\":\"WebPage\",\"@id\":\"https:\/\/penzionbado.sk\/pl\/dzialania\/\",\"url\":\"https:\/\/penzionbado.sk\/pl\/dzialania\/\",\"name\":\"Bie\u017c\u0105ce wydarzenia | Penzi\u00f3n BA\u010eO ***\",\"isPartOf\":{\"@id\":\"https:\/\/penzionbado.sk\/#website\"},\"datePublished\":\"2023-05-12T18:10:36+00:00\",\"dateModified\":\"2024-12-04T18:59:38+00:00\",\"description\":\"Zapoznaj si\u0119 z nasz\u0105 aktualn\u0105 ofert\u0105 pobyt\u00f3w weekendowych lub tygodniowych. Skorzystaj z pakiet\u00f3w pobytowych w jeszcze lepszych cenach.\",\"breadcrumb\":{\"@id\":\"https:\/\/penzionbado.sk\/pl\/dzialania\/#breadcrumb\"},\"inLanguage\":\"pl-PL\",\"potentialAction\":[{\"@type\":\"ReadAction\",\"target\":[\"https:\/\/penzionbado.sk\/pl\/dzialania\/\"]}]},{\"@type\":\"BreadcrumbList\",\"@id\":\"https:\/\/penzionbado.sk\/pl\/dzialania\/#breadcrumb\",\"itemListElement\":[{\"@type\":\"ListItem\",\"position\":1,\"name\":\"Home\",\"item\":\"https:\/\/penzionbado.sk\/pl\/\"},{\"@type\":\"ListItem\",\"position\":2,\"name\":\"Bie\u017c\u0105ce wydarzenia\"}]},{\"@type\":\"WebSite\",\"@id\":\"https:\/\/penzionbado.sk\/#website\",\"url\":\"https:\/\/penzionbado.sk\/\",\"name\":\"Penzi\u00f3n BA\u010eO ***\",\"description\":\"Rodinn\u00fd penzi\u00f3n pod Lomnick\u00fdm \u0160t\u00edtom\",\"publisher\":{\"@id\":\"https:\/\/penzionbado.sk\/#organization\"},\"potentialAction\":[{\"@type\":\"SearchAction\",\"target\":{\"@type\":\"EntryPoint\",\"urlTemplate\":\"https:\/\/penzionbado.sk\/?s={search_term_string}\"},\"query-input\":\"required name=search_term_string\"}],\"inLanguage\":\"pl-PL\"},{\"@type\":\"Organization\",\"@id\":\"https:\/\/penzionbado.sk\/#organization\",\"name\":\"Penzi\u00f3n BA\u010eO ***\",\"url\":\"https:\/\/penzionbado.sk\/\",\"logo\":{\"@type\":\"ImageObject\",\"inLanguage\":\"pl-PL\",\"@id\":\"https:\/\/penzionbado.sk\/#\/schema\/logo\/image\/\",\"url\":\"https:\/\/penzionbado.sk\/wp-content\/uploads\/2023\/05\/BADO_logo_black_transparent.png\",\"contentUrl\":\"https:\/\/penzionbado.sk\/wp-content\/uploads\/2023\/05\/BADO_logo_black_transparent.png\",\"width\":470,\"height\":473,\"caption\":\"Penzi\u00f3n BA\u010eO ***\"},\"image\":{\"@id\":\"https:\/\/penzionbado.sk\/#\/schema\/logo\/image\/\"},\"sameAs\":[\"https:\/\/www.facebook.com\/www.penzionbado.sk\",\"https:\/\/www.instagram.com\/penzionvysoketatry\/\",\"https:\/\/www.youtube.com\/channel\/UCxZmlcE9qBcD9fdk4hfpo7g\"]}]}<\/script>\n<!-- \/ Yoast SEO plugin. -->","yoast_head_json":{"title":"Bie\u017c\u0105ce wydarzenia | Penzi\u00f3n BA\u010eO ***","description":"Zapoznaj si\u0119 z nasz\u0105 aktualn\u0105 ofert\u0105 pobyt\u00f3w weekendowych lub tygodniowych. Skorzystaj z pakiet\u00f3w pobytowych w jeszcze lepszych cenach.","robots":{"index":"index","follow":"follow","max-snippet":"max-snippet:-1","max-image-preview":"max-image-preview:large","max-video-preview":"max-video-preview:-1"},"canonical":"https:\/\/penzionbado.sk\/pl\/dzialania\/","og_locale":"pl_PL","og_type":"article","og_title":"Bie\u017c\u0105ce wydarzenia | Penzi\u00f3n BA\u010eO ***","og_description":"Zapoznaj si\u0119 z nasz\u0105 aktualn\u0105 ofert\u0105 pobyt\u00f3w weekendowych lub tygodniowych. Skorzystaj z pakiet\u00f3w pobytowych w jeszcze lepszych cenach.","og_url":"https:\/\/penzionbado.sk\/pl\/dzialania\/","og_site_name":"Penzi\u00f3n BA\u010eO ***","article_publisher":"https:\/\/www.facebook.com\/www.penzionbado.sk","article_modified_time":"2024-12-04T18:59:38+00:00","og_image":[{"url":"https:\/\/penzionbado.sk\/wp-content\/uploads\/2023\/06\/Bado-61-cover-1.png"}],"twitter_card":"summary_large_image","twitter_misc":{"Szacowany czas czytania":"1 minuta"},"schema":{"@context":"https:\/\/schema.org","@graph":[{"@type":"WebPage","@id":"https:\/\/penzionbado.sk\/pl\/dzialania\/","url":"https:\/\/penzionbado.sk\/pl\/dzialania\/","name":"Bie\u017c\u0105ce wydarzenia | Penzi\u00f3n BA\u010eO ***","isPartOf":{"@id":"https:\/\/penzionbado.sk\/#website"},"datePublished":"2023-05-12T18:10:36+00:00","dateModified":"2024-12-04T18:59:38+00:00","description":"Zapoznaj si\u0119 z nasz\u0105 aktualn\u0105 ofert\u0105 pobyt\u00f3w weekendowych lub tygodniowych. Skorzystaj z pakiet\u00f3w pobytowych w jeszcze lepszych cenach.","breadcrumb":{"@id":"https:\/\/penzionbado.sk\/pl\/dzialania\/#breadcrumb"},"inLanguage":"pl-PL","potentialAction":[{"@type":"ReadAction","target":["https:\/\/penzionbado.sk\/pl\/dzialania\/"]}]},{"@type":"BreadcrumbList","@id":"https:\/\/penzionbado.sk\/pl\/dzialania\/#breadcrumb","itemListElement":[{"@type":"ListItem","position":1,"name":"Home","item":"https:\/\/penzionbado.sk\/pl\/"},{"@type":"ListItem","position":2,"name":"Bie\u017c\u0105ce wydarzenia"}]},{"@type":"WebSite","@id":"https:\/\/penzionbado.sk\/#website","url":"https:\/\/penzionbado.sk\/","name":"Penzi\u00f3n BA\u010eO ***","description":"Rodinn\u00fd penzi\u00f3n pod Lomnick\u00fdm \u0160t\u00edtom","publisher":{"@id":"https:\/\/penzionbado.sk\/#organization"},"potentialAction":[{"@type":"SearchAction","target":{"@type":"EntryPoint","urlTemplate":"https:\/\/penzionbado.sk\/?s={search_term_string}"},"query-input":"required name=search_term_string"}],"inLanguage":"pl-PL"},{"@type":"Organization","@id":"https:\/\/penzionbado.sk\/#organization","name":"Penzi\u00f3n BA\u010eO ***","url":"https:\/\/penzionbado.sk\/","logo":{"@type":"ImageObject","inLanguage":"pl-PL","@id":"https:\/\/penzionbado.sk\/#\/schema\/logo\/image\/","url":"https:\/\/penzionbado.sk\/wp-content\/uploads\/2023\/05\/BADO_logo_black_transparent.png","contentUrl":"https:\/\/penzionbado.sk\/wp-content\/uploads\/2023\/05\/BADO_logo_black_transparent.png","width":470,"height":473,"caption":"Penzi\u00f3n BA\u010eO ***"},"image":{"@id":"https:\/\/penzionbado.sk\/#\/schema\/logo\/image\/"},"sameAs":["https:\/\/www.facebook.com\/www.penzionbado.sk","https:\/\/www.instagram.com\/penzionvysoketatry\/","https:\/\/www.youtube.com\/channel\/UCxZmlcE9qBcD9fdk4hfpo7g"]}]}},"_links":{"self":[{"href":"https:\/\/penzionbado.sk\/pl\/wp-json\/wp\/v2\/pages\/8677"}],"collection":[{"href":"https:\/\/penzionbado.sk\/pl\/wp-json\/wp\/v2\/pages"}],"about":[{"href":"https:\/\/penzionbado.sk\/pl\/wp-json\/wp\/v2\/types\/page"}],"author":[{"embeddable":true,"href":"https:\/\/penzionbado.sk\/pl\/wp-json\/wp\/v2\/users\/1"}],"replies":[{"embeddable":true,"href":"https:\/\/penzionbado.sk\/pl\/wp-json\/wp\/v2\/comments?post=8677"}],"version-history":[{"count":3,"href":"https:\/\/penzionbado.sk\/pl\/wp-json\/wp\/v2\/pages\/8677\/revisions"}],"predecessor-version":[{"id":10971,"href":"https:\/\/penzionbado.sk\/pl\/wp-json\/wp\/v2\/pages\/8677\/revisions\/10971"}],"wp:attachment":[{"href":"https:\/\/penzionbado.sk\/pl\/wp-json\/wp\/v2\/media?parent=8677"}],"curies":[{"name":"wp","href":"https:\/\/api.w.org\/{rel}","templated":true}]}}