{"id":8671,"date":"2020-04-01T09:13:11","date_gmt":"2020-04-01T07:13:11","guid":{"rendered":"https:\/\/penzionbado.sk\/czesto-zadawane-pytania\/"},"modified":"2025-03-17T21:53:03","modified_gmt":"2025-03-17T20:53:03","slug":"czesto-zadawane-pytania","status":"publish","type":"page","link":"https:\/\/penzionbado.sk\/pl\/czesto-zadawane-pytania\/","title":{"rendered":"FAQ"},"content":{"rendered":"\t\t<div data-elementor-type=\"wp-page\" data-elementor-id=\"8671\" class=\"elementor elementor-8671 elementor-2694\" data-elementor-post-type=\"page\">\n\t\t\t\t\t\t\t\t\t<section class=\"elementor-section elementor-top-section elementor-element elementor-element-ba24173 elementor-section-full_width qodef-elementor-content-grid elementor-section-height-default elementor-section-height-default\" data-id=\"ba24173\" data-element_type=\"section\">\n\t\t\t\t\t\t<div class=\"elementor-container elementor-column-gap-no\">\n\t\t\t\t\t<div class=\"elementor-column elementor-col-100 elementor-top-column elementor-element elementor-element-ad81f16\" data-id=\"ad81f16\" data-element_type=\"column\">\n\t\t\t<div class=\"elementor-widget-wrap elementor-element-populated\">\n\t\t\t\t\t\t\t\t<div class=\"elementor-element elementor-element-3dc2385 elementor-widget elementor-widget-alloggio_core_accordion\" data-id=\"3dc2385\" data-element_type=\"widget\" data-widget_type=\"alloggio_core_accordion.default\">\n\t\t\t\t<div class=\"elementor-widget-container\">\n\t\t\t<div class=\"qodef-shortcode qodef-m  qodef-accordion clear qodef-behavior--accordion qodef-layout--simple\">\n\t<h4 class=\"qodef-accordion-title\">\n\t<span class=\"qodef-tab-title\">\n\t\tJaki jest naj\u0142atwiejszy spos\u00f3b rezerwacji pokoju?\t<\/span>\n\t<span class=\"qodef-accordion-mark\">\n\t\t<span class=\"qodef-icon--arrow-down\"><span class=\"qodef-icon-linea-icons icon-arrows-down\" ><\/span><\/span>\n\t\t<span class=\"qodef-icon--arrow-up\"><span class=\"qodef-icon-linea-icons icon-arrows-up\" ><\/span><\/span>\n\t<\/span>\n<\/h4>\n<div class=\"qodef-accordion-content\">\n\t<div class=\"qodef-accordion-content-inner\">\n\t\t<div class=\"xwoyzhm x1rhet7l\">Zadzwo\u0144 do nas na adres 0903714695, wy\u015blij e-mail na adres info@penzionbado.sk lub wype\u0142nij formularz rezerwacji na stronie internetowej. Po przes\u0142aniu zapytania wy\u015blemy odpowied\u017a z warunkami niezb\u0119dnymi do zaakceptowania rezerwacji. Po przes\u0142aniu nam depozytu zarezerwujemy dla Ciebie pok\u00f3j i przygotujemy wszystko na Tw\u00f3j przyjazd.<\/div>\t<\/div>\n<\/div><h4 class=\"qodef-accordion-title\">\n\t<span class=\"qodef-tab-title\">\n\t\tJak wygl\u0105da kwestia p\u0142atno\u015bci?\t<\/span>\n\t<span class=\"qodef-accordion-mark\">\n\t\t<span class=\"qodef-icon--arrow-down\"><span class=\"qodef-icon-linea-icons icon-arrows-down\" ><\/span><\/span>\n\t\t<span class=\"qodef-icon--arrow-up\"><span class=\"qodef-icon-linea-icons icon-arrows-up\" ><\/span><\/span>\n\t<\/span>\n<\/h4>\n<div class=\"qodef-accordion-content\">\n\t<div class=\"qodef-accordion-content-inner\">\n\t\t<div class=\"xwoyzhm x1rhet7l\">Po wi\u0105\u017c\u0105cym potwierdzeniu rezerwacji nale\u017cy wp\u0142aci\u0107 depozyt w wysoko\u015bci <strong>20% ca\u0142kowitej ceny najp\u00f3\u017aniej w ci\u0105gu 3 dni, w przeciwnym razie rezerwacja zostanie automatycznie anulowana<\/strong>. Instrukcje zostan\u0105 przes\u0142ane poczt\u0105 elektroniczn\u0105. Pozosta\u0142\u0105 kwot\u0119 mo\u017cna uregulowa\u0107 w pensjonacie bezpo\u015brednio <strong>got\u00f3wk\u0105<\/strong> w momencie zameldowania lub z g\u00f3ry <strong>przelewem bankowym<\/strong> na co najmniej 3 dni przed przyjazdem. Pensjonat nie posiada terminala p\u0142atniczego, <strong>p\u0142atno\u015b\u0107 kart\u0105 nie jest mo\u017cliwa<\/strong>. Go\u015bcie, kt\u00f3rzy przyje\u017cd\u017caj\u0105 do nas za po\u015brednictwem biur podr\u00f3\u017cy, podlegaj\u0105 warunkom i postanowieniom biur podr\u00f3\u017cy.<\/div>\t<\/div>\n<\/div><h4 class=\"qodef-accordion-title\">\n\t<span class=\"qodef-tab-title\">\n\t\tKiedy si\u0119 zameldowa\u0107?\t<\/span>\n\t<span class=\"qodef-accordion-mark\">\n\t\t<span class=\"qodef-icon--arrow-down\"><span class=\"qodef-icon-linea-icons icon-arrows-down\" ><\/span><\/span>\n\t\t<span class=\"qodef-icon--arrow-up\"><span class=\"qodef-icon-linea-icons icon-arrows-up\" ><\/span><\/span>\n\t<\/span>\n<\/h4>\n<div class=\"qodef-accordion-content\">\n\t<div class=\"qodef-accordion-content-inner\">\n\t\tZameldowanie odbywa si\u0119 w godzinach 14:00 - 20:00. \"LATE CHECK-IN\" - p\u00f3\u017any przyjazd jest mo\u017cliwy do 23:00 i jest p\u0142atny 20,-Eur.\t<\/div>\n<\/div><h4 class=\"qodef-accordion-title\">\n\t<span class=\"qodef-tab-title\">\n\t\tCzy na miejscu dzia\u0142a Wi-Fi?\t<\/span>\n\t<span class=\"qodef-accordion-mark\">\n\t\t<span class=\"qodef-icon--arrow-down\"><span class=\"qodef-icon-linea-icons icon-arrows-down\" ><\/span><\/span>\n\t\t<span class=\"qodef-icon--arrow-up\"><span class=\"qodef-icon-linea-icons icon-arrows-up\" ><\/span><\/span>\n\t<\/span>\n<\/h4>\n<div class=\"qodef-accordion-content\">\n\t<div class=\"qodef-accordion-content-inner\">\n\t\t<div>\n<div class=\"x2b8uid\" dir=\"auto\">\n<div id=\":r1f4:\" class=\"x1iorvi4 x1pi30zi x1l90r2v x1swvt13\" data-ad-comet-preview=\"message\" data-ad-preview=\"message\">\n<div class=\"x78zum5 xdt5ytf xz62fqu x16ldp7u\">\n<div class=\"xu06os2 x1ok221b\">\n<div class=\"xdj266r x11i5rnm xat24cr x1mh8g0r x1vvkbs x126k92a\">\n<div dir=\"auto\">Tak, na terenie ca\u0142ego kampusu dost\u0119pna jest sie\u0107 WIFI z internetem optycznym. Obejmuje 99% wszystkich pomieszcze\u0144 lub obszar\u00f3w kompleksu. Internet jest bezp\u0142atny dla naszych go\u015bci.<\/div>\n<\/div>\n<\/div>\n<\/div>\n<\/div>\n<\/div>\n<\/div>\n<div>\n<div class=\"x168nmei x13lgxp2 x30kzoy x9jhf4c x6ikm8r x10wlt62\" data-visualcompletion=\"ignore-dynamic\">\n<div>\n<div>\n<div>\n<div class=\"xq8finb x16n37ib\">\n<div class=\"x9f619 x1n2onr6 x1ja2u2z x78zum5 x2lah0s x1qughib x1qjc9v5 xozqiw3 x1q0g3np x150jy0e x1e558r4 xjkvuk6 x1iorvi4 xwrv7xz x8182xy x4cne27 xifccgj\">\n<div class=\"x9f619 x1n2onr6 x1ja2u2z x78zum5 xdt5ytf x2lah0s x193iq5w xeuugli xg83lxy x1h0ha7o x10b6aqq x1yrsyyn\">\n<div><\/div>\n<\/div>\n<\/div>\n<\/div>\n<\/div>\n<\/div>\n<\/div>\n<\/div>\n<\/div>\t<\/div>\n<\/div><h4 class=\"qodef-accordion-title\">\n\t<span class=\"qodef-tab-title\">\n\t\tCzy mo\u017cna na\u0142adowa\u0107 rower elektryczny lub samoch\u00f3d elektryczny?\t<\/span>\n\t<span class=\"qodef-accordion-mark\">\n\t\t<span class=\"qodef-icon--arrow-down\"><span class=\"qodef-icon-linea-icons icon-arrows-down\" ><\/span><\/span>\n\t\t<span class=\"qodef-icon--arrow-up\"><span class=\"qodef-icon-linea-icons icon-arrows-up\" ><\/span><\/span>\n\t<\/span>\n<\/h4>\n<div class=\"qodef-accordion-content\">\n\t<div class=\"qodef-accordion-content-inner\">\n\t\t<div>\n<div class=\"x2b8uid\" dir=\"auto\">\n<div id=\":r17n:\" class=\"x1iorvi4 x1pi30zi x1l90r2v x1swvt13\" data-ad-comet-preview=\"message\" data-ad-preview=\"message\">\n<div class=\"x78zum5 xdt5ytf xz62fqu x16ldp7u\">\n<div class=\"xu06os2 x1ok221b\">\n<div class=\"xdj266r x11i5rnm xat24cr x1mh8g0r x1vvkbs x126k92a\">\n<div dir=\"auto\">Tak, nasz obiekt noclegowy posiada dwie stacje \u0142adowania pojazd\u00f3w elektrycznych. Rowery elektryczne mo\u017cna \u0142adowa\u0107 bezpo\u015brednio za pomoc\u0105 \u0142adowarek w przechowalni sprz\u0119tu narciarskiego.<\/div>\n<\/div>\n<\/div>\n<\/div>\n<\/div>\n<\/div>\n<\/div>\t<\/div>\n<\/div><h4 class=\"qodef-accordion-title\">\n\t<span class=\"qodef-tab-title\">\n\t\tCzy mo\u017cna kupi\u0107 karnet narciarski bezpo\u015brednio w pensjonacie?\t<\/span>\n\t<span class=\"qodef-accordion-mark\">\n\t\t<span class=\"qodef-icon--arrow-down\"><span class=\"qodef-icon-linea-icons icon-arrows-down\" ><\/span><\/span>\n\t\t<span class=\"qodef-icon--arrow-up\"><span class=\"qodef-icon-linea-icons icon-arrows-up\" ><\/span><\/span>\n\t<\/span>\n<\/h4>\n<div class=\"qodef-accordion-content\">\n\t<div class=\"qodef-accordion-content-inner\">\n\t\t<div>\n<div class=\"x2b8uid\" dir=\"auto\">\n<div id=\":rqs:\" class=\"x1iorvi4 x1pi30zi x1l90r2v x1swvt13\" data-ad-comet-preview=\"message\" data-ad-preview=\"message\">\n<div class=\"x78zum5 xdt5ytf xz62fqu x16ldp7u\">\n<div class=\"xu06os2 x1ok221b\">\n<div class=\"xdj266r x11i5rnm xat24cr x1mh8g0r x1vvkbs x126k92a\">\n<div dir=\"auto\">Tak, jest to mo\u017cliwe. Karnet narciarski mo\u017cna kupi\u0107 bezpo\u015brednio u nas w recepcji po obni\u017conej cenie. Za skipass mo\u017cna zap\u0142aci\u0107 bezpo\u015brednio w recepcji i nie trzeba czeka\u0107 w d\u0142ugich kolejkach do kasy biletowej.<\/div>\n<\/div>\n<\/div>\n<\/div>\n<\/div>\n<\/div>\n<\/div>\t<\/div>\n<\/div><\/div>\t\t<\/div>\n\t\t\t\t<\/div>\n\t\t\t\t\t<\/div>\n\t\t<\/div>\n\t\t\t\t\t\t\t<\/div>\n\t\t<\/section>\n\t\t\t\t\t\t\t<\/div>\n\t\t","protected":false},"excerpt":{"rendered":"<p>Jaki jest naj\u0142atwiejszy spos\u00f3b rezerwacji pokoju? Zadzwo\u0144 do nas na adres 0903714695, wy\u015blij e-mail na adres info@penzionbado.sk lub wype\u0142nij formularz rezerwacji na stronie internetowej. Po przes\u0142aniu zapytania wy\u015blemy odpowied\u017a z warunkami niezb\u0119dnymi do zaakceptowania rezerwacji. Po przes\u0142aniu nam depozytu zarezerwujemy dla Ciebie pok\u00f3j i przygotujemy wszystko na Tw\u00f3j przyjazd. Jak wygl\u0105da kwestia p\u0142atno\u015bci? Po wi\u0105\u017c\u0105cym [&hellip;]<\/p>\n","protected":false},"author":1,"featured_media":8673,"parent":0,"menu_order":0,"comment_status":"closed","ping_status":"closed","template":"page-full-width.php","meta":{"inline_featured_image":false},"yoast_head":"<!-- This site is optimized with the Yoast SEO plugin v20.13 - https:\/\/yoast.com\/wordpress\/plugins\/seo\/ -->\n<title>FAQ | Penzi\u00f3n BA\u010eO ***<\/title>\n<meta name=\"description\" content=\"Odpowiadamy na najcz\u0119\u015bciej zadawane pytania. Je\u015bli nie znalaz\u0142e\u015b odpowiedzi na interesuj\u0105ce Ci\u0119 pytanie, zadzwo\u0144 lub napisz do nas.\" \/>\n<meta name=\"robots\" content=\"index, follow, max-snippet:-1, max-image-preview:large, max-video-preview:-1\" \/>\n<link rel=\"canonical\" href=\"https:\/\/penzionbado.sk\/pl\/czesto-zadawane-pytania\/\" \/>\n<meta property=\"og:locale\" content=\"pl_PL\" \/>\n<meta property=\"og:type\" content=\"article\" \/>\n<meta property=\"og:title\" content=\"FAQ | Penzi\u00f3n BA\u010eO ***\" \/>\n<meta property=\"og:description\" content=\"Odpowiadamy na najcz\u0119\u015bciej zadawane pytania. Je\u015bli nie znalaz\u0142e\u015b odpowiedzi na interesuj\u0105ce Ci\u0119 pytanie, zadzwo\u0144 lub napisz do nas.\" \/>\n<meta property=\"og:url\" content=\"https:\/\/penzionbado.sk\/pl\/czesto-zadawane-pytania\/\" \/>\n<meta property=\"og:site_name\" content=\"Penzi\u00f3n BA\u010eO ***\" \/>\n<meta property=\"article:publisher\" content=\"https:\/\/www.facebook.com\/www.penzionbado.sk\" \/>\n<meta property=\"article:modified_time\" content=\"2025-03-17T20:53:03+00:00\" \/>\n<meta property=\"og:image\" content=\"https:\/\/penzionbado.sk\/wp-content\/uploads\/2023\/05\/097_Penzion-Bado_StaraLesna.jpg\" \/>\n\t<meta property=\"og:image:width\" content=\"1024\" \/>\n\t<meta property=\"og:image:height\" content=\"681\" \/>\n\t<meta property=\"og:image:type\" content=\"image\/jpeg\" \/>\n<meta name=\"twitter:card\" content=\"summary_large_image\" \/>\n<meta name=\"twitter:label1\" content=\"Szacowany czas czytania\" \/>\n\t<meta name=\"twitter:data1\" content=\"2 minuty\" \/>\n<script type=\"application\/ld+json\" class=\"yoast-schema-graph\">{\"@context\":\"https:\/\/schema.org\",\"@graph\":[{\"@type\":\"WebPage\",\"@id\":\"https:\/\/penzionbado.sk\/pl\/czesto-zadawane-pytania\/\",\"url\":\"https:\/\/penzionbado.sk\/pl\/czesto-zadawane-pytania\/\",\"name\":\"FAQ | Penzi\u00f3n BA\u010eO ***\",\"isPartOf\":{\"@id\":\"https:\/\/penzionbado.sk\/#website\"},\"datePublished\":\"2020-04-01T07:13:11+00:00\",\"dateModified\":\"2025-03-17T20:53:03+00:00\",\"description\":\"Odpowiadamy na najcz\u0119\u015bciej zadawane pytania. Je\u015bli nie znalaz\u0142e\u015b odpowiedzi na interesuj\u0105ce Ci\u0119 pytanie, zadzwo\u0144 lub napisz do nas.\",\"breadcrumb\":{\"@id\":\"https:\/\/penzionbado.sk\/pl\/czesto-zadawane-pytania\/#breadcrumb\"},\"inLanguage\":\"pl-PL\",\"potentialAction\":[{\"@type\":\"ReadAction\",\"target\":[\"https:\/\/penzionbado.sk\/pl\/czesto-zadawane-pytania\/\"]}]},{\"@type\":\"BreadcrumbList\",\"@id\":\"https:\/\/penzionbado.sk\/pl\/czesto-zadawane-pytania\/#breadcrumb\",\"itemListElement\":[{\"@type\":\"ListItem\",\"position\":1,\"name\":\"Home\",\"item\":\"https:\/\/penzionbado.sk\/pl\/\"},{\"@type\":\"ListItem\",\"position\":2,\"name\":\"FAQ\"}]},{\"@type\":\"WebSite\",\"@id\":\"https:\/\/penzionbado.sk\/#website\",\"url\":\"https:\/\/penzionbado.sk\/\",\"name\":\"Penzi\u00f3n BA\u010eO ***\",\"description\":\"Rodinn\u00fd penzi\u00f3n pod Lomnick\u00fdm \u0160t\u00edtom\",\"publisher\":{\"@id\":\"https:\/\/penzionbado.sk\/#organization\"},\"potentialAction\":[{\"@type\":\"SearchAction\",\"target\":{\"@type\":\"EntryPoint\",\"urlTemplate\":\"https:\/\/penzionbado.sk\/?s={search_term_string}\"},\"query-input\":\"required name=search_term_string\"}],\"inLanguage\":\"pl-PL\"},{\"@type\":\"Organization\",\"@id\":\"https:\/\/penzionbado.sk\/#organization\",\"name\":\"Penzi\u00f3n BA\u010eO ***\",\"url\":\"https:\/\/penzionbado.sk\/\",\"logo\":{\"@type\":\"ImageObject\",\"inLanguage\":\"pl-PL\",\"@id\":\"https:\/\/penzionbado.sk\/#\/schema\/logo\/image\/\",\"url\":\"https:\/\/penzionbado.sk\/wp-content\/uploads\/2023\/05\/BADO_logo_black_transparent.png\",\"contentUrl\":\"https:\/\/penzionbado.sk\/wp-content\/uploads\/2023\/05\/BADO_logo_black_transparent.png\",\"width\":470,\"height\":473,\"caption\":\"Penzi\u00f3n BA\u010eO ***\"},\"image\":{\"@id\":\"https:\/\/penzionbado.sk\/#\/schema\/logo\/image\/\"},\"sameAs\":[\"https:\/\/www.facebook.com\/www.penzionbado.sk\",\"https:\/\/www.instagram.com\/penzionvysoketatry\/\",\"https:\/\/www.youtube.com\/channel\/UCxZmlcE9qBcD9fdk4hfpo7g\"]}]}<\/script>\n<!-- \/ Yoast SEO plugin. -->","yoast_head_json":{"title":"FAQ | Penzi\u00f3n BA\u010eO ***","description":"Odpowiadamy na najcz\u0119\u015bciej zadawane pytania. Je\u015bli nie znalaz\u0142e\u015b odpowiedzi na interesuj\u0105ce Ci\u0119 pytanie, zadzwo\u0144 lub napisz do nas.","robots":{"index":"index","follow":"follow","max-snippet":"max-snippet:-1","max-image-preview":"max-image-preview:large","max-video-preview":"max-video-preview:-1"},"canonical":"https:\/\/penzionbado.sk\/pl\/czesto-zadawane-pytania\/","og_locale":"pl_PL","og_type":"article","og_title":"FAQ | Penzi\u00f3n BA\u010eO ***","og_description":"Odpowiadamy na najcz\u0119\u015bciej zadawane pytania. Je\u015bli nie znalaz\u0142e\u015b odpowiedzi na interesuj\u0105ce Ci\u0119 pytanie, zadzwo\u0144 lub napisz do nas.","og_url":"https:\/\/penzionbado.sk\/pl\/czesto-zadawane-pytania\/","og_site_name":"Penzi\u00f3n BA\u010eO ***","article_publisher":"https:\/\/www.facebook.com\/www.penzionbado.sk","article_modified_time":"2025-03-17T20:53:03+00:00","og_image":[{"width":1024,"height":681,"url":"https:\/\/penzionbado.sk\/wp-content\/uploads\/2023\/05\/097_Penzion-Bado_StaraLesna.jpg","type":"image\/jpeg"}],"twitter_card":"summary_large_image","twitter_misc":{"Szacowany czas czytania":"2 minuty"},"schema":{"@context":"https:\/\/schema.org","@graph":[{"@type":"WebPage","@id":"https:\/\/penzionbado.sk\/pl\/czesto-zadawane-pytania\/","url":"https:\/\/penzionbado.sk\/pl\/czesto-zadawane-pytania\/","name":"FAQ | Penzi\u00f3n BA\u010eO ***","isPartOf":{"@id":"https:\/\/penzionbado.sk\/#website"},"datePublished":"2020-04-01T07:13:11+00:00","dateModified":"2025-03-17T20:53:03+00:00","description":"Odpowiadamy na najcz\u0119\u015bciej zadawane pytania. Je\u015bli nie znalaz\u0142e\u015b odpowiedzi na interesuj\u0105ce Ci\u0119 pytanie, zadzwo\u0144 lub napisz do nas.","breadcrumb":{"@id":"https:\/\/penzionbado.sk\/pl\/czesto-zadawane-pytania\/#breadcrumb"},"inLanguage":"pl-PL","potentialAction":[{"@type":"ReadAction","target":["https:\/\/penzionbado.sk\/pl\/czesto-zadawane-pytania\/"]}]},{"@type":"BreadcrumbList","@id":"https:\/\/penzionbado.sk\/pl\/czesto-zadawane-pytania\/#breadcrumb","itemListElement":[{"@type":"ListItem","position":1,"name":"Home","item":"https:\/\/penzionbado.sk\/pl\/"},{"@type":"ListItem","position":2,"name":"FAQ"}]},{"@type":"WebSite","@id":"https:\/\/penzionbado.sk\/#website","url":"https:\/\/penzionbado.sk\/","name":"Penzi\u00f3n BA\u010eO ***","description":"Rodinn\u00fd penzi\u00f3n pod Lomnick\u00fdm \u0160t\u00edtom","publisher":{"@id":"https:\/\/penzionbado.sk\/#organization"},"potentialAction":[{"@type":"SearchAction","target":{"@type":"EntryPoint","urlTemplate":"https:\/\/penzionbado.sk\/?s={search_term_string}"},"query-input":"required name=search_term_string"}],"inLanguage":"pl-PL"},{"@type":"Organization","@id":"https:\/\/penzionbado.sk\/#organization","name":"Penzi\u00f3n BA\u010eO ***","url":"https:\/\/penzionbado.sk\/","logo":{"@type":"ImageObject","inLanguage":"pl-PL","@id":"https:\/\/penzionbado.sk\/#\/schema\/logo\/image\/","url":"https:\/\/penzionbado.sk\/wp-content\/uploads\/2023\/05\/BADO_logo_black_transparent.png","contentUrl":"https:\/\/penzionbado.sk\/wp-content\/uploads\/2023\/05\/BADO_logo_black_transparent.png","width":470,"height":473,"caption":"Penzi\u00f3n BA\u010eO ***"},"image":{"@id":"https:\/\/penzionbado.sk\/#\/schema\/logo\/image\/"},"sameAs":["https:\/\/www.facebook.com\/www.penzionbado.sk","https:\/\/www.instagram.com\/penzionvysoketatry\/","https:\/\/www.youtube.com\/channel\/UCxZmlcE9qBcD9fdk4hfpo7g"]}]}},"_links":{"self":[{"href":"https:\/\/penzionbado.sk\/pl\/wp-json\/wp\/v2\/pages\/8671"}],"collection":[{"href":"https:\/\/penzionbado.sk\/pl\/wp-json\/wp\/v2\/pages"}],"about":[{"href":"https:\/\/penzionbado.sk\/pl\/wp-json\/wp\/v2\/types\/page"}],"author":[{"embeddable":true,"href":"https:\/\/penzionbado.sk\/pl\/wp-json\/wp\/v2\/users\/1"}],"replies":[{"embeddable":true,"href":"https:\/\/penzionbado.sk\/pl\/wp-json\/wp\/v2\/comments?post=8671"}],"version-history":[{"count":5,"href":"https:\/\/penzionbado.sk\/pl\/wp-json\/wp\/v2\/pages\/8671\/revisions"}],"predecessor-version":[{"id":13140,"href":"https:\/\/penzionbado.sk\/pl\/wp-json\/wp\/v2\/pages\/8671\/revisions\/13140"}],"wp:featuredmedia":[{"embeddable":true,"href":"https:\/\/penzionbado.sk\/pl\/wp-json\/wp\/v2\/media\/8673"}],"wp:attachment":[{"href":"https:\/\/penzionbado.sk\/pl\/wp-json\/wp\/v2\/media?parent=8671"}],"curies":[{"name":"wp","href":"https:\/\/api.w.org\/{rel}","templated":true}]}}