{"id":17094,"date":"2023-05-24T18:36:04","date_gmt":"2023-05-24T16:36:04","guid":{"rendered":"https:\/\/penzionbado.sk\/produkt\/dovanu-cekis\/"},"modified":"2023-05-24T18:36:04","modified_gmt":"2023-05-24T16:36:04","slug":"dovanu-cekis","status":"publish","type":"product","link":"https:\/\/penzionbado.sk\/lt\/produkt\/dovanu-cekis\/","title":{"rendered":"Dovan\u0173 \u010dekis"},"content":{"rendered":"<p>M\u016bs\u0173 dovan\u0173 \u010dekis <strong>yra A4 formato<\/strong>, sulankstytas dovan\u0173 \u010dekis yra kompakti\u0161kas ir telpa \u012f bet kuri\u0105 pa\u0161to d\u0117\u017eut\u0119. Atvykus \u012f apgyvendinimo \u012fstaig\u0105 b\u016btina tur\u0117ti dovan\u0173 kupon\u0105, kad b\u016bt\u0173 galima pateikti kupono \u012fsigijim\u0105 patvirtinant\u012f dokument\u0105. <\/p>\n<h4>Kaip u\u017esisakyti dovan\u0173 pakuot\u0117je esant\u012f kupon\u0105?<\/h4>\n<ol>\n<li>Ra\u0161ykite mums el. pa\u0161tu <a href=\"mailto:info@penzionbado.sk\">info@penzionbado.sk, temos eilut\u0117je \u012fra\u0161ydami<\/a>&#8220;Dovan\u0173 kuponas&#8221;, ir i\u0161si\u0173skite.<\/li>\n<li>El. pa\u0161tu gausite nurodymus, kaip sumok\u0117ti u\u017e dovan\u0173 kupon\u0105, o kai sumok\u0117site, atsi\u0173sime jums dovan\u0173 kupon\u0105.<\/li>\n<li><strong>U\u017e dovan\u0173 pakuot\u0119 mokate 1,90 \u20ac, o \u012fprastas pristatymas nemokamas.  <\/strong><\/li>\n<\/ol>\n<p><strong>Verta \u017einoti:<\/strong><\/p>\n<ul>\n<li>Dovan\u0173 \u012fpakavimas galimas tik paslaugoms, o ne g\u0117rimams ar maistui.<\/li>\n<li>V\u0117liau dovan\u0173 pakuot\u0117s negalima u\u017esakyti i\u0161 naujo. Tod\u0117l nepamir\u0161kite apie tai u\u017esakymo metu. <\/li>\n<\/ul>\n<h4>Dovan\u0173 kupon\u0173 pakavimo privalumai<\/h4>\n<ul>\n<li>Taip pat galite prid\u0117ti asmenin\u0119 dedikacij\u0105.<\/li>\n<li>Dovanodamas m\u016bs\u0173 dovan\u0173 pakuot\u0117je esant\u012f kupon\u0105, dovanos gav\u0117jas taip pat gauna skaitmenin\u012f kupon\u0105 &#8211; d\u0117l 8 skaitmen\u0173 kodo j\u012f gal\u0117site i\u0161pirkti registrat\u016broje. Tokiu b\u016bdu bet kokie prane\u0161imai ar priminimai apie panaudojimo datas bus siun\u010diami dovanos gav\u0117jui, o ne dovanotojui. <\/li>\n<li>Dar viena naudinga funkcija &#8211; galimyb\u0117 tiesiogiai rezervuoti vie\u0161nag\u0119 ar atostogas telefonu +421 903 714 695 arba el. pa\u0161tu.<\/li>\n<\/ul>\n<h4>Ilgalaikiai pasi\u016blymai, kurie pad\u0117s sutaupyti ir per \u0161ias Kal\u0117das<\/h4>\n<p>Po eglute padovanokite dovan\u0173 \u010dek\u012f, kurio galiojimo laikas ilgas, o panaudojimo dat\u0105 2025 m. pasirenka gav\u0117jas. Kod\u0117l tai protingas pasirinkimas? Nes apsipirksite \u0161i\u0173 met\u0173 kainomis, o dovanos gav\u0117jas tur\u0117s daug laiko pagalvoti ir rasti dovanos panaudojimo dat\u0105.  <\/p>\n","protected":false},"excerpt":{"rendered":"<p>Bet kokia vie\u0161nag\u0117 ar patirtis m\u016bs\u0173 apgyvendinimo \u012fstaigoje BA\u010eO*** puikiai tinka dovanoti. \u010cia rasite puiki\u0173 dovan\u0173 patarim\u0173 \u0161eimai, draugams ir kolegoms. Dovan\u0173 kuponus i\u0161 m\u016bs\u0173 pasi\u016blymo galite dovanoti atsispausdindami juos patys namuose arba palikite pakavim\u0105 ir pristatym\u0105 mums.  <\/p>\n","protected":false},"featured_media":17095,"template":"","meta":{"inline_featured_image":false},"product_cat":[356],"product_tag":[],"yoast_head":"<!-- This site is optimized with the Yoast SEO plugin v20.13 - https:\/\/yoast.com\/wordpress\/plugins\/seo\/ -->\n<title>Dovan\u0173 \u010dekis | Penzi\u00f3n BA\u010eO ***<\/title>\n<meta name=\"robots\" content=\"index, follow, max-snippet:-1, max-image-preview:large, max-video-preview:-1\" \/>\n<link rel=\"canonical\" href=\"https:\/\/penzionbado.sk\/produkt\/dovanu-cekis\/\" \/>\n<meta property=\"og:locale\" content=\"lt_LT\" \/>\n<meta property=\"og:type\" content=\"article\" \/>\n<meta property=\"og:title\" content=\"Dovan\u0173 \u010dekis | Penzi\u00f3n BA\u010eO ***\" \/>\n<meta property=\"og:description\" content=\"Bet kokia vie\u0161nag\u0117 ar patirtis m\u016bs\u0173 apgyvendinimo \u012fstaigoje BA\u010eO*** puikiai tinka dovanoti. \u010cia rasite puiki\u0173 dovan\u0173 patarim\u0173 \u0161eimai, draugams ir kolegoms. Dovan\u0173 kuponus i\u0161 m\u016bs\u0173 pasi\u016blymo galite dovanoti atsispausdindami juos patys namuose arba palikite pakavim\u0105 ir pristatym\u0105 mums.\" \/>\n<meta property=\"og:url\" content=\"https:\/\/penzionbado.sk\/produkt\/dovanu-cekis\/\" \/>\n<meta property=\"og:site_name\" content=\"Penzi\u00f3n BA\u010eO ***\" \/>\n<meta property=\"article:publisher\" content=\"https:\/\/www.facebook.com\/www.penzionbado.sk\" \/>\n<meta name=\"twitter:card\" content=\"summary_large_image\" \/>\n<meta name=\"twitter:label1\" content=\"Est. reading time\" \/>\n\t<meta name=\"twitter:data1\" content=\"1 minut\u0117\" \/>\n<script type=\"application\/ld+json\" class=\"yoast-schema-graph\">{\"@context\":\"https:\/\/schema.org\",\"@graph\":[{\"@type\":\"WebPage\",\"@id\":\"https:\/\/penzionbado.sk\/produkt\/dovanu-cekis\/\",\"url\":\"https:\/\/penzionbado.sk\/produkt\/dovanu-cekis\/\",\"name\":\"Dovan\u0173 \u010dekis | Penzi\u00f3n BA\u010eO ***\",\"isPartOf\":{\"@id\":\"https:\/\/penzionbado.sk\/#website\"},\"datePublished\":\"2023-05-24T16:36:04+00:00\",\"dateModified\":\"2023-05-24T16:36:04+00:00\",\"breadcrumb\":{\"@id\":\"https:\/\/penzionbado.sk\/produkt\/dovanu-cekis\/#breadcrumb\"},\"inLanguage\":\"lt-LT\",\"potentialAction\":[{\"@type\":\"ReadAction\",\"target\":[\"https:\/\/penzionbado.sk\/produkt\/dovanu-cekis\/\"]}]},{\"@type\":\"BreadcrumbList\",\"@id\":\"https:\/\/penzionbado.sk\/produkt\/dovanu-cekis\/#breadcrumb\",\"itemListElement\":[{\"@type\":\"ListItem\",\"position\":1,\"name\":\"Home\",\"item\":\"https:\/\/penzionbado.sk\/lt\/\"},{\"@type\":\"ListItem\",\"position\":2,\"name\":\"Obchod\",\"item\":\"https:\/\/penzionbado.sk\/obchod\/\"},{\"@type\":\"ListItem\",\"position\":3,\"name\":\"Dovan\u0173 \u010dekis\"}]},{\"@type\":\"WebSite\",\"@id\":\"https:\/\/penzionbado.sk\/#website\",\"url\":\"https:\/\/penzionbado.sk\/\",\"name\":\"Penzi\u00f3n BA\u010eO ***\",\"description\":\"Rodinn\u00fd penzi\u00f3n pod Lomnick\u00fdm \u0160t\u00edtom\",\"publisher\":{\"@id\":\"https:\/\/penzionbado.sk\/#organization\"},\"potentialAction\":[{\"@type\":\"SearchAction\",\"target\":{\"@type\":\"EntryPoint\",\"urlTemplate\":\"https:\/\/penzionbado.sk\/?s={search_term_string}\"},\"query-input\":\"required name=search_term_string\"}],\"inLanguage\":\"lt-LT\"},{\"@type\":\"Organization\",\"@id\":\"https:\/\/penzionbado.sk\/#organization\",\"name\":\"Penzi\u00f3n BA\u010eO ***\",\"url\":\"https:\/\/penzionbado.sk\/\",\"logo\":{\"@type\":\"ImageObject\",\"inLanguage\":\"lt-LT\",\"@id\":\"https:\/\/penzionbado.sk\/#\/schema\/logo\/image\/\",\"url\":\"https:\/\/penzionbado.sk\/wp-content\/uploads\/2023\/05\/BADO_logo_black_transparent.png\",\"contentUrl\":\"https:\/\/penzionbado.sk\/wp-content\/uploads\/2023\/05\/BADO_logo_black_transparent.png\",\"width\":470,\"height\":473,\"caption\":\"Penzi\u00f3n BA\u010eO ***\"},\"image\":{\"@id\":\"https:\/\/penzionbado.sk\/#\/schema\/logo\/image\/\"},\"sameAs\":[\"https:\/\/www.facebook.com\/www.penzionbado.sk\",\"https:\/\/www.instagram.com\/penzionvysoketatry\/\",\"https:\/\/www.youtube.com\/channel\/UCxZmlcE9qBcD9fdk4hfpo7g\"]}]}<\/script>\n<!-- \/ Yoast SEO plugin. -->","yoast_head_json":{"title":"Dovan\u0173 \u010dekis | Penzi\u00f3n BA\u010eO ***","robots":{"index":"index","follow":"follow","max-snippet":"max-snippet:-1","max-image-preview":"max-image-preview:large","max-video-preview":"max-video-preview:-1"},"canonical":"https:\/\/penzionbado.sk\/produkt\/dovanu-cekis\/","og_locale":"lt_LT","og_type":"article","og_title":"Dovan\u0173 \u010dekis | Penzi\u00f3n BA\u010eO ***","og_description":"Bet kokia vie\u0161nag\u0117 ar patirtis m\u016bs\u0173 apgyvendinimo \u012fstaigoje BA\u010eO*** puikiai tinka dovanoti. \u010cia rasite puiki\u0173 dovan\u0173 patarim\u0173 \u0161eimai, draugams ir kolegoms. Dovan\u0173 kuponus i\u0161 m\u016bs\u0173 pasi\u016blymo galite dovanoti atsispausdindami juos patys namuose arba palikite pakavim\u0105 ir pristatym\u0105 mums.","og_url":"https:\/\/penzionbado.sk\/produkt\/dovanu-cekis\/","og_site_name":"Penzi\u00f3n BA\u010eO ***","article_publisher":"https:\/\/www.facebook.com\/www.penzionbado.sk","twitter_card":"summary_large_image","twitter_misc":{"Est. reading time":"1 minut\u0117"},"schema":{"@context":"https:\/\/schema.org","@graph":[{"@type":"WebPage","@id":"https:\/\/penzionbado.sk\/produkt\/dovanu-cekis\/","url":"https:\/\/penzionbado.sk\/produkt\/dovanu-cekis\/","name":"Dovan\u0173 \u010dekis | Penzi\u00f3n BA\u010eO ***","isPartOf":{"@id":"https:\/\/penzionbado.sk\/#website"},"datePublished":"2023-05-24T16:36:04+00:00","dateModified":"2023-05-24T16:36:04+00:00","breadcrumb":{"@id":"https:\/\/penzionbado.sk\/produkt\/dovanu-cekis\/#breadcrumb"},"inLanguage":"lt-LT","potentialAction":[{"@type":"ReadAction","target":["https:\/\/penzionbado.sk\/produkt\/dovanu-cekis\/"]}]},{"@type":"BreadcrumbList","@id":"https:\/\/penzionbado.sk\/produkt\/dovanu-cekis\/#breadcrumb","itemListElement":[{"@type":"ListItem","position":1,"name":"Home","item":"https:\/\/penzionbado.sk\/lt\/"},{"@type":"ListItem","position":2,"name":"Obchod","item":"https:\/\/penzionbado.sk\/obchod\/"},{"@type":"ListItem","position":3,"name":"Dovan\u0173 \u010dekis"}]},{"@type":"WebSite","@id":"https:\/\/penzionbado.sk\/#website","url":"https:\/\/penzionbado.sk\/","name":"Penzi\u00f3n BA\u010eO ***","description":"Rodinn\u00fd penzi\u00f3n pod Lomnick\u00fdm \u0160t\u00edtom","publisher":{"@id":"https:\/\/penzionbado.sk\/#organization"},"potentialAction":[{"@type":"SearchAction","target":{"@type":"EntryPoint","urlTemplate":"https:\/\/penzionbado.sk\/?s={search_term_string}"},"query-input":"required name=search_term_string"}],"inLanguage":"lt-LT"},{"@type":"Organization","@id":"https:\/\/penzionbado.sk\/#organization","name":"Penzi\u00f3n BA\u010eO ***","url":"https:\/\/penzionbado.sk\/","logo":{"@type":"ImageObject","inLanguage":"lt-LT","@id":"https:\/\/penzionbado.sk\/#\/schema\/logo\/image\/","url":"https:\/\/penzionbado.sk\/wp-content\/uploads\/2023\/05\/BADO_logo_black_transparent.png","contentUrl":"https:\/\/penzionbado.sk\/wp-content\/uploads\/2023\/05\/BADO_logo_black_transparent.png","width":470,"height":473,"caption":"Penzi\u00f3n BA\u010eO ***"},"image":{"@id":"https:\/\/penzionbado.sk\/#\/schema\/logo\/image\/"},"sameAs":["https:\/\/www.facebook.com\/www.penzionbado.sk","https:\/\/www.instagram.com\/penzionvysoketatry\/","https:\/\/www.youtube.com\/channel\/UCxZmlcE9qBcD9fdk4hfpo7g"]}]}},"_links":{"self":[{"href":"https:\/\/penzionbado.sk\/lt\/wp-json\/wp\/v2\/product\/17094"}],"collection":[{"href":"https:\/\/penzionbado.sk\/lt\/wp-json\/wp\/v2\/product"}],"about":[{"href":"https:\/\/penzionbado.sk\/lt\/wp-json\/wp\/v2\/types\/product"}],"wp:featuredmedia":[{"embeddable":true,"href":"https:\/\/penzionbado.sk\/lt\/wp-json\/wp\/v2\/media\/17095"}],"wp:attachment":[{"href":"https:\/\/penzionbado.sk\/lt\/wp-json\/wp\/v2\/media?parent=17094"}],"wp:term":[{"taxonomy":"product_cat","embeddable":true,"href":"https:\/\/penzionbado.sk\/lt\/wp-json\/wp\/v2\/product_cat?post=17094"},{"taxonomy":"product_tag","embeddable":true,"href":"https:\/\/penzionbado.sk\/lt\/wp-json\/wp\/v2\/product_tag?post=17094"}],"curies":[{"name":"wp","href":"https:\/\/api.w.org\/{rel}","templated":true}]}}