{"id":14180,"date":"2025-04-28T15:39:11","date_gmt":"2025-04-28T13:39:11","guid":{"rendered":"https:\/\/penzionbado.sk\/?page_id=14180"},"modified":"2025-04-28T16:31:54","modified_gmt":"2025-04-28T14:31:54","slug":"nuorodos","status":"publish","type":"page","link":"https:\/\/penzionbado.sk\/lt\/nuorodos\/","title":{"rendered":"Nuorodos"},"content":{"rendered":"\t\t<div data-elementor-type=\"wp-page\" data-elementor-id=\"14180\" class=\"elementor elementor-14180 elementor-14174\" data-elementor-post-type=\"page\">\n\t\t\t\t\t\t\t\t\t<section class=\"elementor-section elementor-top-section elementor-element elementor-element-4a4a967 elementor-section-full_width elementor-section-height-default elementor-section-height-default qodef-elementor-content-no\" data-id=\"4a4a967\" data-element_type=\"section\">\n\t\t\t\t\t\t<div class=\"elementor-container elementor-column-gap-no\">\n\t\t\t\t\t<div class=\"elementor-column elementor-col-100 elementor-top-column elementor-element elementor-element-a4cfdc5\" data-id=\"a4cfdc5\" data-element_type=\"column\">\n\t\t\t<div class=\"elementor-widget-wrap elementor-element-populated\">\n\t\t\t\t\t\t\t\t<div class=\"elementor-element elementor-element-2333015 elementor-widget elementor-widget-shortcode\" data-id=\"2333015\" data-element_type=\"widget\" data-widget_type=\"shortcode.default\">\n\t\t\t\t<div class=\"elementor-widget-container\">\n\t\t\t\t\t<div class=\"elementor-shortcode\"><div data-src=\"https:\/\/cdn.trustindex.io\/loader.js?7ff744f455da39817b8651924e8\"><\/div><\/div>\n\t\t\t\t<\/div>\n\t\t\t\t<\/div>\n\t\t\t\t\t<\/div>\n\t\t<\/div>\n\t\t\t\t\t\t\t<\/div>\n\t\t<\/section>\n\t\t\t\t\t\t\t<\/div>\n\t\t","protected":false},"excerpt":{"rendered":"","protected":false},"author":1,"featured_media":0,"parent":0,"menu_order":0,"comment_status":"closed","ping_status":"closed","template":"","meta":{"inline_featured_image":false},"yoast_head":"<!-- This site is optimized with the Yoast SEO plugin v20.13 - https:\/\/yoast.com\/wordpress\/plugins\/seo\/ -->\n<title>Nuorodos | Penzi\u00f3n BA\u010eO ***<\/title>\n<meta name=\"description\" content=\"Naujausios naujienos i\u0161 m\u016bs\u0173 sve\u010di\u0173 nam\u0173 ir apylinki\u0173. Veikla, konkursai ir dar daugiau.\" \/>\n<meta name=\"robots\" content=\"index, follow, max-snippet:-1, max-image-preview:large, max-video-preview:-1\" \/>\n<link rel=\"canonical\" href=\"https:\/\/penzionbado.sk\/lt\/nuorodos\/\" \/>\n<meta property=\"og:locale\" content=\"lt_LT\" \/>\n<meta property=\"og:type\" content=\"article\" \/>\n<meta property=\"og:title\" content=\"Nuorodos | Penzi\u00f3n BA\u010eO ***\" \/>\n<meta property=\"og:description\" content=\"Naujausios naujienos i\u0161 m\u016bs\u0173 sve\u010di\u0173 nam\u0173 ir apylinki\u0173. Veikla, konkursai ir dar daugiau.\" \/>\n<meta property=\"og:url\" content=\"https:\/\/penzionbado.sk\/lt\/nuorodos\/\" \/>\n<meta property=\"og:site_name\" content=\"Penzi\u00f3n BA\u010eO ***\" \/>\n<meta property=\"article:publisher\" content=\"https:\/\/www.facebook.com\/www.penzionbado.sk\" \/>\n<meta property=\"article:modified_time\" content=\"2025-04-28T14:31:54+00:00\" \/>\n<meta name=\"twitter:card\" content=\"summary_large_image\" \/>\n<script type=\"application\/ld+json\" class=\"yoast-schema-graph\">{\"@context\":\"https:\/\/schema.org\",\"@graph\":[{\"@type\":\"WebPage\",\"@id\":\"https:\/\/penzionbado.sk\/lt\/nuorodos\/\",\"url\":\"https:\/\/penzionbado.sk\/lt\/nuorodos\/\",\"name\":\"Nuorodos | Penzi\u00f3n BA\u010eO ***\",\"isPartOf\":{\"@id\":\"https:\/\/penzionbado.sk\/#website\"},\"datePublished\":\"2025-04-28T13:39:11+00:00\",\"dateModified\":\"2025-04-28T14:31:54+00:00\",\"description\":\"Naujausios naujienos i\u0161 m\u016bs\u0173 sve\u010di\u0173 nam\u0173 ir apylinki\u0173. Veikla, konkursai ir dar daugiau.\",\"breadcrumb\":{\"@id\":\"https:\/\/penzionbado.sk\/lt\/nuorodos\/#breadcrumb\"},\"inLanguage\":\"lt-LT\",\"potentialAction\":[{\"@type\":\"ReadAction\",\"target\":[\"https:\/\/penzionbado.sk\/lt\/nuorodos\/\"]}]},{\"@type\":\"BreadcrumbList\",\"@id\":\"https:\/\/penzionbado.sk\/lt\/nuorodos\/#breadcrumb\",\"itemListElement\":[{\"@type\":\"ListItem\",\"position\":1,\"name\":\"Home\",\"item\":\"https:\/\/penzionbado.sk\/lt\/\"},{\"@type\":\"ListItem\",\"position\":2,\"name\":\"Nuorodos\"}]},{\"@type\":\"WebSite\",\"@id\":\"https:\/\/penzionbado.sk\/#website\",\"url\":\"https:\/\/penzionbado.sk\/\",\"name\":\"Penzi\u00f3n BA\u010eO ***\",\"description\":\"Rodinn\u00fd penzi\u00f3n pod Lomnick\u00fdm \u0160t\u00edtom\",\"publisher\":{\"@id\":\"https:\/\/penzionbado.sk\/#organization\"},\"potentialAction\":[{\"@type\":\"SearchAction\",\"target\":{\"@type\":\"EntryPoint\",\"urlTemplate\":\"https:\/\/penzionbado.sk\/?s={search_term_string}\"},\"query-input\":\"required name=search_term_string\"}],\"inLanguage\":\"lt-LT\"},{\"@type\":\"Organization\",\"@id\":\"https:\/\/penzionbado.sk\/#organization\",\"name\":\"Penzi\u00f3n BA\u010eO ***\",\"url\":\"https:\/\/penzionbado.sk\/\",\"logo\":{\"@type\":\"ImageObject\",\"inLanguage\":\"lt-LT\",\"@id\":\"https:\/\/penzionbado.sk\/#\/schema\/logo\/image\/\",\"url\":\"https:\/\/penzionbado.sk\/wp-content\/uploads\/2023\/05\/BADO_logo_black_transparent.png\",\"contentUrl\":\"https:\/\/penzionbado.sk\/wp-content\/uploads\/2023\/05\/BADO_logo_black_transparent.png\",\"width\":470,\"height\":473,\"caption\":\"Penzi\u00f3n BA\u010eO ***\"},\"image\":{\"@id\":\"https:\/\/penzionbado.sk\/#\/schema\/logo\/image\/\"},\"sameAs\":[\"https:\/\/www.facebook.com\/www.penzionbado.sk\",\"https:\/\/www.instagram.com\/penzionvysoketatry\/\",\"https:\/\/www.youtube.com\/channel\/UCxZmlcE9qBcD9fdk4hfpo7g\"]}]}<\/script>\n<!-- \/ Yoast SEO plugin. -->","yoast_head_json":{"title":"Nuorodos | Penzi\u00f3n BA\u010eO ***","description":"Naujausios naujienos i\u0161 m\u016bs\u0173 sve\u010di\u0173 nam\u0173 ir apylinki\u0173. Veikla, konkursai ir dar daugiau.","robots":{"index":"index","follow":"follow","max-snippet":"max-snippet:-1","max-image-preview":"max-image-preview:large","max-video-preview":"max-video-preview:-1"},"canonical":"https:\/\/penzionbado.sk\/lt\/nuorodos\/","og_locale":"lt_LT","og_type":"article","og_title":"Nuorodos | Penzi\u00f3n BA\u010eO ***","og_description":"Naujausios naujienos i\u0161 m\u016bs\u0173 sve\u010di\u0173 nam\u0173 ir apylinki\u0173. Veikla, konkursai ir dar daugiau.","og_url":"https:\/\/penzionbado.sk\/lt\/nuorodos\/","og_site_name":"Penzi\u00f3n BA\u010eO ***","article_publisher":"https:\/\/www.facebook.com\/www.penzionbado.sk","article_modified_time":"2025-04-28T14:31:54+00:00","twitter_card":"summary_large_image","schema":{"@context":"https:\/\/schema.org","@graph":[{"@type":"WebPage","@id":"https:\/\/penzionbado.sk\/lt\/nuorodos\/","url":"https:\/\/penzionbado.sk\/lt\/nuorodos\/","name":"Nuorodos | Penzi\u00f3n BA\u010eO ***","isPartOf":{"@id":"https:\/\/penzionbado.sk\/#website"},"datePublished":"2025-04-28T13:39:11+00:00","dateModified":"2025-04-28T14:31:54+00:00","description":"Naujausios naujienos i\u0161 m\u016bs\u0173 sve\u010di\u0173 nam\u0173 ir apylinki\u0173. Veikla, konkursai ir dar daugiau.","breadcrumb":{"@id":"https:\/\/penzionbado.sk\/lt\/nuorodos\/#breadcrumb"},"inLanguage":"lt-LT","potentialAction":[{"@type":"ReadAction","target":["https:\/\/penzionbado.sk\/lt\/nuorodos\/"]}]},{"@type":"BreadcrumbList","@id":"https:\/\/penzionbado.sk\/lt\/nuorodos\/#breadcrumb","itemListElement":[{"@type":"ListItem","position":1,"name":"Home","item":"https:\/\/penzionbado.sk\/lt\/"},{"@type":"ListItem","position":2,"name":"Nuorodos"}]},{"@type":"WebSite","@id":"https:\/\/penzionbado.sk\/#website","url":"https:\/\/penzionbado.sk\/","name":"Penzi\u00f3n BA\u010eO ***","description":"Rodinn\u00fd penzi\u00f3n pod Lomnick\u00fdm \u0160t\u00edtom","publisher":{"@id":"https:\/\/penzionbado.sk\/#organization"},"potentialAction":[{"@type":"SearchAction","target":{"@type":"EntryPoint","urlTemplate":"https:\/\/penzionbado.sk\/?s={search_term_string}"},"query-input":"required name=search_term_string"}],"inLanguage":"lt-LT"},{"@type":"Organization","@id":"https:\/\/penzionbado.sk\/#organization","name":"Penzi\u00f3n BA\u010eO ***","url":"https:\/\/penzionbado.sk\/","logo":{"@type":"ImageObject","inLanguage":"lt-LT","@id":"https:\/\/penzionbado.sk\/#\/schema\/logo\/image\/","url":"https:\/\/penzionbado.sk\/wp-content\/uploads\/2023\/05\/BADO_logo_black_transparent.png","contentUrl":"https:\/\/penzionbado.sk\/wp-content\/uploads\/2023\/05\/BADO_logo_black_transparent.png","width":470,"height":473,"caption":"Penzi\u00f3n BA\u010eO ***"},"image":{"@id":"https:\/\/penzionbado.sk\/#\/schema\/logo\/image\/"},"sameAs":["https:\/\/www.facebook.com\/www.penzionbado.sk","https:\/\/www.instagram.com\/penzionvysoketatry\/","https:\/\/www.youtube.com\/channel\/UCxZmlcE9qBcD9fdk4hfpo7g"]}]}},"_links":{"self":[{"href":"https:\/\/penzionbado.sk\/lt\/wp-json\/wp\/v2\/pages\/14180"}],"collection":[{"href":"https:\/\/penzionbado.sk\/lt\/wp-json\/wp\/v2\/pages"}],"about":[{"href":"https:\/\/penzionbado.sk\/lt\/wp-json\/wp\/v2\/types\/page"}],"author":[{"embeddable":true,"href":"https:\/\/penzionbado.sk\/lt\/wp-json\/wp\/v2\/users\/1"}],"replies":[{"embeddable":true,"href":"https:\/\/penzionbado.sk\/lt\/wp-json\/wp\/v2\/comments?post=14180"}],"version-history":[{"count":2,"href":"https:\/\/penzionbado.sk\/lt\/wp-json\/wp\/v2\/pages\/14180\/revisions"}],"predecessor-version":[{"id":14224,"href":"https:\/\/penzionbado.sk\/lt\/wp-json\/wp\/v2\/pages\/14180\/revisions\/14224"}],"wp:attachment":[{"href":"https:\/\/penzionbado.sk\/lt\/wp-json\/wp\/v2\/media?parent=14180"}],"curies":[{"name":"wp","href":"https:\/\/api.w.org\/{rel}","templated":true}]}}