{"id":13495,"date":"2020-04-01T09:13:11","date_gmt":"2020-04-01T07:13:11","guid":{"rendered":"https:\/\/penzionbado.sk\/daznai-uzduodami-klausimai\/"},"modified":"2025-03-18T16:13:23","modified_gmt":"2025-03-18T15:13:23","slug":"daznai-uzduodami-klausimai","status":"publish","type":"page","link":"https:\/\/penzionbado.sk\/lt\/daznai-uzduodami-klausimai\/","title":{"rendered":"FAQ"},"content":{"rendered":"\t\t<div data-elementor-type=\"wp-page\" data-elementor-id=\"13495\" class=\"elementor elementor-13495 elementor-2694\" data-elementor-post-type=\"page\">\n\t\t\t\t\t\t\t\t\t<section class=\"elementor-section elementor-top-section elementor-element elementor-element-ba24173 elementor-section-full_width qodef-elementor-content-grid elementor-section-height-default elementor-section-height-default\" data-id=\"ba24173\" data-element_type=\"section\">\n\t\t\t\t\t\t<div class=\"elementor-container elementor-column-gap-no\">\n\t\t\t\t\t<div class=\"elementor-column elementor-col-100 elementor-top-column elementor-element elementor-element-ad81f16\" data-id=\"ad81f16\" data-element_type=\"column\">\n\t\t\t<div class=\"elementor-widget-wrap elementor-element-populated\">\n\t\t\t\t\t\t\t\t<div class=\"elementor-element elementor-element-3dc2385 elementor-widget elementor-widget-alloggio_core_accordion\" data-id=\"3dc2385\" data-element_type=\"widget\" data-widget_type=\"alloggio_core_accordion.default\">\n\t\t\t\t<div class=\"elementor-widget-container\">\n\t\t\t<div class=\"qodef-shortcode qodef-m  qodef-accordion clear qodef-behavior--accordion qodef-layout--simple\">\n\t<h4 class=\"qodef-accordion-title\">\n\t<span class=\"qodef-tab-title\">\n\t\tKoks yra lengviausias b\u016bdas u\u017esisakyti kambar\u012f pas jus?\t<\/span>\n\t<span class=\"qodef-accordion-mark\">\n\t\t<span class=\"qodef-icon--arrow-down\"><span class=\"qodef-icon-linea-icons icon-arrows-down\" ><\/span><\/span>\n\t\t<span class=\"qodef-icon--arrow-up\"><span class=\"qodef-icon-linea-icons icon-arrows-up\" ><\/span><\/span>\n\t<\/span>\n<\/h4>\n<div class=\"qodef-accordion-content\">\n\t<div class=\"qodef-accordion-content-inner\">\n\t\t<div class=\"xwoyzhm x1rhet7l\">Skambinkite mums 0903714695, ra\u0161ykite el. lai\u0161k\u0105 adresu info@penzionbado.sk arba u\u017epildykite rezervacijos form\u0105 svetain\u0117je. Pateik\u0119 u\u017eklaus\u0105 atsi\u0173sime jums atsakym\u0105 su s\u0105lygomis, kurios b\u016btinos j\u016bs\u0173 rezervacijai priimti. Kai atsi\u0173site mums u\u017estat\u0105, mes rezervuosime j\u016bs\u0173 kambar\u012f ir visk\u0105 paruo\u0161ime j\u016bs\u0173 atvykimui.<\/div>\t<\/div>\n<\/div><h4 class=\"qodef-accordion-title\">\n\t<span class=\"qodef-tab-title\">\n\t\tKaip vyksta mok\u0117jimas?\t<\/span>\n\t<span class=\"qodef-accordion-mark\">\n\t\t<span class=\"qodef-icon--arrow-down\"><span class=\"qodef-icon-linea-icons icon-arrows-down\" ><\/span><\/span>\n\t\t<span class=\"qodef-icon--arrow-up\"><span class=\"qodef-icon-linea-icons icon-arrows-up\" ><\/span><\/span>\n\t<\/span>\n<\/h4>\n<div class=\"qodef-accordion-content\">\n\t<div class=\"qodef-accordion-content-inner\">\n\t\t<div class=\"xwoyzhm x1rhet7l\">\u012epareigojant rezervacijos patvirtinim\u0105, ne v\u0117liau kaip per 3 dienas reikia sumok\u0117ti <strong>20 % visos kainos u\u017estat\u0105, antraip rezervacija bus automati\u0161kai at\u0161aukta<\/strong>. Instrukcijos jums bus i\u0161si\u0173stos el. Papildom\u0105 mok\u0117jim\u0105 galima sumok\u0117ti tiesiogiai m\u016bs\u0173 apgyvendinimo \u012fstaigoje grynaisiais atvykus arba i\u0161 anksto banko pavedimu ne v\u0117liau kaip likus 3 dienoms iki atvykimo. Sve\u010di\u0173 namuose n\u0117ra mok\u0117jimo terminalo, <strong>negalima atsiskaityti kortele<\/strong>. Sve\u010diams, atvykusiems pas mus per kelioni\u0173 agent\u016bras, taikomos atitinkam\u0173 kelioni\u0173 agent\u016br\u0173 verslo ir mok\u0117jimo s\u0105lygos.<\/div>\t<\/div>\n<\/div><h4 class=\"qodef-accordion-title\">\n\t<span class=\"qodef-tab-title\">\n\t\tKada yra registracija?\t<\/span>\n\t<span class=\"qodef-accordion-mark\">\n\t\t<span class=\"qodef-icon--arrow-down\"><span class=\"qodef-icon-linea-icons icon-arrows-down\" ><\/span><\/span>\n\t\t<span class=\"qodef-icon--arrow-up\"><span class=\"qodef-icon-linea-icons icon-arrows-up\" ><\/span><\/span>\n\t<\/span>\n<\/h4>\n<div class=\"qodef-accordion-content\">\n\t<div class=\"qodef-accordion-content-inner\">\n\t\t\u012esiregistruoti apgyvendinimo \u012fstaigoje galima nuo 14:00 iki 20:00 val. \u201eLATE CHECKIN\u201c \u2013 galimas v\u0117lyvas atvykimas ne v\u0117liau kaip 23:00 val. ir kainuoja 20,- Eur.\t<\/div>\n<\/div><h4 class=\"qodef-accordion-title\">\n\t<span class=\"qodef-tab-title\">\n\t\tAr j\u016bs\u0173 patalpose yra wifi?\t<\/span>\n\t<span class=\"qodef-accordion-mark\">\n\t\t<span class=\"qodef-icon--arrow-down\"><span class=\"qodef-icon-linea-icons icon-arrows-down\" ><\/span><\/span>\n\t\t<span class=\"qodef-icon--arrow-up\"><span class=\"qodef-icon-linea-icons icon-arrows-up\" ><\/span><\/span>\n\t<\/span>\n<\/h4>\n<div class=\"qodef-accordion-content\">\n\t<div class=\"qodef-accordion-content-inner\">\n\t\t<div><div class=\"x2b8uid\" dir=\"auto\"><div id=\":r1f4:\" class=\"x1iorvi4 x1pi30zi x1l90r2v x1swvt13\" data-ad-comet-preview=\"message\" data-ad-preview=\"message\"><div class=\"x78zum5 xdt5ytf xz62fqu x16ldp7u\"><div class=\"xu06os2 x1ok221b\"><div class=\"xdj266r x11i5rnm xat24cr x1mh8g0r x1vvkbs x126k92a\"><div dir=\"auto\">Taip, WIFI su optiniu internetu veikia visose patalpose. Ji apima 99% vis\u0173 patalp\u0173 ar patalp\u0173 plot\u0173. Internetas m\u016bs\u0173 sve\u010diams nemokamas.<\/div><\/div><\/div><\/div><\/div><\/div><\/div>\t<\/div>\n<\/div><h4 class=\"qodef-accordion-title\">\n\t<span class=\"qodef-tab-title\">\n\t\tAr pas jus galima \u012fkrauti elektrin\u012f dvirat\u012f ar elektromobil\u012f?\t<\/span>\n\t<span class=\"qodef-accordion-mark\">\n\t\t<span class=\"qodef-icon--arrow-down\"><span class=\"qodef-icon-linea-icons icon-arrows-down\" ><\/span><\/span>\n\t\t<span class=\"qodef-icon--arrow-up\"><span class=\"qodef-icon-linea-icons icon-arrows-up\" ><\/span><\/span>\n\t<\/span>\n<\/h4>\n<div class=\"qodef-accordion-content\">\n\t<div class=\"qodef-accordion-content-inner\">\n\t\t<p>Taip, m\u016bs\u0173 b\u016bste yra dvi elektros \u012fkrovimo stotel\u0117s. Elektrinius dvira\u010dius galite \u012fkrauti tiesiogiai naudodami \u012fkroviklius, esan\u010dius slidin\u0117jimo kambaryje.<\/p>\t<\/div>\n<\/div><h4 class=\"qodef-accordion-title\">\n\t<span class=\"qodef-tab-title\">\n\t\tAr galima \u012fsigyti slidin\u0117jimo abonement\u0105 tiesiai j\u016bs\u0173 sve\u010di\u0173 namuose?\t<\/span>\n\t<span class=\"qodef-accordion-mark\">\n\t\t<span class=\"qodef-icon--arrow-down\"><span class=\"qodef-icon-linea-icons icon-arrows-down\" ><\/span><\/span>\n\t\t<span class=\"qodef-icon--arrow-up\"><span class=\"qodef-icon-linea-icons icon-arrows-up\" ><\/span><\/span>\n\t<\/span>\n<\/h4>\n<div class=\"qodef-accordion-content\">\n\t<div class=\"qodef-accordion-content-inner\">\n\t\t<div class=\"x2b8uid\" dir=\"auto\"><div id=\":rqs:\" class=\"x1iorvi4 x1pi30zi x1l90r2v x1swvt13\" data-ad-comet-preview=\"message\" data-ad-preview=\"message\"><div class=\"x78zum5 xdt5ytf xz62fqu x16ldp7u\"><div class=\"xu06os2 x1ok221b\"><div class=\"xdj266r x11i5rnm xat24cr x1mh8g0r x1vvkbs x126k92a\"><div dir=\"auto\">Taip, tai \u012fmanoma. Slidin\u0117jimo abonement\u0105 galite \u012fsigyti tiesiogiai pas mus registrat\u016broje su nuolaida. U\u017e slidin\u0117jimo abonement\u0105 galite sumok\u0117ti tiesiai registrat\u016broje ir nereik\u0117s laukti ilgose eil\u0117se prie kasos.<\/div><\/div><\/div><\/div><\/div><\/div>\t<\/div>\n<\/div><\/div>\t\t<\/div>\n\t\t\t\t<\/div>\n\t\t\t\t\t<\/div>\n\t\t<\/div>\n\t\t\t\t\t\t\t<\/div>\n\t\t<\/section>\n\t\t\t\t\t\t\t<\/div>\n\t\t","protected":false},"excerpt":{"rendered":"<p>Koks yra lengviausias b\u016bdas u\u017esisakyti kambar\u012f pas jus? Skambinkite mums 0903714695, ra\u0161ykite el. lai\u0161k\u0105 adresu info@penzionbado.sk arba u\u017epildykite rezervacijos form\u0105 svetain\u0117je. Pateik\u0119 u\u017eklaus\u0105 atsi\u0173sime jums atsakym\u0105 su s\u0105lygomis, kurios b\u016btinos j\u016bs\u0173 rezervacijai priimti. Kai atsi\u0173site mums u\u017estat\u0105, mes rezervuosime j\u016bs\u0173 kambar\u012f ir visk\u0105 paruo\u0161ime j\u016bs\u0173 atvykimui. Kaip vyksta mok\u0117jimas? \u012epareigojant rezervacijos patvirtinim\u0105, ne v\u0117liau kaip [&hellip;]<\/p>\n","protected":false},"author":1,"featured_media":13496,"parent":0,"menu_order":0,"comment_status":"closed","ping_status":"closed","template":"page-full-width.php","meta":{"inline_featured_image":false},"yoast_head":"<!-- This site is optimized with the Yoast SEO plugin v20.13 - https:\/\/yoast.com\/wordpress\/plugins\/seo\/ -->\n<title>FAQ | Penzi\u00f3n BA\u010eO ***<\/title>\n<meta name=\"description\" content=\"Atsakome \u012f da\u017eniausiai u\u017eduodamus klausimus. Jei neradote atsakymo \u012f tai, kas jus domina, paskambinkite mums arba para\u0161ykite.\" \/>\n<meta name=\"robots\" content=\"index, follow, max-snippet:-1, max-image-preview:large, max-video-preview:-1\" \/>\n<link rel=\"canonical\" href=\"https:\/\/penzionbado.sk\/casto-kladene-otazky\/\" \/>\n<meta property=\"og:locale\" content=\"lt_LT\" \/>\n<meta property=\"og:type\" content=\"article\" \/>\n<meta property=\"og:title\" content=\"FAQ | Penzi\u00f3n BA\u010eO ***\" \/>\n<meta property=\"og:description\" content=\"Atsakome \u012f da\u017eniausiai u\u017eduodamus klausimus. Jei neradote atsakymo \u012f tai, kas jus domina, paskambinkite mums arba para\u0161ykite.\" \/>\n<meta property=\"og:url\" content=\"https:\/\/penzionbado.sk\/casto-kladene-otazky\/\" \/>\n<meta property=\"og:site_name\" content=\"Penzi\u00f3n BA\u010eO ***\" \/>\n<meta property=\"article:publisher\" content=\"https:\/\/www.facebook.com\/www.penzionbado.sk\" \/>\n<meta property=\"article:modified_time\" content=\"2025-03-18T15:13:23+00:00\" \/>\n<meta property=\"og:image\" content=\"https:\/\/penzionbado.sk\/wp-content\/uploads\/2023\/05\/097_Penzion-Bado_StaraLesna.jpg\" \/>\n\t<meta property=\"og:image:width\" content=\"1024\" \/>\n\t<meta property=\"og:image:height\" content=\"681\" \/>\n\t<meta property=\"og:image:type\" content=\"image\/jpeg\" \/>\n<meta name=\"twitter:card\" content=\"summary_large_image\" \/>\n<meta name=\"twitter:label1\" content=\"Est. reading time\" \/>\n\t<meta name=\"twitter:data1\" content=\"2 minut\u0117s\" \/>\n<script type=\"application\/ld+json\" class=\"yoast-schema-graph\">{\"@context\":\"https:\/\/schema.org\",\"@graph\":[{\"@type\":\"WebPage\",\"@id\":\"https:\/\/penzionbado.sk\/casto-kladene-otazky\/\",\"url\":\"https:\/\/penzionbado.sk\/casto-kladene-otazky\/\",\"name\":\"FAQ | Penzi\u00f3n BA\u010eO ***\",\"isPartOf\":{\"@id\":\"https:\/\/penzionbado.sk\/#website\"},\"datePublished\":\"2020-04-01T07:13:11+00:00\",\"dateModified\":\"2025-03-18T15:13:23+00:00\",\"description\":\"Atsakome \u012f da\u017eniausiai u\u017eduodamus klausimus. Jei neradote atsakymo \u012f tai, kas jus domina, paskambinkite mums arba para\u0161ykite.\",\"breadcrumb\":{\"@id\":\"https:\/\/penzionbado.sk\/casto-kladene-otazky\/#breadcrumb\"},\"inLanguage\":\"lt-LT\",\"potentialAction\":[{\"@type\":\"ReadAction\",\"target\":[\"https:\/\/penzionbado.sk\/casto-kladene-otazky\/\"]}]},{\"@type\":\"BreadcrumbList\",\"@id\":\"https:\/\/penzionbado.sk\/casto-kladene-otazky\/#breadcrumb\",\"itemListElement\":[{\"@type\":\"ListItem\",\"position\":1,\"name\":\"Home\",\"item\":\"https:\/\/penzionbado.sk\/lt\/\"},{\"@type\":\"ListItem\",\"position\":2,\"name\":\"FAQ\"}]},{\"@type\":\"WebSite\",\"@id\":\"https:\/\/penzionbado.sk\/#website\",\"url\":\"https:\/\/penzionbado.sk\/\",\"name\":\"Penzi\u00f3n BA\u010eO ***\",\"description\":\"Rodinn\u00fd penzi\u00f3n pod Lomnick\u00fdm \u0160t\u00edtom\",\"publisher\":{\"@id\":\"https:\/\/penzionbado.sk\/#organization\"},\"potentialAction\":[{\"@type\":\"SearchAction\",\"target\":{\"@type\":\"EntryPoint\",\"urlTemplate\":\"https:\/\/penzionbado.sk\/?s={search_term_string}\"},\"query-input\":\"required name=search_term_string\"}],\"inLanguage\":\"lt-LT\"},{\"@type\":\"Organization\",\"@id\":\"https:\/\/penzionbado.sk\/#organization\",\"name\":\"Penzi\u00f3n BA\u010eO ***\",\"url\":\"https:\/\/penzionbado.sk\/\",\"logo\":{\"@type\":\"ImageObject\",\"inLanguage\":\"lt-LT\",\"@id\":\"https:\/\/penzionbado.sk\/#\/schema\/logo\/image\/\",\"url\":\"https:\/\/penzionbado.sk\/wp-content\/uploads\/2023\/05\/BADO_logo_black_transparent.png\",\"contentUrl\":\"https:\/\/penzionbado.sk\/wp-content\/uploads\/2023\/05\/BADO_logo_black_transparent.png\",\"width\":470,\"height\":473,\"caption\":\"Penzi\u00f3n BA\u010eO ***\"},\"image\":{\"@id\":\"https:\/\/penzionbado.sk\/#\/schema\/logo\/image\/\"},\"sameAs\":[\"https:\/\/www.facebook.com\/www.penzionbado.sk\",\"https:\/\/www.instagram.com\/penzionvysoketatry\/\",\"https:\/\/www.youtube.com\/channel\/UCxZmlcE9qBcD9fdk4hfpo7g\"]}]}<\/script>\n<!-- \/ Yoast SEO plugin. -->","yoast_head_json":{"title":"FAQ | Penzi\u00f3n BA\u010eO ***","description":"Atsakome \u012f da\u017eniausiai u\u017eduodamus klausimus. Jei neradote atsakymo \u012f tai, kas jus domina, paskambinkite mums arba para\u0161ykite.","robots":{"index":"index","follow":"follow","max-snippet":"max-snippet:-1","max-image-preview":"max-image-preview:large","max-video-preview":"max-video-preview:-1"},"canonical":"https:\/\/penzionbado.sk\/casto-kladene-otazky\/","og_locale":"lt_LT","og_type":"article","og_title":"FAQ | Penzi\u00f3n BA\u010eO ***","og_description":"Atsakome \u012f da\u017eniausiai u\u017eduodamus klausimus. Jei neradote atsakymo \u012f tai, kas jus domina, paskambinkite mums arba para\u0161ykite.","og_url":"https:\/\/penzionbado.sk\/casto-kladene-otazky\/","og_site_name":"Penzi\u00f3n BA\u010eO ***","article_publisher":"https:\/\/www.facebook.com\/www.penzionbado.sk","article_modified_time":"2025-03-18T15:13:23+00:00","og_image":[{"width":1024,"height":681,"url":"https:\/\/penzionbado.sk\/wp-content\/uploads\/2023\/05\/097_Penzion-Bado_StaraLesna.jpg","type":"image\/jpeg"}],"twitter_card":"summary_large_image","twitter_misc":{"Est. reading time":"2 minut\u0117s"},"schema":{"@context":"https:\/\/schema.org","@graph":[{"@type":"WebPage","@id":"https:\/\/penzionbado.sk\/casto-kladene-otazky\/","url":"https:\/\/penzionbado.sk\/casto-kladene-otazky\/","name":"FAQ | Penzi\u00f3n BA\u010eO ***","isPartOf":{"@id":"https:\/\/penzionbado.sk\/#website"},"datePublished":"2020-04-01T07:13:11+00:00","dateModified":"2025-03-18T15:13:23+00:00","description":"Atsakome \u012f da\u017eniausiai u\u017eduodamus klausimus. Jei neradote atsakymo \u012f tai, kas jus domina, paskambinkite mums arba para\u0161ykite.","breadcrumb":{"@id":"https:\/\/penzionbado.sk\/casto-kladene-otazky\/#breadcrumb"},"inLanguage":"lt-LT","potentialAction":[{"@type":"ReadAction","target":["https:\/\/penzionbado.sk\/casto-kladene-otazky\/"]}]},{"@type":"BreadcrumbList","@id":"https:\/\/penzionbado.sk\/casto-kladene-otazky\/#breadcrumb","itemListElement":[{"@type":"ListItem","position":1,"name":"Home","item":"https:\/\/penzionbado.sk\/lt\/"},{"@type":"ListItem","position":2,"name":"FAQ"}]},{"@type":"WebSite","@id":"https:\/\/penzionbado.sk\/#website","url":"https:\/\/penzionbado.sk\/","name":"Penzi\u00f3n BA\u010eO ***","description":"Rodinn\u00fd penzi\u00f3n pod Lomnick\u00fdm \u0160t\u00edtom","publisher":{"@id":"https:\/\/penzionbado.sk\/#organization"},"potentialAction":[{"@type":"SearchAction","target":{"@type":"EntryPoint","urlTemplate":"https:\/\/penzionbado.sk\/?s={search_term_string}"},"query-input":"required name=search_term_string"}],"inLanguage":"lt-LT"},{"@type":"Organization","@id":"https:\/\/penzionbado.sk\/#organization","name":"Penzi\u00f3n BA\u010eO ***","url":"https:\/\/penzionbado.sk\/","logo":{"@type":"ImageObject","inLanguage":"lt-LT","@id":"https:\/\/penzionbado.sk\/#\/schema\/logo\/image\/","url":"https:\/\/penzionbado.sk\/wp-content\/uploads\/2023\/05\/BADO_logo_black_transparent.png","contentUrl":"https:\/\/penzionbado.sk\/wp-content\/uploads\/2023\/05\/BADO_logo_black_transparent.png","width":470,"height":473,"caption":"Penzi\u00f3n BA\u010eO ***"},"image":{"@id":"https:\/\/penzionbado.sk\/#\/schema\/logo\/image\/"},"sameAs":["https:\/\/www.facebook.com\/www.penzionbado.sk","https:\/\/www.instagram.com\/penzionvysoketatry\/","https:\/\/www.youtube.com\/channel\/UCxZmlcE9qBcD9fdk4hfpo7g"]}]}},"_links":{"self":[{"href":"https:\/\/penzionbado.sk\/lt\/wp-json\/wp\/v2\/pages\/13495"}],"collection":[{"href":"https:\/\/penzionbado.sk\/lt\/wp-json\/wp\/v2\/pages"}],"about":[{"href":"https:\/\/penzionbado.sk\/lt\/wp-json\/wp\/v2\/types\/page"}],"author":[{"embeddable":true,"href":"https:\/\/penzionbado.sk\/lt\/wp-json\/wp\/v2\/users\/1"}],"replies":[{"embeddable":true,"href":"https:\/\/penzionbado.sk\/lt\/wp-json\/wp\/v2\/comments?post=13495"}],"version-history":[{"count":6,"href":"https:\/\/penzionbado.sk\/lt\/wp-json\/wp\/v2\/pages\/13495\/revisions"}],"predecessor-version":[{"id":13702,"href":"https:\/\/penzionbado.sk\/lt\/wp-json\/wp\/v2\/pages\/13495\/revisions\/13702"}],"wp:featuredmedia":[{"embeddable":true,"href":"https:\/\/penzionbado.sk\/lt\/wp-json\/wp\/v2\/media\/13496"}],"wp:attachment":[{"href":"https:\/\/penzionbado.sk\/lt\/wp-json\/wp\/v2\/media?parent=13495"}],"curies":[{"name":"wp","href":"https:\/\/api.w.org\/{rel}","templated":true}]}}