{"id":13492,"date":"2020-03-31T13:25:00","date_gmt":"2020-03-31T11:25:00","guid":{"rendered":"https:\/\/penzionbado.sk\/susisiekite-su\/"},"modified":"2025-03-19T08:30:49","modified_gmt":"2025-03-19T07:30:49","slug":"susisiekite-su","status":"publish","type":"page","link":"https:\/\/penzionbado.sk\/lt\/susisiekite-su\/","title":{"rendered":"Susisiekite su"},"content":{"rendered":"\t\t<div data-elementor-type=\"wp-page\" data-elementor-id=\"13492\" class=\"elementor elementor-13492 elementor-2531\" data-elementor-post-type=\"page\">\n\t\t\t\t\t\t\t\t\t<section class=\"elementor-section elementor-top-section elementor-element elementor-element-c9042e3 elementor-section-full_width qodef-elementor-content-grid elementor-section-height-default elementor-section-height-default\" data-id=\"c9042e3\" data-element_type=\"section\">\n\t\t\t\t\t\t<div class=\"elementor-container elementor-column-gap-no\">\n\t\t\t\t\t<div class=\"elementor-column elementor-col-50 elementor-top-column elementor-element elementor-element-cc5b1cc\" data-id=\"cc5b1cc\" data-element_type=\"column\">\n\t\t\t<div class=\"elementor-widget-wrap elementor-element-populated\">\n\t\t\t\t\t\t\t\t<div class=\"elementor-element elementor-element-eb1f70c elementor-widget elementor-widget-spacer\" data-id=\"eb1f70c\" data-element_type=\"widget\" data-widget_type=\"spacer.default\">\n\t\t\t\t<div class=\"elementor-widget-container\">\n\t\t\t\t\t<div class=\"elementor-spacer\">\n\t\t\t<div class=\"elementor-spacer-inner\"><\/div>\n\t\t<\/div>\n\t\t\t\t<\/div>\n\t\t\t\t<\/div>\n\t\t\t\t<div class=\"elementor-element elementor-element-55d5e45 elementor-widget elementor-widget-text-editor\" data-id=\"55d5e45\" data-element_type=\"widget\" data-widget_type=\"text-editor.default\">\n\t\t\t\t<div class=\"elementor-widget-container\">\n\t\t\t\t\t\t\t<h3 class=\"elementor-heading-title elementor-size-default elementor-inline-editing pen\" style=\"background-color: #ffffff; font-size: 25px; line-height: 35px;\" data-elementor-setting-key=\"title\" data-pen-placeholder=\"P\u00ed\u0161te tu...\">Kontaktin\u0117 informacija<\/h3>\n\t\t\t\t\t\t<\/div>\n\t\t\t\t<\/div>\n\t\t\t\t<div class=\"elementor-element elementor-element-0f451e6 elementor-widget elementor-widget-text-editor\" data-id=\"0f451e6\" data-element_type=\"widget\" data-widget_type=\"text-editor.default\">\n\t\t\t\t<div class=\"elementor-widget-container\">\n\t\t\t\t\t\t\t<p style=\"background-color: #ffffff;\">Adresas: <span style=\"font-weight: bolder;\">Slne\u010dn\u00e1 272, 05952 Star\u00e1 Lesn\u00e1, Slovakija<\/span><\/p>\n<p style=\"background-color: #ffffff;\">el: <a href=\"mailto:info@penzionbado.sk\"><span style=\"font-weight: bolder;\">info@penzionbado.sk<\/span><\/a><\/p>\n<p style=\"background-color: #ffffff;\">Telefonas: <a href=\"tel.:+421%20903%20714%20695\"><span style=\"font-weight: bolder;\">+421 903 714 695<\/span><\/a><\/p>\n<p style=\"background-color: #ffffff;\">ICKO: <strong>364 72 662 <\/strong>, DIC:<strong> 2020021784<\/strong><\/p>\n\t\t\t\t\t\t<\/div>\n\t\t\t\t<\/div>\n\t\t\t\t<div class=\"elementor-element elementor-element-1d22069 elementor-widget elementor-widget-text-editor\" data-id=\"1d22069\" data-element_type=\"widget\" data-widget_type=\"text-editor.default\">\n\t\t\t\t<div class=\"elementor-widget-container\">\n\t\t\t\t\t\t\t<p><strong>Registruotis galima nuo 14:00 iki 20:00 val.<\/strong> Daugiau informacijos rasite da\u017enai <a href=\"https:\/\/penzionbado.sk\/cs\/casto-kladene-otazky\/\">u\u017eduodam\u0173 klausim\u0173<\/a> puslapyje arba paskambinkite mums.<\/p>\n\t\t\t\t\t\t<\/div>\n\t\t\t\t<\/div>\n\t\t\t\t<div class=\"elementor-element elementor-element-04ff08e elementor-widget elementor-widget-heading\" data-id=\"04ff08e\" data-element_type=\"widget\" data-widget_type=\"heading.default\">\n\t\t\t\t<div class=\"elementor-widget-container\">\n\t\t\t<h2 class=\"elementor-heading-title elementor-size-default\">Kaip mus pasiekti?<\/h2>\t\t<\/div>\n\t\t\t\t<\/div>\n\t\t\t\t<div class=\"elementor-element elementor-element-727a312 elementor-widget elementor-widget-alloggio_core_accordion\" data-id=\"727a312\" data-element_type=\"widget\" data-widget_type=\"alloggio_core_accordion.default\">\n\t\t\t\t<div class=\"elementor-widget-container\">\n\t\t\t<div class=\"qodef-shortcode qodef-m ako-sa-k-nam-dostanete qodef-accordion clear qodef-behavior--accordion qodef-layout--simple\">\n\t<h3 class=\"qodef-accordion-title\">\n\t<span class=\"qodef-tab-title\">\n\t\tAutomobiliu\t<\/span>\n\t<span class=\"qodef-accordion-mark\">\n\t\t<span class=\"qodef-icon--arrow-down\"><span class=\"qodef-icon-linea-icons icon-arrows-down\" ><\/span><\/span>\n\t\t<span class=\"qodef-icon--arrow-up\"><span class=\"qodef-icon-linea-icons icon-arrows-up\" ><\/span><\/span>\n\t<\/span>\n<\/h3>\n<div class=\"qodef-accordion-content\">\n\t<div class=\"qodef-accordion-content-inner\">\n\t\t<p>I\u0161 kelio II. 540 klas\u0117, Star\u00e1 Lesn\u00e1 pos\u016bkyje pasukite \u012f de\u0161in\u0119 (ma\u017edaug vienas kilometras prie\u0161 Tatransk\u00e1 Lomnic\u0105) ir va\u017eiuokite III keliu. klas\u0117 apie 3 km iki Star\u00e1 Lesn\u00e1 kaimo. Kaime pagal \u017eem\u0117lap\u012f sukite \u012f pension\u0105.<\/p>\t<\/div>\n<\/div><h3 class=\"qodef-accordion-title\">\n\t<span class=\"qodef-tab-title\">\n\t\tTraukiniu\t<\/span>\n\t<span class=\"qodef-accordion-mark\">\n\t\t<span class=\"qodef-icon--arrow-down\"><span class=\"qodef-icon-linea-icons icon-arrows-down\" ><\/span><\/span>\n\t\t<span class=\"qodef-icon--arrow-up\"><span class=\"qodef-icon-linea-icons icon-arrows-up\" ><\/span><\/span>\n\t<\/span>\n<\/h3>\n<div class=\"qodef-accordion-content\">\n\t<div class=\"qodef-accordion-content-inner\">\n\t\t<p>Nuo Tatr\u0173 elektrinio gele\u017einkelio stotel\u0117s \"Star\u00e1 Lesn\u00e1\" iki sve\u010di\u0173 nam\u0173 yra apie 3 km romanti\u0161ku takeliu per mi\u0161k\u0105 ir pievas.<\/p>\t<\/div>\n<\/div><h3 class=\"qodef-accordion-title\">\n\t<span class=\"qodef-tab-title\">\n\t\tAutobusu\t<\/span>\n\t<span class=\"qodef-accordion-mark\">\n\t\t<span class=\"qodef-icon--arrow-down\"><span class=\"qodef-icon-linea-icons icon-arrows-down\" ><\/span><\/span>\n\t\t<span class=\"qodef-icon--arrow-up\"><span class=\"qodef-icon-linea-icons icon-arrows-up\" ><\/span><\/span>\n\t<\/span>\n<\/h3>\n<div class=\"qodef-accordion-content\">\n\t<div class=\"qodef-accordion-content-inner\">\n\t\t<p>Star\u00e1 Lesn\u00e1 kaimo stotel\u0117, autobus\u0173 linija Tatransk\u00e1 Lomnica \u2013 Star\u00e1 Lesn\u00e1 \u2013 Ke\u017emarok.<\/p>\t<\/div>\n<\/div><\/div>\t\t<\/div>\n\t\t\t\t<\/div>\n\t\t\t\t<div class=\"elementor-element elementor-element-8e4b7d2 elementor-widget elementor-widget-text-editor\" data-id=\"8e4b7d2\" data-element_type=\"widget\" data-widget_type=\"text-editor.default\">\n\t\t\t\t<div class=\"elementor-widget-container\">\n\t\t\t\t\t\t\t<p>M\u016bs\u0173 apgyvendinimo \u012fstaigoje yra 20 dvivie\u010di\u0173 kambari\u0173 + papildomos lovos ir vieni apartamentai.  <strong>I\u0161 viso galime apgyvendinti iki 75 sve\u010di\u0173.<\/strong> <\/p>\n<p><strong>Jei jus domina organizuojam\u0173 ekskursij\u0173 vaikams, studentams ar senjorams apskai\u010diavimas, susisiekite su mumis.<\/strong><\/p>\n\t\t\t\t\t\t<\/div>\n\t\t\t\t<\/div>\n\t\t\t\t\t<\/div>\n\t\t<\/div>\n\t\t\t\t<div class=\"elementor-column elementor-col-50 elementor-top-column elementor-element elementor-element-7ca5e6f\" data-id=\"7ca5e6f\" data-element_type=\"column\">\n\t\t\t<div class=\"elementor-widget-wrap elementor-element-populated\">\n\t\t\t\t\t\t\t\t<div class=\"elementor-element elementor-element-74075ab elementor-widget elementor-widget-spacer\" data-id=\"74075ab\" data-element_type=\"widget\" data-widget_type=\"spacer.default\">\n\t\t\t\t<div class=\"elementor-widget-container\">\n\t\t\t\t\t<div class=\"elementor-spacer\">\n\t\t\t<div class=\"elementor-spacer-inner\"><\/div>\n\t\t<\/div>\n\t\t\t\t<\/div>\n\t\t\t\t<\/div>\n\t\t\t\t<div class=\"elementor-element elementor-element-22cf2d4 elementor-widget elementor-widget-text-editor\" data-id=\"22cf2d4\" data-element_type=\"widget\" data-widget_type=\"text-editor.default\">\n\t\t\t\t<div class=\"elementor-widget-container\">\n\t\t\t\t\t\t\t<h3 style=\"background-color: #ffffff; font-family: var( --e-global-typography-secondary-font-family ), Sans-serif; font-weight: var( --e-global-typography-secondary-font-weight );\"><span style=\"font-weight: bolder;\">KONTAKTIN\u0116 FORMA<\/span><\/h3>\n\t\t\t\t\t\t<\/div>\n\t\t\t\t<\/div>\n\t\t\t\t<div class=\"elementor-element elementor-element-694fb05 elementor-widget elementor-widget-wp-widget-alloggio_core_contact_form_7\" data-id=\"694fb05\" data-element_type=\"widget\" data-widget_type=\"wp-widget-alloggio_core_contact_form_7.default\">\n\t\t\t\t<div class=\"elementor-widget-container\">\n\t\t\t\t\t\t<div class=\"qodef-contact-form-7\">\n\t\t\t\t\n<div class=\"wpcf7 no-js\" id=\"wpcf7-f13808-o1\" lang=\"lt-LT\" dir=\"ltr\">\n<div class=\"screen-reader-response\"><p role=\"status\" aria-live=\"polite\" aria-atomic=\"true\"><\/p> <ul><\/ul><\/div>\n<form action=\"\/lt\/wp-json\/wp\/v2\/pages\/13492#wpcf7-f13808-o1\" method=\"post\" class=\"wpcf7-form init wpcf7-acceptance-as-validation\" aria-label=\"Contact form\" novalidate=\"novalidate\" data-status=\"init\">\n<div style=\"display: none;\">\n<input type=\"hidden\" name=\"_wpcf7\" value=\"13808\" \/>\n<input type=\"hidden\" name=\"_wpcf7_version\" value=\"5.7.7\" \/>\n<input type=\"hidden\" name=\"_wpcf7_locale\" value=\"lt_LT\" \/>\n<input type=\"hidden\" name=\"_wpcf7_unit_tag\" value=\"wpcf7-f13808-o1\" \/>\n<input type=\"hidden\" name=\"_wpcf7_container_post\" value=\"0\" \/>\n<input type=\"hidden\" name=\"_wpcf7_posted_data_hash\" value=\"\" \/>\n<input type=\"hidden\" name=\"_wpcf7_recaptcha_response\" value=\"\" \/>\n<\/div>\n<div class=\"qodef-grid qodef-gutter--small\">\n\t<div class=\"qodef-grid-inner\">\n\t\t<div class=\"qodef-grid-item\">\n\t\t\t<p><label> J\u016bs\u0173 vardas ir pavard\u0117<br \/>\n<span class=\"wpcf7-form-control-wrap\" data-name=\"your-name\"><input size=\"40\" class=\"wpcf7-form-control wpcf7-text wpcf7-validates-as-required\" aria-required=\"true\" aria-invalid=\"false\" value=\"\" type=\"text\" name=\"your-name\" \/><\/span> <\/label>\n\t\t\t<\/p>\n\t\t<\/div>\n\t<\/div>\n<\/div>\n<div class=\"qodef-grid qodef-gutter--small\">\n\t<div class=\"qodef-grid-inner\">\n\t\t<div class=\"qodef-grid-item\">\n\t\t\t<p><label> J\u016bs\u0173 el. pa\u0161to adresas<br \/>\n<span class=\"wpcf7-form-control-wrap\" data-name=\"your-email\"><input size=\"40\" class=\"wpcf7-form-control wpcf7-text wpcf7-email wpcf7-validates-as-required wpcf7-validates-as-email\" aria-required=\"true\" aria-invalid=\"false\" value=\"\" type=\"email\" name=\"your-email\" \/><\/span> <\/label>\n\t\t\t<\/p>\n\t\t<\/div>\n\t<\/div>\n<\/div>\n<div class=\"qodef-grid qodef-gutter--normal\">\n\t<div class=\"qodef-grid-inner\">\n\t\t<div class=\"qodef-grid-item\">\n\t\t\t<p><label> Para\u0161ykite mums \u017einut\u0119<br \/>\n<span class=\"wpcf7-form-control-wrap\" data-name=\"your-message\"><textarea cols=\"40\" rows=\"6\" class=\"wpcf7-form-control wpcf7-textarea\" aria-invalid=\"false\" name=\"your-message\"><\/textarea><\/span> <\/label>\n\t\t\t<\/p>\n\t\t<\/div>\n\t<\/div>\n<\/div>\n<div class=\"qodef-grid qodef-gutter--normal\">\n\t<div class=\"qodef-grid-inner\">\n\t\t<div class=\"qodef-grid-item\">\n\t\t\t<p><span class=\"wpcf7-form-control-wrap\" data-name=\"GDPR\"><span class=\"wpcf7-form-control wpcf7-acceptance\"><span class=\"wpcf7-list-item\"><label><input type=\"checkbox\" name=\"GDPR\" value=\"1\" aria-invalid=\"false\" \/><span class=\"wpcf7-list-item-label\">A\u0161 perskai\u010diau ir sutinku su apdorojimu <a href=\"\/spracovanie-osobnych-udajov\/\" target=\"_Blank\">asmens duomenis<\/a>.<\/span><\/label><\/span><\/span><\/span>\n\t\t\t<\/p>\n\t\t\t<p class=\"recapcha-text\">\u0160i svetain\u0117 yra apsaugota reCAPTCHA ir taikomos \u0161ios s\u0105lygos <a href=\"https:\/\/policies.google.com\/privacy\" target=\"_Blank\">Privatumo politika<\/a> Google ir <a href=\"https:\/\/policies.google.com\/terms\" target=\"_Blank\">Taisykl\u0117s ir s\u0105lygos<\/a>.\n\t\t\t<\/p>\n\t\t<\/div>\n\t<\/div>\n<\/div>\n<p><button class=\"wpcf7-form-control wpcf7-submit qodef-button qodef-size--normal qodef-type--outlined qodef-m\" type=\"submit\"><span class=\"qodef-m-text\">Pateikti<\/span><\/button>\n<\/p><div class=\"wpcf7-response-output\" aria-hidden=\"true\"><\/div>\n<\/form>\n<\/div>\n\t\t\t<\/div>\n\t\t\t\t\t<\/div>\n\t\t\t\t<\/div>\n\t\t\t\t\t<\/div>\n\t\t<\/div>\n\t\t\t\t\t\t\t<\/div>\n\t\t<\/section>\n\t\t<div class=\"elementor-element elementor-element-f001a84 e-flex e-con-boxed e-con e-parent\" data-id=\"f001a84\" data-element_type=\"container\" data-settings=\"{&quot;content_width&quot;:&quot;boxed&quot;}\" data-core-v316-plus=\"true\">\n\t\t\t\t\t<div class=\"e-con-inner\">\n\t\t\t\t<div class=\"elementor-element elementor-element-7c9f4ce elementor-widget elementor-widget-google_maps\" data-id=\"7c9f4ce\" data-element_type=\"widget\" data-widget_type=\"google_maps.default\">\n\t\t\t\t<div class=\"elementor-widget-container\">\n\t\t\t\t\t<div class=\"elementor-custom-embed\">\n\t\t\t<iframe loading=\"lazy\"\n\t\t\t\t\tsrc=\"https:\/\/maps.google.com\/maps?q=Penzion%20BADO%2C%20Star%C3%A1%20Lesn%C3%A1&#038;t=m&#038;z=10&#038;output=embed&#038;iwloc=near\"\n\t\t\t\t\ttitle=\"Penzion BADO, Star\u00e1 Lesn\u00e1\"\n\t\t\t\t\taria-label=\"Penzion BADO, Star\u00e1 Lesn\u00e1\"\n\t\t\t><\/iframe>\n\t\t<\/div>\n\t\t\t\t<\/div>\n\t\t\t\t<\/div>\n\t\t\t\t\t<\/div>\n\t\t\t\t<\/div>\n\t\t\t\t<section class=\"elementor-section elementor-top-section elementor-element elementor-element-48920046 elementor-section-full_width elementor-section-height-default elementor-section-height-default qodef-elementor-content-no\" data-id=\"48920046\" data-element_type=\"section\">\n\t\t\t\t\t\t<div class=\"elementor-container elementor-column-gap-no\">\n\t\t\t\t\t<div class=\"elementor-column elementor-col-100 elementor-top-column elementor-element elementor-element-2a6f310b\" data-id=\"2a6f310b\" data-element_type=\"column\" data-settings=\"{&quot;background_background&quot;:&quot;classic&quot;}\">\n\t\t\t<div class=\"elementor-widget-wrap elementor-element-populated\">\n\t\t\t\t\t\t\t\t<div class=\"elementor-element elementor-element-23f4ec0d elementor-widget elementor-widget-wp-widget-alloggio_core_contact_form_7\" data-id=\"23f4ec0d\" data-element_type=\"widget\" data-widget_type=\"wp-widget-alloggio_core_contact_form_7.default\">\n\t\t\t\t<div class=\"elementor-widget-container\">\n\t\t\t\t\t\t<div class=\"qodef-contact-form-7\">\n\t\t\t\t\n<div class=\"wpcf7 no-js\" id=\"wpcf7-f13821-o2\" lang=\"lt-LT\" dir=\"ltr\">\n<div class=\"screen-reader-response\"><p role=\"status\" aria-live=\"polite\" aria-atomic=\"true\"><\/p> <ul><\/ul><\/div>\n<form action=\"\/lt\/wp-json\/wp\/v2\/pages\/13492#wpcf7-f13821-o2\" method=\"post\" class=\"wpcf7-form init wpcf7-acceptance-as-validation\" aria-label=\"Contact form\" novalidate=\"novalidate\" data-status=\"init\">\n<div style=\"display: none;\">\n<input type=\"hidden\" name=\"_wpcf7\" value=\"13821\" \/>\n<input type=\"hidden\" name=\"_wpcf7_version\" value=\"5.7.7\" \/>\n<input type=\"hidden\" name=\"_wpcf7_locale\" value=\"lt_LT\" \/>\n<input type=\"hidden\" name=\"_wpcf7_unit_tag\" value=\"wpcf7-f13821-o2\" \/>\n<input type=\"hidden\" name=\"_wpcf7_container_post\" value=\"0\" \/>\n<input type=\"hidden\" name=\"_wpcf7_posted_data_hash\" value=\"\" \/>\n<input type=\"hidden\" name=\"_wpcf7_recaptcha_response\" value=\"\" \/>\n<\/div>\n<div class=\"qodef-newsletter-form-style\">\n\t<h2 class=\"qodef-e-title\"><span class=\"icon-basic-mail-open-text qodef-e-icon\"><\/span>B\u016bkite informuoti apie sezonines nuolaidas\n\t<\/h2>\n\t<p><span class=\"wpcf7-form-control-wrap\" data-name=\"your-email\"><input size=\"40\" class=\"wpcf7-form-control wpcf7-text wpcf7-email wpcf7-validates-as-required wpcf7-validates-as-email\" aria-required=\"true\" aria-invalid=\"false\" placeholder=\"J\u016bs\u0173 el. pa\u0161to adresas\" value=\"\" type=\"email\" name=\"your-email\" \/><\/span><button class=\"wpcf7-form-control wpcf7-submit qodef-button qodef-size--normal qodef-type--outlined qodef-m\" type=\"submit\"><span class=\"qodef-m-text\">Prenumeruoti<\/span><\/button>\n\t<\/p>\n<\/div><div class=\"wpcf7-response-output\" aria-hidden=\"true\"><\/div>\n<\/form>\n<\/div>\n\t\t\t<\/div>\n\t\t\t\t\t<\/div>\n\t\t\t\t<\/div>\n\t\t\t\t\t<\/div>\n\t\t<\/div>\n\t\t\t\t\t\t\t<\/div>\n\t\t<\/section>\n\t\t\t\t\t\t\t<\/div>\n\t\t","protected":false},"excerpt":{"rendered":"<p>Kontaktin\u0117 informacija Adresas: Slne\u010dn\u00e1 272, 05952 Star\u00e1 Lesn\u00e1, Slovakija el: info@penzionbado.sk Telefonas: +421 903 714 695 ICKO: 364 72 662 , DIC: 2020021784 Registruotis galima nuo 14:00 iki 20:00 val. Daugiau informacijos rasite da\u017enai u\u017eduodam\u0173 klausim\u0173 puslapyje arba paskambinkite mums. Kaip mus pasiekti? Automobiliu I\u0161 kelio II. 540 klas\u0117, Star\u00e1 Lesn\u00e1 pos\u016bkyje pasukite \u012f de\u0161in\u0119 [&hellip;]<\/p>\n","protected":false},"author":1,"featured_media":13493,"parent":0,"menu_order":0,"comment_status":"closed","ping_status":"closed","template":"page-full-width.php","meta":{"inline_featured_image":false},"yoast_head":"<!-- This site is optimized with the Yoast SEO plugin v20.13 - https:\/\/yoast.com\/wordpress\/plugins\/seo\/ -->\n<title>Susisiekite su | Penzi\u00f3n BA\u010eO ***<\/title>\n<meta name=\"description\" content=\"Pensionas Ba\u010fo***, Slne\u010dn\u00e1 272, 05952 Star\u00e1 Lesn\u00e1, Slovakija, el. pa\u0161tas: info@penzionbado.sk, Telefonas: +421 903 714 695\" \/>\n<meta name=\"robots\" content=\"index, follow, max-snippet:-1, max-image-preview:large, max-video-preview:-1\" \/>\n<link rel=\"canonical\" href=\"https:\/\/penzionbado.sk\/kontakt\/\" \/>\n<meta property=\"og:locale\" content=\"lt_LT\" \/>\n<meta property=\"og:type\" content=\"article\" \/>\n<meta property=\"og:title\" content=\"Susisiekite su | Penzi\u00f3n BA\u010eO ***\" \/>\n<meta property=\"og:description\" content=\"Pensionas Ba\u010fo***, Slne\u010dn\u00e1 272, 05952 Star\u00e1 Lesn\u00e1, Slovakija, el. pa\u0161tas: info@penzionbado.sk, Telefonas: +421 903 714 695\" \/>\n<meta property=\"og:url\" content=\"https:\/\/penzionbado.sk\/kontakt\/\" \/>\n<meta property=\"og:site_name\" content=\"Penzi\u00f3n BA\u010eO ***\" \/>\n<meta property=\"article:publisher\" content=\"https:\/\/www.facebook.com\/www.penzionbado.sk\" \/>\n<meta property=\"article:modified_time\" content=\"2025-03-19T07:30:49+00:00\" \/>\n<meta property=\"og:image\" content=\"https:\/\/penzionbado.sk\/wp-content\/uploads\/2023\/05\/penzion_bado-\u2013-stara_lesna.jpg\" \/>\n\t<meta property=\"og:image:width\" content=\"1024\" \/>\n\t<meta property=\"og:image:height\" content=\"684\" \/>\n\t<meta property=\"og:image:type\" content=\"image\/jpeg\" \/>\n<meta name=\"twitter:card\" content=\"summary_large_image\" \/>\n<meta name=\"twitter:label1\" content=\"Est. reading time\" \/>\n\t<meta name=\"twitter:data1\" content=\"2 minut\u0117s\" \/>\n<script type=\"application\/ld+json\" class=\"yoast-schema-graph\">{\"@context\":\"https:\/\/schema.org\",\"@graph\":[{\"@type\":\"WebPage\",\"@id\":\"https:\/\/penzionbado.sk\/kontakt\/\",\"url\":\"https:\/\/penzionbado.sk\/kontakt\/\",\"name\":\"Susisiekite su | Penzi\u00f3n BA\u010eO ***\",\"isPartOf\":{\"@id\":\"https:\/\/penzionbado.sk\/#website\"},\"datePublished\":\"2020-03-31T11:25:00+00:00\",\"dateModified\":\"2025-03-19T07:30:49+00:00\",\"description\":\"Pensionas Ba\u010fo***, Slne\u010dn\u00e1 272, 05952 Star\u00e1 Lesn\u00e1, Slovakija, el. pa\u0161tas: info@penzionbado.sk, Telefonas: +421 903 714 695\",\"breadcrumb\":{\"@id\":\"https:\/\/penzionbado.sk\/kontakt\/#breadcrumb\"},\"inLanguage\":\"lt-LT\",\"potentialAction\":[{\"@type\":\"ReadAction\",\"target\":[\"https:\/\/penzionbado.sk\/kontakt\/\"]}]},{\"@type\":\"BreadcrumbList\",\"@id\":\"https:\/\/penzionbado.sk\/kontakt\/#breadcrumb\",\"itemListElement\":[{\"@type\":\"ListItem\",\"position\":1,\"name\":\"Home\",\"item\":\"https:\/\/penzionbado.sk\/lt\/\"},{\"@type\":\"ListItem\",\"position\":2,\"name\":\"Susisiekite su\"}]},{\"@type\":\"WebSite\",\"@id\":\"https:\/\/penzionbado.sk\/#website\",\"url\":\"https:\/\/penzionbado.sk\/\",\"name\":\"Penzi\u00f3n BA\u010eO ***\",\"description\":\"Rodinn\u00fd penzi\u00f3n pod Lomnick\u00fdm \u0160t\u00edtom\",\"publisher\":{\"@id\":\"https:\/\/penzionbado.sk\/#organization\"},\"potentialAction\":[{\"@type\":\"SearchAction\",\"target\":{\"@type\":\"EntryPoint\",\"urlTemplate\":\"https:\/\/penzionbado.sk\/?s={search_term_string}\"},\"query-input\":\"required name=search_term_string\"}],\"inLanguage\":\"lt-LT\"},{\"@type\":\"Organization\",\"@id\":\"https:\/\/penzionbado.sk\/#organization\",\"name\":\"Penzi\u00f3n BA\u010eO ***\",\"url\":\"https:\/\/penzionbado.sk\/\",\"logo\":{\"@type\":\"ImageObject\",\"inLanguage\":\"lt-LT\",\"@id\":\"https:\/\/penzionbado.sk\/#\/schema\/logo\/image\/\",\"url\":\"https:\/\/penzionbado.sk\/wp-content\/uploads\/2023\/05\/BADO_logo_black_transparent.png\",\"contentUrl\":\"https:\/\/penzionbado.sk\/wp-content\/uploads\/2023\/05\/BADO_logo_black_transparent.png\",\"width\":470,\"height\":473,\"caption\":\"Penzi\u00f3n BA\u010eO ***\"},\"image\":{\"@id\":\"https:\/\/penzionbado.sk\/#\/schema\/logo\/image\/\"},\"sameAs\":[\"https:\/\/www.facebook.com\/www.penzionbado.sk\",\"https:\/\/www.instagram.com\/penzionvysoketatry\/\",\"https:\/\/www.youtube.com\/channel\/UCxZmlcE9qBcD9fdk4hfpo7g\"]}]}<\/script>\n<!-- \/ Yoast SEO plugin. -->","yoast_head_json":{"title":"Susisiekite su | Penzi\u00f3n BA\u010eO ***","description":"Pensionas Ba\u010fo***, Slne\u010dn\u00e1 272, 05952 Star\u00e1 Lesn\u00e1, Slovakija, el. pa\u0161tas: info@penzionbado.sk, Telefonas: +421 903 714 695","robots":{"index":"index","follow":"follow","max-snippet":"max-snippet:-1","max-image-preview":"max-image-preview:large","max-video-preview":"max-video-preview:-1"},"canonical":"https:\/\/penzionbado.sk\/kontakt\/","og_locale":"lt_LT","og_type":"article","og_title":"Susisiekite su | Penzi\u00f3n BA\u010eO ***","og_description":"Pensionas Ba\u010fo***, Slne\u010dn\u00e1 272, 05952 Star\u00e1 Lesn\u00e1, Slovakija, el. pa\u0161tas: info@penzionbado.sk, Telefonas: +421 903 714 695","og_url":"https:\/\/penzionbado.sk\/kontakt\/","og_site_name":"Penzi\u00f3n BA\u010eO ***","article_publisher":"https:\/\/www.facebook.com\/www.penzionbado.sk","article_modified_time":"2025-03-19T07:30:49+00:00","og_image":[{"width":1024,"height":684,"url":"https:\/\/penzionbado.sk\/wp-content\/uploads\/2023\/05\/penzion_bado-\u2013-stara_lesna.jpg","type":"image\/jpeg"}],"twitter_card":"summary_large_image","twitter_misc":{"Est. reading time":"2 minut\u0117s"},"schema":{"@context":"https:\/\/schema.org","@graph":[{"@type":"WebPage","@id":"https:\/\/penzionbado.sk\/kontakt\/","url":"https:\/\/penzionbado.sk\/kontakt\/","name":"Susisiekite su | Penzi\u00f3n BA\u010eO ***","isPartOf":{"@id":"https:\/\/penzionbado.sk\/#website"},"datePublished":"2020-03-31T11:25:00+00:00","dateModified":"2025-03-19T07:30:49+00:00","description":"Pensionas Ba\u010fo***, Slne\u010dn\u00e1 272, 05952 Star\u00e1 Lesn\u00e1, Slovakija, el. pa\u0161tas: info@penzionbado.sk, Telefonas: +421 903 714 695","breadcrumb":{"@id":"https:\/\/penzionbado.sk\/kontakt\/#breadcrumb"},"inLanguage":"lt-LT","potentialAction":[{"@type":"ReadAction","target":["https:\/\/penzionbado.sk\/kontakt\/"]}]},{"@type":"BreadcrumbList","@id":"https:\/\/penzionbado.sk\/kontakt\/#breadcrumb","itemListElement":[{"@type":"ListItem","position":1,"name":"Home","item":"https:\/\/penzionbado.sk\/lt\/"},{"@type":"ListItem","position":2,"name":"Susisiekite su"}]},{"@type":"WebSite","@id":"https:\/\/penzionbado.sk\/#website","url":"https:\/\/penzionbado.sk\/","name":"Penzi\u00f3n BA\u010eO ***","description":"Rodinn\u00fd penzi\u00f3n pod Lomnick\u00fdm \u0160t\u00edtom","publisher":{"@id":"https:\/\/penzionbado.sk\/#organization"},"potentialAction":[{"@type":"SearchAction","target":{"@type":"EntryPoint","urlTemplate":"https:\/\/penzionbado.sk\/?s={search_term_string}"},"query-input":"required name=search_term_string"}],"inLanguage":"lt-LT"},{"@type":"Organization","@id":"https:\/\/penzionbado.sk\/#organization","name":"Penzi\u00f3n BA\u010eO ***","url":"https:\/\/penzionbado.sk\/","logo":{"@type":"ImageObject","inLanguage":"lt-LT","@id":"https:\/\/penzionbado.sk\/#\/schema\/logo\/image\/","url":"https:\/\/penzionbado.sk\/wp-content\/uploads\/2023\/05\/BADO_logo_black_transparent.png","contentUrl":"https:\/\/penzionbado.sk\/wp-content\/uploads\/2023\/05\/BADO_logo_black_transparent.png","width":470,"height":473,"caption":"Penzi\u00f3n BA\u010eO ***"},"image":{"@id":"https:\/\/penzionbado.sk\/#\/schema\/logo\/image\/"},"sameAs":["https:\/\/www.facebook.com\/www.penzionbado.sk","https:\/\/www.instagram.com\/penzionvysoketatry\/","https:\/\/www.youtube.com\/channel\/UCxZmlcE9qBcD9fdk4hfpo7g"]}]}},"_links":{"self":[{"href":"https:\/\/penzionbado.sk\/lt\/wp-json\/wp\/v2\/pages\/13492"}],"collection":[{"href":"https:\/\/penzionbado.sk\/lt\/wp-json\/wp\/v2\/pages"}],"about":[{"href":"https:\/\/penzionbado.sk\/lt\/wp-json\/wp\/v2\/types\/page"}],"author":[{"embeddable":true,"href":"https:\/\/penzionbado.sk\/lt\/wp-json\/wp\/v2\/users\/1"}],"replies":[{"embeddable":true,"href":"https:\/\/penzionbado.sk\/lt\/wp-json\/wp\/v2\/comments?post=13492"}],"version-history":[{"count":6,"href":"https:\/\/penzionbado.sk\/lt\/wp-json\/wp\/v2\/pages\/13492\/revisions"}],"predecessor-version":[{"id":13905,"href":"https:\/\/penzionbado.sk\/lt\/wp-json\/wp\/v2\/pages\/13492\/revisions\/13905"}],"wp:featuredmedia":[{"embeddable":true,"href":"https:\/\/penzionbado.sk\/lt\/wp-json\/wp\/v2\/media\/13493"}],"wp:attachment":[{"href":"https:\/\/penzionbado.sk\/lt\/wp-json\/wp\/v2\/media?parent=13492"}],"curies":[{"name":"wp","href":"https:\/\/api.w.org\/{rel}","templated":true}]}}