{"id":13470,"date":"2023-06-21T15:08:30","date_gmt":"2023-06-21T13:08:30","guid":{"rendered":"https:\/\/penzionbado.sk\/slapuku-politika\/"},"modified":"2025-03-18T11:48:38","modified_gmt":"2025-03-18T10:48:38","slug":"slapuku-politika","status":"publish","type":"page","link":"https:\/\/penzionbado.sk\/lt\/slapuku-politika\/","title":{"rendered":"Slapuk\u0173 politika"},"content":{"rendered":"\t\t<div data-elementor-type=\"wp-page\" data-elementor-id=\"13470\" class=\"elementor elementor-13470 elementor-6626\" data-elementor-post-type=\"page\">\n\t\t\t\t\t\t\t\t\t<section class=\"elementor-section elementor-top-section elementor-element elementor-element-4d225ac elementor-section-full_width elementor-section-height-default elementor-section-height-default qodef-elementor-content-no\" data-id=\"4d225ac\" data-element_type=\"section\">\n\t\t\t\t\t\t<div class=\"elementor-container elementor-column-gap-no\">\n\t\t\t\t\t<div class=\"elementor-column elementor-col-100 elementor-top-column elementor-element elementor-element-c3b305a\" data-id=\"c3b305a\" data-element_type=\"column\">\n\t\t\t<div class=\"elementor-widget-wrap elementor-element-populated\">\n\t\t\t\t\t\t\t\t<div class=\"elementor-element elementor-element-da5e3dd elementor-widget elementor-widget-text-editor\" data-id=\"da5e3dd\" data-element_type=\"widget\" data-widget_type=\"text-editor.default\">\n\t\t\t\t<div class=\"elementor-widget-container\">\n\t\t\t\t\t\t\t<h2>Kas yra slapukai?<\/h2>\nSlapukai &#8211; tai ma\u017ei tekstiniai failai, kuriuos sukuria \u017einiatinklio serveris ir i\u0161saugo j\u016bs\u0173 kompiuteryje arba mobiliajame \u012frenginyje, kai nar\u0161ote \u017einiatinklyje. \u0160i\u0173 fail\u0173 d\u0117ka \u017einiatinklio serveris tam tikr\u0105 laik\u0105 \u012fsimena j\u016bs\u0173 judesius ir parinktis svetain\u0117je (pvz., kalb\u0105, \u0161rifto dyd\u012f ir pan.) ir jums nereikia j\u0173 \u012fvesti i\u0161 naujo, kai kit\u0105 kart\u0105 lankot\u0117s svetain\u0117je. Slapukai naudojami daugumoje interneto svetaini\u0173 ir elektronini\u0173 parduotuvi\u0173.  \n<h2>Slapuk\u0173 paskirstymas<\/h2>\nPagal patvarum\u0105 sausainius galima skirstyti \u012f:\n<ul>\n \t<li>trumpalaikiai (sesijos slapukai) &#8211; jie i\u0161trinami i\u0161 j\u016bs\u0173 kompiuterio, kai u\u017edarote nar\u0161ykl\u0119.<\/li>\n \t<li>Ilgalaikiai (nuolatiniai slapukai) &#8211; jie lieka saugomi j\u016bs\u0173 kompiuteryje po to, kai u\u017edarote nar\u0161ykl\u0119, ir i\u0161trinami po labai ilgo laiko (priklausomai nuo j\u016bs\u0173 nar\u0161ykl\u0117s nustatym\u0173). Juos taip pat galite i\u0161trinti rankiniu b\u016bdu.  <\/li>\n<\/ul>\nPagal paskirt\u012f juos galime skirstyti \u012f:\n<ul>\n \t<li>Techninis &#8211; naudojamas pagrindin\u0117ms svetain\u0117s ar puslapio funkcijoms (vaizdo \u012fra\u0161\u0173 atk\u016brimas, dalijimasis turiniu, prisijungimas).<\/li>\n \t<li>Analitiniai &#8211; naudojami neanoniminiams duomenims apie j\u016bs\u0173 elges\u012f rinkti. Remdamiesi \u0161iais duomenimis, galime keisti svetain\u0119, kad ji b\u016bt\u0173 patogesn\u0117 vartotojui. <\/li>\n \t<li>Pakartotin\u0117 rinkodara &#8211; naudojama siekiant nukreipti skelbimus \u012f naudotoj\u0105<\/li>\n<\/ul>\n<h2>Kaip naudojame slapukus ?<\/h2>\n\u0160ioje svetain\u0117je slapukai naudojami:\n<ul>\n \t<li>B\u016btinam svetain\u0117s funkcionalumui u\u017etikrinti<\/li>\n \t<li>Naudotojo nustatym\u0173 \u012fsiminimas<\/li>\n \t<li>Anonimin\u0117s statistin\u0117s informacijos apie lankytojus rinkimas<\/li>\n \t<li>Geresnis skelbim\u0173 pritaikymas ir bendrinimas socialiniuose tinkluose<\/li>\n<\/ul>\n<h2>Kokius slapukus naudojame ?<\/h2>\n<h3>&#8220;Google Analytics<\/h3>\n&#8220;Google Analytics&#8221; teikia &#8220;Google, Inc. Ji naudojama anoniminiams statistiniams duomenims apie naudotoj\u0173 naudojim\u0105si svetaine gauti ir rinkti. \u0160ios paslaugos naudojimo tikslas &#8211; geriau suprasti lankytoj\u0173 poreikius ir \u012fsitikinti, kad jie yra patenkinti. &#8220;Google Analytics&#8221; saugo informacij\u0105 apie tai, kokiuose puslapiuose lankot\u0117s, kiek laiko juose b\u016bnate, i\u0161 kur at\u0117jote \u012f svetain\u0119 ir kokias nuorodas spustel\u0117jote. Visa informacija kartu su slapukais perduodama ir saugoma &#8220;Google, Inc.&#8221; serveriuose Jungtin\u0117se Amerikos Valstijose. \u0160iuose duomenyse n\u0117ra jokios konfidencialios informacijos, pagal kuri\u0105 gal\u0117tume identifikuoti konkret\u0173 lankytoj\u0105. Nustatytas neribotas \u0161ios informacijos saugojimo laikotarpis. Google, Inc. gali atskleisti \u0161iuos duomenis tre\u010diosioms \u0161alims, jei to reikalauja \u012fstatymai.       \n\nDaugiau informacijos apie privatum\u0105 rasite \u010dia: <a href=\"https:\/\/support.google.com\/analytics\/topic\/2919631?hl=sk&amp;ref_topic=1008008\">https:\/\/support.google.com\/analytics\/topic\/2919631?hl=sk&amp;ref_topic=1008008<\/a>.\n\nNor\u0117dami \u012fdiegti programin\u0117s \u012frangos pried\u0105, kad atmestum\u0117te &#8220;Google Analytics&#8221; slapukus, spustel\u0117kite \u010dia: <a href=\"https:\/\/tools.google.com\/dlpage\/gaoptout\">https:\/\/tools.google.com\/dlpage\/gaoptou.<\/a>\n<h3>&#8220;Facebook&#8221;<\/h3>\n&#8220;Facebook, Inc.&#8221; naudoja slapukus, kad b\u016bt\u0173 rodomi &#8220;patinka&#8221; ir bendrinimo mygtukai, kad svetain\u0117s lankytojai gal\u0117t\u0173 grei\u010diau ir patogiau bendrinti j\u016bs\u0173 svetain\u0117je rodom\u0105 informacij\u0105. (pvz., straipsnius, produktus, portfel\u012f ir pan.) Daugiau informacijos apie &#8220;Facebook, Inc.&#8221; naudojamus slapukus rasite \u010dia: <a href=\"https:\/\/sk-sk.facebook.com\/policies\/cookies\/\">https:\/\/sk-sk.facebook.com\/policies\/cookies\/.<\/a>  \n<h2>Nar\u0161ykl\u0117s nustatymai<\/h2>\nDaugum\u0105 interneto nar\u0161ykli\u0173 galima nustatyti taip, kad jos blokuot\u0173 slapukus. Nepaisant to, kad kai kurie svetain\u0117s elementai gali tinkamai neveikti. Slapuk\u0173 nustatymus paprastai rasite skirtuke &#8220;Parinktys&#8221; arba &#8220;Nustatymai&#8221;.  \n\nkonkre\u010dios nar\u0161ykl\u0117s slapuk\u0173 nustatymai:\n<ul>\n \t<li>Internet Explorer &#8211; <a href=\"https:\/\/support.microsoft.com\/sk-sk\/help\/17442\/windows-internet-explorer-delete-manage-cookies\">https:\/\/support.microsoft.com\/sk-sk\/help\/17442\/windows-internet-explorer-delete-manage-cookies<\/a><\/li>\n \t<li>Mozilla Firefox &#8211; <a href=\"https:\/\/support.mozilla.org\/sk\/kb\/Spr%C3%A1va%20cookies\">https:\/\/support.mozilla.org\/sk\/kb\/Spr%C3%A1va%20cookies<\/a><\/li>\n \t<li>&#8220;Google Chrome&#8221; &#8211; <a href=\"https:\/\/support.google.com\/chrome\/answer\/95647?hl=sk\">https:\/\/support.google.com\/chrome\/answer\/95647?hl=sk<\/a><\/li>\n \t<li>Safari &#8211; <a href=\"https:\/\/support.apple.com\/kb\/ph21411?locale=sk_SK\">https:\/\/support.apple.com\/kb\/ph21411?locale=sk_SK<\/a><\/li>\n<\/ul>\nDaugiau informacijos apie slapukus ir j\u0173 naudojim\u0105 rasite svetain\u0117je <a href=\"https:\/\/www.aboutcookies.org\/\">https:\/\/aboutcookies.org\/<\/a>.\n<p>Tvarkykite savo sutikim\u0105 d\u0117l slapuk\u0173 <a class=\"cmplz-show-banner\">spustel\u0117dami \u010dia.<\/a><\/p>\t\t\t\t\t\t<\/div>\n\t\t\t\t<\/div>\n\t\t\t\t\t<\/div>\n\t\t<\/div>\n\t\t\t\t\t\t\t<\/div>\n\t\t<\/section>\n\t\t\t\t\t\t\t<\/div>\n\t\t","protected":false},"excerpt":{"rendered":"<p>Kas yra slapukai? Slapukai &#8211; tai ma\u017ei tekstiniai failai, kuriuos sukuria \u017einiatinklio serveris ir i\u0161saugo j\u016bs\u0173 kompiuteryje arba mobiliajame \u012frenginyje, kai nar\u0161ote \u017einiatinklyje. \u0160i\u0173 fail\u0173 d\u0117ka \u017einiatinklio serveris tam tikr\u0105 laik\u0105 \u012fsimena j\u016bs\u0173 judesius ir parinktis svetain\u0117je (pvz., kalb\u0105, \u0161rifto dyd\u012f ir pan.) ir jums nereikia j\u0173 \u012fvesti i\u0161 naujo, kai kit\u0105 kart\u0105 lankot\u0117s svetain\u0117je. [&hellip;]<\/p>\n","protected":false},"author":1,"featured_media":0,"parent":0,"menu_order":0,"comment_status":"closed","ping_status":"closed","template":"","meta":{"inline_featured_image":false},"yoast_head":"<!-- This site is optimized with the Yoast SEO plugin v20.13 - https:\/\/yoast.com\/wordpress\/plugins\/seo\/ -->\n<title>Slapuk\u0173 politika | Penzi\u00f3n BA\u010eO ***<\/title>\n<meta name=\"robots\" content=\"index, follow, max-snippet:-1, max-image-preview:large, max-video-preview:-1\" \/>\n<link rel=\"canonical\" href=\"https:\/\/penzionbado.sk\/lt\/slapuku-politika\/\" \/>\n<meta property=\"og:locale\" content=\"lt_LT\" \/>\n<meta property=\"og:type\" content=\"article\" \/>\n<meta property=\"og:title\" content=\"Slapuk\u0173 politika | Penzi\u00f3n BA\u010eO ***\" \/>\n<meta property=\"og:description\" content=\"Kas yra slapukai? Slapukai &#8211; tai ma\u017ei tekstiniai failai, kuriuos sukuria \u017einiatinklio serveris ir i\u0161saugo j\u016bs\u0173 kompiuteryje arba mobiliajame \u012frenginyje, kai nar\u0161ote \u017einiatinklyje. \u0160i\u0173 fail\u0173 d\u0117ka \u017einiatinklio serveris tam tikr\u0105 laik\u0105 \u012fsimena j\u016bs\u0173 judesius ir parinktis svetain\u0117je (pvz., kalb\u0105, \u0161rifto dyd\u012f ir pan.) ir jums nereikia j\u0173 \u012fvesti i\u0161 naujo, kai kit\u0105 kart\u0105 lankot\u0117s svetain\u0117je. [&hellip;]\" \/>\n<meta property=\"og:url\" content=\"https:\/\/penzionbado.sk\/lt\/slapuku-politika\/\" \/>\n<meta property=\"og:site_name\" content=\"Penzi\u00f3n BA\u010eO ***\" \/>\n<meta property=\"article:publisher\" content=\"https:\/\/www.facebook.com\/www.penzionbado.sk\" \/>\n<meta property=\"article:modified_time\" content=\"2025-03-18T10:48:38+00:00\" \/>\n<meta name=\"twitter:card\" content=\"summary_large_image\" \/>\n<meta name=\"twitter:label1\" content=\"Est. reading time\" \/>\n\t<meta name=\"twitter:data1\" content=\"3 minut\u0117s\" \/>\n<script type=\"application\/ld+json\" class=\"yoast-schema-graph\">{\"@context\":\"https:\/\/schema.org\",\"@graph\":[{\"@type\":\"WebPage\",\"@id\":\"https:\/\/penzionbado.sk\/lt\/slapuku-politika\/\",\"url\":\"https:\/\/penzionbado.sk\/lt\/slapuku-politika\/\",\"name\":\"Slapuk\u0173 politika | Penzi\u00f3n BA\u010eO ***\",\"isPartOf\":{\"@id\":\"https:\/\/penzionbado.sk\/#website\"},\"datePublished\":\"2023-06-21T13:08:30+00:00\",\"dateModified\":\"2025-03-18T10:48:38+00:00\",\"breadcrumb\":{\"@id\":\"https:\/\/penzionbado.sk\/lt\/slapuku-politika\/#breadcrumb\"},\"inLanguage\":\"lt-LT\",\"potentialAction\":[{\"@type\":\"ReadAction\",\"target\":[\"https:\/\/penzionbado.sk\/lt\/slapuku-politika\/\"]}]},{\"@type\":\"BreadcrumbList\",\"@id\":\"https:\/\/penzionbado.sk\/lt\/slapuku-politika\/#breadcrumb\",\"itemListElement\":[{\"@type\":\"ListItem\",\"position\":1,\"name\":\"Home\",\"item\":\"https:\/\/penzionbado.sk\/lt\/\"},{\"@type\":\"ListItem\",\"position\":2,\"name\":\"Slapuk\u0173 politika\"}]},{\"@type\":\"WebSite\",\"@id\":\"https:\/\/penzionbado.sk\/#website\",\"url\":\"https:\/\/penzionbado.sk\/\",\"name\":\"Penzi\u00f3n BA\u010eO ***\",\"description\":\"Rodinn\u00fd penzi\u00f3n pod Lomnick\u00fdm \u0160t\u00edtom\",\"publisher\":{\"@id\":\"https:\/\/penzionbado.sk\/#organization\"},\"potentialAction\":[{\"@type\":\"SearchAction\",\"target\":{\"@type\":\"EntryPoint\",\"urlTemplate\":\"https:\/\/penzionbado.sk\/?s={search_term_string}\"},\"query-input\":\"required name=search_term_string\"}],\"inLanguage\":\"lt-LT\"},{\"@type\":\"Organization\",\"@id\":\"https:\/\/penzionbado.sk\/#organization\",\"name\":\"Penzi\u00f3n BA\u010eO ***\",\"url\":\"https:\/\/penzionbado.sk\/\",\"logo\":{\"@type\":\"ImageObject\",\"inLanguage\":\"lt-LT\",\"@id\":\"https:\/\/penzionbado.sk\/#\/schema\/logo\/image\/\",\"url\":\"https:\/\/penzionbado.sk\/wp-content\/uploads\/2023\/05\/BADO_logo_black_transparent.png\",\"contentUrl\":\"https:\/\/penzionbado.sk\/wp-content\/uploads\/2023\/05\/BADO_logo_black_transparent.png\",\"width\":470,\"height\":473,\"caption\":\"Penzi\u00f3n BA\u010eO ***\"},\"image\":{\"@id\":\"https:\/\/penzionbado.sk\/#\/schema\/logo\/image\/\"},\"sameAs\":[\"https:\/\/www.facebook.com\/www.penzionbado.sk\",\"https:\/\/www.instagram.com\/penzionvysoketatry\/\",\"https:\/\/www.youtube.com\/channel\/UCxZmlcE9qBcD9fdk4hfpo7g\"]}]}<\/script>\n<!-- \/ Yoast SEO plugin. -->","yoast_head_json":{"title":"Slapuk\u0173 politika | Penzi\u00f3n BA\u010eO ***","robots":{"index":"index","follow":"follow","max-snippet":"max-snippet:-1","max-image-preview":"max-image-preview:large","max-video-preview":"max-video-preview:-1"},"canonical":"https:\/\/penzionbado.sk\/lt\/slapuku-politika\/","og_locale":"lt_LT","og_type":"article","og_title":"Slapuk\u0173 politika | Penzi\u00f3n BA\u010eO ***","og_description":"Kas yra slapukai? Slapukai &#8211; tai ma\u017ei tekstiniai failai, kuriuos sukuria \u017einiatinklio serveris ir i\u0161saugo j\u016bs\u0173 kompiuteryje arba mobiliajame \u012frenginyje, kai nar\u0161ote \u017einiatinklyje. \u0160i\u0173 fail\u0173 d\u0117ka \u017einiatinklio serveris tam tikr\u0105 laik\u0105 \u012fsimena j\u016bs\u0173 judesius ir parinktis svetain\u0117je (pvz., kalb\u0105, \u0161rifto dyd\u012f ir pan.) ir jums nereikia j\u0173 \u012fvesti i\u0161 naujo, kai kit\u0105 kart\u0105 lankot\u0117s svetain\u0117je. [&hellip;]","og_url":"https:\/\/penzionbado.sk\/lt\/slapuku-politika\/","og_site_name":"Penzi\u00f3n BA\u010eO ***","article_publisher":"https:\/\/www.facebook.com\/www.penzionbado.sk","article_modified_time":"2025-03-18T10:48:38+00:00","twitter_card":"summary_large_image","twitter_misc":{"Est. reading time":"3 minut\u0117s"},"schema":{"@context":"https:\/\/schema.org","@graph":[{"@type":"WebPage","@id":"https:\/\/penzionbado.sk\/lt\/slapuku-politika\/","url":"https:\/\/penzionbado.sk\/lt\/slapuku-politika\/","name":"Slapuk\u0173 politika | Penzi\u00f3n BA\u010eO ***","isPartOf":{"@id":"https:\/\/penzionbado.sk\/#website"},"datePublished":"2023-06-21T13:08:30+00:00","dateModified":"2025-03-18T10:48:38+00:00","breadcrumb":{"@id":"https:\/\/penzionbado.sk\/lt\/slapuku-politika\/#breadcrumb"},"inLanguage":"lt-LT","potentialAction":[{"@type":"ReadAction","target":["https:\/\/penzionbado.sk\/lt\/slapuku-politika\/"]}]},{"@type":"BreadcrumbList","@id":"https:\/\/penzionbado.sk\/lt\/slapuku-politika\/#breadcrumb","itemListElement":[{"@type":"ListItem","position":1,"name":"Home","item":"https:\/\/penzionbado.sk\/lt\/"},{"@type":"ListItem","position":2,"name":"Slapuk\u0173 politika"}]},{"@type":"WebSite","@id":"https:\/\/penzionbado.sk\/#website","url":"https:\/\/penzionbado.sk\/","name":"Penzi\u00f3n BA\u010eO ***","description":"Rodinn\u00fd penzi\u00f3n pod Lomnick\u00fdm \u0160t\u00edtom","publisher":{"@id":"https:\/\/penzionbado.sk\/#organization"},"potentialAction":[{"@type":"SearchAction","target":{"@type":"EntryPoint","urlTemplate":"https:\/\/penzionbado.sk\/?s={search_term_string}"},"query-input":"required name=search_term_string"}],"inLanguage":"lt-LT"},{"@type":"Organization","@id":"https:\/\/penzionbado.sk\/#organization","name":"Penzi\u00f3n BA\u010eO ***","url":"https:\/\/penzionbado.sk\/","logo":{"@type":"ImageObject","inLanguage":"lt-LT","@id":"https:\/\/penzionbado.sk\/#\/schema\/logo\/image\/","url":"https:\/\/penzionbado.sk\/wp-content\/uploads\/2023\/05\/BADO_logo_black_transparent.png","contentUrl":"https:\/\/penzionbado.sk\/wp-content\/uploads\/2023\/05\/BADO_logo_black_transparent.png","width":470,"height":473,"caption":"Penzi\u00f3n BA\u010eO ***"},"image":{"@id":"https:\/\/penzionbado.sk\/#\/schema\/logo\/image\/"},"sameAs":["https:\/\/www.facebook.com\/www.penzionbado.sk","https:\/\/www.instagram.com\/penzionvysoketatry\/","https:\/\/www.youtube.com\/channel\/UCxZmlcE9qBcD9fdk4hfpo7g"]}]}},"_links":{"self":[{"href":"https:\/\/penzionbado.sk\/lt\/wp-json\/wp\/v2\/pages\/13470"}],"collection":[{"href":"https:\/\/penzionbado.sk\/lt\/wp-json\/wp\/v2\/pages"}],"about":[{"href":"https:\/\/penzionbado.sk\/lt\/wp-json\/wp\/v2\/types\/page"}],"author":[{"embeddable":true,"href":"https:\/\/penzionbado.sk\/lt\/wp-json\/wp\/v2\/users\/1"}],"replies":[{"embeddable":true,"href":"https:\/\/penzionbado.sk\/lt\/wp-json\/wp\/v2\/comments?post=13470"}],"version-history":[{"count":1,"href":"https:\/\/penzionbado.sk\/lt\/wp-json\/wp\/v2\/pages\/13470\/revisions"}],"predecessor-version":[{"id":13472,"href":"https:\/\/penzionbado.sk\/lt\/wp-json\/wp\/v2\/pages\/13470\/revisions\/13472"}],"wp:attachment":[{"href":"https:\/\/penzionbado.sk\/lt\/wp-json\/wp\/v2\/media?parent=13470"}],"curies":[{"name":"wp","href":"https:\/\/api.w.org\/{rel}","templated":true}]}}