{"id":13458,"date":"2024-04-26T13:12:29","date_gmt":"2024-04-26T11:12:29","guid":{"rendered":"https:\/\/penzionbado.sk\/ieskome-komandos\/"},"modified":"2025-03-18T11:47:56","modified_gmt":"2025-03-18T10:47:56","slug":"ieskome-komandos","status":"publish","type":"page","link":"https:\/\/penzionbado.sk\/lt\/ieskome-komandos\/","title":{"rendered":"Ie\u0161kome komandos"},"content":{"rendered":"\t\t<div data-elementor-type=\"wp-page\" data-elementor-id=\"13458\" class=\"elementor elementor-13458 elementor-7957\" data-elementor-post-type=\"page\">\n\t\t\t\t\t\t\t<div class=\"elementor-element elementor-element-7444776 e-flex e-con-boxed e-con e-parent\" data-id=\"7444776\" data-element_type=\"container\" data-settings=\"{&quot;content_width&quot;:&quot;boxed&quot;}\" data-core-v316-plus=\"true\">\n\t\t\t\t\t<div class=\"e-con-inner\">\n\t\t\t\t<div class=\"elementor-element elementor-element-13b48a3 elementor-widget elementor-widget-text-editor\" data-id=\"13b48a3\" data-element_type=\"widget\" data-widget_type=\"text-editor.default\">\n\t\t\t\t<div class=\"elementor-widget-container\">\n\t\t\t\t\t\t\t<h2>Padav\u0117ja \/ barmen\u0117<\/h2>\n<p>Ie\u0161kome laikino darbuotojo, geriausiai studento i\u0161 aplinkini\u0173 vietovi\u0173, padav\u0117jo \/ barmeno pareigoms m\u016bs\u0173 kavin\u0117je RICKY, esan\u010dioje Ba\u010fo** sve\u010di\u0173 nam\u0173 rajone Stara Lesna.<\/p>\n<p><strong>Reikalavimai parei\u0161k\u0117jui:<\/strong><\/p>\n<ul>\n<li>Darbo kavin\u0117je patirtis.<\/li>\n<li>Teigiamas po\u017ei\u016bris.<\/li>\n<li>Didel\u0117 atsakomyb\u0117 ir lankstumas.<\/li>\n<li>Minimalus am\u017eius &#8211; 16 met\u0173.<\/li>\n<li><span style=\"text-decoration: underline;\">Atvykimo data: 2024 m. bir\u017eelio 15 d. arba liepos 1 d.  <\/span><\/li>\n<\/ul>\n<p><strong>Susisiekite su:<\/strong><\/p>\n<ul>\n<li>El. pa\u0161tas: <a href=\"mailto:richard@bado.sk\">richard@bado.sk<\/a><\/li>\n<li>Telefono numeris: <a href=\"tel.:0903%20366%20836\">0903 366 836<\/a><\/li>\n<\/ul>\n<p><em><br \/>D\u0117l vis\u0173 kit\u0173 s\u0105lyg\u0173 susitariama asmeni\u0161kai.<\/em><\/p>\n\t\t\t\t\t\t<\/div>\n\t\t\t\t<\/div>\n\t\t\t\t\t<\/div>\n\t\t\t\t<\/div>\n\t\t\t\t\t\t\t<\/div>\n\t\t","protected":false},"excerpt":{"rendered":"<p>Padav\u0117ja \/ barmen\u0117 Ie\u0161kome laikino darbuotojo, geriausiai studento i\u0161 aplinkini\u0173 vietovi\u0173, padav\u0117jo \/ barmeno pareigoms m\u016bs\u0173 kavin\u0117je RICKY, esan\u010dioje Ba\u010fo** sve\u010di\u0173 nam\u0173 rajone Stara Lesna. Reikalavimai parei\u0161k\u0117jui: Darbo kavin\u0117je patirtis. Teigiamas po\u017ei\u016bris. Didel\u0117 atsakomyb\u0117 ir lankstumas. Minimalus am\u017eius &#8211; 16 met\u0173. Atvykimo data: 2024 m. bir\u017eelio 15 d. arba liepos 1 d. Susisiekite su: El. [&hellip;]<\/p>\n","protected":false},"author":2,"featured_media":0,"parent":0,"menu_order":0,"comment_status":"closed","ping_status":"closed","template":"","meta":{"inline_featured_image":false},"yoast_head":"<!-- This site is optimized with the Yoast SEO plugin v20.13 - https:\/\/yoast.com\/wordpress\/plugins\/seo\/ -->\n<title>Ie\u0161kome komandos | Penzi\u00f3n BA\u010eO ***<\/title>\n<meta name=\"robots\" content=\"index, follow, max-snippet:-1, max-image-preview:large, max-video-preview:-1\" \/>\n<link rel=\"canonical\" href=\"https:\/\/penzionbado.sk\/lt\/ieskome-komandos\/\" \/>\n<meta property=\"og:locale\" content=\"lt_LT\" \/>\n<meta property=\"og:type\" content=\"article\" \/>\n<meta property=\"og:title\" content=\"Ie\u0161kome komandos | Penzi\u00f3n BA\u010eO ***\" \/>\n<meta property=\"og:description\" content=\"Padav\u0117ja \/ barmen\u0117 Ie\u0161kome laikino darbuotojo, geriausiai studento i\u0161 aplinkini\u0173 vietovi\u0173, padav\u0117jo \/ barmeno pareigoms m\u016bs\u0173 kavin\u0117je RICKY, esan\u010dioje Ba\u010fo** sve\u010di\u0173 nam\u0173 rajone Stara Lesna. Reikalavimai parei\u0161k\u0117jui: Darbo kavin\u0117je patirtis. Teigiamas po\u017ei\u016bris. Didel\u0117 atsakomyb\u0117 ir lankstumas. Minimalus am\u017eius &#8211; 16 met\u0173. Atvykimo data: 2024 m. bir\u017eelio 15 d. arba liepos 1 d. Susisiekite su: El. [&hellip;]\" \/>\n<meta property=\"og:url\" content=\"https:\/\/penzionbado.sk\/lt\/ieskome-komandos\/\" \/>\n<meta property=\"og:site_name\" content=\"Penzi\u00f3n BA\u010eO ***\" \/>\n<meta property=\"article:publisher\" content=\"https:\/\/www.facebook.com\/www.penzionbado.sk\" \/>\n<meta property=\"article:modified_time\" content=\"2025-03-18T10:47:56+00:00\" \/>\n<meta name=\"twitter:card\" content=\"summary_large_image\" \/>\n<script type=\"application\/ld+json\" class=\"yoast-schema-graph\">{\"@context\":\"https:\/\/schema.org\",\"@graph\":[{\"@type\":\"WebPage\",\"@id\":\"https:\/\/penzionbado.sk\/lt\/ieskome-komandos\/\",\"url\":\"https:\/\/penzionbado.sk\/lt\/ieskome-komandos\/\",\"name\":\"Ie\u0161kome komandos | Penzi\u00f3n BA\u010eO ***\",\"isPartOf\":{\"@id\":\"https:\/\/penzionbado.sk\/#website\"},\"datePublished\":\"2024-04-26T11:12:29+00:00\",\"dateModified\":\"2025-03-18T10:47:56+00:00\",\"breadcrumb\":{\"@id\":\"https:\/\/penzionbado.sk\/lt\/ieskome-komandos\/#breadcrumb\"},\"inLanguage\":\"lt-LT\",\"potentialAction\":[{\"@type\":\"ReadAction\",\"target\":[\"https:\/\/penzionbado.sk\/lt\/ieskome-komandos\/\"]}]},{\"@type\":\"BreadcrumbList\",\"@id\":\"https:\/\/penzionbado.sk\/lt\/ieskome-komandos\/#breadcrumb\",\"itemListElement\":[{\"@type\":\"ListItem\",\"position\":1,\"name\":\"Home\",\"item\":\"https:\/\/penzionbado.sk\/lt\/\"},{\"@type\":\"ListItem\",\"position\":2,\"name\":\"Ie\u0161kome komandos\"}]},{\"@type\":\"WebSite\",\"@id\":\"https:\/\/penzionbado.sk\/#website\",\"url\":\"https:\/\/penzionbado.sk\/\",\"name\":\"Penzi\u00f3n BA\u010eO ***\",\"description\":\"Rodinn\u00fd penzi\u00f3n pod Lomnick\u00fdm \u0160t\u00edtom\",\"publisher\":{\"@id\":\"https:\/\/penzionbado.sk\/#organization\"},\"potentialAction\":[{\"@type\":\"SearchAction\",\"target\":{\"@type\":\"EntryPoint\",\"urlTemplate\":\"https:\/\/penzionbado.sk\/?s={search_term_string}\"},\"query-input\":\"required name=search_term_string\"}],\"inLanguage\":\"lt-LT\"},{\"@type\":\"Organization\",\"@id\":\"https:\/\/penzionbado.sk\/#organization\",\"name\":\"Penzi\u00f3n BA\u010eO ***\",\"url\":\"https:\/\/penzionbado.sk\/\",\"logo\":{\"@type\":\"ImageObject\",\"inLanguage\":\"lt-LT\",\"@id\":\"https:\/\/penzionbado.sk\/#\/schema\/logo\/image\/\",\"url\":\"https:\/\/penzionbado.sk\/wp-content\/uploads\/2023\/05\/BADO_logo_black_transparent.png\",\"contentUrl\":\"https:\/\/penzionbado.sk\/wp-content\/uploads\/2023\/05\/BADO_logo_black_transparent.png\",\"width\":470,\"height\":473,\"caption\":\"Penzi\u00f3n BA\u010eO ***\"},\"image\":{\"@id\":\"https:\/\/penzionbado.sk\/#\/schema\/logo\/image\/\"},\"sameAs\":[\"https:\/\/www.facebook.com\/www.penzionbado.sk\",\"https:\/\/www.instagram.com\/penzionvysoketatry\/\",\"https:\/\/www.youtube.com\/channel\/UCxZmlcE9qBcD9fdk4hfpo7g\"]}]}<\/script>\n<!-- \/ Yoast SEO plugin. -->","yoast_head_json":{"title":"Ie\u0161kome komandos | Penzi\u00f3n BA\u010eO ***","robots":{"index":"index","follow":"follow","max-snippet":"max-snippet:-1","max-image-preview":"max-image-preview:large","max-video-preview":"max-video-preview:-1"},"canonical":"https:\/\/penzionbado.sk\/lt\/ieskome-komandos\/","og_locale":"lt_LT","og_type":"article","og_title":"Ie\u0161kome komandos | Penzi\u00f3n BA\u010eO ***","og_description":"Padav\u0117ja \/ barmen\u0117 Ie\u0161kome laikino darbuotojo, geriausiai studento i\u0161 aplinkini\u0173 vietovi\u0173, padav\u0117jo \/ barmeno pareigoms m\u016bs\u0173 kavin\u0117je RICKY, esan\u010dioje Ba\u010fo** sve\u010di\u0173 nam\u0173 rajone Stara Lesna. Reikalavimai parei\u0161k\u0117jui: Darbo kavin\u0117je patirtis. Teigiamas po\u017ei\u016bris. Didel\u0117 atsakomyb\u0117 ir lankstumas. Minimalus am\u017eius &#8211; 16 met\u0173. Atvykimo data: 2024 m. bir\u017eelio 15 d. arba liepos 1 d. Susisiekite su: El. [&hellip;]","og_url":"https:\/\/penzionbado.sk\/lt\/ieskome-komandos\/","og_site_name":"Penzi\u00f3n BA\u010eO ***","article_publisher":"https:\/\/www.facebook.com\/www.penzionbado.sk","article_modified_time":"2025-03-18T10:47:56+00:00","twitter_card":"summary_large_image","schema":{"@context":"https:\/\/schema.org","@graph":[{"@type":"WebPage","@id":"https:\/\/penzionbado.sk\/lt\/ieskome-komandos\/","url":"https:\/\/penzionbado.sk\/lt\/ieskome-komandos\/","name":"Ie\u0161kome komandos | Penzi\u00f3n BA\u010eO ***","isPartOf":{"@id":"https:\/\/penzionbado.sk\/#website"},"datePublished":"2024-04-26T11:12:29+00:00","dateModified":"2025-03-18T10:47:56+00:00","breadcrumb":{"@id":"https:\/\/penzionbado.sk\/lt\/ieskome-komandos\/#breadcrumb"},"inLanguage":"lt-LT","potentialAction":[{"@type":"ReadAction","target":["https:\/\/penzionbado.sk\/lt\/ieskome-komandos\/"]}]},{"@type":"BreadcrumbList","@id":"https:\/\/penzionbado.sk\/lt\/ieskome-komandos\/#breadcrumb","itemListElement":[{"@type":"ListItem","position":1,"name":"Home","item":"https:\/\/penzionbado.sk\/lt\/"},{"@type":"ListItem","position":2,"name":"Ie\u0161kome komandos"}]},{"@type":"WebSite","@id":"https:\/\/penzionbado.sk\/#website","url":"https:\/\/penzionbado.sk\/","name":"Penzi\u00f3n BA\u010eO ***","description":"Rodinn\u00fd penzi\u00f3n pod Lomnick\u00fdm \u0160t\u00edtom","publisher":{"@id":"https:\/\/penzionbado.sk\/#organization"},"potentialAction":[{"@type":"SearchAction","target":{"@type":"EntryPoint","urlTemplate":"https:\/\/penzionbado.sk\/?s={search_term_string}"},"query-input":"required name=search_term_string"}],"inLanguage":"lt-LT"},{"@type":"Organization","@id":"https:\/\/penzionbado.sk\/#organization","name":"Penzi\u00f3n BA\u010eO ***","url":"https:\/\/penzionbado.sk\/","logo":{"@type":"ImageObject","inLanguage":"lt-LT","@id":"https:\/\/penzionbado.sk\/#\/schema\/logo\/image\/","url":"https:\/\/penzionbado.sk\/wp-content\/uploads\/2023\/05\/BADO_logo_black_transparent.png","contentUrl":"https:\/\/penzionbado.sk\/wp-content\/uploads\/2023\/05\/BADO_logo_black_transparent.png","width":470,"height":473,"caption":"Penzi\u00f3n BA\u010eO ***"},"image":{"@id":"https:\/\/penzionbado.sk\/#\/schema\/logo\/image\/"},"sameAs":["https:\/\/www.facebook.com\/www.penzionbado.sk","https:\/\/www.instagram.com\/penzionvysoketatry\/","https:\/\/www.youtube.com\/channel\/UCxZmlcE9qBcD9fdk4hfpo7g"]}]}},"_links":{"self":[{"href":"https:\/\/penzionbado.sk\/lt\/wp-json\/wp\/v2\/pages\/13458"}],"collection":[{"href":"https:\/\/penzionbado.sk\/lt\/wp-json\/wp\/v2\/pages"}],"about":[{"href":"https:\/\/penzionbado.sk\/lt\/wp-json\/wp\/v2\/types\/page"}],"author":[{"embeddable":true,"href":"https:\/\/penzionbado.sk\/lt\/wp-json\/wp\/v2\/users\/2"}],"replies":[{"embeddable":true,"href":"https:\/\/penzionbado.sk\/lt\/wp-json\/wp\/v2\/comments?post=13458"}],"version-history":[{"count":1,"href":"https:\/\/penzionbado.sk\/lt\/wp-json\/wp\/v2\/pages\/13458\/revisions"}],"predecessor-version":[{"id":13459,"href":"https:\/\/penzionbado.sk\/lt\/wp-json\/wp\/v2\/pages\/13458\/revisions\/13459"}],"wp:attachment":[{"href":"https:\/\/penzionbado.sk\/lt\/wp-json\/wp\/v2\/media?parent=13458"}],"curies":[{"name":"wp","href":"https:\/\/api.w.org\/{rel}","templated":true}]}}