{"id":13455,"date":"2023-05-24T16:42:50","date_gmt":"2023-05-24T14:42:50","guid":{"rendered":"https:\/\/penzionbado.sk\/kambariai\/"},"modified":"2025-03-19T07:59:45","modified_gmt":"2025-03-19T06:59:45","slug":"kambariai","status":"publish","type":"page","link":"https:\/\/penzionbado.sk\/lt\/kambariai\/","title":{"rendered":"Kambariai"},"content":{"rendered":"\t\t<div data-elementor-type=\"wp-page\" data-elementor-id=\"13455\" class=\"elementor elementor-13455 elementor-6361\" data-elementor-post-type=\"page\">\n\t\t\t\t\t\t\t<div class=\"elementor-element elementor-element-21ae758 e-flex e-con-boxed e-con e-parent\" data-id=\"21ae758\" data-element_type=\"container\" data-settings=\"{&quot;content_width&quot;:&quot;boxed&quot;}\" data-core-v316-plus=\"true\">\n\t\t\t\t\t<div class=\"e-con-inner\">\n\t\t\t\t<div class=\"elementor-element elementor-element-a44163a elementor-widget elementor-widget-alloggio_core_section_title\" data-id=\"a44163a\" data-element_type=\"widget\" data-widget_type=\"alloggio_core_section_title.default\">\n\t\t\t\t<div class=\"elementor-widget-container\">\n\t\t\t<div class=\"qodef-shortcode qodef-m  qodef-section-title qodef-alignment--left\">\n\t\t<h2 class=\"qodef-m-title\" >\n\t\t\t\t\tPasirinkite i\u0161 laisv\u0173 kambari\u0173 s\u0105ra\u0161o\t\t\t<\/h2>\n\t<\/div>\t\t<\/div>\n\t\t\t\t<\/div>\n\t\t\t\t<div class=\"elementor-element elementor-element-adc6403 elementor-widget elementor-widget-text-editor\" data-id=\"adc6403\" data-element_type=\"widget\" data-widget_type=\"text-editor.default\">\n\t\t\t\t<div class=\"elementor-widget-container\">\n\t\t\t\t\t\t\t<p>Aktyv\u0173 poils\u012f derinan\u010dios atostogos ir sve\u010di\u0173 nam\u0173 patalpose teikiamos paslaugos. Turime vienus apartamentus, 12 dvivie\u010di\u0173 ir 8 trivie\u010dius kambarius su viena papildoma lova kiekviename kambaryje. Sve\u010di\u0173 nam\u0173 viduje galite rinktis i\u0161 daugyb\u0117s lauko pramog\u0173 ir laisvalaikio praleidimo galimybi\u0173. Pas mus tikrai nenuobod\u017eiausite.   <\/p>\n\t\t\t\t\t\t<\/div>\n\t\t\t\t<\/div>\n\t\t\t\t<div class=\"elementor-element elementor-element-3c73d97 elementor-widget elementor-widget-alloggio_core_room_list\" data-id=\"3c73d97\" data-element_type=\"widget\" data-widget_type=\"alloggio_core_room_list.default\">\n\t\t\t\t<div class=\"elementor-widget-container\">\n\t\t\t<div class=\"qodef-shortcode qodef-m  qodef-room-list qodef-layout--standard   qodef-grid qodef-layout--columns  qodef-gutter--normal qodef-col-num--1 qodef-item-layout--standard qodef--no-bottom-space qodef-pagination--off qodef-responsive--predefined\" data-options=\"{&quot;plugin&quot;:&quot;alloggio_core&quot;,&quot;module&quot;:&quot;post-types\\\/room\\\/shortcodes&quot;,&quot;shortcode&quot;:&quot;room-list&quot;,&quot;post_type&quot;:&quot;room&quot;,&quot;next_page&quot;:&quot;2&quot;,&quot;max_pages_num&quot;:0,&quot;posts_per_page&quot;:&quot;-1&quot;,&quot;orderby&quot;:&quot;date&quot;,&quot;order&quot;:&quot;DESC&quot;,&quot;additional_params&quot;:&quot;tax&quot;,&quot;tax&quot;:&quot;room-type&quot;,&quot;tax_slug&quot;:&quot;stala-ponuka&quot;,&quot;behavior&quot;:&quot;columns&quot;,&quot;images_proportion&quot;:&quot;full&quot;,&quot;columns&quot;:&quot;1&quot;,&quot;columns_responsive&quot;:&quot;predefined&quot;,&quot;space&quot;:&quot;normal&quot;,&quot;layout&quot;:&quot;standard&quot;,&quot;title_tag&quot;:&quot;h2&quot;,&quot;pagination_type&quot;:&quot;no-pagination&quot;,&quot;object_class_name&quot;:&quot;AlloggioCoreRoomListShortcode&quot;,&quot;additional_query_args&quot;:{&quot;tax_query&quot;:[{&quot;taxonomy&quot;:&quot;room-type&quot;,&quot;field&quot;:&quot;slug&quot;,&quot;terms&quot;:&quot;stala-ponuka&quot;}]},&quot;unique&quot;:&quot;1&quot;,&quot;item_classes&quot;:&quot;qodef-e qodef-room-list-item qodef-grid-item&quot;,&quot;space_value&quot;:15}\">\n\t<div class=\"qodef-grid-inner clear\">\n\t\t<article class=\"qodef-e qodef-room-list-item qodef-grid-item qodef-item--full\" >\n\t<div class=\"qodef-e-inner\">\n\t\t<div class=\"qodef-e-media\">\n\t\t\t\t<div class=\"qodef-e-media-image\" data-swiper-parallax=\"27%\">\n\t\t<a itemprop=\"url\" href=\"https:\/\/penzionbado.sk\/lt\/izby\/apartamentai\/\">\n\t\t\t<img width=\"768\" height=\"441\" src=\"https:\/\/penzionbado.sk\/wp-content\/uploads\/2020\/03\/apart-1.jpg\" class=\"attachment-full size-full\" alt=\"\" decoding=\"async\" srcset=\"https:\/\/penzionbado.sk\/wp-content\/uploads\/2020\/03\/apart-1.jpg 768w, https:\/\/penzionbado.sk\/wp-content\/uploads\/2020\/03\/apart-1-300x172.jpg 300w, https:\/\/penzionbado.sk\/wp-content\/uploads\/2020\/03\/apart-1-600x345.jpg 600w\" sizes=\"(max-width: 768px) 100vw, 768px\" \/>\t\t<\/a>\n\t<\/div>\n\t\t\t\t<span class=\"qodef-e-price\">\n\t\t<span class=\"qodef-e-price-label\">i\u0161<\/span>\n\t\t<span class=\"qodef-e-price-value\">&euro;124<\/span>\n\t<\/span>\n\t\t<\/div>\n\t\t<div class=\"qodef-e-content\">\n\t\t\t<div class=\"qodef-e-content-text\">\n\t\t\t\t<h2 itemprop=\"name\" class=\"qodef-e-title entry-title\" >\n\t<a itemprop=\"url\" href=\"https:\/\/penzionbado.sk\/lt\/izby\/apartamentai\/\">\n\t\tApartamentai\t<\/a>\n<\/h2>\t\t\t\t\t\t<p itemprop=\"description\" class=\"qodef-e-excerpt\">Neseniai restauruoti apartamentai sve\u010di\u0173 nam\u0173 pal\u0117p\u0117je su balkonu, priva\u010dia virtuv\u0117le ir vaizdu \u012f Tatrus. Privatus vonios kambarys ir atskiras tualetas. Galimyb\u0117 4+1.  <\/p>\n\t\t\t\t\t<div class=\"qodef-e-button\">\n\t<a class=\"qodef-shortcode qodef-m  qodef-button qodef-layout--textual qodef-size--normal qodef-html--link\" href=\"https:\/\/penzionbado.sk\/lt\/izby\/apartamentai\/\" target=\"_self\"  >\t<span class=\"qodef-m-text\">U\u017esisakykite dabar<\/span>\t<span class=\"qodef-m-plus\"><\/span><\/a>\t\t<\/div>\t\t\t<\/div>\n\t\t\t<div class=\"qodef-e-content-info\">\n\t\t\t\t<div class=\"qodef-e-info-items\">\n\t\t\t\t\t\t<span class=\"qodef-e-room-size\">65m2<\/span>\n\t\t\t\t\t\t<span class=\"qodef-e-capacity\">1-5 asmuo<\/span>\n\t\t\t\t<\/div>\n\t\t\t\t\t<div class=\"qodef-e-amenity-items\">\n\t\t\t\t\t\t\t\t\t\t\t\t\t\t\t\t\t\t\t\t\t\t\t\t\t\t\t\t\t\t\t\t\t\t\t\t\t\t\t\t\t\t\t\t\t\t\t\t\t\t\t\t\t\t\t<\/div>\n\t\t\t<\/div>\n\t\t<\/div>\n\t<\/div>\n<\/article><article class=\"qodef-e qodef-room-list-item qodef-grid-item qodef-item--full\" >\n\t<div class=\"qodef-e-inner\">\n\t\t<div class=\"qodef-e-media\">\n\t\t\t\t<div class=\"qodef-e-media-image\" data-swiper-parallax=\"27%\">\n\t\t<a itemprop=\"url\" href=\"https:\/\/penzionbado.sk\/lt\/izby\/kambarys-dviem-asmenims\/\">\n\t\t\t<img width=\"2400\" height=\"1600\" src=\"https:\/\/penzionbado.sk\/wp-content\/uploads\/2020\/03\/izba2.jpg\" class=\"attachment-full size-full\" alt=\"\" decoding=\"async\" srcset=\"https:\/\/penzionbado.sk\/wp-content\/uploads\/2020\/03\/izba2.jpg 2400w, https:\/\/penzionbado.sk\/wp-content\/uploads\/2020\/03\/izba2-300x200.jpg 300w, https:\/\/penzionbado.sk\/wp-content\/uploads\/2020\/03\/izba2-1024x683.jpg 1024w, https:\/\/penzionbado.sk\/wp-content\/uploads\/2020\/03\/izba2-768x512.jpg 768w, https:\/\/penzionbado.sk\/wp-content\/uploads\/2020\/03\/izba2-1536x1024.jpg 1536w, https:\/\/penzionbado.sk\/wp-content\/uploads\/2020\/03\/izba2-2048x1365.jpg 2048w, https:\/\/penzionbado.sk\/wp-content\/uploads\/2020\/03\/izba2-600x400.jpg 600w\" sizes=\"(max-width: 2400px) 100vw, 2400px\" \/>\t\t<\/a>\n\t<\/div>\n\t\t\t\t<span class=\"qodef-e-price\">\n\t\t<span class=\"qodef-e-price-label\">i\u0161<\/span>\n\t\t<span class=\"qodef-e-price-value\">&euro;74<\/span>\n\t<\/span>\n\t\t<\/div>\n\t\t<div class=\"qodef-e-content\">\n\t\t\t<div class=\"qodef-e-content-text\">\n\t\t\t\t<h2 itemprop=\"name\" class=\"qodef-e-title entry-title\" >\n\t<a itemprop=\"url\" href=\"https:\/\/penzionbado.sk\/lt\/izby\/kambarys-dviem-asmenims\/\">\n\t\tKambarys dviem asmenims\t<\/a>\n<\/h2>\t\t\t\t\t\t<p itemprop=\"description\" class=\"qodef-e-excerpt\">Dvivietis kambarys su dvigule lova ir papildoma lova. Atskiras vonios kambarys su tualetu. Sve\u010di\u0173 namuose yra 12 toki\u0173 kambari\u0173.  <\/p>\n\t\t\t\t\t<div class=\"qodef-e-button\">\n\t<a class=\"qodef-shortcode qodef-m  qodef-button qodef-layout--textual qodef-size--normal qodef-html--link\" href=\"https:\/\/penzionbado.sk\/lt\/izby\/kambarys-dviem-asmenims\/\" target=\"_self\"  >\t<span class=\"qodef-m-text\">U\u017esisakykite dabar<\/span>\t<span class=\"qodef-m-plus\"><\/span><\/a>\t\t<\/div>\t\t\t<\/div>\n\t\t\t<div class=\"qodef-e-content-info\">\n\t\t\t\t<div class=\"qodef-e-info-items\">\n\t\t\t\t\t\t<span class=\"qodef-e-room-size\">25m2<\/span>\n\t\t\t\t\t\t<span class=\"qodef-e-capacity\">1-3 asmuo<\/span>\n\t\t\t\t<\/div>\n\t\t\t\t\t<div class=\"qodef-e-amenity-items\">\n\t\t\t\t\t\t\t\t\t\t\t\t\t\t\t\t\t\t\t\t\t\t\t\t\t\t\t\t\t\t\t\t\t\t\t\t\t\t\t\t\t\t\t\t\t\t\t\t\t\t\t\t\t<\/div>\n\t\t\t<\/div>\n\t\t<\/div>\n\t<\/div>\n<\/article><article class=\"qodef-e qodef-room-list-item qodef-grid-item qodef-item--full\" >\n\t<div class=\"qodef-e-inner\">\n\t\t<div class=\"qodef-e-media\">\n\t\t\t\t<div class=\"qodef-e-media-image\" data-swiper-parallax=\"27%\">\n\t\t<a itemprop=\"url\" href=\"https:\/\/penzionbado.sk\/lt\/izby\/seimos-kambarys\/\">\n\t\t\t<img width=\"1024\" height=\"683\" src=\"https:\/\/penzionbado.sk\/wp-content\/uploads\/2020\/03\/fam.jpg\" class=\"attachment-full size-full\" alt=\"\" decoding=\"async\" srcset=\"https:\/\/penzionbado.sk\/wp-content\/uploads\/2020\/03\/fam.jpg 1024w, https:\/\/penzionbado.sk\/wp-content\/uploads\/2020\/03\/fam-300x200.jpg 300w, https:\/\/penzionbado.sk\/wp-content\/uploads\/2020\/03\/fam-768x512.jpg 768w, https:\/\/penzionbado.sk\/wp-content\/uploads\/2020\/03\/fam-600x400.jpg 600w\" sizes=\"(max-width: 1024px) 100vw, 1024px\" \/>\t\t<\/a>\n\t<\/div>\n\t\t\t\t<span class=\"qodef-e-price\">\n\t\t<span class=\"qodef-e-price-label\">i\u0161<\/span>\n\t\t<span class=\"qodef-e-price-value\">&euro;111<\/span>\n\t<\/span>\n\t\t<\/div>\n\t\t<div class=\"qodef-e-content\">\n\t\t\t<div class=\"qodef-e-content-text\">\n\t\t\t\t<h2 itemprop=\"name\" class=\"qodef-e-title entry-title\" >\n\t<a itemprop=\"url\" href=\"https:\/\/penzionbado.sk\/lt\/izby\/seimos-kambarys\/\">\n\t\t\u0160eimos kambarys\t<\/a>\n<\/h2>\t\t\t\t\t\t<p itemprop=\"description\" class=\"qodef-e-excerpt\">Erdvus kambarys visai \u0161eimai su priva\u010diu vonios kambariu ir tualetu. Turime 8 tokius kambarius. <\/p>\n\t\t\t\t\t<div class=\"qodef-e-button\">\n\t<a class=\"qodef-shortcode qodef-m  qodef-button qodef-layout--textual qodef-size--normal qodef-html--link\" href=\"https:\/\/penzionbado.sk\/lt\/izby\/seimos-kambarys\/\" target=\"_self\"  >\t<span class=\"qodef-m-text\">U\u017esisakykite dabar<\/span>\t<span class=\"qodef-m-plus\"><\/span><\/a>\t\t<\/div>\t\t\t<\/div>\n\t\t\t<div class=\"qodef-e-content-info\">\n\t\t\t\t<div class=\"qodef-e-info-items\">\n\t\t\t\t\t\t<span class=\"qodef-e-room-size\">35m2<\/span>\n\t\t\t\t\t\t<span class=\"qodef-e-capacity\">1-3 asmuo<\/span>\n\t\t\t\t<\/div>\n\t\t\t\t\t<div class=\"qodef-e-amenity-items\">\n\t\t\t\t\t\t\t\t\t\t\t\t\t\t\t\t\t\t\t\t\t\t\t\t\t\t\t\t\t\t\t\t\t\t\t\t\t\t\t\t\t\t\t\t\t\t\t\t\t\t\t\t\t<\/div>\n\t\t\t<\/div>\n\t\t<\/div>\n\t<\/div>\n<\/article>\t<\/div>\n\t<\/div>\t\t<\/div>\n\t\t\t\t<\/div>\n\t\t\t\t\t<\/div>\n\t\t\t\t<\/div>\n\t\t\t\t\t\t\t<\/div>\n\t\t","protected":false},"excerpt":{"rendered":"<p>Pasirinkite i\u0161 laisv\u0173 kambari\u0173 s\u0105ra\u0161o Aktyv\u0173 poils\u012f derinan\u010dios atostogos ir sve\u010di\u0173 nam\u0173 patalpose teikiamos paslaugos. Turime vienus apartamentus, 12 dvivie\u010di\u0173 ir 8 trivie\u010dius kambarius su viena papildoma lova kiekviename kambaryje. Sve\u010di\u0173 nam\u0173 viduje galite rinktis i\u0161 daugyb\u0117s lauko pramog\u0173 ir laisvalaikio praleidimo galimybi\u0173. Pas mus tikrai nenuobod\u017eiausite. od &euro;124 Apartm\u00e1n Ned\u00e1vno re\u0161taurovan\u00fd apartm\u00e1n v podkrov\u00ed [&hellip;]<\/p>\n","protected":false},"author":1,"featured_media":0,"parent":0,"menu_order":0,"comment_status":"closed","ping_status":"closed","template":"","meta":{"inline_featured_image":false},"yoast_head":"<!-- This site is optimized with the Yoast SEO plugin v20.13 - https:\/\/yoast.com\/wordpress\/plugins\/seo\/ -->\n<title>Kambariai | Penzi\u00f3n BA\u010eO ***<\/title>\n<meta name=\"description\" content=\"Paprastai, bet patogiai \u012frengti kambariai, balkonas su vaizdu \u012f Tatr\u0173 panoram\u0105, privatus vonios kambarys su tualetu, LCD televizorius ir NEMOKAMAS \u0161viesolaidinis internetas.\" \/>\n<meta name=\"robots\" content=\"index, follow, max-snippet:-1, max-image-preview:large, max-video-preview:-1\" \/>\n<link rel=\"canonical\" href=\"https:\/\/penzionbado.sk\/izby-ponuka\/\" \/>\n<meta property=\"og:locale\" content=\"lt_LT\" \/>\n<meta property=\"og:type\" content=\"article\" \/>\n<meta property=\"og:title\" content=\"Kambariai | Penzi\u00f3n BA\u010eO ***\" \/>\n<meta property=\"og:description\" content=\"Paprastai, bet patogiai \u012frengti kambariai, balkonas su vaizdu \u012f Tatr\u0173 panoram\u0105, privatus vonios kambarys su tualetu, LCD televizorius ir NEMOKAMAS \u0161viesolaidinis internetas.\" \/>\n<meta property=\"og:url\" content=\"https:\/\/penzionbado.sk\/izby-ponuka\/\" \/>\n<meta property=\"og:site_name\" content=\"Penzi\u00f3n BA\u010eO ***\" \/>\n<meta property=\"article:publisher\" content=\"https:\/\/www.facebook.com\/www.penzionbado.sk\" \/>\n<meta property=\"article:modified_time\" content=\"2025-03-19T06:59:45+00:00\" \/>\n<meta property=\"og:image\" content=\"https:\/\/penzionbado.sk\/wp-content\/uploads\/2023\/05\/006_Penzion-Bado_StaraLesna-e1683022399702.jpg\" \/>\n<meta name=\"twitter:card\" content=\"summary_large_image\" \/>\n<meta name=\"twitter:label1\" content=\"Est. reading time\" \/>\n\t<meta name=\"twitter:data1\" content=\"1 minut\u0117\" \/>\n<script type=\"application\/ld+json\" class=\"yoast-schema-graph\">{\"@context\":\"https:\/\/schema.org\",\"@graph\":[{\"@type\":\"WebPage\",\"@id\":\"https:\/\/penzionbado.sk\/izby-ponuka\/\",\"url\":\"https:\/\/penzionbado.sk\/izby-ponuka\/\",\"name\":\"Kambariai | Penzi\u00f3n BA\u010eO ***\",\"isPartOf\":{\"@id\":\"https:\/\/penzionbado.sk\/#website\"},\"datePublished\":\"2023-05-24T14:42:50+00:00\",\"dateModified\":\"2025-03-19T06:59:45+00:00\",\"description\":\"Paprastai, bet patogiai \u012frengti kambariai, balkonas su vaizdu \u012f Tatr\u0173 panoram\u0105, privatus vonios kambarys su tualetu, LCD televizorius ir NEMOKAMAS \u0161viesolaidinis internetas.\",\"breadcrumb\":{\"@id\":\"https:\/\/penzionbado.sk\/izby-ponuka\/#breadcrumb\"},\"inLanguage\":\"lt-LT\",\"potentialAction\":[{\"@type\":\"ReadAction\",\"target\":[\"https:\/\/penzionbado.sk\/izby-ponuka\/\"]}]},{\"@type\":\"BreadcrumbList\",\"@id\":\"https:\/\/penzionbado.sk\/izby-ponuka\/#breadcrumb\",\"itemListElement\":[{\"@type\":\"ListItem\",\"position\":1,\"name\":\"Home\",\"item\":\"https:\/\/penzionbado.sk\/lt\/\"},{\"@type\":\"ListItem\",\"position\":2,\"name\":\"Kambariai\"}]},{\"@type\":\"WebSite\",\"@id\":\"https:\/\/penzionbado.sk\/#website\",\"url\":\"https:\/\/penzionbado.sk\/\",\"name\":\"Penzi\u00f3n BA\u010eO ***\",\"description\":\"Rodinn\u00fd penzi\u00f3n pod Lomnick\u00fdm \u0160t\u00edtom\",\"publisher\":{\"@id\":\"https:\/\/penzionbado.sk\/#organization\"},\"potentialAction\":[{\"@type\":\"SearchAction\",\"target\":{\"@type\":\"EntryPoint\",\"urlTemplate\":\"https:\/\/penzionbado.sk\/?s={search_term_string}\"},\"query-input\":\"required name=search_term_string\"}],\"inLanguage\":\"lt-LT\"},{\"@type\":\"Organization\",\"@id\":\"https:\/\/penzionbado.sk\/#organization\",\"name\":\"Penzi\u00f3n BA\u010eO ***\",\"url\":\"https:\/\/penzionbado.sk\/\",\"logo\":{\"@type\":\"ImageObject\",\"inLanguage\":\"lt-LT\",\"@id\":\"https:\/\/penzionbado.sk\/#\/schema\/logo\/image\/\",\"url\":\"https:\/\/penzionbado.sk\/wp-content\/uploads\/2023\/05\/BADO_logo_black_transparent.png\",\"contentUrl\":\"https:\/\/penzionbado.sk\/wp-content\/uploads\/2023\/05\/BADO_logo_black_transparent.png\",\"width\":470,\"height\":473,\"caption\":\"Penzi\u00f3n BA\u010eO ***\"},\"image\":{\"@id\":\"https:\/\/penzionbado.sk\/#\/schema\/logo\/image\/\"},\"sameAs\":[\"https:\/\/www.facebook.com\/www.penzionbado.sk\",\"https:\/\/www.instagram.com\/penzionvysoketatry\/\",\"https:\/\/www.youtube.com\/channel\/UCxZmlcE9qBcD9fdk4hfpo7g\"]}]}<\/script>\n<!-- \/ Yoast SEO plugin. -->","yoast_head_json":{"title":"Kambariai | Penzi\u00f3n BA\u010eO ***","description":"Paprastai, bet patogiai \u012frengti kambariai, balkonas su vaizdu \u012f Tatr\u0173 panoram\u0105, privatus vonios kambarys su tualetu, LCD televizorius ir NEMOKAMAS \u0161viesolaidinis internetas.","robots":{"index":"index","follow":"follow","max-snippet":"max-snippet:-1","max-image-preview":"max-image-preview:large","max-video-preview":"max-video-preview:-1"},"canonical":"https:\/\/penzionbado.sk\/izby-ponuka\/","og_locale":"lt_LT","og_type":"article","og_title":"Kambariai | Penzi\u00f3n BA\u010eO ***","og_description":"Paprastai, bet patogiai \u012frengti kambariai, balkonas su vaizdu \u012f Tatr\u0173 panoram\u0105, privatus vonios kambarys su tualetu, LCD televizorius ir NEMOKAMAS \u0161viesolaidinis internetas.","og_url":"https:\/\/penzionbado.sk\/izby-ponuka\/","og_site_name":"Penzi\u00f3n BA\u010eO ***","article_publisher":"https:\/\/www.facebook.com\/www.penzionbado.sk","article_modified_time":"2025-03-19T06:59:45+00:00","og_image":[{"url":"https:\/\/penzionbado.sk\/wp-content\/uploads\/2023\/05\/006_Penzion-Bado_StaraLesna-e1683022399702.jpg"}],"twitter_card":"summary_large_image","twitter_misc":{"Est. reading time":"1 minut\u0117"},"schema":{"@context":"https:\/\/schema.org","@graph":[{"@type":"WebPage","@id":"https:\/\/penzionbado.sk\/izby-ponuka\/","url":"https:\/\/penzionbado.sk\/izby-ponuka\/","name":"Kambariai | Penzi\u00f3n BA\u010eO ***","isPartOf":{"@id":"https:\/\/penzionbado.sk\/#website"},"datePublished":"2023-05-24T14:42:50+00:00","dateModified":"2025-03-19T06:59:45+00:00","description":"Paprastai, bet patogiai \u012frengti kambariai, balkonas su vaizdu \u012f Tatr\u0173 panoram\u0105, privatus vonios kambarys su tualetu, LCD televizorius ir NEMOKAMAS \u0161viesolaidinis internetas.","breadcrumb":{"@id":"https:\/\/penzionbado.sk\/izby-ponuka\/#breadcrumb"},"inLanguage":"lt-LT","potentialAction":[{"@type":"ReadAction","target":["https:\/\/penzionbado.sk\/izby-ponuka\/"]}]},{"@type":"BreadcrumbList","@id":"https:\/\/penzionbado.sk\/izby-ponuka\/#breadcrumb","itemListElement":[{"@type":"ListItem","position":1,"name":"Home","item":"https:\/\/penzionbado.sk\/lt\/"},{"@type":"ListItem","position":2,"name":"Kambariai"}]},{"@type":"WebSite","@id":"https:\/\/penzionbado.sk\/#website","url":"https:\/\/penzionbado.sk\/","name":"Penzi\u00f3n BA\u010eO ***","description":"Rodinn\u00fd penzi\u00f3n pod Lomnick\u00fdm \u0160t\u00edtom","publisher":{"@id":"https:\/\/penzionbado.sk\/#organization"},"potentialAction":[{"@type":"SearchAction","target":{"@type":"EntryPoint","urlTemplate":"https:\/\/penzionbado.sk\/?s={search_term_string}"},"query-input":"required name=search_term_string"}],"inLanguage":"lt-LT"},{"@type":"Organization","@id":"https:\/\/penzionbado.sk\/#organization","name":"Penzi\u00f3n BA\u010eO ***","url":"https:\/\/penzionbado.sk\/","logo":{"@type":"ImageObject","inLanguage":"lt-LT","@id":"https:\/\/penzionbado.sk\/#\/schema\/logo\/image\/","url":"https:\/\/penzionbado.sk\/wp-content\/uploads\/2023\/05\/BADO_logo_black_transparent.png","contentUrl":"https:\/\/penzionbado.sk\/wp-content\/uploads\/2023\/05\/BADO_logo_black_transparent.png","width":470,"height":473,"caption":"Penzi\u00f3n BA\u010eO ***"},"image":{"@id":"https:\/\/penzionbado.sk\/#\/schema\/logo\/image\/"},"sameAs":["https:\/\/www.facebook.com\/www.penzionbado.sk","https:\/\/www.instagram.com\/penzionvysoketatry\/","https:\/\/www.youtube.com\/channel\/UCxZmlcE9qBcD9fdk4hfpo7g"]}]}},"_links":{"self":[{"href":"https:\/\/penzionbado.sk\/lt\/wp-json\/wp\/v2\/pages\/13455"}],"collection":[{"href":"https:\/\/penzionbado.sk\/lt\/wp-json\/wp\/v2\/pages"}],"about":[{"href":"https:\/\/penzionbado.sk\/lt\/wp-json\/wp\/v2\/types\/page"}],"author":[{"embeddable":true,"href":"https:\/\/penzionbado.sk\/lt\/wp-json\/wp\/v2\/users\/1"}],"replies":[{"embeddable":true,"href":"https:\/\/penzionbado.sk\/lt\/wp-json\/wp\/v2\/comments?post=13455"}],"version-history":[{"count":4,"href":"https:\/\/penzionbado.sk\/lt\/wp-json\/wp\/v2\/pages\/13455\/revisions"}],"predecessor-version":[{"id":13845,"href":"https:\/\/penzionbado.sk\/lt\/wp-json\/wp\/v2\/pages\/13455\/revisions\/13845"}],"wp:attachment":[{"href":"https:\/\/penzionbado.sk\/lt\/wp-json\/wp\/v2\/media?parent=13455"}],"curies":[{"name":"wp","href":"https:\/\/api.w.org\/{rel}","templated":true}]}}