{"id":12443,"date":"2023-05-24T18:36:04","date_gmt":"2023-05-24T16:36:04","guid":{"rendered":"https:\/\/penzionbado.sk\/?post_type=product&#038;p=12443"},"modified":"2025-03-17T09:53:30","modified_gmt":"2025-03-17T08:53:30","slug":"ajandek-utalvany","status":"publish","type":"product","link":"https:\/\/penzionbado.sk\/hu\/produkt\/ajandek-utalvany\/","title":{"rendered":"Aj\u00e1nd\u00e9k utalv\u00e1ny"},"content":{"rendered":"<p>Aj\u00e1nd\u00e9kutalv\u00e1nyunk A4-es m\u00e9ret\u0171, az \u00f6sszehajtogatott aj\u00e1nd\u00e9kutalv\u00e1ny kompakt m\u00e9ret\u0171, \u00e9s b\u00e1rmilyen postal\u00e1d\u00e1ba elf\u00e9r. Az utalv\u00e1ny megl\u00e9te a sz\u00e1ll\u00e1shelyre t\u00f6rt\u00e9n\u0151 bejelentkez\u00e9skor sz\u00fcks\u00e9ges, hogy az utalv\u00e1ny megv\u00e1s\u00e1rl\u00e1sa igazolhat\u00f3 legyen.<\/p>\n<h4>Hogyan rendelhetek becsomagolt aj\u00e1nd\u00e9kutalv\u00e1nyt?<\/h4>\n<ol>\n<li>\u00cdrjon nek\u00fcnk az <a href=\"mailto:info@penzionbado.sk\">info@penzionbado.sk<\/a> c\u00edmre, \u00edrja be az &#8220;Aj\u00e1nd\u00e9k utalv\u00e1ny&#8221; sz\u00f3t a t\u00e1rgyba, \u00e9s k\u00fcldje el.<\/li>\n<li>E-mailben kapja meg az aj\u00e1nd\u00e9kutalv\u00e1ny kifizet\u00e9s\u00e9re vonatkoz\u00f3 utas\u00edt\u00e1sokat, majd a fizet\u00e9st k\u00f6vet\u0151en elk\u00fcldj\u00fck \u00d6nnek az aj\u00e1nd\u00e9kutalv\u00e1nyt.<\/li>\n<li><strong>Az aj\u00e1nd\u00e9kcsomagol\u00e1s\u00e9rt 1,90 eur\u00f3t kell fizetni, a rendszeres kisz\u00e1ll\u00edt\u00e1s pedig ingyenes.<\/strong><\/li>\n<\/ol>\n<p><strong>J\u00f3 tudni:<\/strong><\/p>\n<ul>\n<li>Az aj\u00e1nd\u00e9kcsomagol\u00e1s csak szolg\u00e1ltat\u00e1sokhoz haszn\u00e1lhat\u00f3, italok vagy \u00e9telek fogyaszt\u00e1s\u00e1ra nem.<\/li>\n<li>Aj\u00e1nd\u00e9kcsomagol\u00e1s k\u00e9s\u0151bb nem rendelhet\u0151. Teh\u00e1t ne felejtse el rendel\u00e9skor.<\/li>\n<\/ul>\n<h4>Az utalv\u00e1ny aj\u00e1nd\u00e9kcsomagol\u00e1s\u00e1nak el\u0151nyei<\/h4>\n<ul>\n<li>Szem\u00e9lyes dedik\u00e1ci\u00f3t is megadhat.<\/li>\n<li>Aj\u00e1nd\u00e9kcsomagol\u00e1sunkban egy utalv\u00e1ny \u00e1tad\u00e1s\u00e1val a megaj\u00e1nd\u00e9kozott egy utalv\u00e1nyt is kap digit\u00e1lis form\u00e1ban &#8211; a 8 jegy\u0171 k\u00f3dnak k\u00f6sz\u00f6nhet\u0151en a recepci\u00f3n v\u00e1lthatja be.\u00cdgy az \u00f6sszes lej\u00e1rati d\u00e1tumra vonatkoz\u00f3 \u00e9rtes\u00edt\u00e9s vagy eml\u00e9keztet\u0151 a c\u00edmzetthez, nem pedig az adom\u00e1nyoz\u00f3hoz ker\u00fcl.<\/li>\n<li>Tov\u00e1bbi hasznos funkci\u00f3, hogy saj\u00e1t foglal\u00e1st hozhat l\u00e9tre tart\u00f3zkod\u00e1sra vagy nyaral\u00e1sra a +421 903 714 695 telefonsz\u00e1mon vagy e-mailben.<\/li>\n<\/ul>\n<h4>A hossz\u00fa t\u00e1v\u00fa aj\u00e1nlatok id\u00e9n kar\u00e1csonykor is megtakar\u00edtanak<\/h4>\n<p>A fa al\u00e1 adjon hossz\u00fa lej\u00e1rat\u00fa aj\u00e1nd\u00e9kutalv\u00e1nyt, a megaj\u00e1nd\u00e9kozott pedig saj\u00e1t k\u00edv\u00e1ns\u00e1ga szerint v\u00e1laszthatja ki a felhaszn\u00e1l\u00e1s id\u0151pontj\u00e1t 2025-ben. Mi\u00e9rt j\u00f3 ez a v\u00e1laszt\u00e1s? Mert az idei \u00e1rakon fogsz v\u00e1s\u00e1rolni \u00e9s a megaj\u00e1nd\u00e9kozottnak lesz el\u00e9g ideje gondolkodni \u00e9s id\u0151pontot tal\u00e1lni az aj\u00e1nd\u00e9k felhaszn\u00e1l\u00e1s\u00e1ra.<\/p>\n","protected":false},"excerpt":{"rendered":"<p>Sz\u00e1ll\u00e1shely\u00fcnk\u00f6n, a BA\u010eO*** Panzi\u00f3nkban val\u00f3 tart\u00f3zkod\u00e1s vagy tapasztalat ide\u00e1lis aj\u00e1nd\u00e9knak. Remek aj\u00e1nd\u00e9k\u00f6tleteket tal\u00e1lhat csal\u00e1dj\u00e1nak, bar\u00e1tainak \u00e9s koll\u00e9g\u00e1inak. K\u00edn\u00e1latunkb\u00f3l aj\u00e1nd\u00e9kutalv\u00e1nyokat otthon kinyomtatva saj\u00e1t maga adom\u00e1nyozhat, vagy a csomagol\u00e1st \u00e9s a kisz\u00e1ll\u00edt\u00e1st r\u00e1nk b\u00edzhatja.<\/p>\n","protected":false},"featured_media":12446,"template":"","meta":{"inline_featured_image":false},"product_cat":[354],"product_tag":[],"yoast_head":"<!-- This site is optimized with the Yoast SEO plugin v20.13 - https:\/\/yoast.com\/wordpress\/plugins\/seo\/ -->\n<title>Aj\u00e1nd\u00e9k utalv\u00e1ny | Panzi\u00f3 BA\u010eO***<\/title>\n<meta name=\"robots\" content=\"index, follow, max-snippet:-1, max-image-preview:large, max-video-preview:-1\" \/>\n<link rel=\"canonical\" href=\"https:\/\/penzionbado.sk\/hu\/produkt\/ajandek-utalvany\/\" \/>\n<meta property=\"og:locale\" content=\"hu_HU\" \/>\n<meta property=\"og:type\" content=\"article\" \/>\n<meta property=\"og:title\" content=\"Aj\u00e1nd\u00e9k utalv\u00e1ny | Panzi\u00f3 BA\u010eO***\" \/>\n<meta property=\"og:description\" content=\"Sz\u00e1ll\u00e1shely\u00fcnk\u00f6n, a BA\u010eO*** Panzi\u00f3nkban val\u00f3 tart\u00f3zkod\u00e1s vagy tapasztalat ide\u00e1lis aj\u00e1nd\u00e9knak. Remek aj\u00e1nd\u00e9k\u00f6tleteket tal\u00e1lhat csal\u00e1dj\u00e1nak, bar\u00e1tainak \u00e9s koll\u00e9g\u00e1inak. K\u00edn\u00e1latunkb\u00f3l aj\u00e1nd\u00e9kutalv\u00e1nyokat otthon kinyomtatva saj\u00e1t maga adom\u00e1nyozhat, vagy a csomagol\u00e1st \u00e9s a kisz\u00e1ll\u00edt\u00e1st r\u00e1nk b\u00edzhatja.\" \/>\n<meta property=\"og:url\" content=\"https:\/\/penzionbado.sk\/hu\/produkt\/ajandek-utalvany\/\" \/>\n<meta property=\"og:site_name\" content=\"Panzi\u00f3 BA\u010eO***\" \/>\n<meta property=\"article:publisher\" content=\"https:\/\/www.facebook.com\/www.penzionbado.sk\" \/>\n<meta property=\"article:modified_time\" content=\"2025-03-17T08:53:30+00:00\" \/>\n<meta property=\"og:image\" content=\"https:\/\/penzionbado.sk\/wp-content\/uploads\/2024\/11\/Penzion-Bado-darcekova-poukazka-1-1.png\" \/>\n\t<meta property=\"og:image:width\" content=\"1080\" \/>\n\t<meta property=\"og:image:height\" content=\"1080\" \/>\n\t<meta property=\"og:image:type\" content=\"image\/png\" \/>\n<meta name=\"twitter:card\" content=\"summary_large_image\" \/>\n<meta name=\"twitter:label1\" content=\"Becs\u00fclt olvas\u00e1si id\u0151\" \/>\n\t<meta name=\"twitter:data1\" content=\"2 perc\" \/>\n<script type=\"application\/ld+json\" class=\"yoast-schema-graph\">{\"@context\":\"https:\/\/schema.org\",\"@graph\":[{\"@type\":\"WebPage\",\"@id\":\"https:\/\/penzionbado.sk\/hu\/produkt\/ajandek-utalvany\/\",\"url\":\"https:\/\/penzionbado.sk\/hu\/produkt\/ajandek-utalvany\/\",\"name\":\"Aj\u00e1nd\u00e9k utalv\u00e1ny | Panzi\u00f3 BA\u010eO***\",\"isPartOf\":{\"@id\":\"https:\/\/penzionbado.sk\/#website\"},\"datePublished\":\"2023-05-24T16:36:04+00:00\",\"dateModified\":\"2025-03-17T08:53:30+00:00\",\"breadcrumb\":{\"@id\":\"https:\/\/penzionbado.sk\/hu\/produkt\/ajandek-utalvany\/#breadcrumb\"},\"inLanguage\":\"hu\",\"potentialAction\":[{\"@type\":\"ReadAction\",\"target\":[\"https:\/\/penzionbado.sk\/hu\/produkt\/ajandek-utalvany\/\"]}]},{\"@type\":\"BreadcrumbList\",\"@id\":\"https:\/\/penzionbado.sk\/hu\/produkt\/ajandek-utalvany\/#breadcrumb\",\"itemListElement\":[{\"@type\":\"ListItem\",\"position\":1,\"name\":\"Home\",\"item\":\"https:\/\/penzionbado.sk\/hu\/\"},{\"@type\":\"ListItem\",\"position\":2,\"name\":\"Obchod\",\"item\":\"https:\/\/penzionbado.sk\/obchod\/\"},{\"@type\":\"ListItem\",\"position\":3,\"name\":\"Aj\u00e1nd\u00e9k utalv\u00e1ny\"}]},{\"@type\":\"WebSite\",\"@id\":\"https:\/\/penzionbado.sk\/#website\",\"url\":\"https:\/\/penzionbado.sk\/\",\"name\":\"Panzi\u00f3 BA\u010eO***\",\"description\":\"Rodinn\u00fd penzi\u00f3n pod Lomnick\u00fdm \u0160t\u00edtom\",\"publisher\":{\"@id\":\"https:\/\/penzionbado.sk\/#organization\"},\"potentialAction\":[{\"@type\":\"SearchAction\",\"target\":{\"@type\":\"EntryPoint\",\"urlTemplate\":\"https:\/\/penzionbado.sk\/?s={search_term_string}\"},\"query-input\":\"required name=search_term_string\"}],\"inLanguage\":\"hu\"},{\"@type\":\"Organization\",\"@id\":\"https:\/\/penzionbado.sk\/#organization\",\"name\":\"Panzi\u00f3 BA\u010eO***\",\"url\":\"https:\/\/penzionbado.sk\/\",\"logo\":{\"@type\":\"ImageObject\",\"inLanguage\":\"hu\",\"@id\":\"https:\/\/penzionbado.sk\/#\/schema\/logo\/image\/\",\"url\":\"https:\/\/penzionbado.sk\/wp-content\/uploads\/2023\/05\/BADO_logo_black_transparent.png\",\"contentUrl\":\"https:\/\/penzionbado.sk\/wp-content\/uploads\/2023\/05\/BADO_logo_black_transparent.png\",\"width\":470,\"height\":473,\"caption\":\"Panzi\u00f3 BA\u010eO***\"},\"image\":{\"@id\":\"https:\/\/penzionbado.sk\/#\/schema\/logo\/image\/\"},\"sameAs\":[\"https:\/\/www.facebook.com\/www.penzionbado.sk\",\"https:\/\/www.instagram.com\/penzionvysoketatry\/\",\"https:\/\/www.youtube.com\/channel\/UCxZmlcE9qBcD9fdk4hfpo7g\"]}]}<\/script>\n<!-- \/ Yoast SEO plugin. -->","yoast_head_json":{"title":"Aj\u00e1nd\u00e9k utalv\u00e1ny | Panzi\u00f3 BA\u010eO***","robots":{"index":"index","follow":"follow","max-snippet":"max-snippet:-1","max-image-preview":"max-image-preview:large","max-video-preview":"max-video-preview:-1"},"canonical":"https:\/\/penzionbado.sk\/hu\/produkt\/ajandek-utalvany\/","og_locale":"hu_HU","og_type":"article","og_title":"Aj\u00e1nd\u00e9k utalv\u00e1ny | Panzi\u00f3 BA\u010eO***","og_description":"Sz\u00e1ll\u00e1shely\u00fcnk\u00f6n, a BA\u010eO*** Panzi\u00f3nkban val\u00f3 tart\u00f3zkod\u00e1s vagy tapasztalat ide\u00e1lis aj\u00e1nd\u00e9knak. Remek aj\u00e1nd\u00e9k\u00f6tleteket tal\u00e1lhat csal\u00e1dj\u00e1nak, bar\u00e1tainak \u00e9s koll\u00e9g\u00e1inak. K\u00edn\u00e1latunkb\u00f3l aj\u00e1nd\u00e9kutalv\u00e1nyokat otthon kinyomtatva saj\u00e1t maga adom\u00e1nyozhat, vagy a csomagol\u00e1st \u00e9s a kisz\u00e1ll\u00edt\u00e1st r\u00e1nk b\u00edzhatja.","og_url":"https:\/\/penzionbado.sk\/hu\/produkt\/ajandek-utalvany\/","og_site_name":"Panzi\u00f3 BA\u010eO***","article_publisher":"https:\/\/www.facebook.com\/www.penzionbado.sk","article_modified_time":"2025-03-17T08:53:30+00:00","og_image":[{"width":1080,"height":1080,"url":"https:\/\/penzionbado.sk\/wp-content\/uploads\/2024\/11\/Penzion-Bado-darcekova-poukazka-1-1.png","type":"image\/png"}],"twitter_card":"summary_large_image","twitter_misc":{"Becs\u00fclt olvas\u00e1si id\u0151":"2 perc"},"schema":{"@context":"https:\/\/schema.org","@graph":[{"@type":"WebPage","@id":"https:\/\/penzionbado.sk\/hu\/produkt\/ajandek-utalvany\/","url":"https:\/\/penzionbado.sk\/hu\/produkt\/ajandek-utalvany\/","name":"Aj\u00e1nd\u00e9k utalv\u00e1ny | Panzi\u00f3 BA\u010eO***","isPartOf":{"@id":"https:\/\/penzionbado.sk\/#website"},"datePublished":"2023-05-24T16:36:04+00:00","dateModified":"2025-03-17T08:53:30+00:00","breadcrumb":{"@id":"https:\/\/penzionbado.sk\/hu\/produkt\/ajandek-utalvany\/#breadcrumb"},"inLanguage":"hu","potentialAction":[{"@type":"ReadAction","target":["https:\/\/penzionbado.sk\/hu\/produkt\/ajandek-utalvany\/"]}]},{"@type":"BreadcrumbList","@id":"https:\/\/penzionbado.sk\/hu\/produkt\/ajandek-utalvany\/#breadcrumb","itemListElement":[{"@type":"ListItem","position":1,"name":"Home","item":"https:\/\/penzionbado.sk\/hu\/"},{"@type":"ListItem","position":2,"name":"Obchod","item":"https:\/\/penzionbado.sk\/obchod\/"},{"@type":"ListItem","position":3,"name":"Aj\u00e1nd\u00e9k utalv\u00e1ny"}]},{"@type":"WebSite","@id":"https:\/\/penzionbado.sk\/#website","url":"https:\/\/penzionbado.sk\/","name":"Panzi\u00f3 BA\u010eO***","description":"Rodinn\u00fd penzi\u00f3n pod Lomnick\u00fdm \u0160t\u00edtom","publisher":{"@id":"https:\/\/penzionbado.sk\/#organization"},"potentialAction":[{"@type":"SearchAction","target":{"@type":"EntryPoint","urlTemplate":"https:\/\/penzionbado.sk\/?s={search_term_string}"},"query-input":"required name=search_term_string"}],"inLanguage":"hu"},{"@type":"Organization","@id":"https:\/\/penzionbado.sk\/#organization","name":"Panzi\u00f3 BA\u010eO***","url":"https:\/\/penzionbado.sk\/","logo":{"@type":"ImageObject","inLanguage":"hu","@id":"https:\/\/penzionbado.sk\/#\/schema\/logo\/image\/","url":"https:\/\/penzionbado.sk\/wp-content\/uploads\/2023\/05\/BADO_logo_black_transparent.png","contentUrl":"https:\/\/penzionbado.sk\/wp-content\/uploads\/2023\/05\/BADO_logo_black_transparent.png","width":470,"height":473,"caption":"Panzi\u00f3 BA\u010eO***"},"image":{"@id":"https:\/\/penzionbado.sk\/#\/schema\/logo\/image\/"},"sameAs":["https:\/\/www.facebook.com\/www.penzionbado.sk","https:\/\/www.instagram.com\/penzionvysoketatry\/","https:\/\/www.youtube.com\/channel\/UCxZmlcE9qBcD9fdk4hfpo7g"]}]}},"_links":{"self":[{"href":"https:\/\/penzionbado.sk\/hu\/wp-json\/wp\/v2\/product\/12443"}],"collection":[{"href":"https:\/\/penzionbado.sk\/hu\/wp-json\/wp\/v2\/product"}],"about":[{"href":"https:\/\/penzionbado.sk\/hu\/wp-json\/wp\/v2\/types\/product"}],"wp:featuredmedia":[{"embeddable":true,"href":"https:\/\/penzionbado.sk\/hu\/wp-json\/wp\/v2\/media\/12446"}],"wp:attachment":[{"href":"https:\/\/penzionbado.sk\/hu\/wp-json\/wp\/v2\/media?parent=12443"}],"wp:term":[{"taxonomy":"product_cat","embeddable":true,"href":"https:\/\/penzionbado.sk\/hu\/wp-json\/wp\/v2\/product_cat?post=12443"},{"taxonomy":"product_tag","embeddable":true,"href":"https:\/\/penzionbado.sk\/hu\/wp-json\/wp\/v2\/product_tag?post=12443"}],"curies":[{"name":"wp","href":"https:\/\/api.w.org\/{rel}","templated":true}]}}