{"id":11977,"date":"2020-03-23T11:22:25","date_gmt":"2020-03-23T10:22:25","guid":{"rendered":"https:\/\/penzionbado.sk\/szemelyes-adatok-feldolgozasa\/"},"modified":"2025-03-14T10:10:22","modified_gmt":"2025-03-14T09:10:22","slug":"szemelyes-adatok-feldolgozasa","status":"publish","type":"page","link":"https:\/\/penzionbado.sk\/hu\/szemelyes-adatok-feldolgozasa\/","title":{"rendered":"Szem\u00e9lyes adatok feldolgoz\u00e1sa"},"content":{"rendered":"\t\t<div data-elementor-type=\"wp-page\" data-elementor-id=\"11977\" class=\"elementor elementor-11977 elementor-679\" data-elementor-post-type=\"page\">\n\t\t\t\t\t\t\t\t\t<section class=\"elementor-section elementor-top-section elementor-element elementor-element-28572c5 elementor-section-full_width elementor-section-height-default elementor-section-height-default qodef-elementor-content-no\" data-id=\"28572c5\" data-element_type=\"section\">\n\t\t\t\t\t\t<div class=\"elementor-container elementor-column-gap-no\">\n\t\t\t\t\t<div class=\"elementor-column elementor-col-100 elementor-top-column elementor-element elementor-element-11357d8\" data-id=\"11357d8\" data-element_type=\"column\">\n\t\t\t<div class=\"elementor-widget-wrap elementor-element-populated\">\n\t\t\t\t\t\t\t\t<div class=\"elementor-element elementor-element-e26de25 elementor-widget elementor-widget-text-editor\" data-id=\"e26de25\" data-element_type=\"widget\" data-widget_type=\"text-editor.default\">\n\t\t\t\t<div class=\"elementor-widget-container\">\n\t\t\t\t\t\t\t<p>A szem\u00e9lyes adatok feldolgoz\u00e1s\u00e1nak alapelvei az Art. a term\u00e9szetes szem\u00e9lyeknek a szem\u00e9lyes adatok kezel\u00e9se tekintet\u00e9ben t\u00f6rt\u00e9n\u0151 v\u00e9delm\u00e9r\u0151l \u00e9s az ilyen adatok szabad \u00e1raml\u00e1s\u00e1r\u00f3l sz\u00f3l\u00f3 (EU) 2016\/679 eur\u00f3pai parlamenti \u00e9s tan\u00e1csi rendelet (a tov\u00e1bbiakban: rendelet) 15. cikke.&nbsp;<\/p>\n<p>Kedves vend\u00e9g!&nbsp;<\/p>\n<p>a BA\u010eO &#8211; BA\u010eO, s.r.o., Tatransk\u00e1 188\/52, Star\u00e1 Lesn\u00e1 05952, Szlov\u00e1k K\u00f6zt\u00e1rsas\u00e1g, ID No.: 36472662, VAT No.: SK2020021784 panzi\u00f3nk szolg\u00e1ltat\u00e1sainak ig\u00e9nybev\u00e9tel\u00e9hez sz\u00fcks\u00e9g\u00fcnk van az \u00d6n szem\u00e9lyes adataira. Az \u00d6n adatainak biztons\u00e1ga \u00e9s jogszer\u0171 feldolgoz\u00e1sa kiemelked\u0151en fontos sz\u00e1munkra, ez\u00e9rt t\u00e1j\u00e9koztatjuk \u00d6nt a <b>szem\u00e9lyes adatok feldolgoz\u00e1s\u00e1nak alapelveir\u0151l<\/b>. Az Art. A rendelet 5. cikke biztos\u00edtotta az \u00d6n szem\u00e9lyes adatai feldolgoz\u00e1s\u00e1nak v\u00e9delm\u00e9t a szem\u00e9lyes adatok feldolgoz\u00e1s\u00e1nak al\u00e1bbi alapelveivel \u00f6sszhangban.&nbsp;<\/p>\n<p><b>A szem\u00e9lyes adatoknak a k\u00f6vetkez\u0151knek kell lenni\u00fck:<\/b>&nbsp;<\/p>\n<p>(<b>a)<\/b> az \u00e9rintett vonatkoz\u00e1s\u00e1ban jogszer\u0171en, tisztess\u00e9gesen \u00e9s \u00e1tl\u00e1that\u00f3 m\u00f3don (&#8220;jogszer\u0171s\u00e9g, tisztess\u00e9gess\u00e9g \u00e9s \u00e1tl\u00e1that\u00f3s\u00e1g&#8221;) kezelik;&nbsp;<\/p>\n<p>(<b>b)<\/b> amelyeket kifejezetten meghat\u00e1rozott, kifejezetten megjel\u00f6lt \u00e9s jogszer\u0171 c\u00e9lb\u00f3l szereztek be, \u00e9s nem lehet e c\u00e9lokkal \u00f6sszeegyeztethetetlen m\u00f3don tov\u00e1bb feldolgozni; a 89. cikk (1) bekezd\u00e9s\u00e9nek b) pontja \u00e9rtelm\u00e9ben tilos a k\u00f6z\u00e9rdek\u0171 archiv\u00e1l\u00e1s, tudom\u00e1nyos vagy t\u00f6rt\u00e9nelmi kutat\u00e1si c\u00e9l\u00fa vagy statisztikai c\u00e9l\u00fa tov\u00e1bbi feldolgoz\u00e1s. 1 nem tekinthet\u0151 \u00f6sszeegyeztethetetlennek az eredeti c\u00e9lokkal (&#8220;c\u00e9lhoz k\u00f6t\u00f6tts\u00e9g&#8221;);&nbsp;<\/p>\n<p>(<b>c)<\/b> ar\u00e1nyos, relev\u00e1ns \u00e9s a feldolgoz\u00e1s c\u00e9ljaihoz k\u00e9pest sz\u00fcks\u00e9ges m\u00e9rt\u00e9kre korl\u00e1toz\u00f3dik (&#8220;adatminimaliz\u00e1l\u00e1s&#8221;);&nbsp;<\/p>\n<p>(<b>d)<\/b> helyes \u00e9s sz\u00fcks\u00e9g eset\u00e9n naprak\u00e9sz; minden sz\u00fcks\u00e9ges int\u00e9zked\u00e9st meg kell hozni annak biztos\u00edt\u00e1s\u00e1ra, hogy a feldolgoz\u00e1suk c\u00e9lj\u00e1val kapcsolatban helytelen szem\u00e9lyes adatokat halad\u00e9ktalanul t\u00f6r\u00f6lj\u00e9k vagy helyesb\u00edts\u00e9k (&#8220;helyess\u00e9g&#8221;);&nbsp;<\/p>\n<p>(<b>e)<\/b> az \u00e9rintettek azonos\u00edt\u00e1s\u00e1t lehet\u0151v\u00e9 tev\u0151 form\u00e1ban legfeljebb a szem\u00e9lyes adatok kezel\u00e9s\u00e9nek c\u00e9ljaihoz sz\u00fcks\u00e9ges ideig t\u00e1rolj\u00e1k; a szem\u00e9lyes adatok hosszabb ideig is t\u00e1rolhat\u00f3k, ha azokat kiz\u00e1r\u00f3lag k\u00f6z\u00e9rdek\u0171 archiv\u00e1l\u00e1s c\u00e9lj\u00e1b\u00f3l, tudom\u00e1nyos vagy t\u00f6rt\u00e9nelmi kutat\u00e1si c\u00e9lb\u00f3l vagy a 95\/46\/EK ir\u00e1nyelv 89. cikke (1) bekezd\u00e9s\u00e9nek a) pontj\u00e1val \u00f6sszhangban statisztikai c\u00e9lb\u00f3l kell kezelni. 1, felt\u00e9ve, hogy az \u00e9rintettek jogainak \u00e9s szabads\u00e1gainak v\u00e9delme \u00e9rdek\u00e9ben az e rendeletben el\u0151\u00edrt megfelel\u0151 technikai \u00e9s szervez\u00e9si int\u00e9zked\u00e9seket megteszik (&#8220;a meg\u0151rz\u00e9s minimaliz\u00e1l\u00e1sa&#8221;);&nbsp;<\/p>\n<p>(<b>f)<\/b> olyan m\u00f3don kell feldolgozni, amely megfelel\u0151 technikai vagy szervez\u00e9si int\u00e9zked\u00e9sekkel biztos\u00edtja a szem\u00e9lyes adatok megfelel\u0151 biztons\u00e1g\u00e1t, bele\u00e9rtve a jogosulatlan vagy jogellenes adatkezel\u00e9ssel, valamint a v\u00e9letlen elveszt\u00e9ssel, megsemmis\u00fcl\u00e9ssel vagy k\u00e1rosod\u00e1ssal szembeni v\u00e9delmet is &#8211; 2 &#8211; (&#8221;&nbsp;<\/p>\n<p>\u27a2 Az \u00fczemeltet\u0151 arra t\u00f6rekszik, hogy a lehet\u0151 legmagasabb sz\u00ednvonal\u00fa szolg\u00e1ltat\u00e1st ny\u00fajtsa \u00fcgyfeleinek. Az ilyen szolg\u00e1ltat\u00e1sok ny\u00fajt\u00e1sa \u00e9rdek\u00e9ben az \u00fczemeltet\u0151nek jogi \u00e9s szerz\u0151d\u00e9ses k\u00f6telezetts\u00e9gei vannak, ami azzal j\u00e1r, hogy az \u00fczemeltet\u0151 k\u00f6teles az \u00d6n szem\u00e9lyes adatait a k\u00f6vetkez\u0151 k\u00f6rben kezelni: n\u00e9v, vezet\u00e9kn\u00e9v, sz\u00fclet\u00e9si d\u00e1tum, szem\u00e9lyi igazolv\u00e1ny sz\u00e1ma. Annak \u00e9rdek\u00e9ben, hogy t\u00e1j\u00e9koztat\u00e1st tudjunk k\u00fcldeni \u00d6nnek az esetlegesen folyamatban l\u00e9v\u0151 vagy tervezett esem\u00e9nyekr\u0151l, rendezv\u00e9nyekr\u0151l, valamint a vend\u00e9gh\u00e1zunk \u00e1ltal k\u00edn\u00e1lt el\u0151ny\u00f6s szolg\u00e1ltat\u00e1sok ig\u00e9nybev\u00e9tel\u00e9nek lehet\u0151s\u00e9g\u00e9r\u0151l, az \u00d6n hozz\u00e1j\u00e1rul\u00e1sa alapj\u00e1n a k\u00f6vetkez\u0151 k\u00f6rben kezelj\u00fck az \u00d6n szem\u00e9lyes adatait: n\u00e9v, vezet\u00e9kn\u00e9v, telefonsz\u00e1m, e-mail c\u00edm.&nbsp;<\/p>\n<p>\u27a2 Az adatkezel\u0151 az \u00d6n szem\u00e9lyes adatait marketing c\u00e9lokb\u00f3l, \u00fcgyf\u00e9lszolg\u00e1lati c\u00e9llal kezeli. Szem\u00e9lyes adatait csak akkor dolgozzuk fel ebb\u0151l a c\u00e9lb\u00f3l, ha \u00d6n ehhez hozz\u00e1j\u00e1rul\u00e1s\u00e1t adja. Az adatkezel\u0151 az \u00d6n szem\u00e9lyes adatait szerz\u0151d\u00e9ses k\u00f6telezetts\u00e9gek teljes\u00edt\u00e9se, jogi k\u00f6telezetts\u00e9gek teljes\u00edt\u00e9se c\u00e9lj\u00e1b\u00f3l, valamint az adatkezel\u0151 jogos \u00e9rdekei alapj\u00e1n a szem\u00e9ly (\u00fcgyfelek) \u00e9s vagyonuk, valamint az adatkezel\u0151 vagyon\u00e1nak v\u00e9delme \u00e9rdek\u00e9ben is kezeli. Ebb\u0151l a c\u00e9lb\u00f3l az Adatkezel\u0151 az \u00d6n szem\u00e9lyes adatait a BA\u010eO vend\u00e9gh\u00e1z k\u00f6z\u00f6s helyis\u00e9geit \u00e9rz\u00e9kel\u0151 kamerarendszer \u00e1ltal biztos\u00edtott k\u00e9pfelv\u00e9telek m\u00e9rt\u00e9k\u00e9ig kezeli.&nbsp;<\/p>\n<p>\u27a2 Az adatkezel\u0151 t\u00e1j\u00e9koztatja az \u00e9rintetteket, hogy a szem\u00e9lyes adatok kezel\u00e9s\u00e9hez val\u00f3 hozz\u00e1j\u00e1rul\u00e1s\u00e1t a szem\u00e9lyes adatok kezel\u00e9s\u00e9hez adott hozz\u00e1j\u00e1rul\u00e1s al\u00e1\u00edr\u00e1s\u00e1val adhatja meg, az Art. 7 rendelet 7. \u00a7-\u00e1nak megfelel\u0151en, amely \u00edr\u00e1sban megtal\u00e1lhat\u00f3 a BA\u010eO vend\u00e9gh\u00e1z recepci\u00f3j\u00e1n.&nbsp;<\/p>\n<p>\u27a2 Ha \u00d6n hozz\u00e1j\u00e1rul\u00e1s\u00e1t adta szem\u00e9lyes adatainak marketing c\u00e9l\u00fa feldolgoz\u00e1s\u00e1hoz, joga van ahhoz, hogy hozz\u00e1j\u00e1rul\u00e1s\u00e1t b\u00e1rmikor visszavonja an\u00e9lk\u00fcl, hogy ez befoly\u00e1soln\u00e1 a visszavon\u00e1s el\u0151tt adott hozz\u00e1j\u00e1rul\u00e1son alapul\u00f3 feldolgoz\u00e1s jogszer\u0171s\u00e9g\u00e9t, az\u00e1ltal, hogy err\u0151l t\u00e1j\u00e9koztatja az adatkezel\u0151t az al\u00e1bbi e-mail c\u00edmen.&nbsp;<\/p>\n<p>\u27a2 Az \u00d6n hozz\u00e1j\u00e1rul\u00e1s\u00e1val az Adatkezel\u0151 jogi k\u00f6telezetts\u00e9g\u00e9nek megfelel\u0151en az \u00d6n szem\u00e9lyes adatait az erre felhatalmazott szervek r\u00e9sz\u00e9re k\u00fcl\u00f6n jogszab\u00e1lyok alapj\u00e1n adjuk \u00e1t.&nbsp;<\/p>\n<p>\u27a2 Az \u00d6n szem\u00e9lyes adatait marketing c\u00e9lokra 5 \u00e9vig, szerz\u0151d\u00e9ses k\u00f6telezetts\u00e9gek teljes\u00edt\u00e9se c\u00e9lj\u00e1b\u00f3l 5 \u00e9vig, a sz\u00e1mviteli bizonylatok archiv\u00e1l\u00e1s\u00e1ra vonatkoz\u00f3 jogi k\u00f6telezetts\u00e9g teljes\u00edt\u00e9se c\u00e9lj\u00e1b\u00f3l 10 \u00e9vig, egy\u00e9b jogi k\u00f6telezetts\u00e9gek teljes\u00edt\u00e9se c\u00e9lj\u00e1b\u00f3l 10 \u00e9vig, valamint az adatkezel\u0151 jogos \u00e9rdekei miatt 3-5 napig t\u00e1roljuk.&nbsp;<\/p>\n<p>\u27a2 Az adatkezel\u0151 az \u00d6n szem\u00e9lyes adatait pap\u00edron \u00e9s elektronikus form\u00e1ban is kezeli. Az Adatkezel\u0151 azon jogi k\u00f6telezetts\u00e9geinek teljes\u00edt\u00e9se \u00e9rdek\u00e9ben, hogy az \u00d6n szem\u00e9lyes adatait az illet\u00e9kes hat\u00f3s\u00e1goknak a k\u00fcl\u00f6n jogszab\u00e1lyok alapj\u00e1n \u00e1tadja, az Adatkezel\u0151 gondoskodik arr\u00f3l, hogy az ilyen adatok \u00e1tad\u00e1sa biztons\u00e1gosan, a vissza\u00e9l\u00e9s lehet\u0151s\u00e9ge n\u00e9lk\u00fcl t\u00f6rt\u00e9njen. Ha b\u00e1rmilyen k\u00e9rd\u00e9se van, k\u00e9rj\u00fck, ne habozzon kapcsolatba l\u00e9pni vel\u00fcnk e-mailben a info@penzionbado.sk c\u00edmen, vagy a honlapunkon k\u00f6zz\u00e9tett elektronikus \u0171rlapon kereszt\u00fcl.<\/p>\t\t\t\t\t\t<\/div>\n\t\t\t\t<\/div>\n\t\t\t\t\t<\/div>\n\t\t<\/div>\n\t\t\t\t\t\t\t<\/div>\n\t\t<\/section>\n\t\t\t\t\t\t\t<\/div>\n\t\t","protected":false},"excerpt":{"rendered":"<p>A szem\u00e9lyes adatok feldolgoz\u00e1s\u00e1nak alapelvei az Art. a term\u00e9szetes szem\u00e9lyeknek a szem\u00e9lyes adatok kezel\u00e9se tekintet\u00e9ben t\u00f6rt\u00e9n\u0151 v\u00e9delm\u00e9r\u0151l \u00e9s az ilyen adatok szabad \u00e1raml\u00e1s\u00e1r\u00f3l sz\u00f3l\u00f3 (EU) 2016\/679 eur\u00f3pai parlamenti \u00e9s tan\u00e1csi rendelet (a tov\u00e1bbiakban: rendelet) 15. cikke.&nbsp; Kedves vend\u00e9g!&nbsp; a BA\u010eO &#8211; BA\u010eO, s.r.o., Tatransk\u00e1 188\/52, Star\u00e1 Lesn\u00e1 05952, Szlov\u00e1k K\u00f6zt\u00e1rsas\u00e1g, ID No.: 36472662, VAT No.: [&hellip;]<\/p>\n","protected":false},"author":1,"featured_media":0,"parent":0,"menu_order":0,"comment_status":"closed","ping_status":"closed","template":"","meta":{"inline_featured_image":false},"yoast_head":"<!-- This site is optimized with the Yoast SEO plugin v20.13 - https:\/\/yoast.com\/wordpress\/plugins\/seo\/ -->\n<title>Szem\u00e9lyes adatok feldolgoz\u00e1sa | Panzi\u00f3 BA\u010eO***<\/title>\n<meta name=\"robots\" content=\"index, follow, max-snippet:-1, max-image-preview:large, max-video-preview:-1\" \/>\n<link rel=\"canonical\" href=\"https:\/\/penzionbado.sk\/hu\/szemelyes-adatok-feldolgozasa\/\" \/>\n<meta property=\"og:locale\" content=\"hu_HU\" \/>\n<meta property=\"og:type\" content=\"article\" \/>\n<meta property=\"og:title\" content=\"Szem\u00e9lyes adatok feldolgoz\u00e1sa | Panzi\u00f3 BA\u010eO***\" \/>\n<meta property=\"og:description\" content=\"A szem\u00e9lyes adatok feldolgoz\u00e1s\u00e1nak alapelvei az Art. a term\u00e9szetes szem\u00e9lyeknek a szem\u00e9lyes adatok kezel\u00e9se tekintet\u00e9ben t\u00f6rt\u00e9n\u0151 v\u00e9delm\u00e9r\u0151l \u00e9s az ilyen adatok szabad \u00e1raml\u00e1s\u00e1r\u00f3l sz\u00f3l\u00f3 (EU) 2016\/679 eur\u00f3pai parlamenti \u00e9s tan\u00e1csi rendelet (a tov\u00e1bbiakban: rendelet) 15. cikke.&nbsp; Kedves vend\u00e9g!&nbsp; a BA\u010eO &#8211; BA\u010eO, s.r.o., Tatransk\u00e1 188\/52, Star\u00e1 Lesn\u00e1 05952, Szlov\u00e1k K\u00f6zt\u00e1rsas\u00e1g, ID No.: 36472662, VAT No.: [&hellip;]\" \/>\n<meta property=\"og:url\" content=\"https:\/\/penzionbado.sk\/hu\/szemelyes-adatok-feldolgozasa\/\" \/>\n<meta property=\"og:site_name\" content=\"Panzi\u00f3 BA\u010eO***\" \/>\n<meta property=\"article:publisher\" content=\"https:\/\/www.facebook.com\/www.penzionbado.sk\" \/>\n<meta property=\"article:modified_time\" content=\"2025-03-14T09:10:22+00:00\" \/>\n<meta name=\"twitter:card\" content=\"summary_large_image\" \/>\n<meta name=\"twitter:label1\" content=\"Becs\u00fclt olvas\u00e1si id\u0151\" \/>\n\t<meta name=\"twitter:data1\" content=\"6 perc\" \/>\n<script type=\"application\/ld+json\" class=\"yoast-schema-graph\">{\"@context\":\"https:\/\/schema.org\",\"@graph\":[{\"@type\":\"WebPage\",\"@id\":\"https:\/\/penzionbado.sk\/hu\/szemelyes-adatok-feldolgozasa\/\",\"url\":\"https:\/\/penzionbado.sk\/hu\/szemelyes-adatok-feldolgozasa\/\",\"name\":\"Szem\u00e9lyes adatok feldolgoz\u00e1sa | Panzi\u00f3 BA\u010eO***\",\"isPartOf\":{\"@id\":\"https:\/\/penzionbado.sk\/#website\"},\"datePublished\":\"2020-03-23T10:22:25+00:00\",\"dateModified\":\"2025-03-14T09:10:22+00:00\",\"breadcrumb\":{\"@id\":\"https:\/\/penzionbado.sk\/hu\/szemelyes-adatok-feldolgozasa\/#breadcrumb\"},\"inLanguage\":\"hu\",\"potentialAction\":[{\"@type\":\"ReadAction\",\"target\":[\"https:\/\/penzionbado.sk\/hu\/szemelyes-adatok-feldolgozasa\/\"]}]},{\"@type\":\"BreadcrumbList\",\"@id\":\"https:\/\/penzionbado.sk\/hu\/szemelyes-adatok-feldolgozasa\/#breadcrumb\",\"itemListElement\":[{\"@type\":\"ListItem\",\"position\":1,\"name\":\"Home\",\"item\":\"https:\/\/penzionbado.sk\/hu\/\"},{\"@type\":\"ListItem\",\"position\":2,\"name\":\"Szem\u00e9lyes adatok feldolgoz\u00e1sa\"}]},{\"@type\":\"WebSite\",\"@id\":\"https:\/\/penzionbado.sk\/#website\",\"url\":\"https:\/\/penzionbado.sk\/\",\"name\":\"Panzi\u00f3 BA\u010eO***\",\"description\":\"Rodinn\u00fd penzi\u00f3n pod Lomnick\u00fdm \u0160t\u00edtom\",\"publisher\":{\"@id\":\"https:\/\/penzionbado.sk\/#organization\"},\"potentialAction\":[{\"@type\":\"SearchAction\",\"target\":{\"@type\":\"EntryPoint\",\"urlTemplate\":\"https:\/\/penzionbado.sk\/?s={search_term_string}\"},\"query-input\":\"required name=search_term_string\"}],\"inLanguage\":\"hu\"},{\"@type\":\"Organization\",\"@id\":\"https:\/\/penzionbado.sk\/#organization\",\"name\":\"Panzi\u00f3 BA\u010eO***\",\"url\":\"https:\/\/penzionbado.sk\/\",\"logo\":{\"@type\":\"ImageObject\",\"inLanguage\":\"hu\",\"@id\":\"https:\/\/penzionbado.sk\/#\/schema\/logo\/image\/\",\"url\":\"https:\/\/penzionbado.sk\/wp-content\/uploads\/2023\/05\/BADO_logo_black_transparent.png\",\"contentUrl\":\"https:\/\/penzionbado.sk\/wp-content\/uploads\/2023\/05\/BADO_logo_black_transparent.png\",\"width\":470,\"height\":473,\"caption\":\"Panzi\u00f3 BA\u010eO***\"},\"image\":{\"@id\":\"https:\/\/penzionbado.sk\/#\/schema\/logo\/image\/\"},\"sameAs\":[\"https:\/\/www.facebook.com\/www.penzionbado.sk\",\"https:\/\/www.instagram.com\/penzionvysoketatry\/\",\"https:\/\/www.youtube.com\/channel\/UCxZmlcE9qBcD9fdk4hfpo7g\"]}]}<\/script>\n<!-- \/ Yoast SEO plugin. -->","yoast_head_json":{"title":"Szem\u00e9lyes adatok feldolgoz\u00e1sa | Panzi\u00f3 BA\u010eO***","robots":{"index":"index","follow":"follow","max-snippet":"max-snippet:-1","max-image-preview":"max-image-preview:large","max-video-preview":"max-video-preview:-1"},"canonical":"https:\/\/penzionbado.sk\/hu\/szemelyes-adatok-feldolgozasa\/","og_locale":"hu_HU","og_type":"article","og_title":"Szem\u00e9lyes adatok feldolgoz\u00e1sa | Panzi\u00f3 BA\u010eO***","og_description":"A szem\u00e9lyes adatok feldolgoz\u00e1s\u00e1nak alapelvei az Art. a term\u00e9szetes szem\u00e9lyeknek a szem\u00e9lyes adatok kezel\u00e9se tekintet\u00e9ben t\u00f6rt\u00e9n\u0151 v\u00e9delm\u00e9r\u0151l \u00e9s az ilyen adatok szabad \u00e1raml\u00e1s\u00e1r\u00f3l sz\u00f3l\u00f3 (EU) 2016\/679 eur\u00f3pai parlamenti \u00e9s tan\u00e1csi rendelet (a tov\u00e1bbiakban: rendelet) 15. cikke.&nbsp; Kedves vend\u00e9g!&nbsp; a BA\u010eO &#8211; BA\u010eO, s.r.o., Tatransk\u00e1 188\/52, Star\u00e1 Lesn\u00e1 05952, Szlov\u00e1k K\u00f6zt\u00e1rsas\u00e1g, ID No.: 36472662, VAT No.: [&hellip;]","og_url":"https:\/\/penzionbado.sk\/hu\/szemelyes-adatok-feldolgozasa\/","og_site_name":"Panzi\u00f3 BA\u010eO***","article_publisher":"https:\/\/www.facebook.com\/www.penzionbado.sk","article_modified_time":"2025-03-14T09:10:22+00:00","twitter_card":"summary_large_image","twitter_misc":{"Becs\u00fclt olvas\u00e1si id\u0151":"6 perc"},"schema":{"@context":"https:\/\/schema.org","@graph":[{"@type":"WebPage","@id":"https:\/\/penzionbado.sk\/hu\/szemelyes-adatok-feldolgozasa\/","url":"https:\/\/penzionbado.sk\/hu\/szemelyes-adatok-feldolgozasa\/","name":"Szem\u00e9lyes adatok feldolgoz\u00e1sa | Panzi\u00f3 BA\u010eO***","isPartOf":{"@id":"https:\/\/penzionbado.sk\/#website"},"datePublished":"2020-03-23T10:22:25+00:00","dateModified":"2025-03-14T09:10:22+00:00","breadcrumb":{"@id":"https:\/\/penzionbado.sk\/hu\/szemelyes-adatok-feldolgozasa\/#breadcrumb"},"inLanguage":"hu","potentialAction":[{"@type":"ReadAction","target":["https:\/\/penzionbado.sk\/hu\/szemelyes-adatok-feldolgozasa\/"]}]},{"@type":"BreadcrumbList","@id":"https:\/\/penzionbado.sk\/hu\/szemelyes-adatok-feldolgozasa\/#breadcrumb","itemListElement":[{"@type":"ListItem","position":1,"name":"Home","item":"https:\/\/penzionbado.sk\/hu\/"},{"@type":"ListItem","position":2,"name":"Szem\u00e9lyes adatok feldolgoz\u00e1sa"}]},{"@type":"WebSite","@id":"https:\/\/penzionbado.sk\/#website","url":"https:\/\/penzionbado.sk\/","name":"Panzi\u00f3 BA\u010eO***","description":"Rodinn\u00fd penzi\u00f3n pod Lomnick\u00fdm \u0160t\u00edtom","publisher":{"@id":"https:\/\/penzionbado.sk\/#organization"},"potentialAction":[{"@type":"SearchAction","target":{"@type":"EntryPoint","urlTemplate":"https:\/\/penzionbado.sk\/?s={search_term_string}"},"query-input":"required name=search_term_string"}],"inLanguage":"hu"},{"@type":"Organization","@id":"https:\/\/penzionbado.sk\/#organization","name":"Panzi\u00f3 BA\u010eO***","url":"https:\/\/penzionbado.sk\/","logo":{"@type":"ImageObject","inLanguage":"hu","@id":"https:\/\/penzionbado.sk\/#\/schema\/logo\/image\/","url":"https:\/\/penzionbado.sk\/wp-content\/uploads\/2023\/05\/BADO_logo_black_transparent.png","contentUrl":"https:\/\/penzionbado.sk\/wp-content\/uploads\/2023\/05\/BADO_logo_black_transparent.png","width":470,"height":473,"caption":"Panzi\u00f3 BA\u010eO***"},"image":{"@id":"https:\/\/penzionbado.sk\/#\/schema\/logo\/image\/"},"sameAs":["https:\/\/www.facebook.com\/www.penzionbado.sk","https:\/\/www.instagram.com\/penzionvysoketatry\/","https:\/\/www.youtube.com\/channel\/UCxZmlcE9qBcD9fdk4hfpo7g"]}]}},"_links":{"self":[{"href":"https:\/\/penzionbado.sk\/hu\/wp-json\/wp\/v2\/pages\/11977"}],"collection":[{"href":"https:\/\/penzionbado.sk\/hu\/wp-json\/wp\/v2\/pages"}],"about":[{"href":"https:\/\/penzionbado.sk\/hu\/wp-json\/wp\/v2\/types\/page"}],"author":[{"embeddable":true,"href":"https:\/\/penzionbado.sk\/hu\/wp-json\/wp\/v2\/users\/1"}],"replies":[{"embeddable":true,"href":"https:\/\/penzionbado.sk\/hu\/wp-json\/wp\/v2\/comments?post=11977"}],"version-history":[{"count":1,"href":"https:\/\/penzionbado.sk\/hu\/wp-json\/wp\/v2\/pages\/11977\/revisions"}],"predecessor-version":[{"id":11980,"href":"https:\/\/penzionbado.sk\/hu\/wp-json\/wp\/v2\/pages\/11977\/revisions\/11980"}],"wp:attachment":[{"href":"https:\/\/penzionbado.sk\/hu\/wp-json\/wp\/v2\/media?parent=11977"}],"curies":[{"name":"wp","href":"https:\/\/api.w.org\/{rel}","templated":true}]}}