{"id":11889,"date":"2024-04-26T13:12:29","date_gmt":"2024-04-26T11:12:29","guid":{"rendered":"https:\/\/penzionbado.sk\/csapatot-keresunk\/"},"modified":"2025-03-14T10:07:39","modified_gmt":"2025-03-14T09:07:39","slug":"csapatot-keresunk","status":"publish","type":"page","link":"https:\/\/penzionbado.sk\/hu\/csapatot-keresunk\/","title":{"rendered":"Csapatot keres\u00fcnk"},"content":{"rendered":"\t\t<div data-elementor-type=\"wp-page\" data-elementor-id=\"11889\" class=\"elementor elementor-11889 elementor-7957\" data-elementor-post-type=\"page\">\n\t\t\t\t\t\t\t<div class=\"elementor-element elementor-element-7444776 e-flex e-con-boxed e-con e-parent\" data-id=\"7444776\" data-element_type=\"container\" data-settings=\"{&quot;content_width&quot;:&quot;boxed&quot;}\" data-core-v316-plus=\"true\">\n\t\t\t\t\t<div class=\"e-con-inner\">\n\t\t\t\t<div class=\"elementor-element elementor-element-13b48a3 elementor-widget elementor-widget-text-editor\" data-id=\"13b48a3\" data-element_type=\"widget\" data-widget_type=\"text-editor.default\">\n\t\t\t\t<div class=\"elementor-widget-container\">\n\t\t\t\t\t\t\t<h2>Pinc\u00e9rn\u0151 \/ pinc\u00e9rn\u0151<\/h2>\n<p>A Stara Lesna-i Ba\u010fo** vend\u00e9gh\u00e1z ter\u00fclet\u00e9n tal\u00e1lhat\u00f3 Caf\u00e9 RICKY k\u00e1v\u00e9z\u00f3nkba pinc\u00e9r \/ pultos poz\u00edci\u00f3ba keres\u00fcnk ideiglenes munkav\u00e1llal\u00f3t, ide\u00e1lis esetben di\u00e1kot a k\u00f6rny\u00e9kr\u0151l.<\/p>\n<p><strong>P\u00e1ly\u00e1z\u00f3i k\u00f6vetelm\u00e9nyek:<\/strong><\/p>\n<ul>\n<li>Tapasztalat egy k\u00e1v\u00e9z\u00f3ban val\u00f3 munkav\u00e9gz\u00e9sben.<\/li>\n<li>Pozit\u00edv megk\u00f6zel\u00edt\u00e9s.<\/li>\n<li>Nagyfok\u00fa felel\u0151ss\u00e9gv\u00e1llal\u00e1s \u00e9s rugalmass\u00e1g.<\/li>\n<li>Minimum \u00e9letkor 16 \u00e9v.<\/li>\n<li><span style=\"text-decoration: underline;\">A bel\u00e9p\u00e9s id\u0151pontja: 2024. j\u00fanius 15. vagy j\u00falius 1.  <\/span><\/li>\n<\/ul>\n<p><strong>Kapcsolat:<\/strong><\/p>\n<ul>\n<li>E-mail: <a href=\"mailto:richard@bado.sk\">richard@bado.sk<\/a><\/li>\n<li>Telefonsz\u00e1m: <a href=\"tel:0903%20366%20836\">0903 366 836<\/a><\/li>\n<\/ul>\n<p><em><br \/>Minden egy\u00e9b felt\u00e9tel szem\u00e9lyes meg\u00e1llapod\u00e1s t\u00e1rgy\u00e1t k\u00e9pezi.<\/em><\/p>\n\t\t\t\t\t\t<\/div>\n\t\t\t\t<\/div>\n\t\t\t\t\t<\/div>\n\t\t\t\t<\/div>\n\t\t\t\t\t\t\t<\/div>\n\t\t","protected":false},"excerpt":{"rendered":"<p>Pinc\u00e9rn\u0151 \/ pinc\u00e9rn\u0151 A Stara Lesna-i Ba\u010fo** vend\u00e9gh\u00e1z ter\u00fclet\u00e9n tal\u00e1lhat\u00f3 Caf\u00e9 RICKY k\u00e1v\u00e9z\u00f3nkba pinc\u00e9r \/ pultos poz\u00edci\u00f3ba keres\u00fcnk ideiglenes munkav\u00e1llal\u00f3t, ide\u00e1lis esetben di\u00e1kot a k\u00f6rny\u00e9kr\u0151l. P\u00e1ly\u00e1z\u00f3i k\u00f6vetelm\u00e9nyek: Tapasztalat egy k\u00e1v\u00e9z\u00f3ban val\u00f3 munkav\u00e9gz\u00e9sben. Pozit\u00edv megk\u00f6zel\u00edt\u00e9s. Nagyfok\u00fa felel\u0151ss\u00e9gv\u00e1llal\u00e1s \u00e9s rugalmass\u00e1g. Minimum \u00e9letkor 16 \u00e9v. A bel\u00e9p\u00e9s id\u0151pontja: 2024. j\u00fanius 15. vagy j\u00falius 1. Kapcsolat: E-mail: richard@bado.sk Telefonsz\u00e1m: [&hellip;]<\/p>\n","protected":false},"author":2,"featured_media":0,"parent":0,"menu_order":0,"comment_status":"closed","ping_status":"closed","template":"","meta":{"inline_featured_image":false},"yoast_head":"<!-- This site is optimized with the Yoast SEO plugin v20.13 - https:\/\/yoast.com\/wordpress\/plugins\/seo\/ -->\n<title>Csapatot keres\u00fcnk | Panzi\u00f3 BA\u010eO***<\/title>\n<meta name=\"robots\" content=\"index, follow, max-snippet:-1, max-image-preview:large, max-video-preview:-1\" \/>\n<link rel=\"canonical\" href=\"https:\/\/penzionbado.sk\/hu\/csapatot-keresunk\/\" \/>\n<meta property=\"og:locale\" content=\"hu_HU\" \/>\n<meta property=\"og:type\" content=\"article\" \/>\n<meta property=\"og:title\" content=\"Csapatot keres\u00fcnk | Panzi\u00f3 BA\u010eO***\" \/>\n<meta property=\"og:description\" content=\"Pinc\u00e9rn\u0151 \/ pinc\u00e9rn\u0151 A Stara Lesna-i Ba\u010fo** vend\u00e9gh\u00e1z ter\u00fclet\u00e9n tal\u00e1lhat\u00f3 Caf\u00e9 RICKY k\u00e1v\u00e9z\u00f3nkba pinc\u00e9r \/ pultos poz\u00edci\u00f3ba keres\u00fcnk ideiglenes munkav\u00e1llal\u00f3t, ide\u00e1lis esetben di\u00e1kot a k\u00f6rny\u00e9kr\u0151l. P\u00e1ly\u00e1z\u00f3i k\u00f6vetelm\u00e9nyek: Tapasztalat egy k\u00e1v\u00e9z\u00f3ban val\u00f3 munkav\u00e9gz\u00e9sben. Pozit\u00edv megk\u00f6zel\u00edt\u00e9s. Nagyfok\u00fa felel\u0151ss\u00e9gv\u00e1llal\u00e1s \u00e9s rugalmass\u00e1g. Minimum \u00e9letkor 16 \u00e9v. A bel\u00e9p\u00e9s id\u0151pontja: 2024. j\u00fanius 15. vagy j\u00falius 1. Kapcsolat: E-mail: richard@bado.sk Telefonsz\u00e1m: [&hellip;]\" \/>\n<meta property=\"og:url\" content=\"https:\/\/penzionbado.sk\/hu\/csapatot-keresunk\/\" \/>\n<meta property=\"og:site_name\" content=\"Panzi\u00f3 BA\u010eO***\" \/>\n<meta property=\"article:publisher\" content=\"https:\/\/www.facebook.com\/www.penzionbado.sk\" \/>\n<meta property=\"article:modified_time\" content=\"2025-03-14T09:07:39+00:00\" \/>\n<meta name=\"twitter:card\" content=\"summary_large_image\" \/>\n<meta name=\"twitter:label1\" content=\"Becs\u00fclt olvas\u00e1si id\u0151\" \/>\n\t<meta name=\"twitter:data1\" content=\"1 perc\" \/>\n<script type=\"application\/ld+json\" class=\"yoast-schema-graph\">{\"@context\":\"https:\/\/schema.org\",\"@graph\":[{\"@type\":\"WebPage\",\"@id\":\"https:\/\/penzionbado.sk\/hu\/csapatot-keresunk\/\",\"url\":\"https:\/\/penzionbado.sk\/hu\/csapatot-keresunk\/\",\"name\":\"Csapatot keres\u00fcnk | Panzi\u00f3 BA\u010eO***\",\"isPartOf\":{\"@id\":\"https:\/\/penzionbado.sk\/#website\"},\"datePublished\":\"2024-04-26T11:12:29+00:00\",\"dateModified\":\"2025-03-14T09:07:39+00:00\",\"breadcrumb\":{\"@id\":\"https:\/\/penzionbado.sk\/hu\/csapatot-keresunk\/#breadcrumb\"},\"inLanguage\":\"hu\",\"potentialAction\":[{\"@type\":\"ReadAction\",\"target\":[\"https:\/\/penzionbado.sk\/hu\/csapatot-keresunk\/\"]}]},{\"@type\":\"BreadcrumbList\",\"@id\":\"https:\/\/penzionbado.sk\/hu\/csapatot-keresunk\/#breadcrumb\",\"itemListElement\":[{\"@type\":\"ListItem\",\"position\":1,\"name\":\"Home\",\"item\":\"https:\/\/penzionbado.sk\/hu\/\"},{\"@type\":\"ListItem\",\"position\":2,\"name\":\"Csapatot keres\u00fcnk\"}]},{\"@type\":\"WebSite\",\"@id\":\"https:\/\/penzionbado.sk\/#website\",\"url\":\"https:\/\/penzionbado.sk\/\",\"name\":\"Panzi\u00f3 BA\u010eO***\",\"description\":\"Rodinn\u00fd penzi\u00f3n pod Lomnick\u00fdm \u0160t\u00edtom\",\"publisher\":{\"@id\":\"https:\/\/penzionbado.sk\/#organization\"},\"potentialAction\":[{\"@type\":\"SearchAction\",\"target\":{\"@type\":\"EntryPoint\",\"urlTemplate\":\"https:\/\/penzionbado.sk\/?s={search_term_string}\"},\"query-input\":\"required name=search_term_string\"}],\"inLanguage\":\"hu\"},{\"@type\":\"Organization\",\"@id\":\"https:\/\/penzionbado.sk\/#organization\",\"name\":\"Panzi\u00f3 BA\u010eO***\",\"url\":\"https:\/\/penzionbado.sk\/\",\"logo\":{\"@type\":\"ImageObject\",\"inLanguage\":\"hu\",\"@id\":\"https:\/\/penzionbado.sk\/#\/schema\/logo\/image\/\",\"url\":\"https:\/\/penzionbado.sk\/wp-content\/uploads\/2023\/05\/BADO_logo_black_transparent.png\",\"contentUrl\":\"https:\/\/penzionbado.sk\/wp-content\/uploads\/2023\/05\/BADO_logo_black_transparent.png\",\"width\":470,\"height\":473,\"caption\":\"Panzi\u00f3 BA\u010eO***\"},\"image\":{\"@id\":\"https:\/\/penzionbado.sk\/#\/schema\/logo\/image\/\"},\"sameAs\":[\"https:\/\/www.facebook.com\/www.penzionbado.sk\",\"https:\/\/www.instagram.com\/penzionvysoketatry\/\",\"https:\/\/www.youtube.com\/channel\/UCxZmlcE9qBcD9fdk4hfpo7g\"]}]}<\/script>\n<!-- \/ Yoast SEO plugin. -->","yoast_head_json":{"title":"Csapatot keres\u00fcnk | Panzi\u00f3 BA\u010eO***","robots":{"index":"index","follow":"follow","max-snippet":"max-snippet:-1","max-image-preview":"max-image-preview:large","max-video-preview":"max-video-preview:-1"},"canonical":"https:\/\/penzionbado.sk\/hu\/csapatot-keresunk\/","og_locale":"hu_HU","og_type":"article","og_title":"Csapatot keres\u00fcnk | Panzi\u00f3 BA\u010eO***","og_description":"Pinc\u00e9rn\u0151 \/ pinc\u00e9rn\u0151 A Stara Lesna-i Ba\u010fo** vend\u00e9gh\u00e1z ter\u00fclet\u00e9n tal\u00e1lhat\u00f3 Caf\u00e9 RICKY k\u00e1v\u00e9z\u00f3nkba pinc\u00e9r \/ pultos poz\u00edci\u00f3ba keres\u00fcnk ideiglenes munkav\u00e1llal\u00f3t, ide\u00e1lis esetben di\u00e1kot a k\u00f6rny\u00e9kr\u0151l. P\u00e1ly\u00e1z\u00f3i k\u00f6vetelm\u00e9nyek: Tapasztalat egy k\u00e1v\u00e9z\u00f3ban val\u00f3 munkav\u00e9gz\u00e9sben. Pozit\u00edv megk\u00f6zel\u00edt\u00e9s. Nagyfok\u00fa felel\u0151ss\u00e9gv\u00e1llal\u00e1s \u00e9s rugalmass\u00e1g. Minimum \u00e9letkor 16 \u00e9v. A bel\u00e9p\u00e9s id\u0151pontja: 2024. j\u00fanius 15. vagy j\u00falius 1. Kapcsolat: E-mail: richard@bado.sk Telefonsz\u00e1m: [&hellip;]","og_url":"https:\/\/penzionbado.sk\/hu\/csapatot-keresunk\/","og_site_name":"Panzi\u00f3 BA\u010eO***","article_publisher":"https:\/\/www.facebook.com\/www.penzionbado.sk","article_modified_time":"2025-03-14T09:07:39+00:00","twitter_card":"summary_large_image","twitter_misc":{"Becs\u00fclt olvas\u00e1si id\u0151":"1 perc"},"schema":{"@context":"https:\/\/schema.org","@graph":[{"@type":"WebPage","@id":"https:\/\/penzionbado.sk\/hu\/csapatot-keresunk\/","url":"https:\/\/penzionbado.sk\/hu\/csapatot-keresunk\/","name":"Csapatot keres\u00fcnk | Panzi\u00f3 BA\u010eO***","isPartOf":{"@id":"https:\/\/penzionbado.sk\/#website"},"datePublished":"2024-04-26T11:12:29+00:00","dateModified":"2025-03-14T09:07:39+00:00","breadcrumb":{"@id":"https:\/\/penzionbado.sk\/hu\/csapatot-keresunk\/#breadcrumb"},"inLanguage":"hu","potentialAction":[{"@type":"ReadAction","target":["https:\/\/penzionbado.sk\/hu\/csapatot-keresunk\/"]}]},{"@type":"BreadcrumbList","@id":"https:\/\/penzionbado.sk\/hu\/csapatot-keresunk\/#breadcrumb","itemListElement":[{"@type":"ListItem","position":1,"name":"Home","item":"https:\/\/penzionbado.sk\/hu\/"},{"@type":"ListItem","position":2,"name":"Csapatot keres\u00fcnk"}]},{"@type":"WebSite","@id":"https:\/\/penzionbado.sk\/#website","url":"https:\/\/penzionbado.sk\/","name":"Panzi\u00f3 BA\u010eO***","description":"Rodinn\u00fd penzi\u00f3n pod Lomnick\u00fdm \u0160t\u00edtom","publisher":{"@id":"https:\/\/penzionbado.sk\/#organization"},"potentialAction":[{"@type":"SearchAction","target":{"@type":"EntryPoint","urlTemplate":"https:\/\/penzionbado.sk\/?s={search_term_string}"},"query-input":"required name=search_term_string"}],"inLanguage":"hu"},{"@type":"Organization","@id":"https:\/\/penzionbado.sk\/#organization","name":"Panzi\u00f3 BA\u010eO***","url":"https:\/\/penzionbado.sk\/","logo":{"@type":"ImageObject","inLanguage":"hu","@id":"https:\/\/penzionbado.sk\/#\/schema\/logo\/image\/","url":"https:\/\/penzionbado.sk\/wp-content\/uploads\/2023\/05\/BADO_logo_black_transparent.png","contentUrl":"https:\/\/penzionbado.sk\/wp-content\/uploads\/2023\/05\/BADO_logo_black_transparent.png","width":470,"height":473,"caption":"Panzi\u00f3 BA\u010eO***"},"image":{"@id":"https:\/\/penzionbado.sk\/#\/schema\/logo\/image\/"},"sameAs":["https:\/\/www.facebook.com\/www.penzionbado.sk","https:\/\/www.instagram.com\/penzionvysoketatry\/","https:\/\/www.youtube.com\/channel\/UCxZmlcE9qBcD9fdk4hfpo7g"]}]}},"_links":{"self":[{"href":"https:\/\/penzionbado.sk\/hu\/wp-json\/wp\/v2\/pages\/11889"}],"collection":[{"href":"https:\/\/penzionbado.sk\/hu\/wp-json\/wp\/v2\/pages"}],"about":[{"href":"https:\/\/penzionbado.sk\/hu\/wp-json\/wp\/v2\/types\/page"}],"author":[{"embeddable":true,"href":"https:\/\/penzionbado.sk\/hu\/wp-json\/wp\/v2\/users\/2"}],"replies":[{"embeddable":true,"href":"https:\/\/penzionbado.sk\/hu\/wp-json\/wp\/v2\/comments?post=11889"}],"version-history":[{"count":1,"href":"https:\/\/penzionbado.sk\/hu\/wp-json\/wp\/v2\/pages\/11889\/revisions"}],"predecessor-version":[{"id":11891,"href":"https:\/\/penzionbado.sk\/hu\/wp-json\/wp\/v2\/pages\/11889\/revisions\/11891"}],"wp:attachment":[{"href":"https:\/\/penzionbado.sk\/hu\/wp-json\/wp\/v2\/media?parent=11889"}],"curies":[{"name":"wp","href":"https:\/\/api.w.org\/{rel}","templated":true}]}}