{"id":11861,"date":"2023-06-21T15:08:30","date_gmt":"2023-06-21T13:08:30","guid":{"rendered":"https:\/\/penzionbado.sk\/cookie-szabalyzat\/"},"modified":"2025-03-14T10:07:31","modified_gmt":"2025-03-14T09:07:31","slug":"cookie-szabalyzat","status":"publish","type":"page","link":"https:\/\/penzionbado.sk\/hu\/cookie-szabalyzat\/","title":{"rendered":"Cookie szab\u00e1lyzat"},"content":{"rendered":"\t\t<div data-elementor-type=\"wp-page\" data-elementor-id=\"11861\" class=\"elementor elementor-11861 elementor-6626\" data-elementor-post-type=\"page\">\n\t\t\t\t\t\t\t\t\t<section class=\"elementor-section elementor-top-section elementor-element elementor-element-4d225ac elementor-section-full_width elementor-section-height-default elementor-section-height-default qodef-elementor-content-no\" data-id=\"4d225ac\" data-element_type=\"section\">\n\t\t\t\t\t\t<div class=\"elementor-container elementor-column-gap-no\">\n\t\t\t\t\t<div class=\"elementor-column elementor-col-100 elementor-top-column elementor-element elementor-element-c3b305a\" data-id=\"c3b305a\" data-element_type=\"column\">\n\t\t\t<div class=\"elementor-widget-wrap elementor-element-populated\">\n\t\t\t\t\t\t\t\t<div class=\"elementor-element elementor-element-da5e3dd elementor-widget elementor-widget-text-editor\" data-id=\"da5e3dd\" data-element_type=\"widget\" data-widget_type=\"text-editor.default\">\n\t\t\t\t<div class=\"elementor-widget-container\">\n\t\t\t\t\t\t\t<h2>Mik azok a s\u00fctik?<\/h2>\nA s\u00fctik olyan kis sz\u00f6veges f\u00e1jlok, amelyeket egy webszerver hoz l\u00e9tre, \u00e9s az \u00d6n sz\u00e1m\u00edt\u00f3g\u00e9p\u00e9n vagy mobileszk\u00f6z\u00e9n t\u00e1rolnak, amikor \u00d6n az interneten b\u00f6ng\u00e9szik. Ezeknek a f\u00e1jloknak k\u00f6sz\u00f6nhet\u0151en a webszerver egy bizonyos ideig megjegyzi az \u00d6n mozg\u00e1s\u00e1t \u00e9s a weboldalon val\u00f3 be\u00e1ll\u00edt\u00e1sait (pl. nyelv, bet\u0171m\u00e9ret stb.), \u00e9s \u00d6nnek nem kell azokat \u00fajra megadnia, amikor legk\u00f6zelebb megl\u00e1togatja a weboldalt. A s\u00fctiket a legt\u00f6bb weboldal \u00e9s web\u00e1ruh\u00e1z haszn\u00e1lja.  \n<h2>A s\u00fctik eloszt\u00e1sa<\/h2>\nA s\u00fctiket tart\u00f3ss\u00e1guk szerint a k\u00f6vetkez\u0151kre lehet osztani:\n<ul>\n \t<li>R\u00f6vid t\u00e1v\u00fa (munkamenet s\u00fctik) &#8211; a b\u00f6ng\u00e9sz\u0151 bez\u00e1r\u00e1sakor t\u00f6rl\u0151dnek a sz\u00e1m\u00edt\u00f3g\u00e9p\u00e9r\u0151l.<\/li>\n \t<li>Hossz\u00fa t\u00e1v\u00fa (tart\u00f3s s\u00fctik) &#8211; a b\u00f6ng\u00e9sz\u0151 bez\u00e1r\u00e1sa ut\u00e1n is a sz\u00e1m\u00edt\u00f3g\u00e9p\u00e9n maradnak, \u00e9s nagyon hossz\u00fa id\u0151 ut\u00e1n t\u00f6rl\u0151dnek (a b\u00f6ng\u00e9sz\u0151 be\u00e1ll\u00edt\u00e1sait\u00f3l f\u00fcgg\u0151en). Manu\u00e1lisan is t\u00f6r\u00f6lheti \u0151ket.  <\/li>\n<\/ul>\nC\u00e9ljuk szerint a k\u00f6vetkez\u0151kre oszthatjuk \u0151ket:\n<ul>\n \t<li>Technikai &#8211; alapvet\u0151 webhely- vagy oldalfunkci\u00f3khoz (vide\u00f3lej\u00e1tsz\u00e1s, tartalommegoszt\u00e1s, bejelentkez\u00e9s)<\/li>\n \t<li>Analitikai &#8211; nem anonim adatok gy\u0171jt\u00e9se az \u00d6n viselked\u00e9s\u00e9r\u0151l. Ezen adatok alapj\u00e1n m\u00f3dos\u00edthatjuk a weboldalt, hogy felhaszn\u00e1l\u00f3bar\u00e1tabb\u00e1 tegy\u00fck azt. <\/li>\n \t<li>Remarketing &#8211; a felhaszn\u00e1l\u00f3nak sz\u00f3l\u00f3 hirdet\u00e9sek c\u00e9lzott megc\u00e9lz\u00e1s\u00e1ra szolg\u00e1l<\/li>\n<\/ul>\n<h2>Hogyan haszn\u00e1ljuk a s\u00fctiket?<\/h2>\nEz a weboldal cookie-kat haszn\u00e1l:\n<ul>\n \t<li>Az oldal sz\u00fcks\u00e9ges funkcionalit\u00e1s\u00e1hoz<\/li>\n \t<li>A felhaszn\u00e1l\u00f3i be\u00e1ll\u00edt\u00e1sok megjegyz\u00e9se<\/li>\n \t<li>N\u00e9vtelen statisztikai adatok gy\u0171jt\u00e9se a l\u00e1togat\u00f3kr\u00f3l<\/li>\n \t<li>A jobb hirdet\u00e9s testreszab\u00e1s \u00e9s a k\u00f6z\u00f6ss\u00e9gi megoszt\u00e1s \u00e9rdek\u00e9ben<\/li>\n<\/ul>\n<h2>Milyen s\u00fctiket haszn\u00e1lunk ?<\/h2>\n<h3>Google Analytics<\/h3>\nA Google Analytics szolg\u00e1ltat\u00e1st a Google, Inc. Ezt arra haszn\u00e1lj\u00e1k, hogy anonimiz\u00e1lt statisztikai adatokat gy\u0171jtsenek a weboldal felhaszn\u00e1l\u00f3k \u00e1ltali haszn\u00e1lat\u00e1r\u00f3l. A szolg\u00e1ltat\u00e1s haszn\u00e1lat\u00e1nak c\u00e9lja, hogy jobban meg\u00e9rts\u00fck l\u00e1togat\u00f3ink ig\u00e9nyeit, \u00e9s biztos\u00edtsuk, hogy el\u00e9gedettek legyenek. A Google Analytics inform\u00e1ci\u00f3kat t\u00e1rol arr\u00f3l, hogy \u00d6n milyen oldalakat l\u00e1togat meg, mennyi ideig tart\u00f3zkodik azokon, honnan \u00e9rkezett az oldalra, \u00e9s milyen linkekre kattint. Az \u00f6sszes inform\u00e1ci\u00f3t a s\u00fctikkel egy\u00fctt a Google, Inc. tov\u00e1bb\u00edtja \u00e9s t\u00e1rolja az Amerikai Egyes\u00fclt \u00c1llamokban tal\u00e1lhat\u00f3 szervereken. Ezek az adatok nem tartalmaznak olyan bizalmas inform\u00e1ci\u00f3kat, amelyek alapj\u00e1n azonos\u00edtani tudn\u00e1nk egy adott l\u00e1togat\u00f3t. Ezen inform\u00e1ci\u00f3k meg\u0151rz\u00e9si ideje hat\u00e1rozatlan id\u0151re van be\u00e1ll\u00edtva. A Google, Inc. ezeket az adatokat harmadik f\u00e9lnek \u00e1tadhatja, ha erre t\u00f6rv\u00e9ny k\u00f6telezi.       \n\nAz adatv\u00e9delemmel kapcsolatos tov\u00e1bbi inform\u00e1ci\u00f3k\u00e9rt kattintson ide: <a href=\"https:\/\/support.google.com\/analytics\/topic\/2919631?hl=sk&amp;ref_topic=1008008\">https:\/\/support.google.com\/analytics\/topic\/2919631?hl=sk&amp;ref_topic=1008008<\/a>\n\nA Google Analytics s\u00fctik elutas\u00edt\u00e1s\u00e1hoz sz\u00fcks\u00e9ges szoftverb\u0151v\u00edtm\u00e9ny telep\u00edt\u00e9s\u00e9hez kattintson ide: <a href=\"https:\/\/tools.google.com\/dlpage\/gaoptout\">https:\/\/tools.google.com\/dlpage\/gaoptou<\/a>\n<h3>Facebook<\/h3>\nA Facebook, Inc. cookie-kat haszn\u00e1l a like \u00e9s share gombok kiszolg\u00e1l\u00e1s\u00e1ra, hogy a weboldal l\u00e1togat\u00f3i gyorsabban \u00e9s k\u00e9nyelmesebben megoszthass\u00e1k az \u00d6n weboldal\u00e1n megjelen\u0151 inform\u00e1ci\u00f3kat. (pl. cikkek, term\u00e9kek, portf\u00f3li\u00f3 stb.) A Facebook, Inc. \u00e1ltal haszn\u00e1lt s\u00fctikr\u0151l tov\u00e1bbi inform\u00e1ci\u00f3kat itt tal\u00e1l: <a href=\"https:\/\/sk-sk.facebook.com\/policies\/cookies\/\">https:\/\/sk-sk.facebook.com\/policies\/cookies\/<\/a>.  \n<h2>B\u00f6ng\u00e9sz\u0151 be\u00e1ll\u00edt\u00e1sok<\/h2>\nA legt\u00f6bb webb\u00f6ng\u00e9sz\u0151 be\u00e1ll\u00edthat\u00f3 \u00fagy, hogy blokkolja a s\u00fctiket. Ennek ellen\u00e9re el\u0151fordulhat, hogy a weboldal egyes elemei nem m\u0171k\u00f6dnek megfelel\u0151en. A cookie-k be\u00e1ll\u00edt\u00e1sai \u00e1ltal\u00e1ban a &#8220;Be\u00e1ll\u00edt\u00e1sok&#8221; vagy a &#8220;Be\u00e1ll\u00edt\u00e1sok&#8221; f\u00fcl alatt tal\u00e1lhat\u00f3k.  \n\nB\u00f6ng\u00e9sz\u0151-specifikus cookie-be\u00e1ll\u00edt\u00e1sok:\n<ul>\n \t<li>Internet Explorer &#8211; <a href=\"https:\/\/support.microsoft.com\/sk-sk\/help\/17442\/windows-internet-explorer-delete-manage-cookies\">https:\/\/support.microsoft.com\/sk-sk\/help\/17442\/windows-internet-explorer-delete-manage-cookies<\/a><\/li>\n \t<li>Mozilla Firefox &#8211; <a href=\"https:\/\/support.mozilla.org\/sk\/kb\/Spr%C3%A1va%20cookies\">https:\/\/support.mozilla.org\/sk\/kb\/Spr%C3%A1va%20cookies<\/a><\/li>\n \t<li>Google Chrome &#8211; <a href=\"https:\/\/support.google.com\/chrome\/answer\/95647?hl=sk\">https:\/\/support.google.com\/chrome\/answer\/95647?hl=sk<\/a><\/li>\n \t<li>Szafari &#8211; <a href=\"https:\/\/support.apple.com\/kb\/ph21411?locale=sk_SK\">https:\/\/support.apple.com\/kb\/ph21411?locale=sk_SK<\/a><\/li>\n<\/ul>\nA s\u00fctikr\u0151l \u00e9s azok haszn\u00e1lat\u00e1r\u00f3l tov\u00e1bbi inform\u00e1ci\u00f3kat a <a href=\"https:\/\/www.aboutcookies.org\/\">https:\/\/aboutcookies.org\/<\/a> oldalon tal\u00e1l.\n<p>Kezelje a s\u00fctikhez val\u00f3 hozz\u00e1j\u00e1rul\u00e1s\u00e1t <a class=\"cmplz-show-banner\">ide kattintva.<\/a><\/p>\t\t\t\t\t\t<\/div>\n\t\t\t\t<\/div>\n\t\t\t\t\t<\/div>\n\t\t<\/div>\n\t\t\t\t\t\t\t<\/div>\n\t\t<\/section>\n\t\t\t\t\t\t\t<\/div>\n\t\t","protected":false},"excerpt":{"rendered":"<p>Mik azok a s\u00fctik? A s\u00fctik olyan kis sz\u00f6veges f\u00e1jlok, amelyeket egy webszerver hoz l\u00e9tre, \u00e9s az \u00d6n sz\u00e1m\u00edt\u00f3g\u00e9p\u00e9n vagy mobileszk\u00f6z\u00e9n t\u00e1rolnak, amikor \u00d6n az interneten b\u00f6ng\u00e9szik. Ezeknek a f\u00e1jloknak k\u00f6sz\u00f6nhet\u0151en a webszerver egy bizonyos ideig megjegyzi az \u00d6n mozg\u00e1s\u00e1t \u00e9s a weboldalon val\u00f3 be\u00e1ll\u00edt\u00e1sait (pl. nyelv, bet\u0171m\u00e9ret stb.), \u00e9s \u00d6nnek nem kell azokat \u00fajra [&hellip;]<\/p>\n","protected":false},"author":1,"featured_media":0,"parent":0,"menu_order":0,"comment_status":"closed","ping_status":"closed","template":"","meta":{"inline_featured_image":false},"yoast_head":"<!-- This site is optimized with the Yoast SEO plugin v20.13 - https:\/\/yoast.com\/wordpress\/plugins\/seo\/ -->\n<title>Cookie szab\u00e1lyzat | Panzi\u00f3 BA\u010eO***<\/title>\n<meta name=\"robots\" content=\"index, follow, max-snippet:-1, max-image-preview:large, max-video-preview:-1\" \/>\n<link rel=\"canonical\" href=\"https:\/\/penzionbado.sk\/hu\/cookie-szabalyzat\/\" \/>\n<meta property=\"og:locale\" content=\"hu_HU\" \/>\n<meta property=\"og:type\" content=\"article\" \/>\n<meta property=\"og:title\" content=\"Cookie szab\u00e1lyzat | Panzi\u00f3 BA\u010eO***\" \/>\n<meta property=\"og:description\" content=\"Mik azok a s\u00fctik? A s\u00fctik olyan kis sz\u00f6veges f\u00e1jlok, amelyeket egy webszerver hoz l\u00e9tre, \u00e9s az \u00d6n sz\u00e1m\u00edt\u00f3g\u00e9p\u00e9n vagy mobileszk\u00f6z\u00e9n t\u00e1rolnak, amikor \u00d6n az interneten b\u00f6ng\u00e9szik. Ezeknek a f\u00e1jloknak k\u00f6sz\u00f6nhet\u0151en a webszerver egy bizonyos ideig megjegyzi az \u00d6n mozg\u00e1s\u00e1t \u00e9s a weboldalon val\u00f3 be\u00e1ll\u00edt\u00e1sait (pl. nyelv, bet\u0171m\u00e9ret stb.), \u00e9s \u00d6nnek nem kell azokat \u00fajra [&hellip;]\" \/>\n<meta property=\"og:url\" content=\"https:\/\/penzionbado.sk\/hu\/cookie-szabalyzat\/\" \/>\n<meta property=\"og:site_name\" content=\"Panzi\u00f3 BA\u010eO***\" \/>\n<meta property=\"article:publisher\" content=\"https:\/\/www.facebook.com\/www.penzionbado.sk\" \/>\n<meta property=\"article:modified_time\" content=\"2025-03-14T09:07:31+00:00\" \/>\n<meta name=\"twitter:card\" content=\"summary_large_image\" \/>\n<meta name=\"twitter:label1\" content=\"Becs\u00fclt olvas\u00e1si id\u0151\" \/>\n\t<meta name=\"twitter:data1\" content=\"4 perc\" \/>\n<script type=\"application\/ld+json\" class=\"yoast-schema-graph\">{\"@context\":\"https:\/\/schema.org\",\"@graph\":[{\"@type\":\"WebPage\",\"@id\":\"https:\/\/penzionbado.sk\/hu\/cookie-szabalyzat\/\",\"url\":\"https:\/\/penzionbado.sk\/hu\/cookie-szabalyzat\/\",\"name\":\"Cookie szab\u00e1lyzat | Panzi\u00f3 BA\u010eO***\",\"isPartOf\":{\"@id\":\"https:\/\/penzionbado.sk\/#website\"},\"datePublished\":\"2023-06-21T13:08:30+00:00\",\"dateModified\":\"2025-03-14T09:07:31+00:00\",\"breadcrumb\":{\"@id\":\"https:\/\/penzionbado.sk\/hu\/cookie-szabalyzat\/#breadcrumb\"},\"inLanguage\":\"hu\",\"potentialAction\":[{\"@type\":\"ReadAction\",\"target\":[\"https:\/\/penzionbado.sk\/hu\/cookie-szabalyzat\/\"]}]},{\"@type\":\"BreadcrumbList\",\"@id\":\"https:\/\/penzionbado.sk\/hu\/cookie-szabalyzat\/#breadcrumb\",\"itemListElement\":[{\"@type\":\"ListItem\",\"position\":1,\"name\":\"Home\",\"item\":\"https:\/\/penzionbado.sk\/hu\/\"},{\"@type\":\"ListItem\",\"position\":2,\"name\":\"Cookie szab\u00e1lyzat\"}]},{\"@type\":\"WebSite\",\"@id\":\"https:\/\/penzionbado.sk\/#website\",\"url\":\"https:\/\/penzionbado.sk\/\",\"name\":\"Panzi\u00f3 BA\u010eO***\",\"description\":\"Rodinn\u00fd penzi\u00f3n pod Lomnick\u00fdm \u0160t\u00edtom\",\"publisher\":{\"@id\":\"https:\/\/penzionbado.sk\/#organization\"},\"potentialAction\":[{\"@type\":\"SearchAction\",\"target\":{\"@type\":\"EntryPoint\",\"urlTemplate\":\"https:\/\/penzionbado.sk\/?s={search_term_string}\"},\"query-input\":\"required name=search_term_string\"}],\"inLanguage\":\"hu\"},{\"@type\":\"Organization\",\"@id\":\"https:\/\/penzionbado.sk\/#organization\",\"name\":\"Panzi\u00f3 BA\u010eO***\",\"url\":\"https:\/\/penzionbado.sk\/\",\"logo\":{\"@type\":\"ImageObject\",\"inLanguage\":\"hu\",\"@id\":\"https:\/\/penzionbado.sk\/#\/schema\/logo\/image\/\",\"url\":\"https:\/\/penzionbado.sk\/wp-content\/uploads\/2023\/05\/BADO_logo_black_transparent.png\",\"contentUrl\":\"https:\/\/penzionbado.sk\/wp-content\/uploads\/2023\/05\/BADO_logo_black_transparent.png\",\"width\":470,\"height\":473,\"caption\":\"Panzi\u00f3 BA\u010eO***\"},\"image\":{\"@id\":\"https:\/\/penzionbado.sk\/#\/schema\/logo\/image\/\"},\"sameAs\":[\"https:\/\/www.facebook.com\/www.penzionbado.sk\",\"https:\/\/www.instagram.com\/penzionvysoketatry\/\",\"https:\/\/www.youtube.com\/channel\/UCxZmlcE9qBcD9fdk4hfpo7g\"]}]}<\/script>\n<!-- \/ Yoast SEO plugin. -->","yoast_head_json":{"title":"Cookie szab\u00e1lyzat | Panzi\u00f3 BA\u010eO***","robots":{"index":"index","follow":"follow","max-snippet":"max-snippet:-1","max-image-preview":"max-image-preview:large","max-video-preview":"max-video-preview:-1"},"canonical":"https:\/\/penzionbado.sk\/hu\/cookie-szabalyzat\/","og_locale":"hu_HU","og_type":"article","og_title":"Cookie szab\u00e1lyzat | Panzi\u00f3 BA\u010eO***","og_description":"Mik azok a s\u00fctik? A s\u00fctik olyan kis sz\u00f6veges f\u00e1jlok, amelyeket egy webszerver hoz l\u00e9tre, \u00e9s az \u00d6n sz\u00e1m\u00edt\u00f3g\u00e9p\u00e9n vagy mobileszk\u00f6z\u00e9n t\u00e1rolnak, amikor \u00d6n az interneten b\u00f6ng\u00e9szik. Ezeknek a f\u00e1jloknak k\u00f6sz\u00f6nhet\u0151en a webszerver egy bizonyos ideig megjegyzi az \u00d6n mozg\u00e1s\u00e1t \u00e9s a weboldalon val\u00f3 be\u00e1ll\u00edt\u00e1sait (pl. nyelv, bet\u0171m\u00e9ret stb.), \u00e9s \u00d6nnek nem kell azokat \u00fajra [&hellip;]","og_url":"https:\/\/penzionbado.sk\/hu\/cookie-szabalyzat\/","og_site_name":"Panzi\u00f3 BA\u010eO***","article_publisher":"https:\/\/www.facebook.com\/www.penzionbado.sk","article_modified_time":"2025-03-14T09:07:31+00:00","twitter_card":"summary_large_image","twitter_misc":{"Becs\u00fclt olvas\u00e1si id\u0151":"4 perc"},"schema":{"@context":"https:\/\/schema.org","@graph":[{"@type":"WebPage","@id":"https:\/\/penzionbado.sk\/hu\/cookie-szabalyzat\/","url":"https:\/\/penzionbado.sk\/hu\/cookie-szabalyzat\/","name":"Cookie szab\u00e1lyzat | Panzi\u00f3 BA\u010eO***","isPartOf":{"@id":"https:\/\/penzionbado.sk\/#website"},"datePublished":"2023-06-21T13:08:30+00:00","dateModified":"2025-03-14T09:07:31+00:00","breadcrumb":{"@id":"https:\/\/penzionbado.sk\/hu\/cookie-szabalyzat\/#breadcrumb"},"inLanguage":"hu","potentialAction":[{"@type":"ReadAction","target":["https:\/\/penzionbado.sk\/hu\/cookie-szabalyzat\/"]}]},{"@type":"BreadcrumbList","@id":"https:\/\/penzionbado.sk\/hu\/cookie-szabalyzat\/#breadcrumb","itemListElement":[{"@type":"ListItem","position":1,"name":"Home","item":"https:\/\/penzionbado.sk\/hu\/"},{"@type":"ListItem","position":2,"name":"Cookie szab\u00e1lyzat"}]},{"@type":"WebSite","@id":"https:\/\/penzionbado.sk\/#website","url":"https:\/\/penzionbado.sk\/","name":"Panzi\u00f3 BA\u010eO***","description":"Rodinn\u00fd penzi\u00f3n pod Lomnick\u00fdm \u0160t\u00edtom","publisher":{"@id":"https:\/\/penzionbado.sk\/#organization"},"potentialAction":[{"@type":"SearchAction","target":{"@type":"EntryPoint","urlTemplate":"https:\/\/penzionbado.sk\/?s={search_term_string}"},"query-input":"required name=search_term_string"}],"inLanguage":"hu"},{"@type":"Organization","@id":"https:\/\/penzionbado.sk\/#organization","name":"Panzi\u00f3 BA\u010eO***","url":"https:\/\/penzionbado.sk\/","logo":{"@type":"ImageObject","inLanguage":"hu","@id":"https:\/\/penzionbado.sk\/#\/schema\/logo\/image\/","url":"https:\/\/penzionbado.sk\/wp-content\/uploads\/2023\/05\/BADO_logo_black_transparent.png","contentUrl":"https:\/\/penzionbado.sk\/wp-content\/uploads\/2023\/05\/BADO_logo_black_transparent.png","width":470,"height":473,"caption":"Panzi\u00f3 BA\u010eO***"},"image":{"@id":"https:\/\/penzionbado.sk\/#\/schema\/logo\/image\/"},"sameAs":["https:\/\/www.facebook.com\/www.penzionbado.sk","https:\/\/www.instagram.com\/penzionvysoketatry\/","https:\/\/www.youtube.com\/channel\/UCxZmlcE9qBcD9fdk4hfpo7g"]}]}},"_links":{"self":[{"href":"https:\/\/penzionbado.sk\/hu\/wp-json\/wp\/v2\/pages\/11861"}],"collection":[{"href":"https:\/\/penzionbado.sk\/hu\/wp-json\/wp\/v2\/pages"}],"about":[{"href":"https:\/\/penzionbado.sk\/hu\/wp-json\/wp\/v2\/types\/page"}],"author":[{"embeddable":true,"href":"https:\/\/penzionbado.sk\/hu\/wp-json\/wp\/v2\/users\/1"}],"replies":[{"embeddable":true,"href":"https:\/\/penzionbado.sk\/hu\/wp-json\/wp\/v2\/comments?post=11861"}],"version-history":[{"count":1,"href":"https:\/\/penzionbado.sk\/hu\/wp-json\/wp\/v2\/pages\/11861\/revisions"}],"predecessor-version":[{"id":11862,"href":"https:\/\/penzionbado.sk\/hu\/wp-json\/wp\/v2\/pages\/11861\/revisions\/11862"}],"wp:attachment":[{"href":"https:\/\/penzionbado.sk\/hu\/wp-json\/wp\/v2\/media?parent=11861"}],"curies":[{"name":"wp","href":"https:\/\/api.w.org\/{rel}","templated":true}]}}