{"id":11829,"date":"2023-05-12T20:10:36","date_gmt":"2023-05-12T18:10:36","guid":{"rendered":"https:\/\/penzionbado.sk\/aktualis-esemenyek\/"},"modified":"2025-03-14T10:07:15","modified_gmt":"2025-03-14T09:07:15","slug":"aktualis-esemenyek","status":"publish","type":"page","link":"https:\/\/penzionbado.sk\/hu\/aktualis-esemenyek\/","title":{"rendered":"Aktu\u00e1lis esem\u00e9nyek"},"content":{"rendered":"\t\t<div data-elementor-type=\"wp-page\" data-elementor-id=\"11829\" class=\"elementor elementor-11829 elementor-5759\" data-elementor-post-type=\"page\">\n\t\t\t\t\t\t\t\t\t<section class=\"elementor-section elementor-top-section elementor-element elementor-element-be15fbf elementor-section-full_width elementor-section-height-default elementor-section-height-default qodef-elementor-content-no\" data-id=\"be15fbf\" data-element_type=\"section\">\n\t\t\t\t\t\t<div class=\"elementor-container elementor-column-gap-no\">\n\t\t\t\t\t<div class=\"elementor-column elementor-col-100 elementor-top-column elementor-element elementor-element-43f440f\" data-id=\"43f440f\" data-element_type=\"column\">\n\t\t\t<div class=\"elementor-widget-wrap elementor-element-populated\">\n\t\t\t\t\t\t\t\t<div class=\"elementor-element elementor-element-08a9efe akcie-img-same-size elementor-widget elementor-widget-alloggio_core_blog_list\" data-id=\"08a9efe\" data-element_type=\"widget\" data-widget_type=\"alloggio_core_blog_list.default\">\n\t\t\t\t<div class=\"elementor-widget-container\">\n\t\t\t<div class=\"qodef-shortcode qodef-m  qodef-blog qodef--list qodef-item-layout--standard  qodef--has-animation qodef-grid qodef-layout--columns  qodef-gutter--normal qodef-col-num--3 qodef-item-layout--standard qodef-pagination--on qodef-pagination-type--standard qodef-responsive--custom qodef-col-num--1440--3 qodef-col-num--1366--3 qodef-col-num--1024--2 qodef-col-num--768--2 qodef-col-num--680--1 qodef-col-num--480--1\" data-options=\"{&quot;plugin&quot;:&quot;alloggio_core&quot;,&quot;module&quot;:&quot;blog\\\/shortcodes&quot;,&quot;shortcode&quot;:&quot;blog-list&quot;,&quot;post_type&quot;:&quot;post&quot;,&quot;next_page&quot;:&quot;2&quot;,&quot;max_pages_num&quot;:1,&quot;behavior&quot;:&quot;columns&quot;,&quot;images_proportion&quot;:&quot;full&quot;,&quot;columns&quot;:&quot;3&quot;,&quot;columns_responsive&quot;:&quot;custom&quot;,&quot;columns_1440&quot;:&quot;3&quot;,&quot;columns_1366&quot;:&quot;3&quot;,&quot;columns_1024&quot;:&quot;2&quot;,&quot;columns_768&quot;:&quot;2&quot;,&quot;columns_680&quot;:&quot;1&quot;,&quot;columns_480&quot;:&quot;1&quot;,&quot;space&quot;:&quot;normal&quot;,&quot;posts_per_page&quot;:&quot;12&quot;,&quot;orderby&quot;:&quot;date&quot;,&quot;order&quot;:&quot;DESC&quot;,&quot;additional_params&quot;:&quot;tax&quot;,&quot;tax&quot;:&quot;category&quot;,&quot;tax_slug&quot;:&quot;Akcie&quot;,&quot;layout&quot;:&quot;standard&quot;,&quot;title_tag&quot;:&quot;h3&quot;,&quot;enable_animation&quot;:&quot;yes&quot;,&quot;enable_author_info&quot;:&quot;no&quot;,&quot;enable_read_more&quot;:&quot;yes&quot;,&quot;excerpt_length&quot;:&quot;145&quot;,&quot;pagination_type&quot;:&quot;standard&quot;,&quot;object_class_name&quot;:&quot;AlloggioCoreBlogListShortcode&quot;,&quot;taxonomy_filter&quot;:&quot;category&quot;,&quot;additional_query_args&quot;:{&quot;tax_query&quot;:[{&quot;taxonomy&quot;:&quot;category&quot;,&quot;field&quot;:&quot;slug&quot;,&quot;terms&quot;:&quot;Akcie&quot;}]},&quot;space_value&quot;:15}\">\n\t\t<div class=\"qodef-grid-inner clear\">\n\t\t<article class=\"qodef-e qodef-blog-item qodef-grid-item qodef-item--full post-11904 post type-post status-publish format-standard has-post-thumbnail hentry category-tevekenysegek\">\n\t<div class=\"qodef-e-inner\">\n\t\t<div class=\"qodef-e-media\">\n\t\t<div class=\"qodef-e-media-image\">\n\t\t<a itemprop=\"url\" href=\"https:\/\/penzionbado.sk\/hu\/tevekenysegek\/61-szabad-akcio\/\">\n\t\t\t<img width=\"1200\" height=\"462\" src=\"https:\/\/penzionbado.sk\/wp-content\/uploads\/2025\/05\/61-ingyen-Penzion-Bado-HU.webp\" class=\"attachment-full size-full wp-post-image\" alt=\"6+1 ingyen - Penzion Ba\u010fo HU\" decoding=\"async\" loading=\"lazy\" srcset=\"https:\/\/penzionbado.sk\/wp-content\/uploads\/2025\/05\/61-ingyen-Penzion-Bado-HU.webp 1200w, https:\/\/penzionbado.sk\/wp-content\/uploads\/2025\/05\/61-ingyen-Penzion-Bado-HU-300x116.webp 300w, https:\/\/penzionbado.sk\/wp-content\/uploads\/2025\/05\/61-ingyen-Penzion-Bado-HU-1024x394.webp 1024w, https:\/\/penzionbado.sk\/wp-content\/uploads\/2025\/05\/61-ingyen-Penzion-Bado-HU-768x296.webp 768w, https:\/\/penzionbado.sk\/wp-content\/uploads\/2025\/05\/61-ingyen-Penzion-Bado-HU-600x231.webp 600w\" sizes=\"(max-width: 1200px) 100vw, 1200px\" \/>\t\t<\/a>\n\t<\/div>\n<\/div>\t\t<div class=\"qodef-e-content\">\n\t\t\t<div class=\"qodef-e-info qodef-info--top\">\n\t\t\t\t<div itemprop=\"dateCreated\" class=\"qodef-e-info-item qodef-e-info-date entry-date \">\n\t<a itemprop=\"url\" href=\"https:\/\/penzionbado.sk\/hu\/2025\/05\/\">4. m\u00e1jus 2025<\/a>\n\t<meta itemprop=\"interactionCount\" content=\"UserComments: 0\"\/>\n<\/div>\t\t\t<\/div>\n\t\t\t<div class=\"qodef-e-text\">\n\t\t\t\t<h3 itemprop=\"name\" class=\"qodef-e-title entry-title\" >\n\t<a itemprop=\"url\" class=\"qodef-e-title-link\" href=\"https:\/\/penzionbado.sk\/hu\/tevekenysegek\/61-szabad-akcio\/\">\n\t\t6+1 szabad akci\u00f3\t<\/a>\n<\/h3>\n\t\t<p itemprop=\"description\" class=\"qodef-e-excerpt\">\u00c9lje \u00e1t a 2026-\u00f6s ny\u00e1ri vak\u00e1ci\u00f3t exkluz\u00edv csomagunkkal!\n\nAz \u00e1r 2 f\u0151 r\u00e9sz\u00e9re 36,- Eur * 6 \u00e9jszaka * 2 = 432,- Eur \u00e1f\u00e1val egy\u00fctt.  \n<\/p>\n\t\t\t\t<\/div>\n\t\t\t\t\t\t\t<div class=\"qodef-e-info qodef-info--bottom\">\n\t\t\t\t\t\t<div class=\"qodef-e-read-more\">\n\t\t<a class=\"qodef-shortcode qodef-m  qodef-button qodef-layout--textual  qodef-html--link\" href=\"https:\/\/penzionbado.sk\/hu\/tevekenysegek\/61-szabad-akcio\/\" target=\"_self\"  >\t<span class=\"qodef-m-text\">Olvasson tov\u00e1bb<\/span>\t<span class=\"qodef-m-plus\"><\/span><\/a>\t<\/div>\n\t\t\t\t<\/div>\n\t\t\t\t\t<\/div>\n\t<\/div>\n<\/article><article class=\"qodef-e qodef-blog-item qodef-grid-item qodef-item--full post-11958 post type-post status-publish format-standard has-post-thumbnail hentry category-tevekenysegek\">\n\t<div class=\"qodef-e-inner\">\n\t\t<div class=\"qodef-e-media\">\n\t\t<div class=\"qodef-e-media-image\">\n\t\t<a itemprop=\"url\" href=\"https:\/\/penzionbado.sk\/hu\/tevekenysegek\/majusi-unnepek-a-hegyekben\/\">\n\t\t\t<img width=\"2400\" height=\"924\" src=\"https:\/\/penzionbado.sk\/wp-content\/uploads\/2025\/05\/Maj-na-horach-wid-HU.jpg\" class=\"attachment-full size-full wp-post-image\" alt=\"\" decoding=\"async\" loading=\"lazy\" srcset=\"https:\/\/penzionbado.sk\/wp-content\/uploads\/2025\/05\/Maj-na-horach-wid-HU.jpg 2400w, https:\/\/penzionbado.sk\/wp-content\/uploads\/2025\/05\/Maj-na-horach-wid-HU-300x116.jpg 300w, https:\/\/penzionbado.sk\/wp-content\/uploads\/2025\/05\/Maj-na-horach-wid-HU-1024x394.jpg 1024w, https:\/\/penzionbado.sk\/wp-content\/uploads\/2025\/05\/Maj-na-horach-wid-HU-768x296.jpg 768w, https:\/\/penzionbado.sk\/wp-content\/uploads\/2025\/05\/Maj-na-horach-wid-HU-1536x591.jpg 1536w, https:\/\/penzionbado.sk\/wp-content\/uploads\/2025\/05\/Maj-na-horach-wid-HU-2048x788.jpg 2048w, https:\/\/penzionbado.sk\/wp-content\/uploads\/2025\/05\/Maj-na-horach-wid-HU-600x231.jpg 600w\" sizes=\"(max-width: 2400px) 100vw, 2400px\" \/>\t\t<\/a>\n\t<\/div>\n<\/div>\t\t<div class=\"qodef-e-content\">\n\t\t\t<div class=\"qodef-e-info qodef-info--top\">\n\t\t\t\t<div itemprop=\"dateCreated\" class=\"qodef-e-info-item qodef-e-info-date entry-date \">\n\t<a itemprop=\"url\" href=\"https:\/\/penzionbado.sk\/hu\/2025\/01\/\">30. janu\u00e1r 2025<\/a>\n\t<meta itemprop=\"interactionCount\" content=\"UserComments: 0\"\/>\n<\/div>\t\t\t<\/div>\n\t\t\t<div class=\"qodef-e-text\">\n\t\t\t\t<h3 itemprop=\"name\" class=\"qodef-e-title entry-title\" >\n\t<a itemprop=\"url\" class=\"qodef-e-title-link\" href=\"https:\/\/penzionbado.sk\/hu\/tevekenysegek\/majusi-unnepek-a-hegyekben\/\">\n\t\tM\u00e1jusi \u00fcnnepek a hegyekben wellnesszel\t<\/a>\n<\/h3>\n\t\t<p itemprop=\"description\" class=\"qodef-e-excerpt\">M\u00e1jusi h\u00e9tv\u00e9ge a hegyekben. Hangulatos, otthonos hangulat\u00fa sz\u00e1ll\u00e1s hagyom\u00e1nyos szlov\u00e1k konyh\u00e1val. Pihenhet szaun\u00e1nkban, pezsg\u0151f\u00fcrd\u0151n<\/p>\n\t\t\t\t<\/div>\n\t\t\t\t\t\t\t<div class=\"qodef-e-info qodef-info--bottom\">\n\t\t\t\t\t\t<div class=\"qodef-e-read-more\">\n\t\t<a class=\"qodef-shortcode qodef-m  qodef-button qodef-layout--textual  qodef-html--link\" href=\"https:\/\/penzionbado.sk\/hu\/tevekenysegek\/majusi-unnepek-a-hegyekben\/\" target=\"_self\"  >\t<span class=\"qodef-m-text\">Olvasson tov\u00e1bb<\/span>\t<span class=\"qodef-m-plus\"><\/span><\/a>\t<\/div>\n\t\t\t\t<\/div>\n\t\t\t\t\t<\/div>\n\t<\/div>\n<\/article><article class=\"qodef-e qodef-blog-item qodef-grid-item qodef-item--full post-11922 post type-post status-publish format-standard has-post-thumbnail hentry category-tevekenysegek\">\n\t<div class=\"qodef-e-inner\">\n\t\t<div class=\"qodef-e-media\">\n\t\t<div class=\"qodef-e-media-image\">\n\t\t<a itemprop=\"url\" href=\"https:\/\/penzionbado.sk\/hu\/tevekenysegek\/ajandekutalvanyok-nyaralas-szlovakiaban\/\">\n\t\t\t<img width=\"2400\" height=\"924\" src=\"https:\/\/penzionbado.sk\/wp-content\/uploads\/2025\/05\/Daruj-zazitok-wid-HU.jpg\" class=\"attachment-full size-full wp-post-image\" alt=\"\" decoding=\"async\" loading=\"lazy\" srcset=\"https:\/\/penzionbado.sk\/wp-content\/uploads\/2025\/05\/Daruj-zazitok-wid-HU.jpg 2400w, https:\/\/penzionbado.sk\/wp-content\/uploads\/2025\/05\/Daruj-zazitok-wid-HU-300x116.jpg 300w, https:\/\/penzionbado.sk\/wp-content\/uploads\/2025\/05\/Daruj-zazitok-wid-HU-1024x394.jpg 1024w, https:\/\/penzionbado.sk\/wp-content\/uploads\/2025\/05\/Daruj-zazitok-wid-HU-768x296.jpg 768w, https:\/\/penzionbado.sk\/wp-content\/uploads\/2025\/05\/Daruj-zazitok-wid-HU-1536x591.jpg 1536w, https:\/\/penzionbado.sk\/wp-content\/uploads\/2025\/05\/Daruj-zazitok-wid-HU-2048x788.jpg 2048w, https:\/\/penzionbado.sk\/wp-content\/uploads\/2025\/05\/Daruj-zazitok-wid-HU-600x231.jpg 600w\" sizes=\"(max-width: 2400px) 100vw, 2400px\" \/>\t\t<\/a>\n\t<\/div>\n<\/div>\t\t<div class=\"qodef-e-content\">\n\t\t\t<div class=\"qodef-e-info qodef-info--top\">\n\t\t\t\t<div itemprop=\"dateCreated\" class=\"qodef-e-info-item qodef-e-info-date entry-date \">\n\t<a itemprop=\"url\" href=\"https:\/\/penzionbado.sk\/hu\/2024\/11\/\">26. november 2024<\/a>\n\t<meta itemprop=\"interactionCount\" content=\"UserComments: 0\"\/>\n<\/div>\t\t\t<\/div>\n\t\t\t<div class=\"qodef-e-text\">\n\t\t\t\t<h3 itemprop=\"name\" class=\"qodef-e-title entry-title\" >\n\t<a itemprop=\"url\" class=\"qodef-e-title-link\" href=\"https:\/\/penzionbado.sk\/hu\/tevekenysegek\/ajandekutalvanyok-nyaralas-szlovakiaban\/\">\n\t\tAj\u00e1nd\u00e9kutalv\u00e1nyok &#8211; Nyaral\u00e1s Szlov\u00e1ki\u00e1ban\t<\/a>\n<\/h3>\n\t\t<p itemprop=\"description\" class=\"qodef-e-excerpt\">A BA\u010eO*** sz\u00e1ll\u00e1shely\u00fcnk\u00f6n val\u00f3 tart\u00f3zkod\u00e1s vagy \u00e9lm\u00e9ny ide\u00e1lis aj\u00e1nd\u00e9koz\u00e1sra. Nagyszer\u0171 aj\u00e1nd\u00e9ktippeket tal\u00e1l csal\u00e1dtagoknak,<\/p>\n\t\t\t\t<\/div>\n\t\t\t\t\t\t\t<div class=\"qodef-e-info qodef-info--bottom\">\n\t\t\t\t\t\t<div class=\"qodef-e-read-more\">\n\t\t<a class=\"qodef-shortcode qodef-m  qodef-button qodef-layout--textual  qodef-html--link\" href=\"https:\/\/penzionbado.sk\/hu\/tevekenysegek\/ajandekutalvanyok-nyaralas-szlovakiaban\/\" target=\"_self\"  >\t<span class=\"qodef-m-text\">Olvasson tov\u00e1bb<\/span>\t<span class=\"qodef-m-plus\"><\/span><\/a>\t<\/div>\n\t\t\t\t<\/div>\n\t\t\t\t\t<\/div>\n\t<\/div>\n<\/article>\t<\/div>\n\t<\/div>\n\t\t<\/div>\n\t\t\t\t<\/div>\n\t\t\t\t\t<\/div>\n\t\t<\/div>\n\t\t\t\t\t\t\t<\/div>\n\t\t<\/section>\n\t\t\t\t\t\t\t<\/div>\n\t\t","protected":false},"excerpt":{"rendered":"<p>7. janu\u00e1ra 2025 Osl\u00e1vte Valent\u00edna na hor\u00e1ch s Penzi\u00f3nom BA\u010eO \u010c\u00edta\u0165 viac 4. decembra 2024 Ly\u017eova\u010dka s ubytovan\u00edm 6+1 noc zdarma Pre\u017eite par\u00e1dnu zimn\u00fa ly\u017eova\u010dku 2025 s na\u0161\u00edm exkluz\u00edvnym bal\u00edkom 6+1 noc zdarma) Cena akcie pre 2 osoby je 35,- Eur * 6 noc\u00ed * 2 = 420, \u010c\u00edta\u0165 viac 26. novembra 2024 Dar\u010dekov\u00e9 pouk\u00e1\u017eky [&hellip;]<\/p>\n","protected":false},"author":1,"featured_media":0,"parent":0,"menu_order":0,"comment_status":"closed","ping_status":"closed","template":"","meta":{"inline_featured_image":false},"yoast_head":"<!-- This site is optimized with the Yoast SEO plugin v20.13 - https:\/\/yoast.com\/wordpress\/plugins\/seo\/ -->\n<title>Aktu\u00e1lis esem\u00e9nyek | Panzi\u00f3 BA\u010eO***<\/title>\n<meta name=\"description\" content=\"Tekintse meg aktu\u00e1lis h\u00e9tv\u00e9gi vagy heti aj\u00e1nlatunkat. Haszn\u00e1lja ki a m\u00e9g kedvez\u0151bb \u00e1r\u00fa tart\u00f3zkod\u00e1si csomagokat.\" \/>\n<meta name=\"robots\" content=\"index, follow, max-snippet:-1, max-image-preview:large, max-video-preview:-1\" \/>\n<link rel=\"canonical\" href=\"https:\/\/penzionbado.sk\/hu\/aktualis-esemenyek\/\" \/>\n<meta property=\"og:locale\" content=\"hu_HU\" \/>\n<meta property=\"og:type\" content=\"article\" \/>\n<meta property=\"og:title\" content=\"Aktu\u00e1lis esem\u00e9nyek | Panzi\u00f3 BA\u010eO***\" \/>\n<meta property=\"og:description\" content=\"Tekintse meg aktu\u00e1lis h\u00e9tv\u00e9gi vagy heti aj\u00e1nlatunkat. Haszn\u00e1lja ki a m\u00e9g kedvez\u0151bb \u00e1r\u00fa tart\u00f3zkod\u00e1si csomagokat.\" \/>\n<meta property=\"og:url\" content=\"https:\/\/penzionbado.sk\/hu\/aktualis-esemenyek\/\" \/>\n<meta property=\"og:site_name\" content=\"Panzi\u00f3 BA\u010eO***\" \/>\n<meta property=\"article:publisher\" content=\"https:\/\/www.facebook.com\/www.penzionbado.sk\" \/>\n<meta property=\"article:modified_time\" content=\"2025-03-14T09:07:15+00:00\" \/>\n<meta property=\"og:image\" content=\"https:\/\/penzionbado.sk\/wp-content\/uploads\/2025\/01\/valentin-penzion-Bado.jpg\" \/>\n<meta name=\"twitter:card\" content=\"summary_large_image\" \/>\n<meta name=\"twitter:label1\" content=\"Becs\u00fclt olvas\u00e1si id\u0151\" \/>\n\t<meta name=\"twitter:data1\" content=\"1 perc\" \/>\n<script type=\"application\/ld+json\" class=\"yoast-schema-graph\">{\"@context\":\"https:\/\/schema.org\",\"@graph\":[{\"@type\":\"WebPage\",\"@id\":\"https:\/\/penzionbado.sk\/hu\/aktualis-esemenyek\/\",\"url\":\"https:\/\/penzionbado.sk\/hu\/aktualis-esemenyek\/\",\"name\":\"Aktu\u00e1lis esem\u00e9nyek | Panzi\u00f3 BA\u010eO***\",\"isPartOf\":{\"@id\":\"https:\/\/penzionbado.sk\/#website\"},\"datePublished\":\"2023-05-12T18:10:36+00:00\",\"dateModified\":\"2025-03-14T09:07:15+00:00\",\"description\":\"Tekintse meg aktu\u00e1lis h\u00e9tv\u00e9gi vagy heti aj\u00e1nlatunkat. Haszn\u00e1lja ki a m\u00e9g kedvez\u0151bb \u00e1r\u00fa tart\u00f3zkod\u00e1si csomagokat.\",\"breadcrumb\":{\"@id\":\"https:\/\/penzionbado.sk\/hu\/aktualis-esemenyek\/#breadcrumb\"},\"inLanguage\":\"hu\",\"potentialAction\":[{\"@type\":\"ReadAction\",\"target\":[\"https:\/\/penzionbado.sk\/hu\/aktualis-esemenyek\/\"]}]},{\"@type\":\"BreadcrumbList\",\"@id\":\"https:\/\/penzionbado.sk\/hu\/aktualis-esemenyek\/#breadcrumb\",\"itemListElement\":[{\"@type\":\"ListItem\",\"position\":1,\"name\":\"Home\",\"item\":\"https:\/\/penzionbado.sk\/hu\/\"},{\"@type\":\"ListItem\",\"position\":2,\"name\":\"Aktu\u00e1lis esem\u00e9nyek\"}]},{\"@type\":\"WebSite\",\"@id\":\"https:\/\/penzionbado.sk\/#website\",\"url\":\"https:\/\/penzionbado.sk\/\",\"name\":\"Panzi\u00f3 BA\u010eO***\",\"description\":\"Rodinn\u00fd penzi\u00f3n pod Lomnick\u00fdm \u0160t\u00edtom\",\"publisher\":{\"@id\":\"https:\/\/penzionbado.sk\/#organization\"},\"potentialAction\":[{\"@type\":\"SearchAction\",\"target\":{\"@type\":\"EntryPoint\",\"urlTemplate\":\"https:\/\/penzionbado.sk\/?s={search_term_string}\"},\"query-input\":\"required name=search_term_string\"}],\"inLanguage\":\"hu\"},{\"@type\":\"Organization\",\"@id\":\"https:\/\/penzionbado.sk\/#organization\",\"name\":\"Panzi\u00f3 BA\u010eO***\",\"url\":\"https:\/\/penzionbado.sk\/\",\"logo\":{\"@type\":\"ImageObject\",\"inLanguage\":\"hu\",\"@id\":\"https:\/\/penzionbado.sk\/#\/schema\/logo\/image\/\",\"url\":\"https:\/\/penzionbado.sk\/wp-content\/uploads\/2023\/05\/BADO_logo_black_transparent.png\",\"contentUrl\":\"https:\/\/penzionbado.sk\/wp-content\/uploads\/2023\/05\/BADO_logo_black_transparent.png\",\"width\":470,\"height\":473,\"caption\":\"Panzi\u00f3 BA\u010eO***\"},\"image\":{\"@id\":\"https:\/\/penzionbado.sk\/#\/schema\/logo\/image\/\"},\"sameAs\":[\"https:\/\/www.facebook.com\/www.penzionbado.sk\",\"https:\/\/www.instagram.com\/penzionvysoketatry\/\",\"https:\/\/www.youtube.com\/channel\/UCxZmlcE9qBcD9fdk4hfpo7g\"]}]}<\/script>\n<!-- \/ Yoast SEO plugin. -->","yoast_head_json":{"title":"Aktu\u00e1lis esem\u00e9nyek | Panzi\u00f3 BA\u010eO***","description":"Tekintse meg aktu\u00e1lis h\u00e9tv\u00e9gi vagy heti aj\u00e1nlatunkat. Haszn\u00e1lja ki a m\u00e9g kedvez\u0151bb \u00e1r\u00fa tart\u00f3zkod\u00e1si csomagokat.","robots":{"index":"index","follow":"follow","max-snippet":"max-snippet:-1","max-image-preview":"max-image-preview:large","max-video-preview":"max-video-preview:-1"},"canonical":"https:\/\/penzionbado.sk\/hu\/aktualis-esemenyek\/","og_locale":"hu_HU","og_type":"article","og_title":"Aktu\u00e1lis esem\u00e9nyek | Panzi\u00f3 BA\u010eO***","og_description":"Tekintse meg aktu\u00e1lis h\u00e9tv\u00e9gi vagy heti aj\u00e1nlatunkat. Haszn\u00e1lja ki a m\u00e9g kedvez\u0151bb \u00e1r\u00fa tart\u00f3zkod\u00e1si csomagokat.","og_url":"https:\/\/penzionbado.sk\/hu\/aktualis-esemenyek\/","og_site_name":"Panzi\u00f3 BA\u010eO***","article_publisher":"https:\/\/www.facebook.com\/www.penzionbado.sk","article_modified_time":"2025-03-14T09:07:15+00:00","og_image":[{"url":"https:\/\/penzionbado.sk\/wp-content\/uploads\/2025\/01\/valentin-penzion-Bado.jpg"}],"twitter_card":"summary_large_image","twitter_misc":{"Becs\u00fclt olvas\u00e1si id\u0151":"1 perc"},"schema":{"@context":"https:\/\/schema.org","@graph":[{"@type":"WebPage","@id":"https:\/\/penzionbado.sk\/hu\/aktualis-esemenyek\/","url":"https:\/\/penzionbado.sk\/hu\/aktualis-esemenyek\/","name":"Aktu\u00e1lis esem\u00e9nyek | Panzi\u00f3 BA\u010eO***","isPartOf":{"@id":"https:\/\/penzionbado.sk\/#website"},"datePublished":"2023-05-12T18:10:36+00:00","dateModified":"2025-03-14T09:07:15+00:00","description":"Tekintse meg aktu\u00e1lis h\u00e9tv\u00e9gi vagy heti aj\u00e1nlatunkat. Haszn\u00e1lja ki a m\u00e9g kedvez\u0151bb \u00e1r\u00fa tart\u00f3zkod\u00e1si csomagokat.","breadcrumb":{"@id":"https:\/\/penzionbado.sk\/hu\/aktualis-esemenyek\/#breadcrumb"},"inLanguage":"hu","potentialAction":[{"@type":"ReadAction","target":["https:\/\/penzionbado.sk\/hu\/aktualis-esemenyek\/"]}]},{"@type":"BreadcrumbList","@id":"https:\/\/penzionbado.sk\/hu\/aktualis-esemenyek\/#breadcrumb","itemListElement":[{"@type":"ListItem","position":1,"name":"Home","item":"https:\/\/penzionbado.sk\/hu\/"},{"@type":"ListItem","position":2,"name":"Aktu\u00e1lis esem\u00e9nyek"}]},{"@type":"WebSite","@id":"https:\/\/penzionbado.sk\/#website","url":"https:\/\/penzionbado.sk\/","name":"Panzi\u00f3 BA\u010eO***","description":"Rodinn\u00fd penzi\u00f3n pod Lomnick\u00fdm \u0160t\u00edtom","publisher":{"@id":"https:\/\/penzionbado.sk\/#organization"},"potentialAction":[{"@type":"SearchAction","target":{"@type":"EntryPoint","urlTemplate":"https:\/\/penzionbado.sk\/?s={search_term_string}"},"query-input":"required name=search_term_string"}],"inLanguage":"hu"},{"@type":"Organization","@id":"https:\/\/penzionbado.sk\/#organization","name":"Panzi\u00f3 BA\u010eO***","url":"https:\/\/penzionbado.sk\/","logo":{"@type":"ImageObject","inLanguage":"hu","@id":"https:\/\/penzionbado.sk\/#\/schema\/logo\/image\/","url":"https:\/\/penzionbado.sk\/wp-content\/uploads\/2023\/05\/BADO_logo_black_transparent.png","contentUrl":"https:\/\/penzionbado.sk\/wp-content\/uploads\/2023\/05\/BADO_logo_black_transparent.png","width":470,"height":473,"caption":"Panzi\u00f3 BA\u010eO***"},"image":{"@id":"https:\/\/penzionbado.sk\/#\/schema\/logo\/image\/"},"sameAs":["https:\/\/www.facebook.com\/www.penzionbado.sk","https:\/\/www.instagram.com\/penzionvysoketatry\/","https:\/\/www.youtube.com\/channel\/UCxZmlcE9qBcD9fdk4hfpo7g"]}]}},"_links":{"self":[{"href":"https:\/\/penzionbado.sk\/hu\/wp-json\/wp\/v2\/pages\/11829"}],"collection":[{"href":"https:\/\/penzionbado.sk\/hu\/wp-json\/wp\/v2\/pages"}],"about":[{"href":"https:\/\/penzionbado.sk\/hu\/wp-json\/wp\/v2\/types\/page"}],"author":[{"embeddable":true,"href":"https:\/\/penzionbado.sk\/hu\/wp-json\/wp\/v2\/users\/1"}],"replies":[{"embeddable":true,"href":"https:\/\/penzionbado.sk\/hu\/wp-json\/wp\/v2\/comments?post=11829"}],"version-history":[{"count":1,"href":"https:\/\/penzionbado.sk\/hu\/wp-json\/wp\/v2\/pages\/11829\/revisions"}],"predecessor-version":[{"id":11831,"href":"https:\/\/penzionbado.sk\/hu\/wp-json\/wp\/v2\/pages\/11829\/revisions\/11831"}],"wp:attachment":[{"href":"https:\/\/penzionbado.sk\/hu\/wp-json\/wp\/v2\/media?parent=11829"}],"curies":[{"name":"wp","href":"https:\/\/api.w.org\/{rel}","templated":true}]}}