{"id":11797,"date":"2023-05-24T16:42:50","date_gmt":"2023-05-24T14:42:50","guid":{"rendered":"https:\/\/penzionbado.sk\/szobak\/"},"modified":"2025-03-17T09:13:55","modified_gmt":"2025-03-17T08:13:55","slug":"szobak","status":"publish","type":"page","link":"https:\/\/penzionbado.sk\/hu\/szobak\/","title":{"rendered":"Szob\u00e1k"},"content":{"rendered":"\t\t<div data-elementor-type=\"wp-page\" data-elementor-id=\"11797\" class=\"elementor elementor-11797 elementor-6361\" data-elementor-post-type=\"page\">\n\t\t\t\t\t\t\t<div class=\"elementor-element elementor-element-21ae758 e-flex e-con-boxed e-con e-parent\" data-id=\"21ae758\" data-element_type=\"container\" data-settings=\"{&quot;content_width&quot;:&quot;boxed&quot;}\" data-core-v316-plus=\"true\">\n\t\t\t\t\t<div class=\"e-con-inner\">\n\t\t\t\t<div class=\"elementor-element elementor-element-a44163a elementor-widget elementor-widget-alloggio_core_section_title\" data-id=\"a44163a\" data-element_type=\"widget\" data-widget_type=\"alloggio_core_section_title.default\">\n\t\t\t\t<div class=\"elementor-widget-container\">\n\t\t\t<div class=\"qodef-shortcode qodef-m  qodef-section-title qodef-alignment--left\">\n\t\t<h2 class=\"qodef-m-title\" >\n\t\t\t\t\tV\u00e1lasszon a rendelkez\u00e9sre \u00e1ll\u00f3 szob\u00e1k list\u00e1j\u00e1b\u00f3l\t\t\t<\/h2>\n\t<\/div>\t\t<\/div>\n\t\t\t\t<\/div>\n\t\t\t\t<div class=\"elementor-element elementor-element-adc6403 elementor-widget elementor-widget-text-editor\" data-id=\"adc6403\" data-element_type=\"widget\" data-widget_type=\"text-editor.default\">\n\t\t\t\t<div class=\"elementor-widget-container\">\n\t\t\t\t\t\t\t<p>Az akt\u00edv pihen\u00e9st \u00e9s a vend\u00e9gh\u00e1z ter\u00fclet\u00e9n ny\u00fajtott szolg\u00e1ltat\u00e1sokat \u00f6tv\u00f6z\u0151 nyaral\u00e1s. Egy apartmannal, 12 k\u00e9t\u00e1gyas \u00e9s 8 h\u00e1rom\u00e1gyas szob\u00e1val rendelkez\u00fcnk, minden szob\u00e1ban egy p\u00f3t\u00e1ggyal. A vend\u00e9gh\u00e1zon bel\u00fcl sz\u00e1mos szabadt\u00e9ri tev\u00e9kenys\u00e9g \u00e9s sz\u00f3rakoz\u00e1si lehet\u0151s\u00e9g k\u00f6z\u00fcl v\u00e1laszthat. N\u00e1lunk biztosan nem fog unatkozni.   <\/p>\n\t\t\t\t\t\t<\/div>\n\t\t\t\t<\/div>\n\t\t\t\t<div class=\"elementor-element elementor-element-3c73d97 elementor-widget elementor-widget-alloggio_core_room_list\" data-id=\"3c73d97\" data-element_type=\"widget\" data-widget_type=\"alloggio_core_room_list.default\">\n\t\t\t\t<div class=\"elementor-widget-container\">\n\t\t\t<div class=\"qodef-shortcode qodef-m  qodef-room-list qodef-layout--standard   qodef-grid qodef-layout--columns  qodef-gutter--normal qodef-col-num--1 qodef-item-layout--standard qodef--no-bottom-space qodef-pagination--off qodef-responsive--predefined\" data-options=\"{&quot;plugin&quot;:&quot;alloggio_core&quot;,&quot;module&quot;:&quot;post-types\\\/room\\\/shortcodes&quot;,&quot;shortcode&quot;:&quot;room-list&quot;,&quot;post_type&quot;:&quot;room&quot;,&quot;next_page&quot;:&quot;2&quot;,&quot;max_pages_num&quot;:0,&quot;posts_per_page&quot;:&quot;-1&quot;,&quot;orderby&quot;:&quot;date&quot;,&quot;order&quot;:&quot;DESC&quot;,&quot;additional_params&quot;:&quot;tax&quot;,&quot;tax&quot;:&quot;room-type&quot;,&quot;tax_slug&quot;:&quot;stala-ponuka&quot;,&quot;behavior&quot;:&quot;columns&quot;,&quot;images_proportion&quot;:&quot;full&quot;,&quot;columns&quot;:&quot;1&quot;,&quot;columns_responsive&quot;:&quot;predefined&quot;,&quot;space&quot;:&quot;normal&quot;,&quot;layout&quot;:&quot;standard&quot;,&quot;title_tag&quot;:&quot;h2&quot;,&quot;pagination_type&quot;:&quot;no-pagination&quot;,&quot;object_class_name&quot;:&quot;AlloggioCoreRoomListShortcode&quot;,&quot;additional_query_args&quot;:{&quot;tax_query&quot;:[{&quot;taxonomy&quot;:&quot;room-type&quot;,&quot;field&quot;:&quot;slug&quot;,&quot;terms&quot;:&quot;stala-ponuka&quot;}]},&quot;unique&quot;:&quot;1&quot;,&quot;item_classes&quot;:&quot;qodef-e qodef-room-list-item qodef-grid-item&quot;,&quot;space_value&quot;:15}\">\n\t<div class=\"qodef-grid-inner clear\">\n\t\t<article class=\"qodef-e qodef-room-list-item qodef-grid-item qodef-item--full\" >\n\t<div class=\"qodef-e-inner\">\n\t\t<div class=\"qodef-e-media\">\n\t\t\t\t<div class=\"qodef-e-media-image\" data-swiper-parallax=\"27%\">\n\t\t<a itemprop=\"url\" href=\"https:\/\/penzionbado.sk\/hu\/izby\/apartman\/\">\n\t\t\t<img width=\"768\" height=\"441\" src=\"https:\/\/penzionbado.sk\/wp-content\/uploads\/2020\/03\/apart-1.jpg\" class=\"attachment-full size-full\" alt=\"\" decoding=\"async\" srcset=\"https:\/\/penzionbado.sk\/wp-content\/uploads\/2020\/03\/apart-1.jpg 768w, https:\/\/penzionbado.sk\/wp-content\/uploads\/2020\/03\/apart-1-300x172.jpg 300w, https:\/\/penzionbado.sk\/wp-content\/uploads\/2020\/03\/apart-1-600x345.jpg 600w\" sizes=\"(max-width: 768px) 100vw, 768px\" \/>\t\t<\/a>\n\t<\/div>\n\t\t\t\t<span class=\"qodef-e-price\">\n\t\t<span class=\"qodef-e-price-label\">-t\u00f3l<\/span>\n\t\t<span class=\"qodef-e-price-value\">&euro;124<\/span>\n\t<\/span>\n\t\t<\/div>\n\t\t<div class=\"qodef-e-content\">\n\t\t\t<div class=\"qodef-e-content-text\">\n\t\t\t\t<h2 itemprop=\"name\" class=\"qodef-e-title entry-title\" >\n\t<a itemprop=\"url\" href=\"https:\/\/penzionbado.sk\/hu\/izby\/apartman\/\">\n\t\tApartman\t<\/a>\n<\/h2>\t\t\t\t\t\t<p itemprop=\"description\" class=\"qodef-e-excerpt\">A k\u00f6zelm\u00faltban fel\u00faj\u00edtott apartman a vend\u00e9gh\u00e1z tet\u0151t\u00e9rben, erk\u00e9llyel, saj\u00e1t konyhasarokkal \u00e9s kil\u00e1t\u00e1ssal a T\u00e1tr\u00e1ra. Saj\u00e1t f\u00fcrd\u0151szoba \u00e9s k\u00fcl\u00f6n WC. Befogad\u00f3k\u00e9p<\/p>\n\t\t\t\t\t<div class=\"qodef-e-button\">\n\t<a class=\"qodef-shortcode qodef-m  qodef-button qodef-layout--textual qodef-size--normal qodef-html--link\" href=\"https:\/\/penzionbado.sk\/hu\/izby\/apartman\/\" target=\"_self\"  >\t<span class=\"qodef-m-text\">Foglaljon most<\/span>\t<span class=\"qodef-m-plus\"><\/span><\/a>\t\t<\/div>\t\t\t<\/div>\n\t\t\t<div class=\"qodef-e-content-info\">\n\t\t\t\t<div class=\"qodef-e-info-items\">\n\t\t\t\t\t\t<span class=\"qodef-e-room-size\">65m2<\/span>\n\t\t\t\t\t\t<span class=\"qodef-e-capacity\">1-5 szem\u00e9ly<\/span>\n\t\t\t\t<\/div>\n\t\t\t\t\t<div class=\"qodef-e-amenity-items\">\n\t\t\t\t\t\t\t\t\t\t\t\t\t\t\t\t\t\t\t\t\t\t\t\t\t\t\t\t\t\t\t\t\t\t\t\t\t\t\t\t\t\t\t\t\t\t\t\t\t\t\t\t\t\t\t<\/div>\n\t\t\t<\/div>\n\t\t<\/div>\n\t<\/div>\n<\/article><article class=\"qodef-e qodef-room-list-item qodef-grid-item qodef-item--full\" >\n\t<div class=\"qodef-e-inner\">\n\t\t<div class=\"qodef-e-media\">\n\t\t\t\t<div class=\"qodef-e-media-image\" data-swiper-parallax=\"27%\">\n\t\t<a itemprop=\"url\" href=\"https:\/\/penzionbado.sk\/hu\/izby\/szoba-ket-fo-reszere\/\">\n\t\t\t<img width=\"2400\" height=\"1600\" src=\"https:\/\/penzionbado.sk\/wp-content\/uploads\/2020\/03\/izba2.jpg\" class=\"attachment-full size-full\" alt=\"\" decoding=\"async\" srcset=\"https:\/\/penzionbado.sk\/wp-content\/uploads\/2020\/03\/izba2.jpg 2400w, https:\/\/penzionbado.sk\/wp-content\/uploads\/2020\/03\/izba2-300x200.jpg 300w, https:\/\/penzionbado.sk\/wp-content\/uploads\/2020\/03\/izba2-1024x683.jpg 1024w, https:\/\/penzionbado.sk\/wp-content\/uploads\/2020\/03\/izba2-768x512.jpg 768w, https:\/\/penzionbado.sk\/wp-content\/uploads\/2020\/03\/izba2-1536x1024.jpg 1536w, https:\/\/penzionbado.sk\/wp-content\/uploads\/2020\/03\/izba2-2048x1365.jpg 2048w, https:\/\/penzionbado.sk\/wp-content\/uploads\/2020\/03\/izba2-600x400.jpg 600w\" sizes=\"(max-width: 2400px) 100vw, 2400px\" \/>\t\t<\/a>\n\t<\/div>\n\t\t\t\t<span class=\"qodef-e-price\">\n\t\t<span class=\"qodef-e-price-label\">-t\u00f3l<\/span>\n\t\t<span class=\"qodef-e-price-value\">&euro;74<\/span>\n\t<\/span>\n\t\t<\/div>\n\t\t<div class=\"qodef-e-content\">\n\t\t\t<div class=\"qodef-e-content-text\">\n\t\t\t\t<h2 itemprop=\"name\" class=\"qodef-e-title entry-title\" >\n\t<a itemprop=\"url\" href=\"https:\/\/penzionbado.sk\/hu\/izby\/szoba-ket-fo-reszere\/\">\n\t\tSzoba k\u00e9t f\u0151 r\u00e9sz\u00e9re\t<\/a>\n<\/h2>\t\t\t\t\t\t<p itemprop=\"description\" class=\"qodef-e-excerpt\">K\u00e9t\u00e1gyas szoba francia\u00e1ggyal \u00e9s p\u00f3t\u00e1ggyal. K\u00fcl\u00f6n f\u00fcrd\u0151szoba WC-vel. A vend\u00e9gh\u00e1zban 12 ilyen szob\u00e1val rendelkez\u00fcnk.  <\/p>\n\t\t\t\t\t<div class=\"qodef-e-button\">\n\t<a class=\"qodef-shortcode qodef-m  qodef-button qodef-layout--textual qodef-size--normal qodef-html--link\" href=\"https:\/\/penzionbado.sk\/hu\/izby\/szoba-ket-fo-reszere\/\" target=\"_self\"  >\t<span class=\"qodef-m-text\">Foglaljon most<\/span>\t<span class=\"qodef-m-plus\"><\/span><\/a>\t\t<\/div>\t\t\t<\/div>\n\t\t\t<div class=\"qodef-e-content-info\">\n\t\t\t\t<div class=\"qodef-e-info-items\">\n\t\t\t\t\t\t<span class=\"qodef-e-room-size\">25m2<\/span>\n\t\t\t\t\t\t<span class=\"qodef-e-capacity\">1-3 szem\u00e9ly<\/span>\n\t\t\t\t<\/div>\n\t\t\t\t\t<div class=\"qodef-e-amenity-items\">\n\t\t\t\t\t\t\t\t\t\t\t\t\t\t\t\t\t\t\t\t\t\t\t\t\t\t\t\t\t\t\t\t\t\t\t\t\t\t\t\t\t\t\t\t\t\t\t\t\t\t\t\t\t<\/div>\n\t\t\t<\/div>\n\t\t<\/div>\n\t<\/div>\n<\/article><article class=\"qodef-e qodef-room-list-item qodef-grid-item qodef-item--full\" >\n\t<div class=\"qodef-e-inner\">\n\t\t<div class=\"qodef-e-media\">\n\t\t\t\t<div class=\"qodef-e-media-image\" data-swiper-parallax=\"27%\">\n\t\t<a itemprop=\"url\" href=\"https:\/\/penzionbado.sk\/hu\/izby\/csaladi-szoba\/\">\n\t\t\t<img width=\"1024\" height=\"683\" src=\"https:\/\/penzionbado.sk\/wp-content\/uploads\/2020\/03\/fam.jpg\" class=\"attachment-full size-full\" alt=\"\" decoding=\"async\" srcset=\"https:\/\/penzionbado.sk\/wp-content\/uploads\/2020\/03\/fam.jpg 1024w, https:\/\/penzionbado.sk\/wp-content\/uploads\/2020\/03\/fam-300x200.jpg 300w, https:\/\/penzionbado.sk\/wp-content\/uploads\/2020\/03\/fam-768x512.jpg 768w, https:\/\/penzionbado.sk\/wp-content\/uploads\/2020\/03\/fam-600x400.jpg 600w\" sizes=\"(max-width: 1024px) 100vw, 1024px\" \/>\t\t<\/a>\n\t<\/div>\n\t\t\t\t<span class=\"qodef-e-price\">\n\t\t<span class=\"qodef-e-price-label\">-t\u00f3l<\/span>\n\t\t<span class=\"qodef-e-price-value\">&euro;111<\/span>\n\t<\/span>\n\t\t<\/div>\n\t\t<div class=\"qodef-e-content\">\n\t\t\t<div class=\"qodef-e-content-text\">\n\t\t\t\t<h2 itemprop=\"name\" class=\"qodef-e-title entry-title\" >\n\t<a itemprop=\"url\" href=\"https:\/\/penzionbado.sk\/hu\/izby\/csaladi-szoba\/\">\n\t\tCsal\u00e1di szoba\t<\/a>\n<\/h2>\t\t\t\t\t\t<p itemprop=\"description\" class=\"qodef-e-excerpt\">T\u00e1gas szoba az eg\u00e9sz csal\u00e1d sz\u00e1m\u00e1ra, saj\u00e1t f\u00fcrd\u0151szob\u00e1val \u00e9s wc-vel. Jelenleg 8 ilyen szoba \u00e1ll rendelkez\u00e9sre. <\/p>\n\t\t\t\t\t<div class=\"qodef-e-button\">\n\t<a class=\"qodef-shortcode qodef-m  qodef-button qodef-layout--textual qodef-size--normal qodef-html--link\" href=\"https:\/\/penzionbado.sk\/hu\/izby\/csaladi-szoba\/\" target=\"_self\"  >\t<span class=\"qodef-m-text\">Foglaljon most<\/span>\t<span class=\"qodef-m-plus\"><\/span><\/a>\t\t<\/div>\t\t\t<\/div>\n\t\t\t<div class=\"qodef-e-content-info\">\n\t\t\t\t<div class=\"qodef-e-info-items\">\n\t\t\t\t\t\t<span class=\"qodef-e-room-size\">35m2<\/span>\n\t\t\t\t\t\t<span class=\"qodef-e-capacity\">1-3 szem\u00e9ly<\/span>\n\t\t\t\t<\/div>\n\t\t\t\t\t<div class=\"qodef-e-amenity-items\">\n\t\t\t\t\t\t\t\t\t\t\t\t\t\t\t\t\t\t\t\t\t\t\t\t\t\t\t\t\t\t\t\t\t\t\t\t\t\t\t\t\t\t\t\t\t\t\t\t\t\t\t\t\t<\/div>\n\t\t\t<\/div>\n\t\t<\/div>\n\t<\/div>\n<\/article>\t<\/div>\n\t<\/div>\t\t<\/div>\n\t\t\t\t<\/div>\n\t\t\t\t\t<\/div>\n\t\t\t\t<\/div>\n\t\t\t\t\t\t\t<\/div>\n\t\t","protected":false},"excerpt":{"rendered":"<p>V\u00e1lasszon a rendelkez\u00e9sre \u00e1ll\u00f3 szob\u00e1k list\u00e1j\u00e1b\u00f3l Az akt\u00edv pihen\u00e9st \u00e9s a vend\u00e9gh\u00e1z ter\u00fclet\u00e9n ny\u00fajtott szolg\u00e1ltat\u00e1sokat \u00f6tv\u00f6z\u0151 nyaral\u00e1s. Egy apartmannal, 12 k\u00e9t\u00e1gyas \u00e9s 8 h\u00e1rom\u00e1gyas szob\u00e1val rendelkez\u00fcnk, minden szob\u00e1ban egy p\u00f3t\u00e1ggyal. A vend\u00e9gh\u00e1zon bel\u00fcl sz\u00e1mos szabadt\u00e9ri tev\u00e9kenys\u00e9g \u00e9s sz\u00f3rakoz\u00e1si lehet\u0151s\u00e9g k\u00f6z\u00fcl v\u00e1laszthat. N\u00e1lunk biztosan nem fog unatkozni. od \u20ac124 Apartm\u00e1n K\u00fcrzlich renoviertes Apartment im Dachgeschoss der [&hellip;]<\/p>\n","protected":false},"author":1,"featured_media":0,"parent":0,"menu_order":0,"comment_status":"closed","ping_status":"closed","template":"","meta":{"inline_featured_image":false},"yoast_head":"<!-- This site is optimized with the Yoast SEO plugin v20.13 - https:\/\/yoast.com\/wordpress\/plugins\/seo\/ -->\n<title>Szob\u00e1k | Panzi\u00f3 BA\u010eO***<\/title>\n<meta name=\"description\" content=\"Egyszer\u0171en, de k\u00e9nyelmesen berendezett szob\u00e1k, erk\u00e9ly a t\u00e1trai panor\u00e1m\u00e1ra n\u00e9z\u0151 kil\u00e1t\u00e1ssal, saj\u00e1t f\u00fcrd\u0151szoba WC-vel, LCD TV \u00e9s \u00fcvegsz\u00e1las internet INGYENES.\" \/>\n<meta name=\"robots\" content=\"index, follow, max-snippet:-1, max-image-preview:large, max-video-preview:-1\" \/>\n<link rel=\"canonical\" href=\"https:\/\/penzionbado.sk\/hu\/szobak\/\" \/>\n<meta property=\"og:locale\" content=\"hu_HU\" \/>\n<meta property=\"og:type\" content=\"article\" \/>\n<meta property=\"og:title\" content=\"Szob\u00e1k | Panzi\u00f3 BA\u010eO***\" \/>\n<meta property=\"og:description\" content=\"Egyszer\u0171en, de k\u00e9nyelmesen berendezett szob\u00e1k, erk\u00e9ly a t\u00e1trai panor\u00e1m\u00e1ra n\u00e9z\u0151 kil\u00e1t\u00e1ssal, saj\u00e1t f\u00fcrd\u0151szoba WC-vel, LCD TV \u00e9s \u00fcvegsz\u00e1las internet INGYENES.\" \/>\n<meta property=\"og:url\" content=\"https:\/\/penzionbado.sk\/hu\/szobak\/\" \/>\n<meta property=\"og:site_name\" content=\"Panzi\u00f3 BA\u010eO***\" \/>\n<meta property=\"article:publisher\" content=\"https:\/\/www.facebook.com\/www.penzionbado.sk\" \/>\n<meta property=\"article:modified_time\" content=\"2025-03-17T08:13:55+00:00\" \/>\n<meta property=\"og:image\" content=\"https:\/\/penzionbado.sk\/wp-content\/uploads\/2023\/05\/006_Penzion-Bado_StaraLesna-e1683022399702.jpg\" \/>\n<meta name=\"twitter:card\" content=\"summary_large_image\" \/>\n<meta name=\"twitter:label1\" content=\"Becs\u00fclt olvas\u00e1si id\u0151\" \/>\n\t<meta name=\"twitter:data1\" content=\"1 perc\" \/>\n<script type=\"application\/ld+json\" class=\"yoast-schema-graph\">{\"@context\":\"https:\/\/schema.org\",\"@graph\":[{\"@type\":\"WebPage\",\"@id\":\"https:\/\/penzionbado.sk\/hu\/szobak\/\",\"url\":\"https:\/\/penzionbado.sk\/hu\/szobak\/\",\"name\":\"Szob\u00e1k | Panzi\u00f3 BA\u010eO***\",\"isPartOf\":{\"@id\":\"https:\/\/penzionbado.sk\/#website\"},\"datePublished\":\"2023-05-24T14:42:50+00:00\",\"dateModified\":\"2025-03-17T08:13:55+00:00\",\"description\":\"Egyszer\u0171en, de k\u00e9nyelmesen berendezett szob\u00e1k, erk\u00e9ly a t\u00e1trai panor\u00e1m\u00e1ra n\u00e9z\u0151 kil\u00e1t\u00e1ssal, saj\u00e1t f\u00fcrd\u0151szoba WC-vel, LCD TV \u00e9s \u00fcvegsz\u00e1las internet INGYENES.\",\"breadcrumb\":{\"@id\":\"https:\/\/penzionbado.sk\/hu\/szobak\/#breadcrumb\"},\"inLanguage\":\"hu\",\"potentialAction\":[{\"@type\":\"ReadAction\",\"target\":[\"https:\/\/penzionbado.sk\/hu\/szobak\/\"]}]},{\"@type\":\"BreadcrumbList\",\"@id\":\"https:\/\/penzionbado.sk\/hu\/szobak\/#breadcrumb\",\"itemListElement\":[{\"@type\":\"ListItem\",\"position\":1,\"name\":\"Home\",\"item\":\"https:\/\/penzionbado.sk\/hu\/\"},{\"@type\":\"ListItem\",\"position\":2,\"name\":\"Szob\u00e1k\"}]},{\"@type\":\"WebSite\",\"@id\":\"https:\/\/penzionbado.sk\/#website\",\"url\":\"https:\/\/penzionbado.sk\/\",\"name\":\"Panzi\u00f3 BA\u010eO***\",\"description\":\"Rodinn\u00fd penzi\u00f3n pod Lomnick\u00fdm \u0160t\u00edtom\",\"publisher\":{\"@id\":\"https:\/\/penzionbado.sk\/#organization\"},\"potentialAction\":[{\"@type\":\"SearchAction\",\"target\":{\"@type\":\"EntryPoint\",\"urlTemplate\":\"https:\/\/penzionbado.sk\/?s={search_term_string}\"},\"query-input\":\"required name=search_term_string\"}],\"inLanguage\":\"hu\"},{\"@type\":\"Organization\",\"@id\":\"https:\/\/penzionbado.sk\/#organization\",\"name\":\"Panzi\u00f3 BA\u010eO***\",\"url\":\"https:\/\/penzionbado.sk\/\",\"logo\":{\"@type\":\"ImageObject\",\"inLanguage\":\"hu\",\"@id\":\"https:\/\/penzionbado.sk\/#\/schema\/logo\/image\/\",\"url\":\"https:\/\/penzionbado.sk\/wp-content\/uploads\/2023\/05\/BADO_logo_black_transparent.png\",\"contentUrl\":\"https:\/\/penzionbado.sk\/wp-content\/uploads\/2023\/05\/BADO_logo_black_transparent.png\",\"width\":470,\"height\":473,\"caption\":\"Panzi\u00f3 BA\u010eO***\"},\"image\":{\"@id\":\"https:\/\/penzionbado.sk\/#\/schema\/logo\/image\/\"},\"sameAs\":[\"https:\/\/www.facebook.com\/www.penzionbado.sk\",\"https:\/\/www.instagram.com\/penzionvysoketatry\/\",\"https:\/\/www.youtube.com\/channel\/UCxZmlcE9qBcD9fdk4hfpo7g\"]}]}<\/script>\n<!-- \/ Yoast SEO plugin. -->","yoast_head_json":{"title":"Szob\u00e1k | Panzi\u00f3 BA\u010eO***","description":"Egyszer\u0171en, de k\u00e9nyelmesen berendezett szob\u00e1k, erk\u00e9ly a t\u00e1trai panor\u00e1m\u00e1ra n\u00e9z\u0151 kil\u00e1t\u00e1ssal, saj\u00e1t f\u00fcrd\u0151szoba WC-vel, LCD TV \u00e9s \u00fcvegsz\u00e1las internet INGYENES.","robots":{"index":"index","follow":"follow","max-snippet":"max-snippet:-1","max-image-preview":"max-image-preview:large","max-video-preview":"max-video-preview:-1"},"canonical":"https:\/\/penzionbado.sk\/hu\/szobak\/","og_locale":"hu_HU","og_type":"article","og_title":"Szob\u00e1k | Panzi\u00f3 BA\u010eO***","og_description":"Egyszer\u0171en, de k\u00e9nyelmesen berendezett szob\u00e1k, erk\u00e9ly a t\u00e1trai panor\u00e1m\u00e1ra n\u00e9z\u0151 kil\u00e1t\u00e1ssal, saj\u00e1t f\u00fcrd\u0151szoba WC-vel, LCD TV \u00e9s \u00fcvegsz\u00e1las internet INGYENES.","og_url":"https:\/\/penzionbado.sk\/hu\/szobak\/","og_site_name":"Panzi\u00f3 BA\u010eO***","article_publisher":"https:\/\/www.facebook.com\/www.penzionbado.sk","article_modified_time":"2025-03-17T08:13:55+00:00","og_image":[{"url":"https:\/\/penzionbado.sk\/wp-content\/uploads\/2023\/05\/006_Penzion-Bado_StaraLesna-e1683022399702.jpg"}],"twitter_card":"summary_large_image","twitter_misc":{"Becs\u00fclt olvas\u00e1si id\u0151":"1 perc"},"schema":{"@context":"https:\/\/schema.org","@graph":[{"@type":"WebPage","@id":"https:\/\/penzionbado.sk\/hu\/szobak\/","url":"https:\/\/penzionbado.sk\/hu\/szobak\/","name":"Szob\u00e1k | Panzi\u00f3 BA\u010eO***","isPartOf":{"@id":"https:\/\/penzionbado.sk\/#website"},"datePublished":"2023-05-24T14:42:50+00:00","dateModified":"2025-03-17T08:13:55+00:00","description":"Egyszer\u0171en, de k\u00e9nyelmesen berendezett szob\u00e1k, erk\u00e9ly a t\u00e1trai panor\u00e1m\u00e1ra n\u00e9z\u0151 kil\u00e1t\u00e1ssal, saj\u00e1t f\u00fcrd\u0151szoba WC-vel, LCD TV \u00e9s \u00fcvegsz\u00e1las internet INGYENES.","breadcrumb":{"@id":"https:\/\/penzionbado.sk\/hu\/szobak\/#breadcrumb"},"inLanguage":"hu","potentialAction":[{"@type":"ReadAction","target":["https:\/\/penzionbado.sk\/hu\/szobak\/"]}]},{"@type":"BreadcrumbList","@id":"https:\/\/penzionbado.sk\/hu\/szobak\/#breadcrumb","itemListElement":[{"@type":"ListItem","position":1,"name":"Home","item":"https:\/\/penzionbado.sk\/hu\/"},{"@type":"ListItem","position":2,"name":"Szob\u00e1k"}]},{"@type":"WebSite","@id":"https:\/\/penzionbado.sk\/#website","url":"https:\/\/penzionbado.sk\/","name":"Panzi\u00f3 BA\u010eO***","description":"Rodinn\u00fd penzi\u00f3n pod Lomnick\u00fdm \u0160t\u00edtom","publisher":{"@id":"https:\/\/penzionbado.sk\/#organization"},"potentialAction":[{"@type":"SearchAction","target":{"@type":"EntryPoint","urlTemplate":"https:\/\/penzionbado.sk\/?s={search_term_string}"},"query-input":"required name=search_term_string"}],"inLanguage":"hu"},{"@type":"Organization","@id":"https:\/\/penzionbado.sk\/#organization","name":"Panzi\u00f3 BA\u010eO***","url":"https:\/\/penzionbado.sk\/","logo":{"@type":"ImageObject","inLanguage":"hu","@id":"https:\/\/penzionbado.sk\/#\/schema\/logo\/image\/","url":"https:\/\/penzionbado.sk\/wp-content\/uploads\/2023\/05\/BADO_logo_black_transparent.png","contentUrl":"https:\/\/penzionbado.sk\/wp-content\/uploads\/2023\/05\/BADO_logo_black_transparent.png","width":470,"height":473,"caption":"Panzi\u00f3 BA\u010eO***"},"image":{"@id":"https:\/\/penzionbado.sk\/#\/schema\/logo\/image\/"},"sameAs":["https:\/\/www.facebook.com\/www.penzionbado.sk","https:\/\/www.instagram.com\/penzionvysoketatry\/","https:\/\/www.youtube.com\/channel\/UCxZmlcE9qBcD9fdk4hfpo7g"]}]}},"_links":{"self":[{"href":"https:\/\/penzionbado.sk\/hu\/wp-json\/wp\/v2\/pages\/11797"}],"collection":[{"href":"https:\/\/penzionbado.sk\/hu\/wp-json\/wp\/v2\/pages"}],"about":[{"href":"https:\/\/penzionbado.sk\/hu\/wp-json\/wp\/v2\/types\/page"}],"author":[{"embeddable":true,"href":"https:\/\/penzionbado.sk\/hu\/wp-json\/wp\/v2\/users\/1"}],"replies":[{"embeddable":true,"href":"https:\/\/penzionbado.sk\/hu\/wp-json\/wp\/v2\/comments?post=11797"}],"version-history":[{"count":6,"href":"https:\/\/penzionbado.sk\/hu\/wp-json\/wp\/v2\/pages\/11797\/revisions"}],"predecessor-version":[{"id":12409,"href":"https:\/\/penzionbado.sk\/hu\/wp-json\/wp\/v2\/pages\/11797\/revisions\/12409"}],"wp:attachment":[{"href":"https:\/\/penzionbado.sk\/hu\/wp-json\/wp\/v2\/media?parent=11797"}],"curies":[{"name":"wp","href":"https:\/\/api.w.org\/{rel}","templated":true}]}}