{"id":17090,"date":"2023-05-24T18:36:04","date_gmt":"2023-05-24T16:36:04","guid":{"rendered":"https:\/\/penzionbado.sk\/produkt\/gift-voucher\/"},"modified":"2023-05-24T18:36:04","modified_gmt":"2023-05-24T16:36:04","slug":"gift-voucher","status":"publish","type":"product","link":"https:\/\/penzionbado.sk\/en\/produkt\/gift-voucher\/","title":{"rendered":"Gift voucher"},"content":{"rendered":"<p>Our gift voucher <strong>is in A4 format<\/strong>, the folded gift voucher is compact and fits in any mailbox. It is necessary to have the voucher on arrival at the accommodation so that proof of purchase of the voucher can be shown. <\/p>\n<h4>How do I order a voucher in a gift pack?<\/h4>\n<ol>\n<li>Email us at <a href=\"mailto:info@penzionbado.sk\">info@penzionbado.sk with<\/a>&#8220;Gift Voucher&#8221; in the subject line and send.<\/li>\n<li>You will receive instructions on how to pay for the gift voucher in your email and we will then send you a gift voucher once you have paid.<\/li>\n<li><strong>For a gift pack you pay 1,90 \u20ac and regular delivery is free.  <\/strong><\/li>\n<\/ol>\n<p><strong>Good to know:<\/strong><\/p>\n<ul>\n<li>Gift wrapping is only available for services and not for consumption of beverages or meals.<\/li>\n<li>Gift wrapping cannot be reordered later. So do not forget about it during the order. <\/li>\n<\/ul>\n<h4>Benefits of gift voucher packaging<\/h4>\n<ul>\n<li>You can also add a personal dedication.<\/li>\n<li>With the gift of a voucher in our gift pack, the recipient also receives a voucher in digital form &#8211; thanks to the 8-digit code, you can redeem it at the reception. This way, any notifications or reminders of use dates will go to the gift recipient and not the donor. <\/li>\n<li>Another useful feature is the possibility to make your own reservation for your stay or holiday directly by calling +421 903 714 695 or by e-mail.<\/li>\n<\/ul>\n<h4>Long-lasting offers to save you this Christmas too<\/h4>\n<p>Give a gift voucher under the tree with a long validity and the date of use is chosen by the recipient in 2025. Why is this a sensible choice? Because you&#8217;ll shop at this year&#8217;s prices and the recipient will have plenty of time to think and find a date to use their gift.  <\/p>\n","protected":false},"excerpt":{"rendered":"<p>Any stay or experience in our accommodation BA\u010eO*** is ideal for gifting. You will find great gift tips for family, friends and colleagues. You can give gift vouchers from our offer by printing them yourself at home, or leave the packing and delivery to us.  <\/p>\n","protected":false},"featured_media":17091,"template":"","meta":{"inline_featured_image":false},"product_cat":[355],"product_tag":[],"yoast_head":"<!-- This site is optimized with the Yoast SEO plugin v20.13 - https:\/\/yoast.com\/wordpress\/plugins\/seo\/ -->\n<title>Gift voucher | Pension BA\u010eO***<\/title>\n<meta name=\"robots\" content=\"index, follow, max-snippet:-1, max-image-preview:large, max-video-preview:-1\" \/>\n<link rel=\"canonical\" href=\"https:\/\/penzionbado.sk\/produkt\/gift-voucher\/\" \/>\n<meta property=\"og:locale\" content=\"en_US\" \/>\n<meta property=\"og:type\" content=\"article\" \/>\n<meta property=\"og:title\" content=\"Gift voucher | Pension BA\u010eO***\" \/>\n<meta property=\"og:description\" content=\"Any stay or experience in our accommodation BA\u010eO*** is ideal for gifting. You will find great gift tips for family, friends and colleagues. You can give gift vouchers from our offer by printing them yourself at home, or leave the packing and delivery to us.\" \/>\n<meta property=\"og:url\" content=\"https:\/\/penzionbado.sk\/produkt\/gift-voucher\/\" \/>\n<meta property=\"og:site_name\" content=\"Pension BA\u010eO***\" \/>\n<meta property=\"article:publisher\" content=\"https:\/\/www.facebook.com\/www.penzionbado.sk\" \/>\n<meta name=\"twitter:card\" content=\"summary_large_image\" \/>\n<meta name=\"twitter:label1\" content=\"Est. reading time\" \/>\n\t<meta name=\"twitter:data1\" content=\"1 minute\" \/>\n<script type=\"application\/ld+json\" class=\"yoast-schema-graph\">{\"@context\":\"https:\/\/schema.org\",\"@graph\":[{\"@type\":\"WebPage\",\"@id\":\"https:\/\/penzionbado.sk\/produkt\/gift-voucher\/\",\"url\":\"https:\/\/penzionbado.sk\/produkt\/gift-voucher\/\",\"name\":\"Gift voucher | Pension BA\u010eO***\",\"isPartOf\":{\"@id\":\"https:\/\/penzionbado.sk\/#website\"},\"datePublished\":\"2023-05-24T16:36:04+00:00\",\"dateModified\":\"2023-05-24T16:36:04+00:00\",\"breadcrumb\":{\"@id\":\"https:\/\/penzionbado.sk\/produkt\/gift-voucher\/#breadcrumb\"},\"inLanguage\":\"en-US\",\"potentialAction\":[{\"@type\":\"ReadAction\",\"target\":[\"https:\/\/penzionbado.sk\/produkt\/gift-voucher\/\"]}]},{\"@type\":\"BreadcrumbList\",\"@id\":\"https:\/\/penzionbado.sk\/produkt\/gift-voucher\/#breadcrumb\",\"itemListElement\":[{\"@type\":\"ListItem\",\"position\":1,\"name\":\"Home\",\"item\":\"https:\/\/penzionbado.sk\/pl\/\"},{\"@type\":\"ListItem\",\"position\":2,\"name\":\"Obchod\",\"item\":\"https:\/\/penzionbado.sk\/obchod\/\"},{\"@type\":\"ListItem\",\"position\":3,\"name\":\"Gift voucher\"}]},{\"@type\":\"WebSite\",\"@id\":\"https:\/\/penzionbado.sk\/#website\",\"url\":\"https:\/\/penzionbado.sk\/\",\"name\":\"Pension BA\u010eO***\",\"description\":\"Rodinn\u00fd penzi\u00f3n pod Lomnick\u00fdm \u0160t\u00edtom\",\"publisher\":{\"@id\":\"https:\/\/penzionbado.sk\/#organization\"},\"potentialAction\":[{\"@type\":\"SearchAction\",\"target\":{\"@type\":\"EntryPoint\",\"urlTemplate\":\"https:\/\/penzionbado.sk\/?s={search_term_string}\"},\"query-input\":\"required name=search_term_string\"}],\"inLanguage\":\"en-US\"},{\"@type\":\"Organization\",\"@id\":\"https:\/\/penzionbado.sk\/#organization\",\"name\":\"Pension BA\u010eO***\",\"url\":\"https:\/\/penzionbado.sk\/\",\"logo\":{\"@type\":\"ImageObject\",\"inLanguage\":\"en-US\",\"@id\":\"https:\/\/penzionbado.sk\/#\/schema\/logo\/image\/\",\"url\":\"https:\/\/penzionbado.sk\/wp-content\/uploads\/2023\/05\/BADO_logo_black_transparent.png\",\"contentUrl\":\"https:\/\/penzionbado.sk\/wp-content\/uploads\/2023\/05\/BADO_logo_black_transparent.png\",\"width\":470,\"height\":473,\"caption\":\"Pension BA\u010eO***\"},\"image\":{\"@id\":\"https:\/\/penzionbado.sk\/#\/schema\/logo\/image\/\"},\"sameAs\":[\"https:\/\/www.facebook.com\/www.penzionbado.sk\",\"https:\/\/www.instagram.com\/penzionvysoketatry\/\",\"https:\/\/www.youtube.com\/channel\/UCxZmlcE9qBcD9fdk4hfpo7g\"]}]}<\/script>\n<!-- \/ Yoast SEO plugin. -->","yoast_head_json":{"title":"Gift voucher | Pension BA\u010eO***","robots":{"index":"index","follow":"follow","max-snippet":"max-snippet:-1","max-image-preview":"max-image-preview:large","max-video-preview":"max-video-preview:-1"},"canonical":"https:\/\/penzionbado.sk\/produkt\/gift-voucher\/","og_locale":"en_US","og_type":"article","og_title":"Gift voucher | Pension BA\u010eO***","og_description":"Any stay or experience in our accommodation BA\u010eO*** is ideal for gifting. You will find great gift tips for family, friends and colleagues. You can give gift vouchers from our offer by printing them yourself at home, or leave the packing and delivery to us.","og_url":"https:\/\/penzionbado.sk\/produkt\/gift-voucher\/","og_site_name":"Pension BA\u010eO***","article_publisher":"https:\/\/www.facebook.com\/www.penzionbado.sk","twitter_card":"summary_large_image","twitter_misc":{"Est. reading time":"1 minute"},"schema":{"@context":"https:\/\/schema.org","@graph":[{"@type":"WebPage","@id":"https:\/\/penzionbado.sk\/produkt\/gift-voucher\/","url":"https:\/\/penzionbado.sk\/produkt\/gift-voucher\/","name":"Gift voucher | Pension BA\u010eO***","isPartOf":{"@id":"https:\/\/penzionbado.sk\/#website"},"datePublished":"2023-05-24T16:36:04+00:00","dateModified":"2023-05-24T16:36:04+00:00","breadcrumb":{"@id":"https:\/\/penzionbado.sk\/produkt\/gift-voucher\/#breadcrumb"},"inLanguage":"en-US","potentialAction":[{"@type":"ReadAction","target":["https:\/\/penzionbado.sk\/produkt\/gift-voucher\/"]}]},{"@type":"BreadcrumbList","@id":"https:\/\/penzionbado.sk\/produkt\/gift-voucher\/#breadcrumb","itemListElement":[{"@type":"ListItem","position":1,"name":"Home","item":"https:\/\/penzionbado.sk\/pl\/"},{"@type":"ListItem","position":2,"name":"Obchod","item":"https:\/\/penzionbado.sk\/obchod\/"},{"@type":"ListItem","position":3,"name":"Gift voucher"}]},{"@type":"WebSite","@id":"https:\/\/penzionbado.sk\/#website","url":"https:\/\/penzionbado.sk\/","name":"Pension BA\u010eO***","description":"Rodinn\u00fd penzi\u00f3n pod Lomnick\u00fdm \u0160t\u00edtom","publisher":{"@id":"https:\/\/penzionbado.sk\/#organization"},"potentialAction":[{"@type":"SearchAction","target":{"@type":"EntryPoint","urlTemplate":"https:\/\/penzionbado.sk\/?s={search_term_string}"},"query-input":"required name=search_term_string"}],"inLanguage":"en-US"},{"@type":"Organization","@id":"https:\/\/penzionbado.sk\/#organization","name":"Pension BA\u010eO***","url":"https:\/\/penzionbado.sk\/","logo":{"@type":"ImageObject","inLanguage":"en-US","@id":"https:\/\/penzionbado.sk\/#\/schema\/logo\/image\/","url":"https:\/\/penzionbado.sk\/wp-content\/uploads\/2023\/05\/BADO_logo_black_transparent.png","contentUrl":"https:\/\/penzionbado.sk\/wp-content\/uploads\/2023\/05\/BADO_logo_black_transparent.png","width":470,"height":473,"caption":"Pension BA\u010eO***"},"image":{"@id":"https:\/\/penzionbado.sk\/#\/schema\/logo\/image\/"},"sameAs":["https:\/\/www.facebook.com\/www.penzionbado.sk","https:\/\/www.instagram.com\/penzionvysoketatry\/","https:\/\/www.youtube.com\/channel\/UCxZmlcE9qBcD9fdk4hfpo7g"]}]}},"_links":{"self":[{"href":"https:\/\/penzionbado.sk\/en\/wp-json\/wp\/v2\/product\/17090"}],"collection":[{"href":"https:\/\/penzionbado.sk\/en\/wp-json\/wp\/v2\/product"}],"about":[{"href":"https:\/\/penzionbado.sk\/en\/wp-json\/wp\/v2\/types\/product"}],"wp:featuredmedia":[{"embeddable":true,"href":"https:\/\/penzionbado.sk\/en\/wp-json\/wp\/v2\/media\/17091"}],"wp:attachment":[{"href":"https:\/\/penzionbado.sk\/en\/wp-json\/wp\/v2\/media?parent=17090"}],"wp:term":[{"taxonomy":"product_cat","embeddable":true,"href":"https:\/\/penzionbado.sk\/en\/wp-json\/wp\/v2\/product_cat?post=17090"},{"taxonomy":"product_tag","embeddable":true,"href":"https:\/\/penzionbado.sk\/en\/wp-json\/wp\/v2\/product_tag?post=17090"}],"curies":[{"name":"wp","href":"https:\/\/api.w.org\/{rel}","templated":true}]}}