{"id":6823,"date":"2023-05-12T20:10:36","date_gmt":"2023-05-12T18:10:36","guid":{"rendered":"https:\/\/penzionbado.sk\/akcie\/"},"modified":"2025-03-12T14:59:21","modified_gmt":"2025-03-12T13:59:21","slug":"sales","status":"publish","type":"page","link":"https:\/\/penzionbado.sk\/en\/sales\/","title":{"rendered":"Current events"},"content":{"rendered":"\t\t<div data-elementor-type=\"wp-page\" data-elementor-id=\"6823\" class=\"elementor elementor-6823 elementor-5759\" data-elementor-post-type=\"page\">\n\t\t\t\t\t\t\t\t\t<section class=\"elementor-section elementor-top-section elementor-element elementor-element-be15fbf elementor-section-full_width elementor-section-height-default elementor-section-height-default qodef-elementor-content-no\" data-id=\"be15fbf\" data-element_type=\"section\">\n\t\t\t\t\t\t<div class=\"elementor-container elementor-column-gap-no\">\n\t\t\t\t\t<div class=\"elementor-column elementor-col-100 elementor-top-column elementor-element elementor-element-43f440f\" data-id=\"43f440f\" data-element_type=\"column\">\n\t\t\t<div class=\"elementor-widget-wrap elementor-element-populated\">\n\t\t\t\t\t\t\t\t<div class=\"elementor-element elementor-element-08a9efe akcie-img-same-size elementor-widget elementor-widget-alloggio_core_blog_list\" data-id=\"08a9efe\" data-element_type=\"widget\" data-widget_type=\"alloggio_core_blog_list.default\">\n\t\t\t\t<div class=\"elementor-widget-container\">\n\t\t\t<div class=\"qodef-shortcode qodef-m  qodef-blog qodef--list qodef-item-layout--standard  qodef--has-animation qodef-grid qodef-layout--columns  qodef-gutter--normal qodef-col-num--3 qodef-item-layout--standard qodef-pagination--on qodef-pagination-type--standard qodef-responsive--custom qodef-col-num--1440--3 qodef-col-num--1366--3 qodef-col-num--1024--2 qodef-col-num--768--2 qodef-col-num--680--1 qodef-col-num--480--1\" data-options=\"{&quot;plugin&quot;:&quot;alloggio_core&quot;,&quot;module&quot;:&quot;blog\\\/shortcodes&quot;,&quot;shortcode&quot;:&quot;blog-list&quot;,&quot;post_type&quot;:&quot;post&quot;,&quot;next_page&quot;:&quot;2&quot;,&quot;max_pages_num&quot;:1,&quot;behavior&quot;:&quot;columns&quot;,&quot;images_proportion&quot;:&quot;full&quot;,&quot;columns&quot;:&quot;3&quot;,&quot;columns_responsive&quot;:&quot;custom&quot;,&quot;columns_1440&quot;:&quot;3&quot;,&quot;columns_1366&quot;:&quot;3&quot;,&quot;columns_1024&quot;:&quot;2&quot;,&quot;columns_768&quot;:&quot;2&quot;,&quot;columns_680&quot;:&quot;1&quot;,&quot;columns_480&quot;:&quot;1&quot;,&quot;space&quot;:&quot;normal&quot;,&quot;posts_per_page&quot;:&quot;12&quot;,&quot;orderby&quot;:&quot;date&quot;,&quot;order&quot;:&quot;DESC&quot;,&quot;additional_params&quot;:&quot;tax&quot;,&quot;tax&quot;:&quot;category&quot;,&quot;tax_slug&quot;:&quot;Akcie&quot;,&quot;layout&quot;:&quot;standard&quot;,&quot;title_tag&quot;:&quot;h3&quot;,&quot;enable_animation&quot;:&quot;yes&quot;,&quot;enable_author_info&quot;:&quot;no&quot;,&quot;enable_read_more&quot;:&quot;yes&quot;,&quot;excerpt_length&quot;:&quot;145&quot;,&quot;pagination_type&quot;:&quot;standard&quot;,&quot;object_class_name&quot;:&quot;AlloggioCoreBlogListShortcode&quot;,&quot;taxonomy_filter&quot;:&quot;category&quot;,&quot;additional_query_args&quot;:{&quot;tax_query&quot;:[{&quot;taxonomy&quot;:&quot;category&quot;,&quot;field&quot;:&quot;slug&quot;,&quot;terms&quot;:&quot;Akcie&quot;}]},&quot;space_value&quot;:15}\">\n\t\t<div class=\"qodef-grid-inner clear\">\n\t\t<article class=\"qodef-e qodef-blog-item qodef-grid-item qodef-item--full post-8015 post type-post status-publish format-standard has-post-thumbnail hentry category-akcie-en\">\n\t<div class=\"qodef-e-inner\">\n\t\t<div class=\"qodef-e-media\">\n\t\t<div class=\"qodef-e-media-image\">\n\t\t<a itemprop=\"url\" href=\"https:\/\/penzionbado.sk\/en\/akcie-en\/akcia-61-zdarma\/\">\n\t\t\t<img width=\"1200\" height=\"462\" src=\"https:\/\/penzionbado.sk\/wp-content\/uploads\/2025\/05\/61-free-Penzion-Bado-EN.webp\" class=\"attachment-full size-full wp-post-image\" alt=\"6+1 free - Pension Ba\u010fo EN\" decoding=\"async\" loading=\"lazy\" srcset=\"https:\/\/penzionbado.sk\/wp-content\/uploads\/2025\/05\/61-free-Penzion-Bado-EN.webp 1200w, https:\/\/penzionbado.sk\/wp-content\/uploads\/2025\/05\/61-free-Penzion-Bado-EN-300x116.webp 300w, https:\/\/penzionbado.sk\/wp-content\/uploads\/2025\/05\/61-free-Penzion-Bado-EN-1024x394.webp 1024w, https:\/\/penzionbado.sk\/wp-content\/uploads\/2025\/05\/61-free-Penzion-Bado-EN-768x296.webp 768w, https:\/\/penzionbado.sk\/wp-content\/uploads\/2025\/05\/61-free-Penzion-Bado-EN-600x231.webp 600w\" sizes=\"(max-width: 1200px) 100vw, 1200px\" \/>\t\t<\/a>\n\t<\/div>\n<\/div>\t\t<div class=\"qodef-e-content\">\n\t\t\t<div class=\"qodef-e-info qodef-info--top\">\n\t\t\t\t<div itemprop=\"dateCreated\" class=\"qodef-e-info-item qodef-e-info-date entry-date \">\n\t<a itemprop=\"url\" href=\"https:\/\/penzionbado.sk\/en\/2025\/05\/\">4. May 2025<\/a>\n\t<meta itemprop=\"interactionCount\" content=\"UserComments: 0\"\/>\n<\/div>\t\t\t<\/div>\n\t\t\t<div class=\"qodef-e-text\">\n\t\t\t\t<h3 itemprop=\"name\" class=\"qodef-e-title entry-title\" >\n\t<a itemprop=\"url\" class=\"qodef-e-title-link\" href=\"https:\/\/penzionbado.sk\/en\/akcie-en\/akcia-61-zdarma\/\">\n\t\t6+1 free action\t<\/a>\n<\/h3>\n\t\t<p itemprop=\"description\" class=\"qodef-e-excerpt\">Experience the ultimate summer holiday 2026 with our exclusive package!\n\nPrice for 2 persons is 36,- Eur * 6 nights * 2 = 432,- Eur incl. VAT.  \n<\/p>\n\t\t\t\t<\/div>\n\t\t\t\t\t\t\t<div class=\"qodef-e-info qodef-info--bottom\">\n\t\t\t\t\t\t<div class=\"qodef-e-read-more\">\n\t\t<a class=\"qodef-shortcode qodef-m  qodef-button qodef-layout--textual  qodef-html--link\" href=\"https:\/\/penzionbado.sk\/en\/akcie-en\/akcia-61-zdarma\/\" target=\"_self\"  >\t<span class=\"qodef-m-text\">Read More<\/span>\t<span class=\"qodef-m-plus\"><\/span><\/a>\t<\/div>\n\t\t\t\t<\/div>\n\t\t\t\t\t<\/div>\n\t<\/div>\n<\/article><article class=\"qodef-e qodef-blog-item qodef-grid-item qodef-item--full post-11088 post type-post status-publish format-standard has-post-thumbnail hentry category-akcie-en\">\n\t<div class=\"qodef-e-inner\">\n\t\t<div class=\"qodef-e-media\">\n\t\t<div class=\"qodef-e-media-image\">\n\t\t<a itemprop=\"url\" href=\"https:\/\/penzionbado.sk\/en\/akcie-en\/may-holidays-in-the-mountains\/\">\n\t\t\t<img width=\"2400\" height=\"924\" src=\"https:\/\/penzionbado.sk\/wp-content\/uploads\/2025\/05\/Maj-na-horach-wid-EN.jpg\" class=\"attachment-full size-full wp-post-image\" alt=\"\" decoding=\"async\" loading=\"lazy\" srcset=\"https:\/\/penzionbado.sk\/wp-content\/uploads\/2025\/05\/Maj-na-horach-wid-EN.jpg 2400w, https:\/\/penzionbado.sk\/wp-content\/uploads\/2025\/05\/Maj-na-horach-wid-EN-300x116.jpg 300w, https:\/\/penzionbado.sk\/wp-content\/uploads\/2025\/05\/Maj-na-horach-wid-EN-1024x394.jpg 1024w, https:\/\/penzionbado.sk\/wp-content\/uploads\/2025\/05\/Maj-na-horach-wid-EN-768x296.jpg 768w, https:\/\/penzionbado.sk\/wp-content\/uploads\/2025\/05\/Maj-na-horach-wid-EN-1536x591.jpg 1536w, https:\/\/penzionbado.sk\/wp-content\/uploads\/2025\/05\/Maj-na-horach-wid-EN-2048x788.jpg 2048w, https:\/\/penzionbado.sk\/wp-content\/uploads\/2025\/05\/Maj-na-horach-wid-EN-600x231.jpg 600w\" sizes=\"(max-width: 2400px) 100vw, 2400px\" \/>\t\t<\/a>\n\t<\/div>\n<\/div>\t\t<div class=\"qodef-e-content\">\n\t\t\t<div class=\"qodef-e-info qodef-info--top\">\n\t\t\t\t<div itemprop=\"dateCreated\" class=\"qodef-e-info-item qodef-e-info-date entry-date \">\n\t<a itemprop=\"url\" href=\"https:\/\/penzionbado.sk\/en\/2025\/01\/\">30. January 2025<\/a>\n\t<meta itemprop=\"interactionCount\" content=\"UserComments: 0\"\/>\n<\/div>\t\t\t<\/div>\n\t\t\t<div class=\"qodef-e-text\">\n\t\t\t\t<h3 itemprop=\"name\" class=\"qodef-e-title entry-title\" >\n\t<a itemprop=\"url\" class=\"qodef-e-title-link\" href=\"https:\/\/penzionbado.sk\/en\/akcie-en\/may-holidays-in-the-mountains\/\">\n\t\tMay holiday in the mountains with wellness\t<\/a>\n<\/h3>\n\t\t<p itemprop=\"description\" class=\"qodef-e-excerpt\">May weekend in the mountains. Cosy accommodation with a homely atmosphere and traditional Slovak cuisine. You can relax in our sauna, whirlpool o<\/p>\n\t\t\t\t<\/div>\n\t\t\t\t\t\t\t<div class=\"qodef-e-info qodef-info--bottom\">\n\t\t\t\t\t\t<div class=\"qodef-e-read-more\">\n\t\t<a class=\"qodef-shortcode qodef-m  qodef-button qodef-layout--textual  qodef-html--link\" href=\"https:\/\/penzionbado.sk\/en\/akcie-en\/may-holidays-in-the-mountains\/\" target=\"_self\"  >\t<span class=\"qodef-m-text\">Read More<\/span>\t<span class=\"qodef-m-plus\"><\/span><\/a>\t<\/div>\n\t\t\t\t<\/div>\n\t\t\t\t\t<\/div>\n\t<\/div>\n<\/article><article class=\"qodef-e qodef-blog-item qodef-grid-item qodef-item--full post-6862 post type-post status-publish format-standard has-post-thumbnail hentry category-akcie-en\">\n\t<div class=\"qodef-e-inner\">\n\t\t<div class=\"qodef-e-media\">\n\t\t<div class=\"qodef-e-media-image\">\n\t\t<a itemprop=\"url\" href=\"https:\/\/penzionbado.sk\/en\/akcie-en\/darcekove-poukazy-v-akej-forme-darovat-pobyty-sluzby-ci-zazitky\/\">\n\t\t\t<img width=\"2400\" height=\"924\" src=\"https:\/\/penzionbado.sk\/wp-content\/uploads\/2025\/05\/Daruj-zazitok-wid-EN.jpg\" class=\"attachment-full size-full wp-post-image\" alt=\"\" decoding=\"async\" loading=\"lazy\" srcset=\"https:\/\/penzionbado.sk\/wp-content\/uploads\/2025\/05\/Daruj-zazitok-wid-EN.jpg 2400w, https:\/\/penzionbado.sk\/wp-content\/uploads\/2025\/05\/Daruj-zazitok-wid-EN-300x116.jpg 300w, https:\/\/penzionbado.sk\/wp-content\/uploads\/2025\/05\/Daruj-zazitok-wid-EN-1024x394.jpg 1024w, https:\/\/penzionbado.sk\/wp-content\/uploads\/2025\/05\/Daruj-zazitok-wid-EN-768x296.jpg 768w, https:\/\/penzionbado.sk\/wp-content\/uploads\/2025\/05\/Daruj-zazitok-wid-EN-1536x591.jpg 1536w, https:\/\/penzionbado.sk\/wp-content\/uploads\/2025\/05\/Daruj-zazitok-wid-EN-2048x788.jpg 2048w, https:\/\/penzionbado.sk\/wp-content\/uploads\/2025\/05\/Daruj-zazitok-wid-EN-600x231.jpg 600w\" sizes=\"(max-width: 2400px) 100vw, 2400px\" \/>\t\t<\/a>\n\t<\/div>\n<\/div>\t\t<div class=\"qodef-e-content\">\n\t\t\t<div class=\"qodef-e-info qodef-info--top\">\n\t\t\t\t<div itemprop=\"dateCreated\" class=\"qodef-e-info-item qodef-e-info-date entry-date \">\n\t<a itemprop=\"url\" href=\"https:\/\/penzionbado.sk\/en\/2024\/11\/\">26. November 2024<\/a>\n\t<meta itemprop=\"interactionCount\" content=\"UserComments: 0\"\/>\n<\/div>\t\t\t<\/div>\n\t\t\t<div class=\"qodef-e-text\">\n\t\t\t\t<h3 itemprop=\"name\" class=\"qodef-e-title entry-title\" >\n\t<a itemprop=\"url\" class=\"qodef-e-title-link\" href=\"https:\/\/penzionbado.sk\/en\/akcie-en\/darcekove-poukazy-v-akej-forme-darovat-pobyty-sluzby-ci-zazitky\/\">\n\t\tGift vouchers &#8211; Holiday in Slovakia\t<\/a>\n<\/h3>\n\t\t<p itemprop=\"description\" class=\"qodef-e-excerpt\">Any stay or experience in our accommodation BA\u010eO*** is ideal for gifting. You will find great gift tips for family, friends and colleagues. You <\/p>\n\t\t\t\t<\/div>\n\t\t\t\t\t\t\t<div class=\"qodef-e-info qodef-info--bottom\">\n\t\t\t\t\t\t<div class=\"qodef-e-read-more\">\n\t\t<a class=\"qodef-shortcode qodef-m  qodef-button qodef-layout--textual  qodef-html--link\" href=\"https:\/\/penzionbado.sk\/en\/akcie-en\/darcekove-poukazy-v-akej-forme-darovat-pobyty-sluzby-ci-zazitky\/\" target=\"_self\"  >\t<span class=\"qodef-m-text\">Read More<\/span>\t<span class=\"qodef-m-plus\"><\/span><\/a>\t<\/div>\n\t\t\t\t<\/div>\n\t\t\t\t\t<\/div>\n\t<\/div>\n<\/article>\t<\/div>\n\t<\/div>\n\t\t<\/div>\n\t\t\t\t<\/div>\n\t\t\t\t\t<\/div>\n\t\t<\/div>\n\t\t\t\t\t\t\t<\/div>\n\t\t<\/section>\n\t\t\t\t\t\t\t<\/div>\n\t\t","protected":false},"excerpt":{"rendered":"<p>7. janu\u00e1ra 2025 Osl\u00e1vte Valent\u00edna na hor\u00e1ch s Penzi\u00f3nom BA\u010eO \u010c\u00edta\u0165 viac 4. decembra 2024 Ly\u017eova\u010dka s ubytovan\u00edm 6+1 noc zdarma Pre\u017eite par\u00e1dnu zimn\u00fa ly\u017eova\u010dku 2025 s na\u0161\u00edm exkluz\u00edvnym bal\u00edkom 6+1 noc zdarma) Cena akcie pre 2 osoby je 35,- Eur * 6 noc\u00ed * 2 = 420, \u010c\u00edta\u0165 viac 26. novembra 2024 Dar\u010dekov\u00e9 pouk\u00e1\u017eky [&hellip;]<\/p>\n","protected":false},"author":1,"featured_media":6824,"parent":0,"menu_order":0,"comment_status":"closed","ping_status":"closed","template":"","meta":{"inline_featured_image":false},"yoast_head":"<!-- This site is optimized with the Yoast SEO plugin v20.13 - https:\/\/yoast.com\/wordpress\/plugins\/seo\/ -->\n<title>Current events | Pension BA\u010eO***<\/title>\n<meta name=\"description\" content=\"Take a look at our current offer of weekend or weekly stays. Take advantage of stay packages at even better prices.\" \/>\n<meta name=\"robots\" content=\"index, follow, max-snippet:-1, max-image-preview:large, max-video-preview:-1\" \/>\n<link rel=\"canonical\" href=\"https:\/\/penzionbado.sk\/en\/sales\/\" \/>\n<meta property=\"og:locale\" content=\"en_US\" \/>\n<meta property=\"og:type\" content=\"article\" \/>\n<meta property=\"og:title\" content=\"Current events | Pension BA\u010eO***\" \/>\n<meta property=\"og:description\" content=\"Take a look at our current offer of weekend or weekly stays. Take advantage of stay packages at even better prices.\" \/>\n<meta property=\"og:url\" content=\"https:\/\/penzionbado.sk\/en\/sales\/\" \/>\n<meta property=\"og:site_name\" content=\"Pension BA\u010eO***\" \/>\n<meta property=\"article:publisher\" content=\"https:\/\/www.facebook.com\/www.penzionbado.sk\" \/>\n<meta property=\"article:modified_time\" content=\"2025-03-12T13:59:21+00:00\" \/>\n<meta property=\"og:image\" content=\"https:\/\/penzionbado.sk\/wp-content\/uploads\/2023\/05\/117_Penzion-Bado_StaraLesna.jpg\" \/>\n\t<meta property=\"og:image:width\" content=\"681\" \/>\n\t<meta property=\"og:image:height\" content=\"1024\" \/>\n\t<meta property=\"og:image:type\" content=\"image\/jpeg\" \/>\n<meta name=\"twitter:card\" content=\"summary_large_image\" \/>\n<meta name=\"twitter:label1\" content=\"Est. reading time\" \/>\n\t<meta name=\"twitter:data1\" content=\"1 minute\" \/>\n<script type=\"application\/ld+json\" class=\"yoast-schema-graph\">{\"@context\":\"https:\/\/schema.org\",\"@graph\":[{\"@type\":\"WebPage\",\"@id\":\"https:\/\/penzionbado.sk\/en\/sales\/\",\"url\":\"https:\/\/penzionbado.sk\/en\/sales\/\",\"name\":\"Current events | Pension BA\u010eO***\",\"isPartOf\":{\"@id\":\"https:\/\/penzionbado.sk\/#website\"},\"datePublished\":\"2023-05-12T18:10:36+00:00\",\"dateModified\":\"2025-03-12T13:59:21+00:00\",\"description\":\"Take a look at our current offer of weekend or weekly stays. Take advantage of stay packages at even better prices.\",\"breadcrumb\":{\"@id\":\"https:\/\/penzionbado.sk\/en\/sales\/#breadcrumb\"},\"inLanguage\":\"en-US\",\"potentialAction\":[{\"@type\":\"ReadAction\",\"target\":[\"https:\/\/penzionbado.sk\/en\/sales\/\"]}]},{\"@type\":\"BreadcrumbList\",\"@id\":\"https:\/\/penzionbado.sk\/en\/sales\/#breadcrumb\",\"itemListElement\":[{\"@type\":\"ListItem\",\"position\":1,\"name\":\"Home\",\"item\":\"https:\/\/penzionbado.sk\/pl\/\"},{\"@type\":\"ListItem\",\"position\":2,\"name\":\"Current events\"}]},{\"@type\":\"WebSite\",\"@id\":\"https:\/\/penzionbado.sk\/#website\",\"url\":\"https:\/\/penzionbado.sk\/\",\"name\":\"Pension BA\u010eO***\",\"description\":\"Rodinn\u00fd penzi\u00f3n pod Lomnick\u00fdm \u0160t\u00edtom\",\"publisher\":{\"@id\":\"https:\/\/penzionbado.sk\/#organization\"},\"potentialAction\":[{\"@type\":\"SearchAction\",\"target\":{\"@type\":\"EntryPoint\",\"urlTemplate\":\"https:\/\/penzionbado.sk\/?s={search_term_string}\"},\"query-input\":\"required name=search_term_string\"}],\"inLanguage\":\"en-US\"},{\"@type\":\"Organization\",\"@id\":\"https:\/\/penzionbado.sk\/#organization\",\"name\":\"Pension BA\u010eO***\",\"url\":\"https:\/\/penzionbado.sk\/\",\"logo\":{\"@type\":\"ImageObject\",\"inLanguage\":\"en-US\",\"@id\":\"https:\/\/penzionbado.sk\/#\/schema\/logo\/image\/\",\"url\":\"https:\/\/penzionbado.sk\/wp-content\/uploads\/2023\/05\/BADO_logo_black_transparent.png\",\"contentUrl\":\"https:\/\/penzionbado.sk\/wp-content\/uploads\/2023\/05\/BADO_logo_black_transparent.png\",\"width\":470,\"height\":473,\"caption\":\"Pension BA\u010eO***\"},\"image\":{\"@id\":\"https:\/\/penzionbado.sk\/#\/schema\/logo\/image\/\"},\"sameAs\":[\"https:\/\/www.facebook.com\/www.penzionbado.sk\",\"https:\/\/www.instagram.com\/penzionvysoketatry\/\",\"https:\/\/www.youtube.com\/channel\/UCxZmlcE9qBcD9fdk4hfpo7g\"]}]}<\/script>\n<!-- \/ Yoast SEO plugin. -->","yoast_head_json":{"title":"Current events | Pension BA\u010eO***","description":"Take a look at our current offer of weekend or weekly stays. Take advantage of stay packages at even better prices.","robots":{"index":"index","follow":"follow","max-snippet":"max-snippet:-1","max-image-preview":"max-image-preview:large","max-video-preview":"max-video-preview:-1"},"canonical":"https:\/\/penzionbado.sk\/en\/sales\/","og_locale":"en_US","og_type":"article","og_title":"Current events | Pension BA\u010eO***","og_description":"Take a look at our current offer of weekend or weekly stays. Take advantage of stay packages at even better prices.","og_url":"https:\/\/penzionbado.sk\/en\/sales\/","og_site_name":"Pension BA\u010eO***","article_publisher":"https:\/\/www.facebook.com\/www.penzionbado.sk","article_modified_time":"2025-03-12T13:59:21+00:00","og_image":[{"width":681,"height":1024,"url":"https:\/\/penzionbado.sk\/wp-content\/uploads\/2023\/05\/117_Penzion-Bado_StaraLesna.jpg","type":"image\/jpeg"}],"twitter_card":"summary_large_image","twitter_misc":{"Est. reading time":"1 minute"},"schema":{"@context":"https:\/\/schema.org","@graph":[{"@type":"WebPage","@id":"https:\/\/penzionbado.sk\/en\/sales\/","url":"https:\/\/penzionbado.sk\/en\/sales\/","name":"Current events | Pension BA\u010eO***","isPartOf":{"@id":"https:\/\/penzionbado.sk\/#website"},"datePublished":"2023-05-12T18:10:36+00:00","dateModified":"2025-03-12T13:59:21+00:00","description":"Take a look at our current offer of weekend or weekly stays. Take advantage of stay packages at even better prices.","breadcrumb":{"@id":"https:\/\/penzionbado.sk\/en\/sales\/#breadcrumb"},"inLanguage":"en-US","potentialAction":[{"@type":"ReadAction","target":["https:\/\/penzionbado.sk\/en\/sales\/"]}]},{"@type":"BreadcrumbList","@id":"https:\/\/penzionbado.sk\/en\/sales\/#breadcrumb","itemListElement":[{"@type":"ListItem","position":1,"name":"Home","item":"https:\/\/penzionbado.sk\/pl\/"},{"@type":"ListItem","position":2,"name":"Current events"}]},{"@type":"WebSite","@id":"https:\/\/penzionbado.sk\/#website","url":"https:\/\/penzionbado.sk\/","name":"Pension BA\u010eO***","description":"Rodinn\u00fd penzi\u00f3n pod Lomnick\u00fdm \u0160t\u00edtom","publisher":{"@id":"https:\/\/penzionbado.sk\/#organization"},"potentialAction":[{"@type":"SearchAction","target":{"@type":"EntryPoint","urlTemplate":"https:\/\/penzionbado.sk\/?s={search_term_string}"},"query-input":"required name=search_term_string"}],"inLanguage":"en-US"},{"@type":"Organization","@id":"https:\/\/penzionbado.sk\/#organization","name":"Pension BA\u010eO***","url":"https:\/\/penzionbado.sk\/","logo":{"@type":"ImageObject","inLanguage":"en-US","@id":"https:\/\/penzionbado.sk\/#\/schema\/logo\/image\/","url":"https:\/\/penzionbado.sk\/wp-content\/uploads\/2023\/05\/BADO_logo_black_transparent.png","contentUrl":"https:\/\/penzionbado.sk\/wp-content\/uploads\/2023\/05\/BADO_logo_black_transparent.png","width":470,"height":473,"caption":"Pension BA\u010eO***"},"image":{"@id":"https:\/\/penzionbado.sk\/#\/schema\/logo\/image\/"},"sameAs":["https:\/\/www.facebook.com\/www.penzionbado.sk","https:\/\/www.instagram.com\/penzionvysoketatry\/","https:\/\/www.youtube.com\/channel\/UCxZmlcE9qBcD9fdk4hfpo7g"]}]}},"_links":{"self":[{"href":"https:\/\/penzionbado.sk\/en\/wp-json\/wp\/v2\/pages\/6823"}],"collection":[{"href":"https:\/\/penzionbado.sk\/en\/wp-json\/wp\/v2\/pages"}],"about":[{"href":"https:\/\/penzionbado.sk\/en\/wp-json\/wp\/v2\/types\/page"}],"author":[{"embeddable":true,"href":"https:\/\/penzionbado.sk\/en\/wp-json\/wp\/v2\/users\/1"}],"replies":[{"embeddable":true,"href":"https:\/\/penzionbado.sk\/en\/wp-json\/wp\/v2\/comments?post=6823"}],"version-history":[{"count":2,"href":"https:\/\/penzionbado.sk\/en\/wp-json\/wp\/v2\/pages\/6823\/revisions"}],"predecessor-version":[{"id":11218,"href":"https:\/\/penzionbado.sk\/en\/wp-json\/wp\/v2\/pages\/6823\/revisions\/11218"}],"wp:featuredmedia":[{"embeddable":true,"href":"https:\/\/penzionbado.sk\/en\/wp-json\/wp\/v2\/media\/6824"}],"wp:attachment":[{"href":"https:\/\/penzionbado.sk\/en\/wp-json\/wp\/v2\/media?parent=6823"}],"curies":[{"name":"wp","href":"https:\/\/api.w.org\/{rel}","templated":true}]}}