{"id":11253,"date":"2024-04-26T13:12:29","date_gmt":"2024-04-26T11:12:29","guid":{"rendered":"https:\/\/penzionbado.sk\/we-are-looking-for-a-team\/"},"modified":"2025-03-12T14:59:42","modified_gmt":"2025-03-12T13:59:42","slug":"we-are-looking-for-a-team","status":"publish","type":"page","link":"https:\/\/penzionbado.sk\/en\/we-are-looking-for-a-team\/","title":{"rendered":"We are looking for a team"},"content":{"rendered":"\t\t<div data-elementor-type=\"wp-page\" data-elementor-id=\"11253\" class=\"elementor elementor-11253 elementor-7957\" data-elementor-post-type=\"page\">\n\t\t\t\t\t\t\t<div class=\"elementor-element elementor-element-7444776 e-flex e-con-boxed e-con e-parent\" data-id=\"7444776\" data-element_type=\"container\" data-settings=\"{&quot;content_width&quot;:&quot;boxed&quot;}\" data-core-v316-plus=\"true\">\n\t\t\t\t\t<div class=\"e-con-inner\">\n\t\t\t\t<div class=\"elementor-element elementor-element-13b48a3 elementor-widget elementor-widget-text-editor\" data-id=\"13b48a3\" data-element_type=\"widget\" data-widget_type=\"text-editor.default\">\n\t\t\t\t<div class=\"elementor-widget-container\">\n\t\t\t\t\t\t\t<h2>Waitress \/ barmaid<\/h2>\n<p>We are looking for a temporary worker, ideally a student from the surrounding area for the position of waiter \/ bartender in our Caf\u00e9 RICKY located in the area of the Ba\u010fo** guesthouse in Stara Lesna.<\/p>\n<p><strong>Applicant Requirements:<\/strong><\/p>\n<ul>\n<li>Experience working in a coffee shop.<\/li>\n<li>Positive approach.<\/li>\n<li>High level of responsibility and flexibility.<\/li>\n<li>Minimum age 16 years.<\/li>\n<li><span style=\"text-decoration: underline;\">Date of entry: 15 June or 1 July 2024.  <\/span><\/li>\n<\/ul>\n<p><strong>Contact:<\/strong><\/p>\n<ul>\n<li>E-mail: <a href=\"mailto:richard@bado.sk\">richard@bado.sk<\/a><\/li>\n<li>Phone number: <a href=\"tel:0903%20366%20836\">0903 366 836<\/a><\/li>\n<\/ul>\n<p><em><br \/>All other terms and conditions will be subject to personal agreement.<\/em><\/p>\n\t\t\t\t\t\t<\/div>\n\t\t\t\t<\/div>\n\t\t\t\t\t<\/div>\n\t\t\t\t<\/div>\n\t\t\t\t\t\t\t<\/div>\n\t\t","protected":false},"excerpt":{"rendered":"<p>Waitress \/ barmaid We are looking for a temporary worker, ideally a student from the surrounding area for the position of waiter \/ bartender in our Caf\u00e9 RICKY located in the area of the Ba\u010fo** guesthouse in Stara Lesna. Applicant Requirements: Experience working in a coffee shop. Positive approach. High level of responsibility and flexibility. [&hellip;]<\/p>\n","protected":false},"author":2,"featured_media":0,"parent":0,"menu_order":0,"comment_status":"closed","ping_status":"closed","template":"","meta":{"inline_featured_image":false},"yoast_head":"<!-- This site is optimized with the Yoast SEO plugin v20.13 - https:\/\/yoast.com\/wordpress\/plugins\/seo\/ -->\n<title>We are looking for a team | Pension BA\u010eO***<\/title>\n<meta name=\"robots\" content=\"index, follow, max-snippet:-1, max-image-preview:large, max-video-preview:-1\" \/>\n<link rel=\"canonical\" href=\"https:\/\/penzionbado.sk\/en\/we-are-looking-for-a-team\/\" \/>\n<meta property=\"og:locale\" content=\"en_US\" \/>\n<meta property=\"og:type\" content=\"article\" \/>\n<meta property=\"og:title\" content=\"We are looking for a team | Pension BA\u010eO***\" \/>\n<meta property=\"og:description\" content=\"Waitress \/ barmaid We are looking for a temporary worker, ideally a student from the surrounding area for the position of waiter \/ bartender in our Caf\u00e9 RICKY located in the area of the Ba\u010fo** guesthouse in Stara Lesna. Applicant Requirements: Experience working in a coffee shop. Positive approach. High level of responsibility and flexibility. [&hellip;]\" \/>\n<meta property=\"og:url\" content=\"https:\/\/penzionbado.sk\/en\/we-are-looking-for-a-team\/\" \/>\n<meta property=\"og:site_name\" content=\"Pension BA\u010eO***\" \/>\n<meta property=\"article:publisher\" content=\"https:\/\/www.facebook.com\/www.penzionbado.sk\" \/>\n<meta property=\"article:modified_time\" content=\"2025-03-12T13:59:42+00:00\" \/>\n<meta name=\"twitter:card\" content=\"summary_large_image\" \/>\n<script type=\"application\/ld+json\" class=\"yoast-schema-graph\">{\"@context\":\"https:\/\/schema.org\",\"@graph\":[{\"@type\":\"WebPage\",\"@id\":\"https:\/\/penzionbado.sk\/en\/we-are-looking-for-a-team\/\",\"url\":\"https:\/\/penzionbado.sk\/en\/we-are-looking-for-a-team\/\",\"name\":\"We are looking for a team | Pension BA\u010eO***\",\"isPartOf\":{\"@id\":\"https:\/\/penzionbado.sk\/#website\"},\"datePublished\":\"2024-04-26T11:12:29+00:00\",\"dateModified\":\"2025-03-12T13:59:42+00:00\",\"breadcrumb\":{\"@id\":\"https:\/\/penzionbado.sk\/en\/we-are-looking-for-a-team\/#breadcrumb\"},\"inLanguage\":\"en-US\",\"potentialAction\":[{\"@type\":\"ReadAction\",\"target\":[\"https:\/\/penzionbado.sk\/en\/we-are-looking-for-a-team\/\"]}]},{\"@type\":\"BreadcrumbList\",\"@id\":\"https:\/\/penzionbado.sk\/en\/we-are-looking-for-a-team\/#breadcrumb\",\"itemListElement\":[{\"@type\":\"ListItem\",\"position\":1,\"name\":\"Home\",\"item\":\"https:\/\/penzionbado.sk\/pl\/\"},{\"@type\":\"ListItem\",\"position\":2,\"name\":\"We are looking for a team\"}]},{\"@type\":\"WebSite\",\"@id\":\"https:\/\/penzionbado.sk\/#website\",\"url\":\"https:\/\/penzionbado.sk\/\",\"name\":\"Pension BA\u010eO***\",\"description\":\"Rodinn\u00fd penzi\u00f3n pod Lomnick\u00fdm \u0160t\u00edtom\",\"publisher\":{\"@id\":\"https:\/\/penzionbado.sk\/#organization\"},\"potentialAction\":[{\"@type\":\"SearchAction\",\"target\":{\"@type\":\"EntryPoint\",\"urlTemplate\":\"https:\/\/penzionbado.sk\/?s={search_term_string}\"},\"query-input\":\"required name=search_term_string\"}],\"inLanguage\":\"en-US\"},{\"@type\":\"Organization\",\"@id\":\"https:\/\/penzionbado.sk\/#organization\",\"name\":\"Pension BA\u010eO***\",\"url\":\"https:\/\/penzionbado.sk\/\",\"logo\":{\"@type\":\"ImageObject\",\"inLanguage\":\"en-US\",\"@id\":\"https:\/\/penzionbado.sk\/#\/schema\/logo\/image\/\",\"url\":\"https:\/\/penzionbado.sk\/wp-content\/uploads\/2023\/05\/BADO_logo_black_transparent.png\",\"contentUrl\":\"https:\/\/penzionbado.sk\/wp-content\/uploads\/2023\/05\/BADO_logo_black_transparent.png\",\"width\":470,\"height\":473,\"caption\":\"Pension BA\u010eO***\"},\"image\":{\"@id\":\"https:\/\/penzionbado.sk\/#\/schema\/logo\/image\/\"},\"sameAs\":[\"https:\/\/www.facebook.com\/www.penzionbado.sk\",\"https:\/\/www.instagram.com\/penzionvysoketatry\/\",\"https:\/\/www.youtube.com\/channel\/UCxZmlcE9qBcD9fdk4hfpo7g\"]}]}<\/script>\n<!-- \/ Yoast SEO plugin. -->","yoast_head_json":{"title":"We are looking for a team | Pension BA\u010eO***","robots":{"index":"index","follow":"follow","max-snippet":"max-snippet:-1","max-image-preview":"max-image-preview:large","max-video-preview":"max-video-preview:-1"},"canonical":"https:\/\/penzionbado.sk\/en\/we-are-looking-for-a-team\/","og_locale":"en_US","og_type":"article","og_title":"We are looking for a team | Pension BA\u010eO***","og_description":"Waitress \/ barmaid We are looking for a temporary worker, ideally a student from the surrounding area for the position of waiter \/ bartender in our Caf\u00e9 RICKY located in the area of the Ba\u010fo** guesthouse in Stara Lesna. Applicant Requirements: Experience working in a coffee shop. Positive approach. High level of responsibility and flexibility. [&hellip;]","og_url":"https:\/\/penzionbado.sk\/en\/we-are-looking-for-a-team\/","og_site_name":"Pension BA\u010eO***","article_publisher":"https:\/\/www.facebook.com\/www.penzionbado.sk","article_modified_time":"2025-03-12T13:59:42+00:00","twitter_card":"summary_large_image","schema":{"@context":"https:\/\/schema.org","@graph":[{"@type":"WebPage","@id":"https:\/\/penzionbado.sk\/en\/we-are-looking-for-a-team\/","url":"https:\/\/penzionbado.sk\/en\/we-are-looking-for-a-team\/","name":"We are looking for a team | Pension BA\u010eO***","isPartOf":{"@id":"https:\/\/penzionbado.sk\/#website"},"datePublished":"2024-04-26T11:12:29+00:00","dateModified":"2025-03-12T13:59:42+00:00","breadcrumb":{"@id":"https:\/\/penzionbado.sk\/en\/we-are-looking-for-a-team\/#breadcrumb"},"inLanguage":"en-US","potentialAction":[{"@type":"ReadAction","target":["https:\/\/penzionbado.sk\/en\/we-are-looking-for-a-team\/"]}]},{"@type":"BreadcrumbList","@id":"https:\/\/penzionbado.sk\/en\/we-are-looking-for-a-team\/#breadcrumb","itemListElement":[{"@type":"ListItem","position":1,"name":"Home","item":"https:\/\/penzionbado.sk\/pl\/"},{"@type":"ListItem","position":2,"name":"We are looking for a team"}]},{"@type":"WebSite","@id":"https:\/\/penzionbado.sk\/#website","url":"https:\/\/penzionbado.sk\/","name":"Pension BA\u010eO***","description":"Rodinn\u00fd penzi\u00f3n pod Lomnick\u00fdm \u0160t\u00edtom","publisher":{"@id":"https:\/\/penzionbado.sk\/#organization"},"potentialAction":[{"@type":"SearchAction","target":{"@type":"EntryPoint","urlTemplate":"https:\/\/penzionbado.sk\/?s={search_term_string}"},"query-input":"required name=search_term_string"}],"inLanguage":"en-US"},{"@type":"Organization","@id":"https:\/\/penzionbado.sk\/#organization","name":"Pension BA\u010eO***","url":"https:\/\/penzionbado.sk\/","logo":{"@type":"ImageObject","inLanguage":"en-US","@id":"https:\/\/penzionbado.sk\/#\/schema\/logo\/image\/","url":"https:\/\/penzionbado.sk\/wp-content\/uploads\/2023\/05\/BADO_logo_black_transparent.png","contentUrl":"https:\/\/penzionbado.sk\/wp-content\/uploads\/2023\/05\/BADO_logo_black_transparent.png","width":470,"height":473,"caption":"Pension BA\u010eO***"},"image":{"@id":"https:\/\/penzionbado.sk\/#\/schema\/logo\/image\/"},"sameAs":["https:\/\/www.facebook.com\/www.penzionbado.sk","https:\/\/www.instagram.com\/penzionvysoketatry\/","https:\/\/www.youtube.com\/channel\/UCxZmlcE9qBcD9fdk4hfpo7g"]}]}},"_links":{"self":[{"href":"https:\/\/penzionbado.sk\/en\/wp-json\/wp\/v2\/pages\/11253"}],"collection":[{"href":"https:\/\/penzionbado.sk\/en\/wp-json\/wp\/v2\/pages"}],"about":[{"href":"https:\/\/penzionbado.sk\/en\/wp-json\/wp\/v2\/types\/page"}],"author":[{"embeddable":true,"href":"https:\/\/penzionbado.sk\/en\/wp-json\/wp\/v2\/users\/2"}],"replies":[{"embeddable":true,"href":"https:\/\/penzionbado.sk\/en\/wp-json\/wp\/v2\/comments?post=11253"}],"version-history":[{"count":1,"href":"https:\/\/penzionbado.sk\/en\/wp-json\/wp\/v2\/pages\/11253\/revisions"}],"predecessor-version":[{"id":11254,"href":"https:\/\/penzionbado.sk\/en\/wp-json\/wp\/v2\/pages\/11253\/revisions\/11254"}],"wp:attachment":[{"href":"https:\/\/penzionbado.sk\/en\/wp-json\/wp\/v2\/media?parent=11253"}],"curies":[{"name":"wp","href":"https:\/\/api.w.org\/{rel}","templated":true}]}}