{"id":11234,"date":"2023-06-21T15:08:30","date_gmt":"2023-06-21T13:08:30","guid":{"rendered":"https:\/\/penzionbado.sk\/cookie-policy\/"},"modified":"2025-03-12T14:59:36","modified_gmt":"2025-03-12T13:59:36","slug":"cookie-policy","status":"publish","type":"page","link":"https:\/\/penzionbado.sk\/en\/cookie-policy\/","title":{"rendered":"Cookie Policy"},"content":{"rendered":"\t\t<div data-elementor-type=\"wp-page\" data-elementor-id=\"11234\" class=\"elementor elementor-11234 elementor-6626\" data-elementor-post-type=\"page\">\n\t\t\t\t\t\t\t\t\t<section class=\"elementor-section elementor-top-section elementor-element elementor-element-4d225ac elementor-section-full_width elementor-section-height-default elementor-section-height-default qodef-elementor-content-no\" data-id=\"4d225ac\" data-element_type=\"section\">\n\t\t\t\t\t\t<div class=\"elementor-container elementor-column-gap-no\">\n\t\t\t\t\t<div class=\"elementor-column elementor-col-100 elementor-top-column elementor-element elementor-element-c3b305a\" data-id=\"c3b305a\" data-element_type=\"column\">\n\t\t\t<div class=\"elementor-widget-wrap elementor-element-populated\">\n\t\t\t\t\t\t\t\t<div class=\"elementor-element elementor-element-da5e3dd elementor-widget elementor-widget-text-editor\" data-id=\"da5e3dd\" data-element_type=\"widget\" data-widget_type=\"text-editor.default\">\n\t\t\t\t<div class=\"elementor-widget-container\">\n\t\t\t\t\t\t\t<h2>What are cookies?<\/h2>\nCookies are small text files created by a web server and stored on your computer or mobile device when you browse the web. Thanks to these files, the web server remembers your movements and preferences on the website (e.g. language, font size, etc.) for a certain period of time and you do not have to enter them again the next time you visit the website. Cookies are used by most websites and e-shops.  \n<h2>Distribution of cookies<\/h2>\nCookies can be divided according to their durability into:\n<ul>\n \t<li>Short-term (session cookies) &#8211; they are deleted from your computer when you close your browser<\/li>\n \t<li>Long-term (persistent cookies) &#8211; they remain stored on your computer after you close your browser and are deleted after a very long period of time (depending on your browser settings). You can also delete them manually.  <\/li>\n<\/ul>\nAccording to their purpose we can divide them into:\n<ul>\n \t<li>Technical &#8211; used for basic site or page functions (video playback, content sharing, login)<\/li>\n \t<li>Analytical &#8211; used to collect non-anonymous data about your behaviour. Based on this data, we can modify the website to make it more user-friendly. <\/li>\n \t<li>Remarketing &#8211; used to target ads to the user<\/li>\n<\/ul>\n<h2>How do we use cookies ?<\/h2>\nThis website uses cookies to:\n<ul>\n \t<li>For the necessary functionality of the site<\/li>\n \t<li>Remembering user settings<\/li>\n \t<li>Collection of anonymous statistical information about visitors<\/li>\n \t<li>For better ad customisation and social sharing<\/li>\n<\/ul>\n<h2>What cookies do we use ?<\/h2>\n<h3>Google Analytics<\/h3>\nGoogle Analytics is provided by Google, Inc. It is used to obtain and collect anonymised statistical data about the use of the website by users. The purpose of using the service is to understand our visitors&#8217; needs more closely and to make sure they are satisfied. Google Analytics stores information about what pages you visit, how long you stay on them, where you came to the site from and what links you click on. All information, together with cookies, is transferred to and stored by Google, Inc. on servers in the United States of America. This data does not contain any confidential information on the basis of which we would be able to identify a specific visitor. The retention period of this information is set to indefinite. Google, Inc. may disclose this data to third parties if required to do so by law.       \n\nFor more information on privacy, click here: <a href=\"https:\/\/support.google.com\/analytics\/topic\/2919631?hl=sk&amp;ref_topic=1008008\">https:\/\/support.google.com\/analytics\/topic\/2919631?hl=sk&amp;ref_topic=1008008<\/a>\n\nTo install the software add-on to reject Google Analytics cookies, click here: <a href=\"https:\/\/tools.google.com\/dlpage\/gaoptout\">https:\/\/tools.google.com\/dlpage\/gaoptou<\/a>\n<h3>Facebook<\/h3>\nFacebook, Inc. uses cookies to serve like and share buttons so that website visitors can more quickly and conveniently share information displayed on your website. (e.g. articles, products, portfolio, etc.) For more information about cookies used by Facebook, Inc. click here: <a href=\"https:\/\/sk-sk.facebook.com\/policies\/cookies\/\">https:\/\/sk-sk.facebook.com\/policies\/cookies\/<\/a>  \n<h2>Browser settings<\/h2>\nMost web browsers can be set to block cookies. This is despite the fact that some elements on the website may not work properly. Cookie settings are usually found under the &#8220;Options&#8221; or &#8220;Settings&#8221; tab.  \n\nBrowser-specific cookie settings:\n<ul>\n \t<li>Internet Explorer &#8211; <a href=\"https:\/\/support.microsoft.com\/sk-sk\/help\/17442\/windows-internet-explorer-delete-manage-cookies\">https:\/\/support.microsoft.com\/sk-sk\/help\/17442\/windows-internet-explorer-delete-manage-cookies<\/a><\/li>\n \t<li>Mozilla Firefox &#8211; <a href=\"https:\/\/support.mozilla.org\/sk\/kb\/Spr%C3%A1va%20cookies\">https:\/\/support.mozilla.org\/sk\/kb\/Spr%C3%A1va%20cookies<\/a><\/li>\n \t<li>Google Chrome &#8211; <a href=\"https:\/\/support.google.com\/chrome\/answer\/95647?hl=sk\">https:\/\/support.google.com\/chrome\/answer\/95647?hl=sk<\/a><\/li>\n \t<li>Safari &#8211; <a href=\"https:\/\/support.apple.com\/kb\/ph21411?locale=sk_SK\">https:\/\/support.apple.com\/kb\/ph21411?locale=sk_SK<\/a><\/li>\n<\/ul>\nFor further information about cookies and their use, please visit <a href=\"https:\/\/www.aboutcookies.org\/\">https:\/\/aboutcookies.org\/<\/a>\n<p>Manage your cookie consent <a class=\"cmplz-show-banner\">by clicking here.<\/a><\/p>\t\t\t\t\t\t<\/div>\n\t\t\t\t<\/div>\n\t\t\t\t\t<\/div>\n\t\t<\/div>\n\t\t\t\t\t\t\t<\/div>\n\t\t<\/section>\n\t\t\t\t\t\t\t<\/div>\n\t\t","protected":false},"excerpt":{"rendered":"<p>What are cookies? Cookies are small text files created by a web server and stored on your computer or mobile device when you browse the web. Thanks to these files, the web server remembers your movements and preferences on the website (e.g. language, font size, etc.) for a certain period of time and you do [&hellip;]<\/p>\n","protected":false},"author":1,"featured_media":0,"parent":0,"menu_order":0,"comment_status":"closed","ping_status":"closed","template":"","meta":{"inline_featured_image":false},"yoast_head":"<!-- This site is optimized with the Yoast SEO plugin v20.13 - https:\/\/yoast.com\/wordpress\/plugins\/seo\/ -->\n<title>Cookie Policy | Pension BA\u010eO***<\/title>\n<meta name=\"robots\" content=\"index, follow, max-snippet:-1, max-image-preview:large, max-video-preview:-1\" \/>\n<link rel=\"canonical\" href=\"https:\/\/penzionbado.sk\/en\/cookie-policy\/\" \/>\n<meta property=\"og:locale\" content=\"en_US\" \/>\n<meta property=\"og:type\" content=\"article\" \/>\n<meta property=\"og:title\" content=\"Cookie Policy | Pension BA\u010eO***\" \/>\n<meta property=\"og:description\" content=\"What are cookies? Cookies are small text files created by a web server and stored on your computer or mobile device when you browse the web. Thanks to these files, the web server remembers your movements and preferences on the website (e.g. language, font size, etc.) for a certain period of time and you do [&hellip;]\" \/>\n<meta property=\"og:url\" content=\"https:\/\/penzionbado.sk\/en\/cookie-policy\/\" \/>\n<meta property=\"og:site_name\" content=\"Pension BA\u010eO***\" \/>\n<meta property=\"article:publisher\" content=\"https:\/\/www.facebook.com\/www.penzionbado.sk\" \/>\n<meta property=\"article:modified_time\" content=\"2025-03-12T13:59:36+00:00\" \/>\n<meta name=\"twitter:card\" content=\"summary_large_image\" \/>\n<meta name=\"twitter:label1\" content=\"Est. reading time\" \/>\n\t<meta name=\"twitter:data1\" content=\"3 minutes\" \/>\n<script type=\"application\/ld+json\" class=\"yoast-schema-graph\">{\"@context\":\"https:\/\/schema.org\",\"@graph\":[{\"@type\":\"WebPage\",\"@id\":\"https:\/\/penzionbado.sk\/en\/cookie-policy\/\",\"url\":\"https:\/\/penzionbado.sk\/en\/cookie-policy\/\",\"name\":\"Cookie Policy | Pension BA\u010eO***\",\"isPartOf\":{\"@id\":\"https:\/\/penzionbado.sk\/#website\"},\"datePublished\":\"2023-06-21T13:08:30+00:00\",\"dateModified\":\"2025-03-12T13:59:36+00:00\",\"breadcrumb\":{\"@id\":\"https:\/\/penzionbado.sk\/en\/cookie-policy\/#breadcrumb\"},\"inLanguage\":\"en-US\",\"potentialAction\":[{\"@type\":\"ReadAction\",\"target\":[\"https:\/\/penzionbado.sk\/en\/cookie-policy\/\"]}]},{\"@type\":\"BreadcrumbList\",\"@id\":\"https:\/\/penzionbado.sk\/en\/cookie-policy\/#breadcrumb\",\"itemListElement\":[{\"@type\":\"ListItem\",\"position\":1,\"name\":\"Home\",\"item\":\"https:\/\/penzionbado.sk\/pl\/\"},{\"@type\":\"ListItem\",\"position\":2,\"name\":\"Cookie Policy\"}]},{\"@type\":\"WebSite\",\"@id\":\"https:\/\/penzionbado.sk\/#website\",\"url\":\"https:\/\/penzionbado.sk\/\",\"name\":\"Pension BA\u010eO***\",\"description\":\"Rodinn\u00fd penzi\u00f3n pod Lomnick\u00fdm \u0160t\u00edtom\",\"publisher\":{\"@id\":\"https:\/\/penzionbado.sk\/#organization\"},\"potentialAction\":[{\"@type\":\"SearchAction\",\"target\":{\"@type\":\"EntryPoint\",\"urlTemplate\":\"https:\/\/penzionbado.sk\/?s={search_term_string}\"},\"query-input\":\"required name=search_term_string\"}],\"inLanguage\":\"en-US\"},{\"@type\":\"Organization\",\"@id\":\"https:\/\/penzionbado.sk\/#organization\",\"name\":\"Pension BA\u010eO***\",\"url\":\"https:\/\/penzionbado.sk\/\",\"logo\":{\"@type\":\"ImageObject\",\"inLanguage\":\"en-US\",\"@id\":\"https:\/\/penzionbado.sk\/#\/schema\/logo\/image\/\",\"url\":\"https:\/\/penzionbado.sk\/wp-content\/uploads\/2023\/05\/BADO_logo_black_transparent.png\",\"contentUrl\":\"https:\/\/penzionbado.sk\/wp-content\/uploads\/2023\/05\/BADO_logo_black_transparent.png\",\"width\":470,\"height\":473,\"caption\":\"Pension BA\u010eO***\"},\"image\":{\"@id\":\"https:\/\/penzionbado.sk\/#\/schema\/logo\/image\/\"},\"sameAs\":[\"https:\/\/www.facebook.com\/www.penzionbado.sk\",\"https:\/\/www.instagram.com\/penzionvysoketatry\/\",\"https:\/\/www.youtube.com\/channel\/UCxZmlcE9qBcD9fdk4hfpo7g\"]}]}<\/script>\n<!-- \/ Yoast SEO plugin. -->","yoast_head_json":{"title":"Cookie Policy | Pension BA\u010eO***","robots":{"index":"index","follow":"follow","max-snippet":"max-snippet:-1","max-image-preview":"max-image-preview:large","max-video-preview":"max-video-preview:-1"},"canonical":"https:\/\/penzionbado.sk\/en\/cookie-policy\/","og_locale":"en_US","og_type":"article","og_title":"Cookie Policy | Pension BA\u010eO***","og_description":"What are cookies? Cookies are small text files created by a web server and stored on your computer or mobile device when you browse the web. Thanks to these files, the web server remembers your movements and preferences on the website (e.g. language, font size, etc.) for a certain period of time and you do [&hellip;]","og_url":"https:\/\/penzionbado.sk\/en\/cookie-policy\/","og_site_name":"Pension BA\u010eO***","article_publisher":"https:\/\/www.facebook.com\/www.penzionbado.sk","article_modified_time":"2025-03-12T13:59:36+00:00","twitter_card":"summary_large_image","twitter_misc":{"Est. reading time":"3 minutes"},"schema":{"@context":"https:\/\/schema.org","@graph":[{"@type":"WebPage","@id":"https:\/\/penzionbado.sk\/en\/cookie-policy\/","url":"https:\/\/penzionbado.sk\/en\/cookie-policy\/","name":"Cookie Policy | Pension BA\u010eO***","isPartOf":{"@id":"https:\/\/penzionbado.sk\/#website"},"datePublished":"2023-06-21T13:08:30+00:00","dateModified":"2025-03-12T13:59:36+00:00","breadcrumb":{"@id":"https:\/\/penzionbado.sk\/en\/cookie-policy\/#breadcrumb"},"inLanguage":"en-US","potentialAction":[{"@type":"ReadAction","target":["https:\/\/penzionbado.sk\/en\/cookie-policy\/"]}]},{"@type":"BreadcrumbList","@id":"https:\/\/penzionbado.sk\/en\/cookie-policy\/#breadcrumb","itemListElement":[{"@type":"ListItem","position":1,"name":"Home","item":"https:\/\/penzionbado.sk\/pl\/"},{"@type":"ListItem","position":2,"name":"Cookie Policy"}]},{"@type":"WebSite","@id":"https:\/\/penzionbado.sk\/#website","url":"https:\/\/penzionbado.sk\/","name":"Pension BA\u010eO***","description":"Rodinn\u00fd penzi\u00f3n pod Lomnick\u00fdm \u0160t\u00edtom","publisher":{"@id":"https:\/\/penzionbado.sk\/#organization"},"potentialAction":[{"@type":"SearchAction","target":{"@type":"EntryPoint","urlTemplate":"https:\/\/penzionbado.sk\/?s={search_term_string}"},"query-input":"required name=search_term_string"}],"inLanguage":"en-US"},{"@type":"Organization","@id":"https:\/\/penzionbado.sk\/#organization","name":"Pension BA\u010eO***","url":"https:\/\/penzionbado.sk\/","logo":{"@type":"ImageObject","inLanguage":"en-US","@id":"https:\/\/penzionbado.sk\/#\/schema\/logo\/image\/","url":"https:\/\/penzionbado.sk\/wp-content\/uploads\/2023\/05\/BADO_logo_black_transparent.png","contentUrl":"https:\/\/penzionbado.sk\/wp-content\/uploads\/2023\/05\/BADO_logo_black_transparent.png","width":470,"height":473,"caption":"Pension BA\u010eO***"},"image":{"@id":"https:\/\/penzionbado.sk\/#\/schema\/logo\/image\/"},"sameAs":["https:\/\/www.facebook.com\/www.penzionbado.sk","https:\/\/www.instagram.com\/penzionvysoketatry\/","https:\/\/www.youtube.com\/channel\/UCxZmlcE9qBcD9fdk4hfpo7g"]}]}},"_links":{"self":[{"href":"https:\/\/penzionbado.sk\/en\/wp-json\/wp\/v2\/pages\/11234"}],"collection":[{"href":"https:\/\/penzionbado.sk\/en\/wp-json\/wp\/v2\/pages"}],"about":[{"href":"https:\/\/penzionbado.sk\/en\/wp-json\/wp\/v2\/types\/page"}],"author":[{"embeddable":true,"href":"https:\/\/penzionbado.sk\/en\/wp-json\/wp\/v2\/users\/1"}],"replies":[{"embeddable":true,"href":"https:\/\/penzionbado.sk\/en\/wp-json\/wp\/v2\/comments?post=11234"}],"version-history":[{"count":1,"href":"https:\/\/penzionbado.sk\/en\/wp-json\/wp\/v2\/pages\/11234\/revisions"}],"predecessor-version":[{"id":11235,"href":"https:\/\/penzionbado.sk\/en\/wp-json\/wp\/v2\/pages\/11234\/revisions\/11235"}],"wp:attachment":[{"href":"https:\/\/penzionbado.sk\/en\/wp-json\/wp\/v2\/media?parent=11234"}],"curies":[{"name":"wp","href":"https:\/\/api.w.org\/{rel}","templated":true}]}}