{"id":17092,"date":"2023-05-24T18:36:04","date_gmt":"2023-05-24T16:36:04","guid":{"rendered":"https:\/\/penzionbado.sk\/produkt\/geschenkgutschein-2\/"},"modified":"2023-05-24T18:36:04","modified_gmt":"2023-05-24T16:36:04","slug":"geschenkgutschein-2","status":"publish","type":"product","link":"https:\/\/penzionbado.sk\/de\/produkt\/geschenkgutschein-2\/","title":{"rendered":"Geschenkgutschein"},"content":{"rendered":"<p>Unser Geschenkgutschein <strong>hat<\/strong> das <strong>Format A4<\/strong>. Der gefaltete Geschenkgutschein ist kompakt und passt in jeden Briefkasten. Es ist notwendig, den Gutschein bei der Ankunft in der Unterkunft dabei zu haben, damit der Kauf des Gutscheins nachgewiesen werden kann. <\/p>\n<h4>Wie kann ich einen Gutschein in einem Geschenkpaket bestellen?<\/h4>\n<ol>\n<li>Schicken Sie uns eine E-Mail an <a href=\"mailto:info@penzionbado.sk\">info@penzionbado.sk mit dem<\/a> Betreff &#8220;Geschenkgutschein&#8221; und senden Sie sie ab.<\/li>\n<li>Sie erhalten in Ihrer E-Mail Anweisungen, wie Sie den Geschenkgutschein bezahlen k\u00f6nnen, und wir senden Ihnen den Geschenkgutschein zu, sobald Sie bezahlt haben.<\/li>\n<li><strong>F\u00fcr ein Geschenkpaket zahlen Sie 1,90 \u20ac und die normale Lieferung ist kostenlos.  <\/strong><\/li>\n<\/ol>\n<p><strong>Gut zu wissen:<\/strong><\/p>\n<ul>\n<li>Geschenkverpackungen sind nur f\u00fcr Dienstleistungen und nicht f\u00fcr den Verzehr von Getr\u00e4nken oder Mahlzeiten erh\u00e4ltlich.<\/li>\n<li>Die Geschenkverpackung kann sp\u00e4ter nicht mehr nachbestellt werden. Vergessen Sie es also nicht bei der Bestellung. <\/li>\n<\/ul>\n<h4>Vorteile einer Geschenkgutscheinverpackung<\/h4>\n<ul>\n<li>Sie k\u00f6nnen auch eine pers\u00f6nliche Widmung hinzuf\u00fcgen.<\/li>\n<li>Mit dem Verschenken eines Gutscheins in unserem Geschenkpaket erh\u00e4lt der Empf\u00e4nger auch einen Gutschein in digitaler Form &#8211; dank des 8-stelligen Codes k\u00f6nnen Sie ihn an der Rezeption einl\u00f6sen. Auf diese Weise gehen alle Benachrichtigungen oder Erinnerungen an Einl\u00f6sungstermine an den Geschenkempf\u00e4nger und nicht an den Schenker. <\/li>\n<li>Eine weitere n\u00fctzliche Funktion ist die M\u00f6glichkeit, Ihre eigene Reservierung f\u00fcr Ihren Aufenthalt oder Urlaub direkt telefonisch unter +421 903 714 695 oder per E-Mail vorzunehmen.<\/li>\n<\/ul>\n<h4>Langfristige Angebote, mit denen Sie auch dieses Weihnachten sparen k\u00f6nnen<\/h4>\n<p>Legen Sie einen Geschenkgutschein mit langer G\u00fcltigkeit unter den Baum. Das Einl\u00f6sedatum wird vom Empf\u00e4nger im Jahr 2025 gew\u00e4hlt. Warum ist dies eine sinnvolle Wahl? Weil Sie zu den diesj\u00e4hrigen Preisen einkaufen und der Beschenkte gen\u00fcgend Zeit hat, sich ein Datum f\u00fcr die Verwendung seines Geschenks zu \u00fcberlegen.  <\/p>\n","protected":false},"excerpt":{"rendered":"<p>Jeder Aufenthalt oder jedes Erlebnis in unserer Unterkunft BA\u010eO*** ist ideal zum Verschenken. Sie finden hier tolle Geschenktipps f\u00fcr Familie, Freunde und Kollegen. Sie k\u00f6nnen Geschenkgutscheine aus unserem Angebot verschenken, indem Sie sie zu Hause selbst ausdrucken, oder Sie \u00fcberlassen uns die Verpackung und den Versand.  <\/p>\n","protected":false},"featured_media":17093,"template":"","meta":{"inline_featured_image":false},"product_cat":[358],"product_tag":[],"yoast_head":"<!-- This site is optimized with the Yoast SEO plugin v20.13 - https:\/\/yoast.com\/wordpress\/plugins\/seo\/ -->\n<title>Geschenkgutschein | Penzi\u00f3n BA\u010eO ***<\/title>\n<meta name=\"robots\" content=\"index, follow, max-snippet:-1, max-image-preview:large, max-video-preview:-1\" \/>\n<link rel=\"canonical\" href=\"https:\/\/penzionbado.sk\/produkt\/geschenkgutschein-2\/\" \/>\n<meta property=\"og:locale\" content=\"de_DE\" \/>\n<meta property=\"og:type\" content=\"article\" \/>\n<meta property=\"og:title\" content=\"Geschenkgutschein | Penzi\u00f3n BA\u010eO ***\" \/>\n<meta property=\"og:description\" content=\"Jeder Aufenthalt oder jedes Erlebnis in unserer Unterkunft BA\u010eO*** ist ideal zum Verschenken. Sie finden hier tolle Geschenktipps f\u00fcr Familie, Freunde und Kollegen. Sie k\u00f6nnen Geschenkgutscheine aus unserem Angebot verschenken, indem Sie sie zu Hause selbst ausdrucken, oder Sie \u00fcberlassen uns die Verpackung und den Versand.\" \/>\n<meta property=\"og:url\" content=\"https:\/\/penzionbado.sk\/produkt\/geschenkgutschein-2\/\" \/>\n<meta property=\"og:site_name\" content=\"Penzi\u00f3n BA\u010eO ***\" \/>\n<meta property=\"article:publisher\" content=\"https:\/\/www.facebook.com\/www.penzionbado.sk\" \/>\n<meta name=\"twitter:card\" content=\"summary_large_image\" \/>\n<meta name=\"twitter:label1\" content=\"Gesch\u00e4tzte Lesezeit\" \/>\n\t<meta name=\"twitter:data1\" content=\"1\u00a0Minute\" \/>\n<script type=\"application\/ld+json\" class=\"yoast-schema-graph\">{\"@context\":\"https:\/\/schema.org\",\"@graph\":[{\"@type\":\"WebPage\",\"@id\":\"https:\/\/penzionbado.sk\/produkt\/geschenkgutschein-2\/\",\"url\":\"https:\/\/penzionbado.sk\/produkt\/geschenkgutschein-2\/\",\"name\":\"Geschenkgutschein | Penzi\u00f3n BA\u010eO ***\",\"isPartOf\":{\"@id\":\"https:\/\/penzionbado.sk\/#website\"},\"datePublished\":\"2023-05-24T16:36:04+00:00\",\"dateModified\":\"2023-05-24T16:36:04+00:00\",\"breadcrumb\":{\"@id\":\"https:\/\/penzionbado.sk\/produkt\/geschenkgutschein-2\/#breadcrumb\"},\"inLanguage\":\"de\",\"potentialAction\":[{\"@type\":\"ReadAction\",\"target\":[\"https:\/\/penzionbado.sk\/produkt\/geschenkgutschein-2\/\"]}]},{\"@type\":\"BreadcrumbList\",\"@id\":\"https:\/\/penzionbado.sk\/produkt\/geschenkgutschein-2\/#breadcrumb\",\"itemListElement\":[{\"@type\":\"ListItem\",\"position\":1,\"name\":\"Home\",\"item\":\"https:\/\/penzionbado.sk\/de\/\"},{\"@type\":\"ListItem\",\"position\":2,\"name\":\"Obchod\",\"item\":\"https:\/\/penzionbado.sk\/obchod\/\"},{\"@type\":\"ListItem\",\"position\":3,\"name\":\"Geschenkgutschein\"}]},{\"@type\":\"WebSite\",\"@id\":\"https:\/\/penzionbado.sk\/#website\",\"url\":\"https:\/\/penzionbado.sk\/\",\"name\":\"Penzi\u00f3n BA\u010eO ***\",\"description\":\"Rodinn\u00fd penzi\u00f3n pod Lomnick\u00fdm \u0160t\u00edtom\",\"publisher\":{\"@id\":\"https:\/\/penzionbado.sk\/#organization\"},\"potentialAction\":[{\"@type\":\"SearchAction\",\"target\":{\"@type\":\"EntryPoint\",\"urlTemplate\":\"https:\/\/penzionbado.sk\/?s={search_term_string}\"},\"query-input\":\"required name=search_term_string\"}],\"inLanguage\":\"de\"},{\"@type\":\"Organization\",\"@id\":\"https:\/\/penzionbado.sk\/#organization\",\"name\":\"Penzi\u00f3n BA\u010eO ***\",\"url\":\"https:\/\/penzionbado.sk\/\",\"logo\":{\"@type\":\"ImageObject\",\"inLanguage\":\"de\",\"@id\":\"https:\/\/penzionbado.sk\/#\/schema\/logo\/image\/\",\"url\":\"https:\/\/penzionbado.sk\/wp-content\/uploads\/2023\/05\/BADO_logo_black_transparent.png\",\"contentUrl\":\"https:\/\/penzionbado.sk\/wp-content\/uploads\/2023\/05\/BADO_logo_black_transparent.png\",\"width\":470,\"height\":473,\"caption\":\"Penzi\u00f3n BA\u010eO ***\"},\"image\":{\"@id\":\"https:\/\/penzionbado.sk\/#\/schema\/logo\/image\/\"},\"sameAs\":[\"https:\/\/www.facebook.com\/www.penzionbado.sk\",\"https:\/\/www.instagram.com\/penzionvysoketatry\/\",\"https:\/\/www.youtube.com\/channel\/UCxZmlcE9qBcD9fdk4hfpo7g\"]}]}<\/script>\n<!-- \/ Yoast SEO plugin. -->","yoast_head_json":{"title":"Geschenkgutschein | Penzi\u00f3n BA\u010eO ***","robots":{"index":"index","follow":"follow","max-snippet":"max-snippet:-1","max-image-preview":"max-image-preview:large","max-video-preview":"max-video-preview:-1"},"canonical":"https:\/\/penzionbado.sk\/produkt\/geschenkgutschein-2\/","og_locale":"de_DE","og_type":"article","og_title":"Geschenkgutschein | Penzi\u00f3n BA\u010eO ***","og_description":"Jeder Aufenthalt oder jedes Erlebnis in unserer Unterkunft BA\u010eO*** ist ideal zum Verschenken. Sie finden hier tolle Geschenktipps f\u00fcr Familie, Freunde und Kollegen. Sie k\u00f6nnen Geschenkgutscheine aus unserem Angebot verschenken, indem Sie sie zu Hause selbst ausdrucken, oder Sie \u00fcberlassen uns die Verpackung und den Versand.","og_url":"https:\/\/penzionbado.sk\/produkt\/geschenkgutschein-2\/","og_site_name":"Penzi\u00f3n BA\u010eO ***","article_publisher":"https:\/\/www.facebook.com\/www.penzionbado.sk","twitter_card":"summary_large_image","twitter_misc":{"Gesch\u00e4tzte Lesezeit":"1\u00a0Minute"},"schema":{"@context":"https:\/\/schema.org","@graph":[{"@type":"WebPage","@id":"https:\/\/penzionbado.sk\/produkt\/geschenkgutschein-2\/","url":"https:\/\/penzionbado.sk\/produkt\/geschenkgutschein-2\/","name":"Geschenkgutschein | Penzi\u00f3n BA\u010eO ***","isPartOf":{"@id":"https:\/\/penzionbado.sk\/#website"},"datePublished":"2023-05-24T16:36:04+00:00","dateModified":"2023-05-24T16:36:04+00:00","breadcrumb":{"@id":"https:\/\/penzionbado.sk\/produkt\/geschenkgutschein-2\/#breadcrumb"},"inLanguage":"de","potentialAction":[{"@type":"ReadAction","target":["https:\/\/penzionbado.sk\/produkt\/geschenkgutschein-2\/"]}]},{"@type":"BreadcrumbList","@id":"https:\/\/penzionbado.sk\/produkt\/geschenkgutschein-2\/#breadcrumb","itemListElement":[{"@type":"ListItem","position":1,"name":"Home","item":"https:\/\/penzionbado.sk\/de\/"},{"@type":"ListItem","position":2,"name":"Obchod","item":"https:\/\/penzionbado.sk\/obchod\/"},{"@type":"ListItem","position":3,"name":"Geschenkgutschein"}]},{"@type":"WebSite","@id":"https:\/\/penzionbado.sk\/#website","url":"https:\/\/penzionbado.sk\/","name":"Penzi\u00f3n BA\u010eO ***","description":"Rodinn\u00fd penzi\u00f3n pod Lomnick\u00fdm \u0160t\u00edtom","publisher":{"@id":"https:\/\/penzionbado.sk\/#organization"},"potentialAction":[{"@type":"SearchAction","target":{"@type":"EntryPoint","urlTemplate":"https:\/\/penzionbado.sk\/?s={search_term_string}"},"query-input":"required name=search_term_string"}],"inLanguage":"de"},{"@type":"Organization","@id":"https:\/\/penzionbado.sk\/#organization","name":"Penzi\u00f3n BA\u010eO ***","url":"https:\/\/penzionbado.sk\/","logo":{"@type":"ImageObject","inLanguage":"de","@id":"https:\/\/penzionbado.sk\/#\/schema\/logo\/image\/","url":"https:\/\/penzionbado.sk\/wp-content\/uploads\/2023\/05\/BADO_logo_black_transparent.png","contentUrl":"https:\/\/penzionbado.sk\/wp-content\/uploads\/2023\/05\/BADO_logo_black_transparent.png","width":470,"height":473,"caption":"Penzi\u00f3n BA\u010eO ***"},"image":{"@id":"https:\/\/penzionbado.sk\/#\/schema\/logo\/image\/"},"sameAs":["https:\/\/www.facebook.com\/www.penzionbado.sk","https:\/\/www.instagram.com\/penzionvysoketatry\/","https:\/\/www.youtube.com\/channel\/UCxZmlcE9qBcD9fdk4hfpo7g"]}]}},"_links":{"self":[{"href":"https:\/\/penzionbado.sk\/de\/wp-json\/wp\/v2\/product\/17092"}],"collection":[{"href":"https:\/\/penzionbado.sk\/de\/wp-json\/wp\/v2\/product"}],"about":[{"href":"https:\/\/penzionbado.sk\/de\/wp-json\/wp\/v2\/types\/product"}],"wp:featuredmedia":[{"embeddable":true,"href":"https:\/\/penzionbado.sk\/de\/wp-json\/wp\/v2\/media\/17093"}],"wp:attachment":[{"href":"https:\/\/penzionbado.sk\/de\/wp-json\/wp\/v2\/media?parent=17092"}],"wp:term":[{"taxonomy":"product_cat","embeddable":true,"href":"https:\/\/penzionbado.sk\/de\/wp-json\/wp\/v2\/product_cat?post=17092"},{"taxonomy":"product_tag","embeddable":true,"href":"https:\/\/penzionbado.sk\/de\/wp-json\/wp\/v2\/product_tag?post=17092"}],"curies":[{"name":"wp","href":"https:\/\/api.w.org\/{rel}","templated":true}]}}