{"id":13033,"date":"2025-03-17T18:12:52","date_gmt":"2025-03-17T17:12:52","guid":{"rendered":"https:\/\/penzionbado.sk\/?post_type=product&#038;p=13033"},"modified":"2025-03-17T18:18:26","modified_gmt":"2025-03-17T17:18:26","slug":"geschenkgutschein","status":"publish","type":"product","link":"https:\/\/penzionbado.sk\/de\/produkt\/geschenkgutschein\/","title":{"rendered":"Geschenkgutschein"},"content":{"rendered":"<p>Unser Geschenkgutschein hat die Gr\u00f6\u00dfe DIN A4, der gefaltete Geschenkgutschein hat kompakte Ma\u00dfe und passt in jeden Briefkasten. Die Vorlage des Gutscheins beim Check-in in der Unterkunft ist erforderlich, damit der Erwerb des Gutscheins nachgewiesen werden kann.<\/p>\n<h4>Wie bestelle ich einen Geschenkgutschein?<\/h4>\n<ol>\n<li>Schreiben Sie uns an <a href=\"mailto:info@penzionbado.sk\">info@penzionbado.sk<\/a>, geben Sie \u201eGeschenkgutschein\u201c in die Betreffzeile ein und senden Sie es ab.<\/li>\n<li>Die Zahlungshinweise f\u00fcr den Geschenkgutschein erhalten Sie per E-Mail und nach Zahlungseingang senden wir Ihnen den Geschenkgutschein zu.<\/li>\n<li><strong>F\u00fcr die Geschenkverpackung zahlen Sie 1,90 \u20ac und die regul\u00e4re Lieferung ist kostenlos.<\/strong><\/li>\n<\/ol>\n<p><strong>Gut zu wissen:<\/strong><\/p>\n<ul>\n<li>Geschenkverpackungen sind nur f\u00fcr Dienstleistungen und nicht f\u00fcr den Konsum von Getr\u00e4nken oder Speisen verf\u00fcgbar.<\/li>\n<li>Eine nachtr\u00e4gliche Bestellung einer Geschenkverpackung ist nicht m\u00f6glich. Vergessen Sie es also nicht bei der Bestellung.<\/li>\n<\/ul>\n<h4>Vorteile der Geschenkverpackung eines Gutscheins<\/h4>\n<ul>\n<li>Sie k\u00f6nnen auch eine pers\u00f6nliche Widmung hinzuf\u00fcgen.<\/li>\n<li>Beim Verschenken eines Gutscheins in unserer Geschenkverpackung erh\u00e4lt der Beschenkte zus\u00e4tzlich einen Gutschein in digitaler Form \u2013 dank des 8-stelligen Codes k\u00f6nnen Sie diesen an der Rezeption einl\u00f6sen.Auf diese Weise gehen alle Benachrichtigungen oder Erinnerungen an Ablaufdaten an den Empf\u00e4nger und nicht an den Spender.\n<li>Eine weitere n\u00fctzliche Funktion ist die M\u00f6glichkeit, Ihre eigene Reservierung f\u00fcr einen Aufenthalt oder Urlaub direkt telefonisch unter +421 903 714 695 oder per E-Mail vorzunehmen.<\/li>\n<\/ul>\n<h4>Langzeitangebote sparen auch dieses Weihnachten<\/h4>\n<p>Legen Sie einen Geschenkgutschein mit langer G\u00fcltigkeit unter den Weihnachtsbaum, dessen Einl\u00f6sedatum im Jahr 2025 der Beschenkte nach seinen eigenen W\u00fcnschen w\u00e4hlen kann. Warum ist dies eine vern\u00fcnftige Wahl? Denn Sie kaufen zu den diesj\u00e4hrigen Preisen ein und der Beschenkte hat gen\u00fcgend Zeit, sich seine Meinung zu \u00fcberlegen und einen Termin f\u00fcr die Einl\u00f6sung seines Geschenks zu finden.<\/p>\n","protected":false},"excerpt":{"rendered":"<p>Unser Geschenkgutschein hat die Gr\u00f6\u00dfe DIN A4, der gefaltete Geschenkgutschein hat kompakte Ma\u00dfe und passt in jeden Briefkasten. Die Vorlage des Gutscheins beim Check-in in der Unterkunft ist erforderlich, damit der Erwerb des Gutscheins nachgewiesen werden kann. Wie bestelle ich einen Geschenkgutschein? Schreiben Sie uns an info@penzionbado.sk, geben Sie \u201eGeschenkgutschein\u201c in die Betreffzeile ein und [&hellip;]<\/p>\n","protected":false},"featured_media":0,"template":"","meta":{"inline_featured_image":false},"product_cat":[358],"product_tag":[],"yoast_head":"<!-- This site is optimized with the Yoast SEO plugin v20.13 - https:\/\/yoast.com\/wordpress\/plugins\/seo\/ -->\n<title>Geschenkgutschein | Penzi\u00f3n BA\u010eO ***<\/title>\n<meta name=\"robots\" content=\"index, follow, max-snippet:-1, max-image-preview:large, max-video-preview:-1\" \/>\n<link rel=\"canonical\" href=\"https:\/\/penzionbado.sk\/de\/produkt\/geschenkgutschein\/\" \/>\n<meta property=\"og:locale\" content=\"de_DE\" \/>\n<meta property=\"og:type\" content=\"article\" \/>\n<meta property=\"og:title\" content=\"Geschenkgutschein | Penzi\u00f3n BA\u010eO ***\" \/>\n<meta property=\"og:description\" content=\"Unser Geschenkgutschein hat die Gr\u00f6\u00dfe DIN A4, der gefaltete Geschenkgutschein hat kompakte Ma\u00dfe und passt in jeden Briefkasten. Die Vorlage des Gutscheins beim Check-in in der Unterkunft ist erforderlich, damit der Erwerb des Gutscheins nachgewiesen werden kann. Wie bestelle ich einen Geschenkgutschein? Schreiben Sie uns an info@penzionbado.sk, geben Sie \u201eGeschenkgutschein\u201c in die Betreffzeile ein und [&hellip;]\" \/>\n<meta property=\"og:url\" content=\"https:\/\/penzionbado.sk\/de\/produkt\/geschenkgutschein\/\" \/>\n<meta property=\"og:site_name\" content=\"Penzi\u00f3n BA\u010eO ***\" \/>\n<meta property=\"article:publisher\" content=\"https:\/\/www.facebook.com\/www.penzionbado.sk\" \/>\n<meta property=\"article:modified_time\" content=\"2025-03-17T17:18:26+00:00\" \/>\n<meta name=\"twitter:card\" content=\"summary_large_image\" \/>\n<meta name=\"twitter:label1\" content=\"Gesch\u00e4tzte Lesezeit\" \/>\n\t<meta name=\"twitter:data1\" content=\"2\u00a0Minuten\" \/>\n<script type=\"application\/ld+json\" class=\"yoast-schema-graph\">{\"@context\":\"https:\/\/schema.org\",\"@graph\":[{\"@type\":\"WebPage\",\"@id\":\"https:\/\/penzionbado.sk\/de\/produkt\/geschenkgutschein\/\",\"url\":\"https:\/\/penzionbado.sk\/de\/produkt\/geschenkgutschein\/\",\"name\":\"Geschenkgutschein | Penzi\u00f3n BA\u010eO ***\",\"isPartOf\":{\"@id\":\"https:\/\/penzionbado.sk\/#website\"},\"datePublished\":\"2025-03-17T17:12:52+00:00\",\"dateModified\":\"2025-03-17T17:18:26+00:00\",\"breadcrumb\":{\"@id\":\"https:\/\/penzionbado.sk\/de\/produkt\/geschenkgutschein\/#breadcrumb\"},\"inLanguage\":\"de\",\"potentialAction\":[{\"@type\":\"ReadAction\",\"target\":[\"https:\/\/penzionbado.sk\/de\/produkt\/geschenkgutschein\/\"]}]},{\"@type\":\"BreadcrumbList\",\"@id\":\"https:\/\/penzionbado.sk\/de\/produkt\/geschenkgutschein\/#breadcrumb\",\"itemListElement\":[{\"@type\":\"ListItem\",\"position\":1,\"name\":\"Home\",\"item\":\"https:\/\/penzionbado.sk\/de\/\"},{\"@type\":\"ListItem\",\"position\":2,\"name\":\"Obchod\",\"item\":\"https:\/\/penzionbado.sk\/obchod\/\"},{\"@type\":\"ListItem\",\"position\":3,\"name\":\"Geschenkgutschein\"}]},{\"@type\":\"WebSite\",\"@id\":\"https:\/\/penzionbado.sk\/#website\",\"url\":\"https:\/\/penzionbado.sk\/\",\"name\":\"Penzi\u00f3n BA\u010eO ***\",\"description\":\"Rodinn\u00fd penzi\u00f3n pod Lomnick\u00fdm \u0160t\u00edtom\",\"publisher\":{\"@id\":\"https:\/\/penzionbado.sk\/#organization\"},\"potentialAction\":[{\"@type\":\"SearchAction\",\"target\":{\"@type\":\"EntryPoint\",\"urlTemplate\":\"https:\/\/penzionbado.sk\/?s={search_term_string}\"},\"query-input\":\"required name=search_term_string\"}],\"inLanguage\":\"de\"},{\"@type\":\"Organization\",\"@id\":\"https:\/\/penzionbado.sk\/#organization\",\"name\":\"Penzi\u00f3n BA\u010eO ***\",\"url\":\"https:\/\/penzionbado.sk\/\",\"logo\":{\"@type\":\"ImageObject\",\"inLanguage\":\"de\",\"@id\":\"https:\/\/penzionbado.sk\/#\/schema\/logo\/image\/\",\"url\":\"https:\/\/penzionbado.sk\/wp-content\/uploads\/2023\/05\/BADO_logo_black_transparent.png\",\"contentUrl\":\"https:\/\/penzionbado.sk\/wp-content\/uploads\/2023\/05\/BADO_logo_black_transparent.png\",\"width\":470,\"height\":473,\"caption\":\"Penzi\u00f3n BA\u010eO ***\"},\"image\":{\"@id\":\"https:\/\/penzionbado.sk\/#\/schema\/logo\/image\/\"},\"sameAs\":[\"https:\/\/www.facebook.com\/www.penzionbado.sk\",\"https:\/\/www.instagram.com\/penzionvysoketatry\/\",\"https:\/\/www.youtube.com\/channel\/UCxZmlcE9qBcD9fdk4hfpo7g\"]}]}<\/script>\n<!-- \/ Yoast SEO plugin. -->","yoast_head_json":{"title":"Geschenkgutschein | Penzi\u00f3n BA\u010eO ***","robots":{"index":"index","follow":"follow","max-snippet":"max-snippet:-1","max-image-preview":"max-image-preview:large","max-video-preview":"max-video-preview:-1"},"canonical":"https:\/\/penzionbado.sk\/de\/produkt\/geschenkgutschein\/","og_locale":"de_DE","og_type":"article","og_title":"Geschenkgutschein | Penzi\u00f3n BA\u010eO ***","og_description":"Unser Geschenkgutschein hat die Gr\u00f6\u00dfe DIN A4, der gefaltete Geschenkgutschein hat kompakte Ma\u00dfe und passt in jeden Briefkasten. Die Vorlage des Gutscheins beim Check-in in der Unterkunft ist erforderlich, damit der Erwerb des Gutscheins nachgewiesen werden kann. Wie bestelle ich einen Geschenkgutschein? Schreiben Sie uns an info@penzionbado.sk, geben Sie \u201eGeschenkgutschein\u201c in die Betreffzeile ein und [&hellip;]","og_url":"https:\/\/penzionbado.sk\/de\/produkt\/geschenkgutschein\/","og_site_name":"Penzi\u00f3n BA\u010eO ***","article_publisher":"https:\/\/www.facebook.com\/www.penzionbado.sk","article_modified_time":"2025-03-17T17:18:26+00:00","twitter_card":"summary_large_image","twitter_misc":{"Gesch\u00e4tzte Lesezeit":"2\u00a0Minuten"},"schema":{"@context":"https:\/\/schema.org","@graph":[{"@type":"WebPage","@id":"https:\/\/penzionbado.sk\/de\/produkt\/geschenkgutschein\/","url":"https:\/\/penzionbado.sk\/de\/produkt\/geschenkgutschein\/","name":"Geschenkgutschein | Penzi\u00f3n BA\u010eO ***","isPartOf":{"@id":"https:\/\/penzionbado.sk\/#website"},"datePublished":"2025-03-17T17:12:52+00:00","dateModified":"2025-03-17T17:18:26+00:00","breadcrumb":{"@id":"https:\/\/penzionbado.sk\/de\/produkt\/geschenkgutschein\/#breadcrumb"},"inLanguage":"de","potentialAction":[{"@type":"ReadAction","target":["https:\/\/penzionbado.sk\/de\/produkt\/geschenkgutschein\/"]}]},{"@type":"BreadcrumbList","@id":"https:\/\/penzionbado.sk\/de\/produkt\/geschenkgutschein\/#breadcrumb","itemListElement":[{"@type":"ListItem","position":1,"name":"Home","item":"https:\/\/penzionbado.sk\/de\/"},{"@type":"ListItem","position":2,"name":"Obchod","item":"https:\/\/penzionbado.sk\/obchod\/"},{"@type":"ListItem","position":3,"name":"Geschenkgutschein"}]},{"@type":"WebSite","@id":"https:\/\/penzionbado.sk\/#website","url":"https:\/\/penzionbado.sk\/","name":"Penzi\u00f3n BA\u010eO ***","description":"Rodinn\u00fd penzi\u00f3n pod Lomnick\u00fdm \u0160t\u00edtom","publisher":{"@id":"https:\/\/penzionbado.sk\/#organization"},"potentialAction":[{"@type":"SearchAction","target":{"@type":"EntryPoint","urlTemplate":"https:\/\/penzionbado.sk\/?s={search_term_string}"},"query-input":"required name=search_term_string"}],"inLanguage":"de"},{"@type":"Organization","@id":"https:\/\/penzionbado.sk\/#organization","name":"Penzi\u00f3n BA\u010eO ***","url":"https:\/\/penzionbado.sk\/","logo":{"@type":"ImageObject","inLanguage":"de","@id":"https:\/\/penzionbado.sk\/#\/schema\/logo\/image\/","url":"https:\/\/penzionbado.sk\/wp-content\/uploads\/2023\/05\/BADO_logo_black_transparent.png","contentUrl":"https:\/\/penzionbado.sk\/wp-content\/uploads\/2023\/05\/BADO_logo_black_transparent.png","width":470,"height":473,"caption":"Penzi\u00f3n BA\u010eO ***"},"image":{"@id":"https:\/\/penzionbado.sk\/#\/schema\/logo\/image\/"},"sameAs":["https:\/\/www.facebook.com\/www.penzionbado.sk","https:\/\/www.instagram.com\/penzionvysoketatry\/","https:\/\/www.youtube.com\/channel\/UCxZmlcE9qBcD9fdk4hfpo7g"]}]}},"_links":{"self":[{"href":"https:\/\/penzionbado.sk\/de\/wp-json\/wp\/v2\/product\/13033"}],"collection":[{"href":"https:\/\/penzionbado.sk\/de\/wp-json\/wp\/v2\/product"}],"about":[{"href":"https:\/\/penzionbado.sk\/de\/wp-json\/wp\/v2\/types\/product"}],"wp:attachment":[{"href":"https:\/\/penzionbado.sk\/de\/wp-json\/wp\/v2\/media?parent=13033"}],"wp:term":[{"taxonomy":"product_cat","embeddable":true,"href":"https:\/\/penzionbado.sk\/de\/wp-json\/wp\/v2\/product_cat?post=13033"},{"taxonomy":"product_tag","embeddable":true,"href":"https:\/\/penzionbado.sk\/de\/wp-json\/wp\/v2\/product_tag?post=13033"}],"curies":[{"name":"wp","href":"https:\/\/api.w.org\/{rel}","templated":true}]}}