{"id":12708,"date":"2020-04-01T09:13:11","date_gmt":"2020-04-01T07:13:11","guid":{"rendered":"https:\/\/penzionbado.sk\/haeufig-gestellte-fragen\/"},"modified":"2025-03-17T21:19:38","modified_gmt":"2025-03-17T20:19:38","slug":"haeufig-gestellte-fragen","status":"publish","type":"page","link":"https:\/\/penzionbado.sk\/de\/haeufig-gestellte-fragen\/","title":{"rendered":"FAQ"},"content":{"rendered":"\t\t<div data-elementor-type=\"wp-page\" data-elementor-id=\"12708\" class=\"elementor elementor-12708 elementor-2694\" data-elementor-post-type=\"page\">\n\t\t\t\t\t\t\t\t\t<section class=\"elementor-section elementor-top-section elementor-element elementor-element-ba24173 elementor-section-full_width qodef-elementor-content-grid elementor-section-height-default elementor-section-height-default\" data-id=\"ba24173\" data-element_type=\"section\">\n\t\t\t\t\t\t<div class=\"elementor-container elementor-column-gap-no\">\n\t\t\t\t\t<div class=\"elementor-column elementor-col-100 elementor-top-column elementor-element elementor-element-ad81f16\" data-id=\"ad81f16\" data-element_type=\"column\">\n\t\t\t<div class=\"elementor-widget-wrap elementor-element-populated\">\n\t\t\t\t\t\t\t\t<div class=\"elementor-element elementor-element-3dc2385 elementor-widget elementor-widget-alloggio_core_accordion\" data-id=\"3dc2385\" data-element_type=\"widget\" data-widget_type=\"alloggio_core_accordion.default\">\n\t\t\t\t<div class=\"elementor-widget-container\">\n\t\t\t<div class=\"qodef-shortcode qodef-m  qodef-accordion clear qodef-behavior--accordion qodef-layout--simple\">\n\t<h4 class=\"qodef-accordion-title\">\n\t<span class=\"qodef-tab-title\">\n\t\tWie kann ich am einfachsten ein Zimmer bei Ihnen buchen?\t<\/span>\n\t<span class=\"qodef-accordion-mark\">\n\t\t<span class=\"qodef-icon--arrow-down\"><span class=\"qodef-icon-linea-icons icon-arrows-down\" ><\/span><\/span>\n\t\t<span class=\"qodef-icon--arrow-up\"><span class=\"qodef-icon-linea-icons icon-arrows-up\" ><\/span><\/span>\n\t<\/span>\n<\/h4>\n<div class=\"qodef-accordion-content\">\n\t<div class=\"qodef-accordion-content-inner\">\n\t\t<div class=\"xwoyzhm x1rhet7l\">Rufen Sie uns unter 0903714695 an, schreiben Sie eine E-Mail an info@penzionbado.sk oder f\u00fcllen Sie das Reservierungsformular auf der Website aus. Nachdem Sie Ihre Anfrage abgeschickt haben, senden wir Ihnen eine Antwort mit den notwendigen Bedingungen zur Annahme Ihrer Reservierung. Sobald Sie Ihre Anzahlung bei uns eingegangen sind, reservieren wir Ihr Zimmer verbindlich und bereiten alles f\u00fcr Ihre Ankunft vor.<\/div>\t<\/div>\n<\/div><h4 class=\"qodef-accordion-title\">\n\t<span class=\"qodef-tab-title\">\n\t\tWie erfolgt die Bezahlung?\t<\/span>\n\t<span class=\"qodef-accordion-mark\">\n\t\t<span class=\"qodef-icon--arrow-down\"><span class=\"qodef-icon-linea-icons icon-arrows-down\" ><\/span><\/span>\n\t\t<span class=\"qodef-icon--arrow-up\"><span class=\"qodef-icon-linea-icons icon-arrows-up\" ><\/span><\/span>\n\t<\/span>\n<\/h4>\n<div class=\"qodef-accordion-content\">\n\t<div class=\"qodef-accordion-content-inner\">\n\t\t<div class=\"xwoyzhm x1rhet7l\">Nach verbindlicher Best\u00e4tigung Ihrer Reservierung ist eine Anzahlung in H\u00f6he von <strong>20% des Gesamtpreises sp\u00e4testens innerhalb von 3 Tagen zu leisten, ansonsten wird die Reservierung automatisch storniert<\/strong>. Anweisungen werden Ihnen per E-Mail zugesandt. Die Zuzahlung kann direkt in unserer Unterkunft in bar bei Anreise oder im Voraus per Bank\u00fcberweisung bis sp\u00e4testens 3 Tage vor Anreise erfolgen. Die Pension verf\u00fcgt \u00fcber kein Zahlungsterminal, eine <strong>Kartenzahlung ist nicht m\u00f6glich<\/strong>. F\u00fcr G\u00e4ste, die \u00fcber Reiseb\u00fcros zu uns kommen, gelten die Gesch\u00e4fts- und Zahlungsbedingungen der jeweiligen Reiseb\u00fcros.<\/div>\t<\/div>\n<\/div><h4 class=\"qodef-accordion-title\">\n\t<span class=\"qodef-tab-title\">\n\t\tWann ist Check-in?\t<\/span>\n\t<span class=\"qodef-accordion-mark\">\n\t\t<span class=\"qodef-icon--arrow-down\"><span class=\"qodef-icon-linea-icons icon-arrows-down\" ><\/span><\/span>\n\t\t<span class=\"qodef-icon--arrow-up\"><span class=\"qodef-icon-linea-icons icon-arrows-up\" ><\/span><\/span>\n\t<\/span>\n<\/h4>\n<div class=\"qodef-accordion-content\">\n\t<div class=\"qodef-accordion-content-inner\">\n\t\tDer Check-in in der Unterkunft erfolgt zwischen 14:00 und 20:00 Uhr. \u201eLATE CHECK-IN\u201c \u2013 eine sp\u00e4te Anreise ist bis sp\u00e4testens 23:00 Uhr m\u00f6glich und wird mit 20,- Eur berechnet.\t<\/div>\n<\/div><h4 class=\"qodef-accordion-title\">\n\t<span class=\"qodef-tab-title\">\n\t\tGibt es WI-FI auf dem Gel\u00e4nde?\t<\/span>\n\t<span class=\"qodef-accordion-mark\">\n\t\t<span class=\"qodef-icon--arrow-down\"><span class=\"qodef-icon-linea-icons icon-arrows-down\" ><\/span><\/span>\n\t\t<span class=\"qodef-icon--arrow-up\"><span class=\"qodef-icon-linea-icons icon-arrows-up\" ><\/span><\/span>\n\t<\/span>\n<\/h4>\n<div class=\"qodef-accordion-content\">\n\t<div class=\"qodef-accordion-content-inner\">\n\t\t<div><div class=\"x2b8uid\" dir=\"auto\"><div id=\":r1f4:\" class=\"x1iorvi4 x1pi30zi x1l90r2v x1swvt13\" data-ad-comet-preview=\"message\" data-ad-preview=\"message\"><div class=\"x78zum5 xdt5ytf xz62fqu x16ldp7u\"><div class=\"xu06os2 x1ok221b\"><div class=\"xdj266r x11i5rnm xat24cr x1mh8g0r x1vvkbs x126k92a\"><div dir=\"auto\">Ja, WI-FI mit optischem Internet ist im gesamten Geb\u00e4ude verf\u00fcgbar. Es deckt 99 % aller R\u00e4ume bzw. Bereiche des Gel\u00e4ndes ab. Das Internet ist f\u00fcr unsere G\u00e4ste kostenlos.<\/div><\/div><\/div><\/div><\/div><\/div><\/div>\t<\/div>\n<\/div><h4 class=\"qodef-accordion-title\">\n\t<span class=\"qodef-tab-title\">\n\t\tIst es bei Ihnen m\u00f6glich, ein Elektrofahrrad oder Elektroauto aufzuladen?\t<\/span>\n\t<span class=\"qodef-accordion-mark\">\n\t\t<span class=\"qodef-icon--arrow-down\"><span class=\"qodef-icon-linea-icons icon-arrows-down\" ><\/span><\/span>\n\t\t<span class=\"qodef-icon--arrow-up\"><span class=\"qodef-icon-linea-icons icon-arrows-up\" ><\/span><\/span>\n\t<\/span>\n<\/h4>\n<div class=\"qodef-accordion-content\">\n\t<div class=\"qodef-accordion-content-inner\">\n\t\t<div class=\"x2b8uid\" dir=\"auto\"><div id=\":r17n:\" class=\"x1iorvi4 x1pi30zi x1l90r2v x1swvt13\" data-ad-comet-preview=\"message\" data-ad-preview=\"message\"><div class=\"x78zum5 xdt5ytf xz62fqu x16ldp7u\"><div class=\"xu06os2 x1ok221b\"><div class=\"xdj266r x11i5rnm xat24cr x1mh8g0r x1vvkbs x126k92a\"><div dir=\"auto\">Ja, unsere Unterkunft verf\u00fcgt \u00fcber zwei Ladestationen f\u00fcr Elektroautos. Ihre E-Bikes k\u00f6nnen Sie direkt an Ihren Ladeger\u00e4ten im Skiraum aufladen.<\/div><\/div><\/div><\/div><\/div><\/div>\t<\/div>\n<\/div><h4 class=\"qodef-accordion-title\">\n\t<span class=\"qodef-tab-title\">\n\t\tIst es m\u00f6glich, einen Skipass direkt in Ihrer Pension zu kaufen?\t<\/span>\n\t<span class=\"qodef-accordion-mark\">\n\t\t<span class=\"qodef-icon--arrow-down\"><span class=\"qodef-icon-linea-icons icon-arrows-down\" ><\/span><\/span>\n\t\t<span class=\"qodef-icon--arrow-up\"><span class=\"qodef-icon-linea-icons icon-arrows-up\" ><\/span><\/span>\n\t<\/span>\n<\/h4>\n<div class=\"qodef-accordion-content\">\n\t<div class=\"qodef-accordion-content-inner\">\n\t\t<div class=\"x2b8uid\" dir=\"auto\"><div id=\":rqs:\" class=\"x1iorvi4 x1pi30zi x1l90r2v x1swvt13\" data-ad-comet-preview=\"message\" data-ad-preview=\"message\"><div class=\"x78zum5 xdt5ytf xz62fqu x16ldp7u\"><div class=\"xu06os2 x1ok221b\"><div class=\"xdj266r x11i5rnm xat24cr x1mh8g0r x1vvkbs x126k92a\"><div dir=\"auto\">Ja, das ist m\u00f6glich. Den Skipass k\u00f6nnen Sie direkt bei uns an der Rezeption zum erm\u00e4\u00dfigten Preis erwerben. Sie k\u00f6nnen Ihren Skipass direkt an der Rezeption bezahlen und m\u00fcssen nicht lange an der Kasse anstehen.<\/div><\/div><\/div><\/div><\/div><\/div>\t<\/div>\n<\/div><\/div>\t\t<\/div>\n\t\t\t\t<\/div>\n\t\t\t\t\t<\/div>\n\t\t<\/div>\n\t\t\t\t\t\t\t<\/div>\n\t\t<\/section>\n\t\t\t\t\t\t\t<\/div>\n\t\t","protected":false},"excerpt":{"rendered":"<p>Wie kann ich am einfachsten ein Zimmer bei Ihnen buchen? Rufen Sie uns unter 0903714695 an, schreiben Sie eine E-Mail an info@penzionbado.sk oder f\u00fcllen Sie das Reservierungsformular auf der Website aus. Nachdem Sie Ihre Anfrage abgeschickt haben, senden wir Ihnen eine Antwort mit den notwendigen Bedingungen zur Annahme Ihrer Reservierung. Sobald Sie Ihre Anzahlung bei [&hellip;]<\/p>\n","protected":false},"author":1,"featured_media":12710,"parent":0,"menu_order":0,"comment_status":"closed","ping_status":"closed","template":"page-full-width.php","meta":{"inline_featured_image":false},"yoast_head":"<!-- This site is optimized with the Yoast SEO plugin v20.13 - https:\/\/yoast.com\/wordpress\/plugins\/seo\/ -->\n<title>FAQ | Penzi\u00f3n BA\u010eO ***<\/title>\n<meta name=\"description\" content=\"Wir beantworten die Fragen, die Sie uns am h\u00e4ufigsten stellen. Wenn Sie die Antwort auf Ihr Anliegen nicht gefunden haben, rufen Sie uns an oder schreiben Sie uns.\" \/>\n<meta name=\"robots\" content=\"index, follow, max-snippet:-1, max-image-preview:large, max-video-preview:-1\" \/>\n<link rel=\"canonical\" href=\"https:\/\/penzionbado.sk\/casto-kladene-otazky\/\" \/>\n<meta property=\"og:locale\" content=\"de_DE\" \/>\n<meta property=\"og:type\" content=\"article\" \/>\n<meta property=\"og:title\" content=\"FAQ | Penzi\u00f3n BA\u010eO ***\" \/>\n<meta property=\"og:description\" content=\"Wir beantworten die Fragen, die Sie uns am h\u00e4ufigsten stellen. Wenn Sie die Antwort auf Ihr Anliegen nicht gefunden haben, rufen Sie uns an oder schreiben Sie uns.\" \/>\n<meta property=\"og:url\" content=\"https:\/\/penzionbado.sk\/casto-kladene-otazky\/\" \/>\n<meta property=\"og:site_name\" content=\"Penzi\u00f3n BA\u010eO ***\" \/>\n<meta property=\"article:publisher\" content=\"https:\/\/www.facebook.com\/www.penzionbado.sk\" \/>\n<meta property=\"article:modified_time\" content=\"2025-03-17T20:19:38+00:00\" \/>\n<meta property=\"og:image\" content=\"https:\/\/penzionbado.sk\/wp-content\/uploads\/2023\/05\/097_Penzion-Bado_StaraLesna.jpg\" \/>\n\t<meta property=\"og:image:width\" content=\"1024\" \/>\n\t<meta property=\"og:image:height\" content=\"681\" \/>\n\t<meta property=\"og:image:type\" content=\"image\/jpeg\" \/>\n<meta name=\"twitter:card\" content=\"summary_large_image\" \/>\n<meta name=\"twitter:label1\" content=\"Gesch\u00e4tzte Lesezeit\" \/>\n\t<meta name=\"twitter:data1\" content=\"2\u00a0Minuten\" \/>\n<script type=\"application\/ld+json\" class=\"yoast-schema-graph\">{\"@context\":\"https:\/\/schema.org\",\"@graph\":[{\"@type\":\"WebPage\",\"@id\":\"https:\/\/penzionbado.sk\/casto-kladene-otazky\/\",\"url\":\"https:\/\/penzionbado.sk\/casto-kladene-otazky\/\",\"name\":\"FAQ | Penzi\u00f3n BA\u010eO ***\",\"isPartOf\":{\"@id\":\"https:\/\/penzionbado.sk\/#website\"},\"datePublished\":\"2020-04-01T07:13:11+00:00\",\"dateModified\":\"2025-03-17T20:19:38+00:00\",\"description\":\"Wir beantworten die Fragen, die Sie uns am h\u00e4ufigsten stellen. Wenn Sie die Antwort auf Ihr Anliegen nicht gefunden haben, rufen Sie uns an oder schreiben Sie uns.\",\"breadcrumb\":{\"@id\":\"https:\/\/penzionbado.sk\/casto-kladene-otazky\/#breadcrumb\"},\"inLanguage\":\"de\",\"potentialAction\":[{\"@type\":\"ReadAction\",\"target\":[\"https:\/\/penzionbado.sk\/casto-kladene-otazky\/\"]}]},{\"@type\":\"BreadcrumbList\",\"@id\":\"https:\/\/penzionbado.sk\/casto-kladene-otazky\/#breadcrumb\",\"itemListElement\":[{\"@type\":\"ListItem\",\"position\":1,\"name\":\"Home\",\"item\":\"https:\/\/penzionbado.sk\/de\/\"},{\"@type\":\"ListItem\",\"position\":2,\"name\":\"FAQ\"}]},{\"@type\":\"WebSite\",\"@id\":\"https:\/\/penzionbado.sk\/#website\",\"url\":\"https:\/\/penzionbado.sk\/\",\"name\":\"Penzi\u00f3n BA\u010eO ***\",\"description\":\"Rodinn\u00fd penzi\u00f3n pod Lomnick\u00fdm \u0160t\u00edtom\",\"publisher\":{\"@id\":\"https:\/\/penzionbado.sk\/#organization\"},\"potentialAction\":[{\"@type\":\"SearchAction\",\"target\":{\"@type\":\"EntryPoint\",\"urlTemplate\":\"https:\/\/penzionbado.sk\/?s={search_term_string}\"},\"query-input\":\"required name=search_term_string\"}],\"inLanguage\":\"de\"},{\"@type\":\"Organization\",\"@id\":\"https:\/\/penzionbado.sk\/#organization\",\"name\":\"Penzi\u00f3n BA\u010eO ***\",\"url\":\"https:\/\/penzionbado.sk\/\",\"logo\":{\"@type\":\"ImageObject\",\"inLanguage\":\"de\",\"@id\":\"https:\/\/penzionbado.sk\/#\/schema\/logo\/image\/\",\"url\":\"https:\/\/penzionbado.sk\/wp-content\/uploads\/2023\/05\/BADO_logo_black_transparent.png\",\"contentUrl\":\"https:\/\/penzionbado.sk\/wp-content\/uploads\/2023\/05\/BADO_logo_black_transparent.png\",\"width\":470,\"height\":473,\"caption\":\"Penzi\u00f3n BA\u010eO ***\"},\"image\":{\"@id\":\"https:\/\/penzionbado.sk\/#\/schema\/logo\/image\/\"},\"sameAs\":[\"https:\/\/www.facebook.com\/www.penzionbado.sk\",\"https:\/\/www.instagram.com\/penzionvysoketatry\/\",\"https:\/\/www.youtube.com\/channel\/UCxZmlcE9qBcD9fdk4hfpo7g\"]}]}<\/script>\n<!-- \/ Yoast SEO plugin. -->","yoast_head_json":{"title":"FAQ | Penzi\u00f3n BA\u010eO ***","description":"Wir beantworten die Fragen, die Sie uns am h\u00e4ufigsten stellen. Wenn Sie die Antwort auf Ihr Anliegen nicht gefunden haben, rufen Sie uns an oder schreiben Sie uns.","robots":{"index":"index","follow":"follow","max-snippet":"max-snippet:-1","max-image-preview":"max-image-preview:large","max-video-preview":"max-video-preview:-1"},"canonical":"https:\/\/penzionbado.sk\/casto-kladene-otazky\/","og_locale":"de_DE","og_type":"article","og_title":"FAQ | Penzi\u00f3n BA\u010eO ***","og_description":"Wir beantworten die Fragen, die Sie uns am h\u00e4ufigsten stellen. Wenn Sie die Antwort auf Ihr Anliegen nicht gefunden haben, rufen Sie uns an oder schreiben Sie uns.","og_url":"https:\/\/penzionbado.sk\/casto-kladene-otazky\/","og_site_name":"Penzi\u00f3n BA\u010eO ***","article_publisher":"https:\/\/www.facebook.com\/www.penzionbado.sk","article_modified_time":"2025-03-17T20:19:38+00:00","og_image":[{"width":1024,"height":681,"url":"https:\/\/penzionbado.sk\/wp-content\/uploads\/2023\/05\/097_Penzion-Bado_StaraLesna.jpg","type":"image\/jpeg"}],"twitter_card":"summary_large_image","twitter_misc":{"Gesch\u00e4tzte Lesezeit":"2\u00a0Minuten"},"schema":{"@context":"https:\/\/schema.org","@graph":[{"@type":"WebPage","@id":"https:\/\/penzionbado.sk\/casto-kladene-otazky\/","url":"https:\/\/penzionbado.sk\/casto-kladene-otazky\/","name":"FAQ | Penzi\u00f3n BA\u010eO ***","isPartOf":{"@id":"https:\/\/penzionbado.sk\/#website"},"datePublished":"2020-04-01T07:13:11+00:00","dateModified":"2025-03-17T20:19:38+00:00","description":"Wir beantworten die Fragen, die Sie uns am h\u00e4ufigsten stellen. Wenn Sie die Antwort auf Ihr Anliegen nicht gefunden haben, rufen Sie uns an oder schreiben Sie uns.","breadcrumb":{"@id":"https:\/\/penzionbado.sk\/casto-kladene-otazky\/#breadcrumb"},"inLanguage":"de","potentialAction":[{"@type":"ReadAction","target":["https:\/\/penzionbado.sk\/casto-kladene-otazky\/"]}]},{"@type":"BreadcrumbList","@id":"https:\/\/penzionbado.sk\/casto-kladene-otazky\/#breadcrumb","itemListElement":[{"@type":"ListItem","position":1,"name":"Home","item":"https:\/\/penzionbado.sk\/de\/"},{"@type":"ListItem","position":2,"name":"FAQ"}]},{"@type":"WebSite","@id":"https:\/\/penzionbado.sk\/#website","url":"https:\/\/penzionbado.sk\/","name":"Penzi\u00f3n BA\u010eO ***","description":"Rodinn\u00fd penzi\u00f3n pod Lomnick\u00fdm \u0160t\u00edtom","publisher":{"@id":"https:\/\/penzionbado.sk\/#organization"},"potentialAction":[{"@type":"SearchAction","target":{"@type":"EntryPoint","urlTemplate":"https:\/\/penzionbado.sk\/?s={search_term_string}"},"query-input":"required name=search_term_string"}],"inLanguage":"de"},{"@type":"Organization","@id":"https:\/\/penzionbado.sk\/#organization","name":"Penzi\u00f3n BA\u010eO ***","url":"https:\/\/penzionbado.sk\/","logo":{"@type":"ImageObject","inLanguage":"de","@id":"https:\/\/penzionbado.sk\/#\/schema\/logo\/image\/","url":"https:\/\/penzionbado.sk\/wp-content\/uploads\/2023\/05\/BADO_logo_black_transparent.png","contentUrl":"https:\/\/penzionbado.sk\/wp-content\/uploads\/2023\/05\/BADO_logo_black_transparent.png","width":470,"height":473,"caption":"Penzi\u00f3n BA\u010eO ***"},"image":{"@id":"https:\/\/penzionbado.sk\/#\/schema\/logo\/image\/"},"sameAs":["https:\/\/www.facebook.com\/www.penzionbado.sk","https:\/\/www.instagram.com\/penzionvysoketatry\/","https:\/\/www.youtube.com\/channel\/UCxZmlcE9qBcD9fdk4hfpo7g"]}]}},"_links":{"self":[{"href":"https:\/\/penzionbado.sk\/de\/wp-json\/wp\/v2\/pages\/12708"}],"collection":[{"href":"https:\/\/penzionbado.sk\/de\/wp-json\/wp\/v2\/pages"}],"about":[{"href":"https:\/\/penzionbado.sk\/de\/wp-json\/wp\/v2\/types\/page"}],"author":[{"embeddable":true,"href":"https:\/\/penzionbado.sk\/de\/wp-json\/wp\/v2\/users\/1"}],"replies":[{"embeddable":true,"href":"https:\/\/penzionbado.sk\/de\/wp-json\/wp\/v2\/comments?post=12708"}],"version-history":[{"count":6,"href":"https:\/\/penzionbado.sk\/de\/wp-json\/wp\/v2\/pages\/12708\/revisions"}],"predecessor-version":[{"id":13094,"href":"https:\/\/penzionbado.sk\/de\/wp-json\/wp\/v2\/pages\/12708\/revisions\/13094"}],"wp:featuredmedia":[{"embeddable":true,"href":"https:\/\/penzionbado.sk\/de\/wp-json\/wp\/v2\/media\/12710"}],"wp:attachment":[{"href":"https:\/\/penzionbado.sk\/de\/wp-json\/wp\/v2\/media?parent=12708"}],"curies":[{"name":"wp","href":"https:\/\/api.w.org\/{rel}","templated":true}]}}