{"id":12614,"date":"2023-05-24T16:42:50","date_gmt":"2023-05-24T14:42:50","guid":{"rendered":"https:\/\/penzionbado.sk\/zimmer\/"},"modified":"2025-03-17T17:42:23","modified_gmt":"2025-03-17T16:42:23","slug":"zimmer","status":"publish","type":"page","link":"https:\/\/penzionbado.sk\/de\/zimmer\/","title":{"rendered":"Zimmer"},"content":{"rendered":"\t\t<div data-elementor-type=\"wp-page\" data-elementor-id=\"12614\" class=\"elementor elementor-12614 elementor-6361\" data-elementor-post-type=\"page\">\n\t\t\t\t\t\t\t<div class=\"elementor-element elementor-element-21ae758 e-flex e-con-boxed e-con e-parent\" data-id=\"21ae758\" data-element_type=\"container\" data-settings=\"{&quot;content_width&quot;:&quot;boxed&quot;}\" data-core-v316-plus=\"true\">\n\t\t\t\t\t<div class=\"e-con-inner\">\n\t\t\t\t<div class=\"elementor-element elementor-element-a44163a elementor-widget elementor-widget-alloggio_core_section_title\" data-id=\"a44163a\" data-element_type=\"widget\" data-widget_type=\"alloggio_core_section_title.default\">\n\t\t\t\t<div class=\"elementor-widget-container\">\n\t\t\t<div class=\"qodef-shortcode qodef-m  qodef-section-title qodef-alignment--left\">\n\t\t<h2 class=\"qodef-m-title\" >\n\t\t\t\t\tW\u00e4hlen Sie aus der Liste der verf\u00fcgbaren Zimmer\t\t\t<\/h2>\n\t<\/div>\t\t<\/div>\n\t\t\t\t<\/div>\n\t\t\t\t<div class=\"elementor-element elementor-element-adc6403 elementor-widget elementor-widget-text-editor\" data-id=\"adc6403\" data-element_type=\"widget\" data-widget_type=\"text-editor.default\">\n\t\t\t\t<div class=\"elementor-widget-container\">\n\t\t\t\t\t\t\t<p>Ein Urlaub, der aktive Entspannung mit den Dienstleistungen des G\u00e4stehauses verbindet. Wir verf\u00fcgen \u00fcber ein Apartment, 12 Doppelzimmer und 8 Dreibettzimmer mit einem Zusatzbett in jedem Zimmer. Sie k\u00f6nnen aus einer Vielzahl von Aktivit\u00e4ten im Freien und Unterhaltungsm\u00f6glichkeiten im G\u00e4stehaus w\u00e4hlen. Sie werden sich bei uns bestimmt nicht langweilen.   <\/p>\n\t\t\t\t\t\t<\/div>\n\t\t\t\t<\/div>\n\t\t\t\t<div class=\"elementor-element elementor-element-3c73d97 elementor-widget elementor-widget-alloggio_core_room_list\" data-id=\"3c73d97\" data-element_type=\"widget\" data-widget_type=\"alloggio_core_room_list.default\">\n\t\t\t\t<div class=\"elementor-widget-container\">\n\t\t\t<div class=\"qodef-shortcode qodef-m  qodef-room-list qodef-layout--standard   qodef-grid qodef-layout--columns  qodef-gutter--normal qodef-col-num--1 qodef-item-layout--standard qodef--no-bottom-space qodef-pagination--off qodef-responsive--predefined\" data-options=\"{&quot;plugin&quot;:&quot;alloggio_core&quot;,&quot;module&quot;:&quot;post-types\\\/room\\\/shortcodes&quot;,&quot;shortcode&quot;:&quot;room-list&quot;,&quot;post_type&quot;:&quot;room&quot;,&quot;next_page&quot;:&quot;2&quot;,&quot;max_pages_num&quot;:0,&quot;posts_per_page&quot;:&quot;-1&quot;,&quot;orderby&quot;:&quot;date&quot;,&quot;order&quot;:&quot;DESC&quot;,&quot;additional_params&quot;:&quot;tax&quot;,&quot;tax&quot;:&quot;room-type&quot;,&quot;tax_slug&quot;:&quot;stala-ponuka&quot;,&quot;behavior&quot;:&quot;columns&quot;,&quot;images_proportion&quot;:&quot;full&quot;,&quot;columns&quot;:&quot;1&quot;,&quot;columns_responsive&quot;:&quot;predefined&quot;,&quot;space&quot;:&quot;normal&quot;,&quot;layout&quot;:&quot;standard&quot;,&quot;title_tag&quot;:&quot;h2&quot;,&quot;pagination_type&quot;:&quot;no-pagination&quot;,&quot;object_class_name&quot;:&quot;AlloggioCoreRoomListShortcode&quot;,&quot;additional_query_args&quot;:{&quot;tax_query&quot;:[{&quot;taxonomy&quot;:&quot;room-type&quot;,&quot;field&quot;:&quot;slug&quot;,&quot;terms&quot;:&quot;stala-ponuka&quot;}]},&quot;unique&quot;:&quot;1&quot;,&quot;item_classes&quot;:&quot;qodef-e qodef-room-list-item qodef-grid-item&quot;,&quot;space_value&quot;:15}\">\n\t<div class=\"qodef-grid-inner clear\">\n\t\t<article class=\"qodef-e qodef-room-list-item qodef-grid-item qodef-item--full\" >\n\t<div class=\"qodef-e-inner\">\n\t\t<div class=\"qodef-e-media\">\n\t\t\t\t<div class=\"qodef-e-media-image\" data-swiper-parallax=\"27%\">\n\t\t<a itemprop=\"url\" href=\"https:\/\/penzionbado.sk\/de\/izby\/apartman\/\">\n\t\t\t<img width=\"1902\" height=\"1092\" src=\"https:\/\/penzionbado.sk\/wp-content\/uploads\/2023\/05\/006_Penzion-Bado_StaraLesna-e1683022399702.jpg\" class=\"attachment-full size-full\" alt=\"\" decoding=\"async\" srcset=\"https:\/\/penzionbado.sk\/wp-content\/uploads\/2023\/05\/006_Penzion-Bado_StaraLesna-e1683022399702.jpg 1902w, https:\/\/penzionbado.sk\/wp-content\/uploads\/2023\/05\/006_Penzion-Bado_StaraLesna-e1683022399702-600x344.jpg 600w, https:\/\/penzionbado.sk\/wp-content\/uploads\/2023\/05\/006_Penzion-Bado_StaraLesna-e1683022399702-300x172.jpg 300w, https:\/\/penzionbado.sk\/wp-content\/uploads\/2023\/05\/006_Penzion-Bado_StaraLesna-e1683022399702-1024x588.jpg 1024w, https:\/\/penzionbado.sk\/wp-content\/uploads\/2023\/05\/006_Penzion-Bado_StaraLesna-e1683022399702-768x441.jpg 768w, https:\/\/penzionbado.sk\/wp-content\/uploads\/2023\/05\/006_Penzion-Bado_StaraLesna-e1683022399702-1536x882.jpg 1536w\" sizes=\"(max-width: 1902px) 100vw, 1902px\" \/>\t\t<\/a>\n\t<\/div>\n\t\t\t\t<span class=\"qodef-e-price\">\n\t\t<span class=\"qodef-e-price-label\">ab<\/span>\n\t\t<span class=\"qodef-e-price-value\">&euro;124<\/span>\n\t<\/span>\n\t\t<\/div>\n\t\t<div class=\"qodef-e-content\">\n\t\t\t<div class=\"qodef-e-content-text\">\n\t\t\t\t<h2 itemprop=\"name\" class=\"qodef-e-title entry-title\" >\n\t<a itemprop=\"url\" href=\"https:\/\/penzionbado.sk\/de\/izby\/apartman\/\">\n\t\tAppartement\t<\/a>\n<\/h2>\t\t\t\t\t\t<p itemprop=\"description\" class=\"qodef-e-excerpt\">K\u00fcrzlich renoviertes Apartment im Dachgeschoss der Pension mit Balkon, eigener K\u00fcchenzeile und Blick auf die Tatra. Privates Badezimmer und separate Toilette. Kapazit\u00e4t 4+1.<\/p>\n\t\t\t\t\t<div class=\"qodef-e-button\">\n\t<a class=\"qodef-shortcode qodef-m  qodef-button qodef-layout--textual qodef-size--normal qodef-html--link\" href=\"https:\/\/penzionbado.sk\/de\/izby\/apartman\/\" target=\"_self\"  >\t<span class=\"qodef-m-text\">Jetzt buchen<\/span>\t<span class=\"qodef-m-plus\"><\/span><\/a>\t\t<\/div>\t\t\t<\/div>\n\t\t\t<div class=\"qodef-e-content-info\">\n\t\t\t\t<div class=\"qodef-e-info-items\">\n\t\t\t\t\t\t<span class=\"qodef-e-room-size\">65m2<\/span>\n\t\t\t\t\t\t<span class=\"qodef-e-capacity\">1-5 person<\/span>\n\t\t\t\t<\/div>\n\t\t\t\t\t<div class=\"qodef-e-amenity-items\">\n\t\t\t\t\t\t\t\t\t\t\t\t\t\t\t\t\t\t\t\t\t\t\t\t\t\t\t\t\t\t\t\t\t\t\t\t\t\t\t\t\t\t\t\t\t\t\t\t\t\t\t\t\t\t\t<\/div>\n\t\t\t<\/div>\n\t\t<\/div>\n\t<\/div>\n<\/article><article class=\"qodef-e qodef-room-list-item qodef-grid-item qodef-item--full\" >\n\t<div class=\"qodef-e-inner\">\n\t\t<div class=\"qodef-e-media\">\n\t\t\t\t<div class=\"qodef-e-media-image\" data-swiper-parallax=\"27%\">\n\t\t<a itemprop=\"url\" href=\"https:\/\/penzionbado.sk\/de\/izby\/zimmer-fuer-zwei\/\">\n\t\t\t<img width=\"2400\" height=\"1600\" src=\"https:\/\/penzionbado.sk\/wp-content\/uploads\/2020\/03\/izba2.jpg\" class=\"attachment-full size-full\" alt=\"\" decoding=\"async\" srcset=\"https:\/\/penzionbado.sk\/wp-content\/uploads\/2020\/03\/izba2.jpg 2400w, https:\/\/penzionbado.sk\/wp-content\/uploads\/2020\/03\/izba2-300x200.jpg 300w, https:\/\/penzionbado.sk\/wp-content\/uploads\/2020\/03\/izba2-1024x683.jpg 1024w, https:\/\/penzionbado.sk\/wp-content\/uploads\/2020\/03\/izba2-768x512.jpg 768w, https:\/\/penzionbado.sk\/wp-content\/uploads\/2020\/03\/izba2-1536x1024.jpg 1536w, https:\/\/penzionbado.sk\/wp-content\/uploads\/2020\/03\/izba2-2048x1365.jpg 2048w, https:\/\/penzionbado.sk\/wp-content\/uploads\/2020\/03\/izba2-600x400.jpg 600w\" sizes=\"(max-width: 2400px) 100vw, 2400px\" \/>\t\t<\/a>\n\t<\/div>\n\t\t\t\t<span class=\"qodef-e-price\">\n\t\t<span class=\"qodef-e-price-label\">ab<\/span>\n\t\t<span class=\"qodef-e-price-value\">&euro;74<\/span>\n\t<\/span>\n\t\t<\/div>\n\t\t<div class=\"qodef-e-content\">\n\t\t\t<div class=\"qodef-e-content-text\">\n\t\t\t\t<h2 itemprop=\"name\" class=\"qodef-e-title entry-title\" >\n\t<a itemprop=\"url\" href=\"https:\/\/penzionbado.sk\/de\/izby\/zimmer-fuer-zwei\/\">\n\t\tZimmer f\u00fcr zwei\t<\/a>\n<\/h2>\t\t\t\t\t\t<p itemprop=\"description\" class=\"qodef-e-excerpt\">Zimmer f\u00fcr zwei Personen mit Doppelbett und Zusatzbett. Separates Badezimmer mit Toilette. Wir haben 12 solcher Zimmer in unserem G\u00e4stehaus.  <\/p>\n\t\t\t\t\t<div class=\"qodef-e-button\">\n\t<a class=\"qodef-shortcode qodef-m  qodef-button qodef-layout--textual qodef-size--normal qodef-html--link\" href=\"https:\/\/penzionbado.sk\/de\/izby\/zimmer-fuer-zwei\/\" target=\"_self\"  >\t<span class=\"qodef-m-text\">Jetzt buchen<\/span>\t<span class=\"qodef-m-plus\"><\/span><\/a>\t\t<\/div>\t\t\t<\/div>\n\t\t\t<div class=\"qodef-e-content-info\">\n\t\t\t\t<div class=\"qodef-e-info-items\">\n\t\t\t\t\t\t<span class=\"qodef-e-room-size\">25m2<\/span>\n\t\t\t\t\t\t<span class=\"qodef-e-capacity\">1-3 person<\/span>\n\t\t\t\t<\/div>\n\t\t\t\t\t<div class=\"qodef-e-amenity-items\">\n\t\t\t\t\t\t\t\t\t\t\t\t\t\t\t\t\t\t\t\t\t\t\t\t\t\t\t\t\t\t\t\t\t\t\t\t\t\t\t\t\t\t\t\t\t\t\t\t\t\t\t\t\t<\/div>\n\t\t\t<\/div>\n\t\t<\/div>\n\t<\/div>\n<\/article><article class=\"qodef-e qodef-room-list-item qodef-grid-item qodef-item--full\" >\n\t<div class=\"qodef-e-inner\">\n\t\t<div class=\"qodef-e-media\">\n\t\t\t\t<div class=\"qodef-e-media-image\" data-swiper-parallax=\"27%\">\n\t\t<a itemprop=\"url\" href=\"https:\/\/penzionbado.sk\/de\/izby\/familienzimmer\/\">\n\t\t\t<img width=\"1024\" height=\"683\" src=\"https:\/\/penzionbado.sk\/wp-content\/uploads\/2020\/03\/fam.jpg\" class=\"attachment-full size-full\" alt=\"\" decoding=\"async\" srcset=\"https:\/\/penzionbado.sk\/wp-content\/uploads\/2020\/03\/fam.jpg 1024w, https:\/\/penzionbado.sk\/wp-content\/uploads\/2020\/03\/fam-300x200.jpg 300w, https:\/\/penzionbado.sk\/wp-content\/uploads\/2020\/03\/fam-768x512.jpg 768w, https:\/\/penzionbado.sk\/wp-content\/uploads\/2020\/03\/fam-600x400.jpg 600w\" sizes=\"(max-width: 1024px) 100vw, 1024px\" \/>\t\t<\/a>\n\t<\/div>\n\t\t\t\t<span class=\"qodef-e-price\">\n\t\t<span class=\"qodef-e-price-label\">ab<\/span>\n\t\t<span class=\"qodef-e-price-value\">&euro;111<\/span>\n\t<\/span>\n\t\t<\/div>\n\t\t<div class=\"qodef-e-content\">\n\t\t\t<div class=\"qodef-e-content-text\">\n\t\t\t\t<h2 itemprop=\"name\" class=\"qodef-e-title entry-title\" >\n\t<a itemprop=\"url\" href=\"https:\/\/penzionbado.sk\/de\/izby\/familienzimmer\/\">\n\t\tFamilienzimmer\t<\/a>\n<\/h2>\t\t\t\t\t\t<p itemprop=\"description\" class=\"qodef-e-excerpt\">Ger\u00e4umiges Zimmer f\u00fcr die ganze Familie mit eigenem Bad und WC. Wir haben 8 solcher Zimmer zur Verf\u00fcgung. <\/p>\n\t\t\t\t\t<div class=\"qodef-e-button\">\n\t<a class=\"qodef-shortcode qodef-m  qodef-button qodef-layout--textual qodef-size--normal qodef-html--link\" href=\"https:\/\/penzionbado.sk\/de\/izby\/familienzimmer\/\" target=\"_self\"  >\t<span class=\"qodef-m-text\">Jetzt buchen<\/span>\t<span class=\"qodef-m-plus\"><\/span><\/a>\t\t<\/div>\t\t\t<\/div>\n\t\t\t<div class=\"qodef-e-content-info\">\n\t\t\t\t<div class=\"qodef-e-info-items\">\n\t\t\t\t\t\t<span class=\"qodef-e-room-size\">35m2<\/span>\n\t\t\t\t\t\t<span class=\"qodef-e-capacity\">1-3 person<\/span>\n\t\t\t\t<\/div>\n\t\t\t\t\t<div class=\"qodef-e-amenity-items\">\n\t\t\t\t\t\t\t\t\t\t\t\t\t\t\t\t\t\t\t\t\t\t\t\t\t\t\t\t\t\t\t\t\t\t\t\t\t\t\t\t\t\t\t\t\t\t\t\t\t\t\t\t\t<\/div>\n\t\t\t<\/div>\n\t\t<\/div>\n\t<\/div>\n<\/article>\t<\/div>\n\t<\/div>\t\t<\/div>\n\t\t\t\t<\/div>\n\t\t\t\t\t<\/div>\n\t\t\t\t<\/div>\n\t\t\t\t\t\t\t<\/div>\n\t\t","protected":false},"excerpt":{"rendered":"<p>W\u00e4hlen Sie aus der Liste der verf\u00fcgbaren Zimmer Ein Urlaub, der aktive Entspannung mit den Dienstleistungen des G\u00e4stehauses verbindet. Wir verf\u00fcgen \u00fcber ein Apartment, 12 Doppelzimmer und 8 Dreibettzimmer mit einem Zusatzbett in jedem Zimmer. Sie k\u00f6nnen aus einer Vielzahl von Aktivit\u00e4ten im Freien und Unterhaltungsm\u00f6glichkeiten im G\u00e4stehaus w\u00e4hlen. Sie werden sich bei uns bestimmt [&hellip;]<\/p>\n","protected":false},"author":1,"featured_media":0,"parent":0,"menu_order":0,"comment_status":"closed","ping_status":"closed","template":"","meta":{"inline_featured_image":false},"yoast_head":"<!-- This site is optimized with the Yoast SEO plugin v20.13 - https:\/\/yoast.com\/wordpress\/plugins\/seo\/ -->\n<title>Zimmer | Penzi\u00f3n BA\u010eO ***<\/title>\n<meta name=\"description\" content=\"Einfach, aber komfortabel eingerichtete Zimmer, Balkon mit Blick auf das Tatra-Panorama, eigenes Bad mit WC, LCD-Fernseher und Glasfaser-Internet gratis.\" \/>\n<meta name=\"robots\" content=\"index, follow, max-snippet:-1, max-image-preview:large, max-video-preview:-1\" \/>\n<link rel=\"canonical\" href=\"https:\/\/penzionbado.sk\/izby-ponuka\/\" \/>\n<meta property=\"og:locale\" content=\"de_DE\" \/>\n<meta property=\"og:type\" content=\"article\" \/>\n<meta property=\"og:title\" content=\"Zimmer | Penzi\u00f3n BA\u010eO ***\" \/>\n<meta property=\"og:description\" content=\"Einfach, aber komfortabel eingerichtete Zimmer, Balkon mit Blick auf das Tatra-Panorama, eigenes Bad mit WC, LCD-Fernseher und Glasfaser-Internet gratis.\" \/>\n<meta property=\"og:url\" content=\"https:\/\/penzionbado.sk\/izby-ponuka\/\" \/>\n<meta property=\"og:site_name\" content=\"Penzi\u00f3n BA\u010eO ***\" \/>\n<meta property=\"article:publisher\" content=\"https:\/\/www.facebook.com\/www.penzionbado.sk\" \/>\n<meta property=\"article:modified_time\" content=\"2025-03-17T16:42:23+00:00\" \/>\n<meta property=\"og:image\" content=\"https:\/\/penzionbado.sk\/wp-content\/uploads\/2023\/05\/006_Penzion-Bado_StaraLesna-e1683022399702.jpg\" \/>\n<meta name=\"twitter:card\" content=\"summary_large_image\" \/>\n<meta name=\"twitter:label1\" content=\"Gesch\u00e4tzte Lesezeit\" \/>\n\t<meta name=\"twitter:data1\" content=\"1\u00a0Minute\" \/>\n<script type=\"application\/ld+json\" class=\"yoast-schema-graph\">{\"@context\":\"https:\/\/schema.org\",\"@graph\":[{\"@type\":\"WebPage\",\"@id\":\"https:\/\/penzionbado.sk\/izby-ponuka\/\",\"url\":\"https:\/\/penzionbado.sk\/izby-ponuka\/\",\"name\":\"Zimmer | Penzi\u00f3n BA\u010eO ***\",\"isPartOf\":{\"@id\":\"https:\/\/penzionbado.sk\/#website\"},\"datePublished\":\"2023-05-24T14:42:50+00:00\",\"dateModified\":\"2025-03-17T16:42:23+00:00\",\"description\":\"Einfach, aber komfortabel eingerichtete Zimmer, Balkon mit Blick auf das Tatra-Panorama, eigenes Bad mit WC, LCD-Fernseher und Glasfaser-Internet gratis.\",\"breadcrumb\":{\"@id\":\"https:\/\/penzionbado.sk\/izby-ponuka\/#breadcrumb\"},\"inLanguage\":\"de\",\"potentialAction\":[{\"@type\":\"ReadAction\",\"target\":[\"https:\/\/penzionbado.sk\/izby-ponuka\/\"]}]},{\"@type\":\"BreadcrumbList\",\"@id\":\"https:\/\/penzionbado.sk\/izby-ponuka\/#breadcrumb\",\"itemListElement\":[{\"@type\":\"ListItem\",\"position\":1,\"name\":\"Home\",\"item\":\"https:\/\/penzionbado.sk\/de\/\"},{\"@type\":\"ListItem\",\"position\":2,\"name\":\"Zimmer\"}]},{\"@type\":\"WebSite\",\"@id\":\"https:\/\/penzionbado.sk\/#website\",\"url\":\"https:\/\/penzionbado.sk\/\",\"name\":\"Penzi\u00f3n BA\u010eO ***\",\"description\":\"Rodinn\u00fd penzi\u00f3n pod Lomnick\u00fdm \u0160t\u00edtom\",\"publisher\":{\"@id\":\"https:\/\/penzionbado.sk\/#organization\"},\"potentialAction\":[{\"@type\":\"SearchAction\",\"target\":{\"@type\":\"EntryPoint\",\"urlTemplate\":\"https:\/\/penzionbado.sk\/?s={search_term_string}\"},\"query-input\":\"required name=search_term_string\"}],\"inLanguage\":\"de\"},{\"@type\":\"Organization\",\"@id\":\"https:\/\/penzionbado.sk\/#organization\",\"name\":\"Penzi\u00f3n BA\u010eO ***\",\"url\":\"https:\/\/penzionbado.sk\/\",\"logo\":{\"@type\":\"ImageObject\",\"inLanguage\":\"de\",\"@id\":\"https:\/\/penzionbado.sk\/#\/schema\/logo\/image\/\",\"url\":\"https:\/\/penzionbado.sk\/wp-content\/uploads\/2023\/05\/BADO_logo_black_transparent.png\",\"contentUrl\":\"https:\/\/penzionbado.sk\/wp-content\/uploads\/2023\/05\/BADO_logo_black_transparent.png\",\"width\":470,\"height\":473,\"caption\":\"Penzi\u00f3n BA\u010eO ***\"},\"image\":{\"@id\":\"https:\/\/penzionbado.sk\/#\/schema\/logo\/image\/\"},\"sameAs\":[\"https:\/\/www.facebook.com\/www.penzionbado.sk\",\"https:\/\/www.instagram.com\/penzionvysoketatry\/\",\"https:\/\/www.youtube.com\/channel\/UCxZmlcE9qBcD9fdk4hfpo7g\"]}]}<\/script>\n<!-- \/ Yoast SEO plugin. -->","yoast_head_json":{"title":"Zimmer | Penzi\u00f3n BA\u010eO ***","description":"Einfach, aber komfortabel eingerichtete Zimmer, Balkon mit Blick auf das Tatra-Panorama, eigenes Bad mit WC, LCD-Fernseher und Glasfaser-Internet gratis.","robots":{"index":"index","follow":"follow","max-snippet":"max-snippet:-1","max-image-preview":"max-image-preview:large","max-video-preview":"max-video-preview:-1"},"canonical":"https:\/\/penzionbado.sk\/izby-ponuka\/","og_locale":"de_DE","og_type":"article","og_title":"Zimmer | Penzi\u00f3n BA\u010eO ***","og_description":"Einfach, aber komfortabel eingerichtete Zimmer, Balkon mit Blick auf das Tatra-Panorama, eigenes Bad mit WC, LCD-Fernseher und Glasfaser-Internet gratis.","og_url":"https:\/\/penzionbado.sk\/izby-ponuka\/","og_site_name":"Penzi\u00f3n BA\u010eO ***","article_publisher":"https:\/\/www.facebook.com\/www.penzionbado.sk","article_modified_time":"2025-03-17T16:42:23+00:00","og_image":[{"url":"https:\/\/penzionbado.sk\/wp-content\/uploads\/2023\/05\/006_Penzion-Bado_StaraLesna-e1683022399702.jpg"}],"twitter_card":"summary_large_image","twitter_misc":{"Gesch\u00e4tzte Lesezeit":"1\u00a0Minute"},"schema":{"@context":"https:\/\/schema.org","@graph":[{"@type":"WebPage","@id":"https:\/\/penzionbado.sk\/izby-ponuka\/","url":"https:\/\/penzionbado.sk\/izby-ponuka\/","name":"Zimmer | Penzi\u00f3n BA\u010eO ***","isPartOf":{"@id":"https:\/\/penzionbado.sk\/#website"},"datePublished":"2023-05-24T14:42:50+00:00","dateModified":"2025-03-17T16:42:23+00:00","description":"Einfach, aber komfortabel eingerichtete Zimmer, Balkon mit Blick auf das Tatra-Panorama, eigenes Bad mit WC, LCD-Fernseher und Glasfaser-Internet gratis.","breadcrumb":{"@id":"https:\/\/penzionbado.sk\/izby-ponuka\/#breadcrumb"},"inLanguage":"de","potentialAction":[{"@type":"ReadAction","target":["https:\/\/penzionbado.sk\/izby-ponuka\/"]}]},{"@type":"BreadcrumbList","@id":"https:\/\/penzionbado.sk\/izby-ponuka\/#breadcrumb","itemListElement":[{"@type":"ListItem","position":1,"name":"Home","item":"https:\/\/penzionbado.sk\/de\/"},{"@type":"ListItem","position":2,"name":"Zimmer"}]},{"@type":"WebSite","@id":"https:\/\/penzionbado.sk\/#website","url":"https:\/\/penzionbado.sk\/","name":"Penzi\u00f3n BA\u010eO ***","description":"Rodinn\u00fd penzi\u00f3n pod Lomnick\u00fdm \u0160t\u00edtom","publisher":{"@id":"https:\/\/penzionbado.sk\/#organization"},"potentialAction":[{"@type":"SearchAction","target":{"@type":"EntryPoint","urlTemplate":"https:\/\/penzionbado.sk\/?s={search_term_string}"},"query-input":"required name=search_term_string"}],"inLanguage":"de"},{"@type":"Organization","@id":"https:\/\/penzionbado.sk\/#organization","name":"Penzi\u00f3n BA\u010eO ***","url":"https:\/\/penzionbado.sk\/","logo":{"@type":"ImageObject","inLanguage":"de","@id":"https:\/\/penzionbado.sk\/#\/schema\/logo\/image\/","url":"https:\/\/penzionbado.sk\/wp-content\/uploads\/2023\/05\/BADO_logo_black_transparent.png","contentUrl":"https:\/\/penzionbado.sk\/wp-content\/uploads\/2023\/05\/BADO_logo_black_transparent.png","width":470,"height":473,"caption":"Penzi\u00f3n BA\u010eO ***"},"image":{"@id":"https:\/\/penzionbado.sk\/#\/schema\/logo\/image\/"},"sameAs":["https:\/\/www.facebook.com\/www.penzionbado.sk","https:\/\/www.instagram.com\/penzionvysoketatry\/","https:\/\/www.youtube.com\/channel\/UCxZmlcE9qBcD9fdk4hfpo7g"]}]}},"_links":{"self":[{"href":"https:\/\/penzionbado.sk\/de\/wp-json\/wp\/v2\/pages\/12614"}],"collection":[{"href":"https:\/\/penzionbado.sk\/de\/wp-json\/wp\/v2\/pages"}],"about":[{"href":"https:\/\/penzionbado.sk\/de\/wp-json\/wp\/v2\/types\/page"}],"author":[{"embeddable":true,"href":"https:\/\/penzionbado.sk\/de\/wp-json\/wp\/v2\/users\/1"}],"replies":[{"embeddable":true,"href":"https:\/\/penzionbado.sk\/de\/wp-json\/wp\/v2\/comments?post=12614"}],"version-history":[{"count":4,"href":"https:\/\/penzionbado.sk\/de\/wp-json\/wp\/v2\/pages\/12614\/revisions"}],"predecessor-version":[{"id":12957,"href":"https:\/\/penzionbado.sk\/de\/wp-json\/wp\/v2\/pages\/12614\/revisions\/12957"}],"wp:attachment":[{"href":"https:\/\/penzionbado.sk\/de\/wp-json\/wp\/v2\/media?parent=12614"}],"curies":[{"name":"wp","href":"https:\/\/api.w.org\/{rel}","templated":true}]}}