{"id":12573,"date":"2024-04-26T13:12:29","date_gmt":"2024-04-26T11:12:29","guid":{"rendered":"https:\/\/penzionbado.sk\/wir-sind-auf-der-suche-nach-einem-team\/"},"modified":"2025-03-17T11:39:35","modified_gmt":"2025-03-17T10:39:35","slug":"wir-sind-auf-der-suche-nach-einem-team","status":"publish","type":"page","link":"https:\/\/penzionbado.sk\/de\/wir-sind-auf-der-suche-nach-einem-team\/","title":{"rendered":"Wir sind auf der Suche nach einem Team"},"content":{"rendered":"\t\t<div data-elementor-type=\"wp-page\" data-elementor-id=\"12573\" class=\"elementor elementor-12573 elementor-7957\" data-elementor-post-type=\"page\">\n\t\t\t\t\t\t\t<div class=\"elementor-element elementor-element-7444776 e-flex e-con-boxed e-con e-parent\" data-id=\"7444776\" data-element_type=\"container\" data-settings=\"{&quot;content_width&quot;:&quot;boxed&quot;}\" data-core-v316-plus=\"true\">\n\t\t\t\t\t<div class=\"e-con-inner\">\n\t\t\t\t<div class=\"elementor-element elementor-element-13b48a3 elementor-widget elementor-widget-text-editor\" data-id=\"13b48a3\" data-element_type=\"widget\" data-widget_type=\"text-editor.default\">\n\t\t\t\t<div class=\"elementor-widget-container\">\n\t\t\t\t\t\t\t<h2>Kellnerin \/ Bardame<\/h2>\n<p>Wir suchen eine Aushilfskraft, idealerweise einen Studenten aus der Umgebung, f\u00fcr die Stelle als Kellner \/ Barkeeper in unserem Caf\u00e9 RICKY in der N\u00e4he des G\u00e4stehauses Ba\u010fo** in Stara Lesna.<\/p>\n<p><strong>Anforderungen an den Bewerber:<\/strong><\/p>\n<ul>\n<li>Erfahrung mit der Arbeit in einem Coffee Shop.<\/li>\n<li>Positiver Ansatz.<\/li>\n<li>Ein hohes Ma\u00df an Verantwortung und Flexibilit\u00e4t.<\/li>\n<li>Mindestalter 16 Jahre.<\/li>\n<li><span style=\"text-decoration: underline;\">Datum der Einreise: 15. Juni oder 1. Juli 2024.  <\/span><\/li>\n<\/ul>\n<p><strong>Kontakt:<\/strong><\/p>\n<ul>\n<li>E-Mail: <a href=\"mailto:richard@bado.sk\">richard@bado.sk<\/a><\/li>\n<li>Rufnummer: <a href=\"tel:0903%20366%20836\">0903 366 836<\/a><\/li>\n<\/ul>\n<p><em><br \/>Alle anderen Bedingungen unterliegen der pers\u00f6nlichen Vereinbarung.<\/em><\/p>\n\t\t\t\t\t\t<\/div>\n\t\t\t\t<\/div>\n\t\t\t\t\t<\/div>\n\t\t\t\t<\/div>\n\t\t\t\t\t\t\t<\/div>\n\t\t","protected":false},"excerpt":{"rendered":"<p>Kellnerin \/ Bardame Wir suchen eine Aushilfskraft, idealerweise einen Studenten aus der Umgebung, f\u00fcr die Stelle als Kellner \/ Barkeeper in unserem Caf\u00e9 RICKY in der N\u00e4he des G\u00e4stehauses Ba\u010fo** in Stara Lesna. Anforderungen an den Bewerber: Erfahrung mit der Arbeit in einem Coffee Shop. Positiver Ansatz. Ein hohes Ma\u00df an Verantwortung und Flexibilit\u00e4t. Mindestalter [&hellip;]<\/p>\n","protected":false},"author":2,"featured_media":0,"parent":0,"menu_order":0,"comment_status":"closed","ping_status":"closed","template":"","meta":{"inline_featured_image":false},"yoast_head":"<!-- This site is optimized with the Yoast SEO plugin v20.13 - https:\/\/yoast.com\/wordpress\/plugins\/seo\/ -->\n<title>Wir sind auf der Suche nach einem Team | Penzi\u00f3n BA\u010eO ***<\/title>\n<meta name=\"robots\" content=\"index, follow, max-snippet:-1, max-image-preview:large, max-video-preview:-1\" \/>\n<link rel=\"canonical\" href=\"https:\/\/penzionbado.sk\/de\/wir-sind-auf-der-suche-nach-einem-team\/\" \/>\n<meta property=\"og:locale\" content=\"de_DE\" \/>\n<meta property=\"og:type\" content=\"article\" \/>\n<meta property=\"og:title\" content=\"Wir sind auf der Suche nach einem Team | Penzi\u00f3n BA\u010eO ***\" \/>\n<meta property=\"og:description\" content=\"Kellnerin \/ Bardame Wir suchen eine Aushilfskraft, idealerweise einen Studenten aus der Umgebung, f\u00fcr die Stelle als Kellner \/ Barkeeper in unserem Caf\u00e9 RICKY in der N\u00e4he des G\u00e4stehauses Ba\u010fo** in Stara Lesna. Anforderungen an den Bewerber: Erfahrung mit der Arbeit in einem Coffee Shop. Positiver Ansatz. Ein hohes Ma\u00df an Verantwortung und Flexibilit\u00e4t. Mindestalter [&hellip;]\" \/>\n<meta property=\"og:url\" content=\"https:\/\/penzionbado.sk\/de\/wir-sind-auf-der-suche-nach-einem-team\/\" \/>\n<meta property=\"og:site_name\" content=\"Penzi\u00f3n BA\u010eO ***\" \/>\n<meta property=\"article:publisher\" content=\"https:\/\/www.facebook.com\/www.penzionbado.sk\" \/>\n<meta property=\"article:modified_time\" content=\"2025-03-17T10:39:35+00:00\" \/>\n<meta name=\"twitter:card\" content=\"summary_large_image\" \/>\n<script type=\"application\/ld+json\" class=\"yoast-schema-graph\">{\"@context\":\"https:\/\/schema.org\",\"@graph\":[{\"@type\":\"WebPage\",\"@id\":\"https:\/\/penzionbado.sk\/de\/wir-sind-auf-der-suche-nach-einem-team\/\",\"url\":\"https:\/\/penzionbado.sk\/de\/wir-sind-auf-der-suche-nach-einem-team\/\",\"name\":\"Wir sind auf der Suche nach einem Team | Penzi\u00f3n BA\u010eO ***\",\"isPartOf\":{\"@id\":\"https:\/\/penzionbado.sk\/#website\"},\"datePublished\":\"2024-04-26T11:12:29+00:00\",\"dateModified\":\"2025-03-17T10:39:35+00:00\",\"breadcrumb\":{\"@id\":\"https:\/\/penzionbado.sk\/de\/wir-sind-auf-der-suche-nach-einem-team\/#breadcrumb\"},\"inLanguage\":\"de\",\"potentialAction\":[{\"@type\":\"ReadAction\",\"target\":[\"https:\/\/penzionbado.sk\/de\/wir-sind-auf-der-suche-nach-einem-team\/\"]}]},{\"@type\":\"BreadcrumbList\",\"@id\":\"https:\/\/penzionbado.sk\/de\/wir-sind-auf-der-suche-nach-einem-team\/#breadcrumb\",\"itemListElement\":[{\"@type\":\"ListItem\",\"position\":1,\"name\":\"Home\",\"item\":\"https:\/\/penzionbado.sk\/de\/\"},{\"@type\":\"ListItem\",\"position\":2,\"name\":\"Wir sind auf der Suche nach einem Team\"}]},{\"@type\":\"WebSite\",\"@id\":\"https:\/\/penzionbado.sk\/#website\",\"url\":\"https:\/\/penzionbado.sk\/\",\"name\":\"Penzi\u00f3n BA\u010eO ***\",\"description\":\"Rodinn\u00fd penzi\u00f3n pod Lomnick\u00fdm \u0160t\u00edtom\",\"publisher\":{\"@id\":\"https:\/\/penzionbado.sk\/#organization\"},\"potentialAction\":[{\"@type\":\"SearchAction\",\"target\":{\"@type\":\"EntryPoint\",\"urlTemplate\":\"https:\/\/penzionbado.sk\/?s={search_term_string}\"},\"query-input\":\"required name=search_term_string\"}],\"inLanguage\":\"de\"},{\"@type\":\"Organization\",\"@id\":\"https:\/\/penzionbado.sk\/#organization\",\"name\":\"Penzi\u00f3n BA\u010eO ***\",\"url\":\"https:\/\/penzionbado.sk\/\",\"logo\":{\"@type\":\"ImageObject\",\"inLanguage\":\"de\",\"@id\":\"https:\/\/penzionbado.sk\/#\/schema\/logo\/image\/\",\"url\":\"https:\/\/penzionbado.sk\/wp-content\/uploads\/2023\/05\/BADO_logo_black_transparent.png\",\"contentUrl\":\"https:\/\/penzionbado.sk\/wp-content\/uploads\/2023\/05\/BADO_logo_black_transparent.png\",\"width\":470,\"height\":473,\"caption\":\"Penzi\u00f3n BA\u010eO ***\"},\"image\":{\"@id\":\"https:\/\/penzionbado.sk\/#\/schema\/logo\/image\/\"},\"sameAs\":[\"https:\/\/www.facebook.com\/www.penzionbado.sk\",\"https:\/\/www.instagram.com\/penzionvysoketatry\/\",\"https:\/\/www.youtube.com\/channel\/UCxZmlcE9qBcD9fdk4hfpo7g\"]}]}<\/script>\n<!-- \/ Yoast SEO plugin. -->","yoast_head_json":{"title":"Wir sind auf der Suche nach einem Team | Penzi\u00f3n BA\u010eO ***","robots":{"index":"index","follow":"follow","max-snippet":"max-snippet:-1","max-image-preview":"max-image-preview:large","max-video-preview":"max-video-preview:-1"},"canonical":"https:\/\/penzionbado.sk\/de\/wir-sind-auf-der-suche-nach-einem-team\/","og_locale":"de_DE","og_type":"article","og_title":"Wir sind auf der Suche nach einem Team | Penzi\u00f3n BA\u010eO ***","og_description":"Kellnerin \/ Bardame Wir suchen eine Aushilfskraft, idealerweise einen Studenten aus der Umgebung, f\u00fcr die Stelle als Kellner \/ Barkeeper in unserem Caf\u00e9 RICKY in der N\u00e4he des G\u00e4stehauses Ba\u010fo** in Stara Lesna. Anforderungen an den Bewerber: Erfahrung mit der Arbeit in einem Coffee Shop. Positiver Ansatz. Ein hohes Ma\u00df an Verantwortung und Flexibilit\u00e4t. Mindestalter [&hellip;]","og_url":"https:\/\/penzionbado.sk\/de\/wir-sind-auf-der-suche-nach-einem-team\/","og_site_name":"Penzi\u00f3n BA\u010eO ***","article_publisher":"https:\/\/www.facebook.com\/www.penzionbado.sk","article_modified_time":"2025-03-17T10:39:35+00:00","twitter_card":"summary_large_image","schema":{"@context":"https:\/\/schema.org","@graph":[{"@type":"WebPage","@id":"https:\/\/penzionbado.sk\/de\/wir-sind-auf-der-suche-nach-einem-team\/","url":"https:\/\/penzionbado.sk\/de\/wir-sind-auf-der-suche-nach-einem-team\/","name":"Wir sind auf der Suche nach einem Team | Penzi\u00f3n BA\u010eO ***","isPartOf":{"@id":"https:\/\/penzionbado.sk\/#website"},"datePublished":"2024-04-26T11:12:29+00:00","dateModified":"2025-03-17T10:39:35+00:00","breadcrumb":{"@id":"https:\/\/penzionbado.sk\/de\/wir-sind-auf-der-suche-nach-einem-team\/#breadcrumb"},"inLanguage":"de","potentialAction":[{"@type":"ReadAction","target":["https:\/\/penzionbado.sk\/de\/wir-sind-auf-der-suche-nach-einem-team\/"]}]},{"@type":"BreadcrumbList","@id":"https:\/\/penzionbado.sk\/de\/wir-sind-auf-der-suche-nach-einem-team\/#breadcrumb","itemListElement":[{"@type":"ListItem","position":1,"name":"Home","item":"https:\/\/penzionbado.sk\/de\/"},{"@type":"ListItem","position":2,"name":"Wir sind auf der Suche nach einem Team"}]},{"@type":"WebSite","@id":"https:\/\/penzionbado.sk\/#website","url":"https:\/\/penzionbado.sk\/","name":"Penzi\u00f3n BA\u010eO ***","description":"Rodinn\u00fd penzi\u00f3n pod Lomnick\u00fdm \u0160t\u00edtom","publisher":{"@id":"https:\/\/penzionbado.sk\/#organization"},"potentialAction":[{"@type":"SearchAction","target":{"@type":"EntryPoint","urlTemplate":"https:\/\/penzionbado.sk\/?s={search_term_string}"},"query-input":"required name=search_term_string"}],"inLanguage":"de"},{"@type":"Organization","@id":"https:\/\/penzionbado.sk\/#organization","name":"Penzi\u00f3n BA\u010eO ***","url":"https:\/\/penzionbado.sk\/","logo":{"@type":"ImageObject","inLanguage":"de","@id":"https:\/\/penzionbado.sk\/#\/schema\/logo\/image\/","url":"https:\/\/penzionbado.sk\/wp-content\/uploads\/2023\/05\/BADO_logo_black_transparent.png","contentUrl":"https:\/\/penzionbado.sk\/wp-content\/uploads\/2023\/05\/BADO_logo_black_transparent.png","width":470,"height":473,"caption":"Penzi\u00f3n BA\u010eO ***"},"image":{"@id":"https:\/\/penzionbado.sk\/#\/schema\/logo\/image\/"},"sameAs":["https:\/\/www.facebook.com\/www.penzionbado.sk","https:\/\/www.instagram.com\/penzionvysoketatry\/","https:\/\/www.youtube.com\/channel\/UCxZmlcE9qBcD9fdk4hfpo7g"]}]}},"_links":{"self":[{"href":"https:\/\/penzionbado.sk\/de\/wp-json\/wp\/v2\/pages\/12573"}],"collection":[{"href":"https:\/\/penzionbado.sk\/de\/wp-json\/wp\/v2\/pages"}],"about":[{"href":"https:\/\/penzionbado.sk\/de\/wp-json\/wp\/v2\/types\/page"}],"author":[{"embeddable":true,"href":"https:\/\/penzionbado.sk\/de\/wp-json\/wp\/v2\/users\/2"}],"replies":[{"embeddable":true,"href":"https:\/\/penzionbado.sk\/de\/wp-json\/wp\/v2\/comments?post=12573"}],"version-history":[{"count":1,"href":"https:\/\/penzionbado.sk\/de\/wp-json\/wp\/v2\/pages\/12573\/revisions"}],"predecessor-version":[{"id":12574,"href":"https:\/\/penzionbado.sk\/de\/wp-json\/wp\/v2\/pages\/12573\/revisions\/12574"}],"wp:attachment":[{"href":"https:\/\/penzionbado.sk\/de\/wp-json\/wp\/v2\/media?parent=12573"}],"curies":[{"name":"wp","href":"https:\/\/api.w.org\/{rel}","templated":true}]}}