{"id":8553,"date":"2024-04-26T13:12:29","date_gmt":"2024-04-26T11:12:29","guid":{"rendered":"https:\/\/penzionbado.sk\/hledame-tym\/"},"modified":"2024-08-13T13:13:55","modified_gmt":"2024-08-13T11:13:55","slug":"hledame-do-tymu","status":"publish","type":"page","link":"https:\/\/penzionbado.sk\/cs\/hledame-do-tymu\/","title":{"rendered":"Hled\u00e1me do t\u00fdmu"},"content":{"rendered":"\t\t<div data-elementor-type=\"wp-page\" data-elementor-id=\"8553\" class=\"elementor elementor-8553 elementor-7957\" data-elementor-post-type=\"page\">\n\t\t\t\t\t\t\t<div class=\"elementor-element elementor-element-7444776 e-flex e-con-boxed e-con e-parent\" data-id=\"7444776\" data-element_type=\"container\" data-settings=\"{&quot;content_width&quot;:&quot;boxed&quot;}\" data-core-v316-plus=\"true\">\n\t\t\t\t\t<div class=\"e-con-inner\">\n\t\t\t\t<div class=\"elementor-element elementor-element-13b48a3 elementor-widget elementor-widget-text-editor\" data-id=\"13b48a3\" data-element_type=\"widget\" data-widget_type=\"text-editor.default\">\n\t\t\t\t<div class=\"elementor-widget-container\">\n\t\t\t\t\t\t\t<h2>\u010c\u00ed\u0161nice \/ barmanka<\/h2>\n<p>Hled\u00e1me brig\u00e1dn\u00edka, ide\u00e1ln\u011b studenta z bl\u00edzk\u00e9ho okol\u00ed na pozici \u010d\u00ed\u0161n\u00edk\/barman do na\u0161\u00ed kav\u00e1rny RICKY, kter\u00e1 se nach\u00e1z\u00ed v are\u00e1lu penzionu Ba\u010fo** ve Star\u00e9 Lesn\u00e9.<\/p>\n<p><strong>Po\u017eadavky na \u017eadatele:<\/strong><\/p>\n<ul>\n<li>Zku\u0161enosti s prac\u00ed v kav\u00e1rn\u011b.<\/li>\n<li>Pozitivn\u00ed p\u0159\u00edstup.<\/li>\n<li>Vysok\u00e1 m\u00edra odpov\u011bdnosti a flexibility.<\/li>\n<li>Minim\u00e1ln\u00ed v\u011bk 16 let.<\/li>\n<li><span style=\"text-decoration: underline;\">Datum p\u0159\u00edjezdu: 15. \u010cerven nebo 1. \u010cervenec 2024.<\/span><\/li>\n<\/ul>\n<p><strong>Kontakt:<\/strong><\/p>\n<ul>\n<li>E-mail: <a href=\"mailto:richard@bado.sk\">richard@bado.sk<\/a><\/li>\n<li>Telefonn\u00ed \u010d\u00edslo: <a href=\"tel:%20366%\">0903 366 836<\/a><\/li>\n<\/ul>\n<p><em><br \/>Ve\u0161ker\u00e9 dal\u0161\u00ed podm\u00ednky jsou p\u0159edm\u011btem osobn\u00ed dohody.<\/em><\/p>\n\t\t\t\t\t\t<\/div>\n\t\t\t\t<\/div>\n\t\t\t\t\t<\/div>\n\t\t\t\t<\/div>\n\t\t\t\t\t\t\t<\/div>\n\t\t","protected":false},"excerpt":{"rendered":"<p>\u010c\u00ed\u0161nice \/ barmanka Hled\u00e1me brig\u00e1dn\u00edka, ide\u00e1ln\u011b studenta z bl\u00edzk\u00e9ho okol\u00ed na pozici \u010d\u00ed\u0161n\u00edk\/barman do na\u0161\u00ed kav\u00e1rny RICKY, kter\u00e1 se nach\u00e1z\u00ed v are\u00e1lu penzionu Ba\u010fo** ve Star\u00e9 Lesn\u00e9. Po\u017eadavky na \u017eadatele: Zku\u0161enosti s prac\u00ed v kav\u00e1rn\u011b. Pozitivn\u00ed p\u0159\u00edstup. Vysok\u00e1 m\u00edra odpov\u011bdnosti a flexibility. Minim\u00e1ln\u00ed v\u011bk 16 let. Datum p\u0159\u00edjezdu: 15. \u010cerven nebo 1. \u010cervenec 2024. Kontakt: [&hellip;]<\/p>\n","protected":false},"author":2,"featured_media":0,"parent":0,"menu_order":0,"comment_status":"closed","ping_status":"closed","template":"","meta":{"inline_featured_image":false},"yoast_head":"<!-- This site is optimized with the Yoast SEO plugin v20.13 - https:\/\/yoast.com\/wordpress\/plugins\/seo\/ -->\n<title>Hled\u00e1me do t\u00fdmu | Penzi\u00f3n BA\u010eO ***<\/title>\n<meta name=\"robots\" content=\"index, follow, max-snippet:-1, max-image-preview:large, max-video-preview:-1\" \/>\n<link rel=\"canonical\" href=\"https:\/\/penzionbado.sk\/cs\/hledame-do-tymu\/\" \/>\n<meta property=\"og:locale\" content=\"cs_CZ\" \/>\n<meta property=\"og:type\" content=\"article\" \/>\n<meta property=\"og:title\" content=\"Hled\u00e1me do t\u00fdmu | Penzi\u00f3n BA\u010eO ***\" \/>\n<meta property=\"og:description\" content=\"\u010c\u00ed\u0161nice \/ barmanka Hled\u00e1me brig\u00e1dn\u00edka, ide\u00e1ln\u011b studenta z bl\u00edzk\u00e9ho okol\u00ed na pozici \u010d\u00ed\u0161n\u00edk\/barman do na\u0161\u00ed kav\u00e1rny RICKY, kter\u00e1 se nach\u00e1z\u00ed v are\u00e1lu penzionu Ba\u010fo** ve Star\u00e9 Lesn\u00e9. Po\u017eadavky na \u017eadatele: Zku\u0161enosti s prac\u00ed v kav\u00e1rn\u011b. Pozitivn\u00ed p\u0159\u00edstup. Vysok\u00e1 m\u00edra odpov\u011bdnosti a flexibility. Minim\u00e1ln\u00ed v\u011bk 16 let. Datum p\u0159\u00edjezdu: 15. \u010cerven nebo 1. \u010cervenec 2024. Kontakt: [&hellip;]\" \/>\n<meta property=\"og:url\" content=\"https:\/\/penzionbado.sk\/cs\/hledame-do-tymu\/\" \/>\n<meta property=\"og:site_name\" content=\"Penzi\u00f3n BA\u010eO ***\" \/>\n<meta property=\"article:publisher\" content=\"https:\/\/www.facebook.com\/www.penzionbado.sk\" \/>\n<meta property=\"article:modified_time\" content=\"2024-08-13T11:13:55+00:00\" \/>\n<meta name=\"twitter:card\" content=\"summary_large_image\" \/>\n<script type=\"application\/ld+json\" class=\"yoast-schema-graph\">{\"@context\":\"https:\/\/schema.org\",\"@graph\":[{\"@type\":\"WebPage\",\"@id\":\"https:\/\/penzionbado.sk\/cs\/hledame-do-tymu\/\",\"url\":\"https:\/\/penzionbado.sk\/cs\/hledame-do-tymu\/\",\"name\":\"Hled\u00e1me do t\u00fdmu | Penzi\u00f3n BA\u010eO ***\",\"isPartOf\":{\"@id\":\"https:\/\/penzionbado.sk\/#website\"},\"datePublished\":\"2024-04-26T11:12:29+00:00\",\"dateModified\":\"2024-08-13T11:13:55+00:00\",\"breadcrumb\":{\"@id\":\"https:\/\/penzionbado.sk\/cs\/hledame-do-tymu\/#breadcrumb\"},\"inLanguage\":\"cs\",\"potentialAction\":[{\"@type\":\"ReadAction\",\"target\":[\"https:\/\/penzionbado.sk\/cs\/hledame-do-tymu\/\"]}]},{\"@type\":\"BreadcrumbList\",\"@id\":\"https:\/\/penzionbado.sk\/cs\/hledame-do-tymu\/#breadcrumb\",\"itemListElement\":[{\"@type\":\"ListItem\",\"position\":1,\"name\":\"Home\",\"item\":\"https:\/\/penzionbado.sk\/pl\/\"},{\"@type\":\"ListItem\",\"position\":2,\"name\":\"Hled\u00e1me do t\u00fdmu\"}]},{\"@type\":\"WebSite\",\"@id\":\"https:\/\/penzionbado.sk\/#website\",\"url\":\"https:\/\/penzionbado.sk\/\",\"name\":\"Penzi\u00f3n BA\u010eO ***\",\"description\":\"Rodinn\u00fd penzi\u00f3n pod Lomnick\u00fdm \u0160t\u00edtom\",\"publisher\":{\"@id\":\"https:\/\/penzionbado.sk\/#organization\"},\"potentialAction\":[{\"@type\":\"SearchAction\",\"target\":{\"@type\":\"EntryPoint\",\"urlTemplate\":\"https:\/\/penzionbado.sk\/?s={search_term_string}\"},\"query-input\":\"required name=search_term_string\"}],\"inLanguage\":\"cs\"},{\"@type\":\"Organization\",\"@id\":\"https:\/\/penzionbado.sk\/#organization\",\"name\":\"Penzi\u00f3n BA\u010eO ***\",\"url\":\"https:\/\/penzionbado.sk\/\",\"logo\":{\"@type\":\"ImageObject\",\"inLanguage\":\"cs\",\"@id\":\"https:\/\/penzionbado.sk\/#\/schema\/logo\/image\/\",\"url\":\"https:\/\/penzionbado.sk\/wp-content\/uploads\/2023\/05\/BADO_logo_black_transparent.png\",\"contentUrl\":\"https:\/\/penzionbado.sk\/wp-content\/uploads\/2023\/05\/BADO_logo_black_transparent.png\",\"width\":470,\"height\":473,\"caption\":\"Penzi\u00f3n BA\u010eO ***\"},\"image\":{\"@id\":\"https:\/\/penzionbado.sk\/#\/schema\/logo\/image\/\"},\"sameAs\":[\"https:\/\/www.facebook.com\/www.penzionbado.sk\",\"https:\/\/www.instagram.com\/penzionvysoketatry\/\",\"https:\/\/www.youtube.com\/channel\/UCxZmlcE9qBcD9fdk4hfpo7g\"]}]}<\/script>\n<!-- \/ Yoast SEO plugin. -->","yoast_head_json":{"title":"Hled\u00e1me do t\u00fdmu | Penzi\u00f3n BA\u010eO ***","robots":{"index":"index","follow":"follow","max-snippet":"max-snippet:-1","max-image-preview":"max-image-preview:large","max-video-preview":"max-video-preview:-1"},"canonical":"https:\/\/penzionbado.sk\/cs\/hledame-do-tymu\/","og_locale":"cs_CZ","og_type":"article","og_title":"Hled\u00e1me do t\u00fdmu | Penzi\u00f3n BA\u010eO ***","og_description":"\u010c\u00ed\u0161nice \/ barmanka Hled\u00e1me brig\u00e1dn\u00edka, ide\u00e1ln\u011b studenta z bl\u00edzk\u00e9ho okol\u00ed na pozici \u010d\u00ed\u0161n\u00edk\/barman do na\u0161\u00ed kav\u00e1rny RICKY, kter\u00e1 se nach\u00e1z\u00ed v are\u00e1lu penzionu Ba\u010fo** ve Star\u00e9 Lesn\u00e9. Po\u017eadavky na \u017eadatele: Zku\u0161enosti s prac\u00ed v kav\u00e1rn\u011b. Pozitivn\u00ed p\u0159\u00edstup. Vysok\u00e1 m\u00edra odpov\u011bdnosti a flexibility. Minim\u00e1ln\u00ed v\u011bk 16 let. Datum p\u0159\u00edjezdu: 15. \u010cerven nebo 1. \u010cervenec 2024. Kontakt: [&hellip;]","og_url":"https:\/\/penzionbado.sk\/cs\/hledame-do-tymu\/","og_site_name":"Penzi\u00f3n BA\u010eO ***","article_publisher":"https:\/\/www.facebook.com\/www.penzionbado.sk","article_modified_time":"2024-08-13T11:13:55+00:00","twitter_card":"summary_large_image","schema":{"@context":"https:\/\/schema.org","@graph":[{"@type":"WebPage","@id":"https:\/\/penzionbado.sk\/cs\/hledame-do-tymu\/","url":"https:\/\/penzionbado.sk\/cs\/hledame-do-tymu\/","name":"Hled\u00e1me do t\u00fdmu | Penzi\u00f3n BA\u010eO ***","isPartOf":{"@id":"https:\/\/penzionbado.sk\/#website"},"datePublished":"2024-04-26T11:12:29+00:00","dateModified":"2024-08-13T11:13:55+00:00","breadcrumb":{"@id":"https:\/\/penzionbado.sk\/cs\/hledame-do-tymu\/#breadcrumb"},"inLanguage":"cs","potentialAction":[{"@type":"ReadAction","target":["https:\/\/penzionbado.sk\/cs\/hledame-do-tymu\/"]}]},{"@type":"BreadcrumbList","@id":"https:\/\/penzionbado.sk\/cs\/hledame-do-tymu\/#breadcrumb","itemListElement":[{"@type":"ListItem","position":1,"name":"Home","item":"https:\/\/penzionbado.sk\/pl\/"},{"@type":"ListItem","position":2,"name":"Hled\u00e1me do t\u00fdmu"}]},{"@type":"WebSite","@id":"https:\/\/penzionbado.sk\/#website","url":"https:\/\/penzionbado.sk\/","name":"Penzi\u00f3n BA\u010eO ***","description":"Rodinn\u00fd penzi\u00f3n pod Lomnick\u00fdm \u0160t\u00edtom","publisher":{"@id":"https:\/\/penzionbado.sk\/#organization"},"potentialAction":[{"@type":"SearchAction","target":{"@type":"EntryPoint","urlTemplate":"https:\/\/penzionbado.sk\/?s={search_term_string}"},"query-input":"required name=search_term_string"}],"inLanguage":"cs"},{"@type":"Organization","@id":"https:\/\/penzionbado.sk\/#organization","name":"Penzi\u00f3n BA\u010eO ***","url":"https:\/\/penzionbado.sk\/","logo":{"@type":"ImageObject","inLanguage":"cs","@id":"https:\/\/penzionbado.sk\/#\/schema\/logo\/image\/","url":"https:\/\/penzionbado.sk\/wp-content\/uploads\/2023\/05\/BADO_logo_black_transparent.png","contentUrl":"https:\/\/penzionbado.sk\/wp-content\/uploads\/2023\/05\/BADO_logo_black_transparent.png","width":470,"height":473,"caption":"Penzi\u00f3n BA\u010eO ***"},"image":{"@id":"https:\/\/penzionbado.sk\/#\/schema\/logo\/image\/"},"sameAs":["https:\/\/www.facebook.com\/www.penzionbado.sk","https:\/\/www.instagram.com\/penzionvysoketatry\/","https:\/\/www.youtube.com\/channel\/UCxZmlcE9qBcD9fdk4hfpo7g"]}]}},"_links":{"self":[{"href":"https:\/\/penzionbado.sk\/cs\/wp-json\/wp\/v2\/pages\/8553"}],"collection":[{"href":"https:\/\/penzionbado.sk\/cs\/wp-json\/wp\/v2\/pages"}],"about":[{"href":"https:\/\/penzionbado.sk\/cs\/wp-json\/wp\/v2\/types\/page"}],"author":[{"embeddable":true,"href":"https:\/\/penzionbado.sk\/cs\/wp-json\/wp\/v2\/users\/2"}],"replies":[{"embeddable":true,"href":"https:\/\/penzionbado.sk\/cs\/wp-json\/wp\/v2\/comments?post=8553"}],"version-history":[{"count":3,"href":"https:\/\/penzionbado.sk\/cs\/wp-json\/wp\/v2\/pages\/8553\/revisions"}],"predecessor-version":[{"id":10558,"href":"https:\/\/penzionbado.sk\/cs\/wp-json\/wp\/v2\/pages\/8553\/revisions\/10558"}],"wp:attachment":[{"href":"https:\/\/penzionbado.sk\/cs\/wp-json\/wp\/v2\/media?parent=8553"}],"curies":[{"name":"wp","href":"https:\/\/api.w.org\/{rel}","templated":true}]}}