{"id":8544,"date":"2023-05-12T20:10:36","date_gmt":"2023-05-12T18:10:36","guid":{"rendered":"https:\/\/penzionbado.sk\/akce\/"},"modified":"2026-04-14T09:55:47","modified_gmt":"2026-04-14T07:55:47","slug":"aktualni-akce","status":"publish","type":"page","link":"https:\/\/penzionbado.sk\/cs\/aktualni-akce\/","title":{"rendered":"Aktu\u00e1ln\u00ed akce"},"content":{"rendered":"\t\t<div data-elementor-type=\"wp-page\" data-elementor-id=\"8544\" class=\"elementor elementor-8544 elementor-5759\" data-elementor-post-type=\"page\">\n\t\t\t\t\t\t\t\t\t<section class=\"elementor-section elementor-top-section elementor-element elementor-element-be15fbf elementor-section-full_width elementor-section-height-default elementor-section-height-default qodef-elementor-content-no\" data-id=\"be15fbf\" data-element_type=\"section\">\n\t\t\t\t\t\t<div class=\"elementor-container elementor-column-gap-no\">\n\t\t\t\t\t<div class=\"elementor-column elementor-col-100 elementor-top-column elementor-element elementor-element-43f440f\" data-id=\"43f440f\" data-element_type=\"column\">\n\t\t\t<div class=\"elementor-widget-wrap elementor-element-populated\">\n\t\t\t\t\t\t\t\t<div class=\"elementor-element elementor-element-08a9efe akcie-img-same-size elementor-widget elementor-widget-alloggio_core_blog_list\" data-id=\"08a9efe\" data-element_type=\"widget\" data-widget_type=\"alloggio_core_blog_list.default\">\n\t\t\t\t<div class=\"elementor-widget-container\">\n\t\t\t<div class=\"qodef-shortcode qodef-m  qodef-blog qodef--list qodef-item-layout--standard  qodef--has-animation qodef-grid qodef-layout--columns  qodef-gutter--normal qodef-col-num--3 qodef-item-layout--standard qodef-pagination--on qodef-pagination-type--standard qodef-responsive--custom qodef-col-num--1440--3 qodef-col-num--1366--3 qodef-col-num--1024--2 qodef-col-num--768--2 qodef-col-num--680--1 qodef-col-num--480--1\" data-options=\"{&quot;plugin&quot;:&quot;alloggio_core&quot;,&quot;module&quot;:&quot;blog\\\/shortcodes&quot;,&quot;shortcode&quot;:&quot;blog-list&quot;,&quot;post_type&quot;:&quot;post&quot;,&quot;next_page&quot;:&quot;2&quot;,&quot;max_pages_num&quot;:1,&quot;behavior&quot;:&quot;columns&quot;,&quot;images_proportion&quot;:&quot;full&quot;,&quot;columns&quot;:&quot;3&quot;,&quot;columns_responsive&quot;:&quot;custom&quot;,&quot;columns_1440&quot;:&quot;3&quot;,&quot;columns_1366&quot;:&quot;3&quot;,&quot;columns_1024&quot;:&quot;2&quot;,&quot;columns_768&quot;:&quot;2&quot;,&quot;columns_680&quot;:&quot;1&quot;,&quot;columns_480&quot;:&quot;1&quot;,&quot;space&quot;:&quot;normal&quot;,&quot;posts_per_page&quot;:&quot;12&quot;,&quot;orderby&quot;:&quot;date&quot;,&quot;order&quot;:&quot;DESC&quot;,&quot;additional_params&quot;:&quot;tax&quot;,&quot;tax&quot;:&quot;category&quot;,&quot;tax_slug&quot;:&quot;akce&quot;,&quot;layout&quot;:&quot;standard&quot;,&quot;title_tag&quot;:&quot;h3&quot;,&quot;enable_animation&quot;:&quot;yes&quot;,&quot;enable_author_info&quot;:&quot;no&quot;,&quot;enable_read_more&quot;:&quot;yes&quot;,&quot;excerpt_length&quot;:&quot;145&quot;,&quot;pagination_type&quot;:&quot;standard&quot;,&quot;object_class_name&quot;:&quot;AlloggioCoreBlogListShortcode&quot;,&quot;taxonomy_filter&quot;:&quot;category&quot;,&quot;additional_query_args&quot;:{&quot;tax_query&quot;:[{&quot;taxonomy&quot;:&quot;category&quot;,&quot;field&quot;:&quot;slug&quot;,&quot;terms&quot;:&quot;akce&quot;}]},&quot;space_value&quot;:15}\">\n\t\t<div class=\"qodef-grid-inner clear\">\n\t\t<article class=\"qodef-e qodef-blog-item qodef-grid-item qodef-item--full post-8454 post type-post status-publish format-standard has-post-thumbnail hentry category-akce\">\n\t<div class=\"qodef-e-inner\">\n\t\t<div class=\"qodef-e-media\">\n\t\t<div class=\"qodef-e-media-image\">\n\t\t<a itemprop=\"url\" href=\"https:\/\/penzionbado.sk\/cs\/akce\/akce-61-zdarma\/\">\n\t\t\t<img width=\"1200\" height=\"462\" src=\"https:\/\/penzionbado.sk\/wp-content\/uploads\/2025\/05\/61-zdarma-Penzion-Bado-CZ.webp\" class=\"attachment-full size-full wp-post-image\" alt=\"6+1 zdarma - Penzion Ba\u010fo CZ\" decoding=\"async\" loading=\"lazy\" srcset=\"https:\/\/penzionbado.sk\/wp-content\/uploads\/2025\/05\/61-zdarma-Penzion-Bado-CZ.webp 1200w, https:\/\/penzionbado.sk\/wp-content\/uploads\/2025\/05\/61-zdarma-Penzion-Bado-CZ-300x116.webp 300w, https:\/\/penzionbado.sk\/wp-content\/uploads\/2025\/05\/61-zdarma-Penzion-Bado-CZ-1024x394.webp 1024w, https:\/\/penzionbado.sk\/wp-content\/uploads\/2025\/05\/61-zdarma-Penzion-Bado-CZ-768x296.webp 768w, https:\/\/penzionbado.sk\/wp-content\/uploads\/2025\/05\/61-zdarma-Penzion-Bado-CZ-600x231.webp 600w\" sizes=\"(max-width: 1200px) 100vw, 1200px\" \/>\t\t<\/a>\n\t<\/div>\n<\/div>\t\t<div class=\"qodef-e-content\">\n\t\t\t<div class=\"qodef-e-info qodef-info--top\">\n\t\t\t\t<div itemprop=\"dateCreated\" class=\"qodef-e-info-item qodef-e-info-date entry-date \">\n\t<a itemprop=\"url\" href=\"https:\/\/penzionbado.sk\/cs\/2025\/05\/\">4. kv\u011btna 2025<\/a>\n\t<meta itemprop=\"interactionCount\" content=\"UserComments: 0\"\/>\n<\/div>\t\t\t<\/div>\n\t\t\t<div class=\"qodef-e-text\">\n\t\t\t\t<h3 itemprop=\"name\" class=\"qodef-e-title entry-title\" >\n\t<a itemprop=\"url\" class=\"qodef-e-title-link\" href=\"https:\/\/penzionbado.sk\/cs\/akce\/akce-61-zdarma\/\">\n\t\t6+1 voln\u00e1 akce\t<\/a>\n<\/h3>\n\t\t<p itemprop=\"description\" class=\"qodef-e-excerpt\">Za\u017eijte dokonalou letn\u00ed dovolenou 2026 s na\u0161\u00edm exkluzivn\u00edm bal\u00ed\u010dkem!\n\nCena pro 2 osoby je 36,- Eur * 6 noc\u00ed * 2 = 432,- Eur v\u010detn\u011b DPH.<\/p>\n\t\t\t\t<\/div>\n\t\t\t\t\t\t\t<div class=\"qodef-e-info qodef-info--bottom\">\n\t\t\t\t\t\t<div class=\"qodef-e-read-more\">\n\t\t<a class=\"qodef-shortcode qodef-m  qodef-button qodef-layout--textual  qodef-html--link\" href=\"https:\/\/penzionbado.sk\/cs\/akce\/akce-61-zdarma\/\" target=\"_self\"  >\t<span class=\"qodef-m-text\">P\u0159e\u010dt\u011bte si v\u00edce<\/span>\t<span class=\"qodef-m-plus\"><\/span><\/a>\t<\/div>\n\t\t\t\t<\/div>\n\t\t\t\t\t<\/div>\n\t<\/div>\n<\/article><article class=\"qodef-e qodef-blog-item qodef-grid-item qodef-item--full post-11089 post type-post status-publish format-standard has-post-thumbnail hentry category-akce\">\n\t<div class=\"qodef-e-inner\">\n\t\t<div class=\"qodef-e-media\">\n\t\t<div class=\"qodef-e-media-image\">\n\t\t<a itemprop=\"url\" href=\"https:\/\/penzionbado.sk\/cs\/akce\/kvetnove-prazdniny-na-horach-2\/\">\n\t\t\t<img width=\"2400\" height=\"924\" src=\"https:\/\/penzionbado.sk\/wp-content\/uploads\/2025\/05\/Maj-na-horach-wid-CZ.jpg\" class=\"attachment-full size-full wp-post-image\" alt=\"\" decoding=\"async\" loading=\"lazy\" srcset=\"https:\/\/penzionbado.sk\/wp-content\/uploads\/2025\/05\/Maj-na-horach-wid-CZ.jpg 2400w, https:\/\/penzionbado.sk\/wp-content\/uploads\/2025\/05\/Maj-na-horach-wid-CZ-300x116.jpg 300w, https:\/\/penzionbado.sk\/wp-content\/uploads\/2025\/05\/Maj-na-horach-wid-CZ-1024x394.jpg 1024w, https:\/\/penzionbado.sk\/wp-content\/uploads\/2025\/05\/Maj-na-horach-wid-CZ-768x296.jpg 768w, https:\/\/penzionbado.sk\/wp-content\/uploads\/2025\/05\/Maj-na-horach-wid-CZ-1536x591.jpg 1536w, https:\/\/penzionbado.sk\/wp-content\/uploads\/2025\/05\/Maj-na-horach-wid-CZ-2048x788.jpg 2048w, https:\/\/penzionbado.sk\/wp-content\/uploads\/2025\/05\/Maj-na-horach-wid-CZ-600x231.jpg 600w\" sizes=\"(max-width: 2400px) 100vw, 2400px\" \/>\t\t<\/a>\n\t<\/div>\n<\/div>\t\t<div class=\"qodef-e-content\">\n\t\t\t<div class=\"qodef-e-info qodef-info--top\">\n\t\t\t\t<div itemprop=\"dateCreated\" class=\"qodef-e-info-item qodef-e-info-date entry-date \">\n\t<a itemprop=\"url\" href=\"https:\/\/penzionbado.sk\/cs\/2025\/01\/\">30. ledna 2025<\/a>\n\t<meta itemprop=\"interactionCount\" content=\"UserComments: 0\"\/>\n<\/div>\t\t\t<\/div>\n\t\t\t<div class=\"qodef-e-text\">\n\t\t\t\t<h3 itemprop=\"name\" class=\"qodef-e-title entry-title\" >\n\t<a itemprop=\"url\" class=\"qodef-e-title-link\" href=\"https:\/\/penzionbado.sk\/cs\/akce\/kvetnove-prazdniny-na-horach-2\/\">\n\t\tKv\u011btnov\u00e9 pr\u00e1zdniny na hor\u00e1ch\t<\/a>\n<\/h3>\n\t\t<p itemprop=\"description\" class=\"qodef-e-excerpt\">Kv\u011btnov\u00fd v\u00edkend v hor\u00e1ch. \u00datuln\u00e9 ubytov\u00e1n\u00ed s dom\u00e1c\u00ed atmosf\u00e9rou a tradi\u010dn\u00ed slovenskou kuchyn\u00ed. Relaxovat m\u016f\u017eete v na\u0161\u00ed saun\u011b, v<\/p>\n\t\t\t\t<\/div>\n\t\t\t\t\t\t\t<div class=\"qodef-e-info qodef-info--bottom\">\n\t\t\t\t\t\t<div class=\"qodef-e-read-more\">\n\t\t<a class=\"qodef-shortcode qodef-m  qodef-button qodef-layout--textual  qodef-html--link\" href=\"https:\/\/penzionbado.sk\/cs\/akce\/kvetnove-prazdniny-na-horach-2\/\" target=\"_self\"  >\t<span class=\"qodef-m-text\">P\u0159e\u010dt\u011bte si v\u00edce<\/span>\t<span class=\"qodef-m-plus\"><\/span><\/a>\t<\/div>\n\t\t\t\t<\/div>\n\t\t\t\t\t<\/div>\n\t<\/div>\n<\/article><article class=\"qodef-e qodef-blog-item qodef-grid-item qodef-item--full post-8515 post type-post status-publish format-standard has-post-thumbnail hentry category-akce\">\n\t<div class=\"qodef-e-inner\">\n\t\t<div class=\"qodef-e-media\">\n\t\t<div class=\"qodef-e-media-image\">\n\t\t<a itemprop=\"url\" href=\"https:\/\/penzionbado.sk\/cs\/akce\/darkove-poukazy-jakou-formou-darovat-pobyty-sluzby-nebo-zazitky\/\">\n\t\t\t<img width=\"2400\" height=\"924\" src=\"https:\/\/penzionbado.sk\/wp-content\/uploads\/2025\/05\/Daruj-zazitok-wid-CZ.jpg\" class=\"attachment-full size-full wp-post-image\" alt=\"\" decoding=\"async\" loading=\"lazy\" srcset=\"https:\/\/penzionbado.sk\/wp-content\/uploads\/2025\/05\/Daruj-zazitok-wid-CZ.jpg 2400w, https:\/\/penzionbado.sk\/wp-content\/uploads\/2025\/05\/Daruj-zazitok-wid-CZ-300x116.jpg 300w, https:\/\/penzionbado.sk\/wp-content\/uploads\/2025\/05\/Daruj-zazitok-wid-CZ-1024x394.jpg 1024w, https:\/\/penzionbado.sk\/wp-content\/uploads\/2025\/05\/Daruj-zazitok-wid-CZ-768x296.jpg 768w, https:\/\/penzionbado.sk\/wp-content\/uploads\/2025\/05\/Daruj-zazitok-wid-CZ-1536x591.jpg 1536w, https:\/\/penzionbado.sk\/wp-content\/uploads\/2025\/05\/Daruj-zazitok-wid-CZ-2048x788.jpg 2048w, https:\/\/penzionbado.sk\/wp-content\/uploads\/2025\/05\/Daruj-zazitok-wid-CZ-600x231.jpg 600w\" sizes=\"(max-width: 2400px) 100vw, 2400px\" \/>\t\t<\/a>\n\t<\/div>\n<\/div>\t\t<div class=\"qodef-e-content\">\n\t\t\t<div class=\"qodef-e-info qodef-info--top\">\n\t\t\t\t<div itemprop=\"dateCreated\" class=\"qodef-e-info-item qodef-e-info-date entry-date \">\n\t<a itemprop=\"url\" href=\"https:\/\/penzionbado.sk\/cs\/2024\/11\/\">26. listopadu 2024<\/a>\n\t<meta itemprop=\"interactionCount\" content=\"UserComments: 0\"\/>\n<\/div>\t\t\t<\/div>\n\t\t\t<div class=\"qodef-e-text\">\n\t\t\t\t<h3 itemprop=\"name\" class=\"qodef-e-title entry-title\" >\n\t<a itemprop=\"url\" class=\"qodef-e-title-link\" href=\"https:\/\/penzionbado.sk\/cs\/akce\/darkove-poukazy-jakou-formou-darovat-pobyty-sluzby-nebo-zazitky\/\">\n\t\tD\u00e1rkov\u00e9 poukazy &#8211; Dovolen\u00e1 na Slovensku\t<\/a>\n<\/h3>\n\t\t<p itemprop=\"description\" class=\"qodef-e-excerpt\"><\/p>\n\t\t\t\t<\/div>\n\t\t\t\t\t\t\t<div class=\"qodef-e-info qodef-info--bottom\">\n\t\t\t\t\t\t<div class=\"qodef-e-read-more\">\n\t\t<a class=\"qodef-shortcode qodef-m  qodef-button qodef-layout--textual  qodef-html--link\" href=\"https:\/\/penzionbado.sk\/cs\/akce\/darkove-poukazy-jakou-formou-darovat-pobyty-sluzby-nebo-zazitky\/\" target=\"_self\"  >\t<span class=\"qodef-m-text\">P\u0159e\u010dt\u011bte si v\u00edce<\/span>\t<span class=\"qodef-m-plus\"><\/span><\/a>\t<\/div>\n\t\t\t\t<\/div>\n\t\t\t\t\t<\/div>\n\t<\/div>\n<\/article>\t<\/div>\n\t<\/div>\n\t\t<\/div>\n\t\t\t\t<\/div>\n\t\t\t\t\t<\/div>\n\t\t<\/div>\n\t\t\t\t\t\t\t<\/div>\n\t\t<\/section>\n\t\t\t\t\t\t\t<\/div>\n\t\t","protected":false},"excerpt":{"rendered":"<p>30. ledna 2025 Kv\u011btnov\u00e9 pr\u00e1zdniny na hor\u00e1ch Kv\u011btnov\u00fd v\u00edkend v hor\u00e1ch. \u00datuln\u00e9 ubytov\u00e1n\u00ed s dom\u00e1c\u00ed atmosf\u00e9rou a tradi\u010dn\u00ed slovenskou kuchyn\u00ed. Relaxovat m\u016f\u017eete v na\u0161\u00ed saun\u011b, v P\u0159e\u010dt\u011bte si v\u00edce 26. listopadu 2024 D\u00e1rkov\u00e9 poukazy &#8211; Dovolen\u00e1 na Slovensku P\u0159e\u010dt\u011bte si v\u00edce<\/p>\n","protected":false},"author":1,"featured_media":0,"parent":0,"menu_order":0,"comment_status":"closed","ping_status":"closed","template":"","meta":{"inline_featured_image":false},"yoast_head":"<!-- This site is optimized with the Yoast SEO plugin v20.13 - https:\/\/yoast.com\/wordpress\/plugins\/seo\/ -->\n<title>Aktu\u00e1ln\u00ed akce | Penzi\u00f3n BA\u010eO ***<\/title>\n<meta name=\"description\" content=\"Pod\u00edvejte se na na\u0161i aktu\u00e1ln\u00ed nab\u00eddku v\u00edkendov\u00fdch nebo t\u00fddenn\u00edch pobyt\u016f. Vyu\u017eijte pobytov\u00e9 bal\u00ed\u010dky za je\u0161t\u011b v\u00fdhodn\u011bj\u0161\u00ed ceny.\" \/>\n<meta name=\"robots\" content=\"index, follow, max-snippet:-1, max-image-preview:large, max-video-preview:-1\" \/>\n<link rel=\"canonical\" href=\"https:\/\/penzionbado.sk\/cs\/aktualni-akce\/\" \/>\n<meta property=\"og:locale\" content=\"cs_CZ\" \/>\n<meta property=\"og:type\" content=\"article\" \/>\n<meta property=\"og:title\" content=\"Aktu\u00e1ln\u00ed akce | Penzi\u00f3n BA\u010eO ***\" \/>\n<meta property=\"og:description\" content=\"Pod\u00edvejte se na na\u0161i aktu\u00e1ln\u00ed nab\u00eddku v\u00edkendov\u00fdch nebo t\u00fddenn\u00edch pobyt\u016f. Vyu\u017eijte pobytov\u00e9 bal\u00ed\u010dky za je\u0161t\u011b v\u00fdhodn\u011bj\u0161\u00ed ceny.\" \/>\n<meta property=\"og:url\" content=\"https:\/\/penzionbado.sk\/cs\/aktualni-akce\/\" \/>\n<meta property=\"og:site_name\" content=\"Penzi\u00f3n BA\u010eO ***\" \/>\n<meta property=\"article:publisher\" content=\"https:\/\/www.facebook.com\/www.penzionbado.sk\" \/>\n<meta property=\"article:modified_time\" content=\"2026-04-14T07:55:47+00:00\" \/>\n<meta property=\"og:image\" content=\"https:\/\/penzionbado.sk\/wp-content\/uploads\/2025\/05\/Maj-na-horach-wid-CZ.jpg\" \/>\n<meta name=\"twitter:card\" content=\"summary_large_image\" \/>\n<meta name=\"twitter:label1\" content=\"Odhadovan\u00e1 doba \u010dten\u00ed\" \/>\n\t<meta name=\"twitter:data1\" content=\"1 minuta\" \/>\n<script type=\"application\/ld+json\" class=\"yoast-schema-graph\">{\"@context\":\"https:\/\/schema.org\",\"@graph\":[{\"@type\":\"WebPage\",\"@id\":\"https:\/\/penzionbado.sk\/cs\/aktualni-akce\/\",\"url\":\"https:\/\/penzionbado.sk\/cs\/aktualni-akce\/\",\"name\":\"Aktu\u00e1ln\u00ed akce | Penzi\u00f3n BA\u010eO ***\",\"isPartOf\":{\"@id\":\"https:\/\/penzionbado.sk\/#website\"},\"datePublished\":\"2023-05-12T18:10:36+00:00\",\"dateModified\":\"2026-04-14T07:55:47+00:00\",\"description\":\"Pod\u00edvejte se na na\u0161i aktu\u00e1ln\u00ed nab\u00eddku v\u00edkendov\u00fdch nebo t\u00fddenn\u00edch pobyt\u016f. Vyu\u017eijte pobytov\u00e9 bal\u00ed\u010dky za je\u0161t\u011b v\u00fdhodn\u011bj\u0161\u00ed ceny.\",\"breadcrumb\":{\"@id\":\"https:\/\/penzionbado.sk\/cs\/aktualni-akce\/#breadcrumb\"},\"inLanguage\":\"cs\",\"potentialAction\":[{\"@type\":\"ReadAction\",\"target\":[\"https:\/\/penzionbado.sk\/cs\/aktualni-akce\/\"]}]},{\"@type\":\"BreadcrumbList\",\"@id\":\"https:\/\/penzionbado.sk\/cs\/aktualni-akce\/#breadcrumb\",\"itemListElement\":[{\"@type\":\"ListItem\",\"position\":1,\"name\":\"Home\",\"item\":\"https:\/\/penzionbado.sk\/pl\/\"},{\"@type\":\"ListItem\",\"position\":2,\"name\":\"Aktu\u00e1ln\u00ed akce\"}]},{\"@type\":\"WebSite\",\"@id\":\"https:\/\/penzionbado.sk\/#website\",\"url\":\"https:\/\/penzionbado.sk\/\",\"name\":\"Penzi\u00f3n BA\u010eO ***\",\"description\":\"Rodinn\u00fd penzi\u00f3n pod Lomnick\u00fdm \u0160t\u00edtom\",\"publisher\":{\"@id\":\"https:\/\/penzionbado.sk\/#organization\"},\"potentialAction\":[{\"@type\":\"SearchAction\",\"target\":{\"@type\":\"EntryPoint\",\"urlTemplate\":\"https:\/\/penzionbado.sk\/?s={search_term_string}\"},\"query-input\":\"required name=search_term_string\"}],\"inLanguage\":\"cs\"},{\"@type\":\"Organization\",\"@id\":\"https:\/\/penzionbado.sk\/#organization\",\"name\":\"Penzi\u00f3n BA\u010eO ***\",\"url\":\"https:\/\/penzionbado.sk\/\",\"logo\":{\"@type\":\"ImageObject\",\"inLanguage\":\"cs\",\"@id\":\"https:\/\/penzionbado.sk\/#\/schema\/logo\/image\/\",\"url\":\"https:\/\/penzionbado.sk\/wp-content\/uploads\/2023\/05\/BADO_logo_black_transparent.png\",\"contentUrl\":\"https:\/\/penzionbado.sk\/wp-content\/uploads\/2023\/05\/BADO_logo_black_transparent.png\",\"width\":470,\"height\":473,\"caption\":\"Penzi\u00f3n BA\u010eO ***\"},\"image\":{\"@id\":\"https:\/\/penzionbado.sk\/#\/schema\/logo\/image\/\"},\"sameAs\":[\"https:\/\/www.facebook.com\/www.penzionbado.sk\",\"https:\/\/www.instagram.com\/penzionvysoketatry\/\",\"https:\/\/www.youtube.com\/channel\/UCxZmlcE9qBcD9fdk4hfpo7g\"]}]}<\/script>\n<!-- \/ Yoast SEO plugin. -->","yoast_head_json":{"title":"Aktu\u00e1ln\u00ed akce | Penzi\u00f3n BA\u010eO ***","description":"Pod\u00edvejte se na na\u0161i aktu\u00e1ln\u00ed nab\u00eddku v\u00edkendov\u00fdch nebo t\u00fddenn\u00edch pobyt\u016f. Vyu\u017eijte pobytov\u00e9 bal\u00ed\u010dky za je\u0161t\u011b v\u00fdhodn\u011bj\u0161\u00ed ceny.","robots":{"index":"index","follow":"follow","max-snippet":"max-snippet:-1","max-image-preview":"max-image-preview:large","max-video-preview":"max-video-preview:-1"},"canonical":"https:\/\/penzionbado.sk\/cs\/aktualni-akce\/","og_locale":"cs_CZ","og_type":"article","og_title":"Aktu\u00e1ln\u00ed akce | Penzi\u00f3n BA\u010eO ***","og_description":"Pod\u00edvejte se na na\u0161i aktu\u00e1ln\u00ed nab\u00eddku v\u00edkendov\u00fdch nebo t\u00fddenn\u00edch pobyt\u016f. Vyu\u017eijte pobytov\u00e9 bal\u00ed\u010dky za je\u0161t\u011b v\u00fdhodn\u011bj\u0161\u00ed ceny.","og_url":"https:\/\/penzionbado.sk\/cs\/aktualni-akce\/","og_site_name":"Penzi\u00f3n BA\u010eO ***","article_publisher":"https:\/\/www.facebook.com\/www.penzionbado.sk","article_modified_time":"2026-04-14T07:55:47+00:00","og_image":[{"url":"https:\/\/penzionbado.sk\/wp-content\/uploads\/2025\/05\/Maj-na-horach-wid-CZ.jpg"}],"twitter_card":"summary_large_image","twitter_misc":{"Odhadovan\u00e1 doba \u010dten\u00ed":"1 minuta"},"schema":{"@context":"https:\/\/schema.org","@graph":[{"@type":"WebPage","@id":"https:\/\/penzionbado.sk\/cs\/aktualni-akce\/","url":"https:\/\/penzionbado.sk\/cs\/aktualni-akce\/","name":"Aktu\u00e1ln\u00ed akce | Penzi\u00f3n BA\u010eO ***","isPartOf":{"@id":"https:\/\/penzionbado.sk\/#website"},"datePublished":"2023-05-12T18:10:36+00:00","dateModified":"2026-04-14T07:55:47+00:00","description":"Pod\u00edvejte se na na\u0161i aktu\u00e1ln\u00ed nab\u00eddku v\u00edkendov\u00fdch nebo t\u00fddenn\u00edch pobyt\u016f. Vyu\u017eijte pobytov\u00e9 bal\u00ed\u010dky za je\u0161t\u011b v\u00fdhodn\u011bj\u0161\u00ed ceny.","breadcrumb":{"@id":"https:\/\/penzionbado.sk\/cs\/aktualni-akce\/#breadcrumb"},"inLanguage":"cs","potentialAction":[{"@type":"ReadAction","target":["https:\/\/penzionbado.sk\/cs\/aktualni-akce\/"]}]},{"@type":"BreadcrumbList","@id":"https:\/\/penzionbado.sk\/cs\/aktualni-akce\/#breadcrumb","itemListElement":[{"@type":"ListItem","position":1,"name":"Home","item":"https:\/\/penzionbado.sk\/pl\/"},{"@type":"ListItem","position":2,"name":"Aktu\u00e1ln\u00ed akce"}]},{"@type":"WebSite","@id":"https:\/\/penzionbado.sk\/#website","url":"https:\/\/penzionbado.sk\/","name":"Penzi\u00f3n BA\u010eO ***","description":"Rodinn\u00fd penzi\u00f3n pod Lomnick\u00fdm \u0160t\u00edtom","publisher":{"@id":"https:\/\/penzionbado.sk\/#organization"},"potentialAction":[{"@type":"SearchAction","target":{"@type":"EntryPoint","urlTemplate":"https:\/\/penzionbado.sk\/?s={search_term_string}"},"query-input":"required name=search_term_string"}],"inLanguage":"cs"},{"@type":"Organization","@id":"https:\/\/penzionbado.sk\/#organization","name":"Penzi\u00f3n BA\u010eO ***","url":"https:\/\/penzionbado.sk\/","logo":{"@type":"ImageObject","inLanguage":"cs","@id":"https:\/\/penzionbado.sk\/#\/schema\/logo\/image\/","url":"https:\/\/penzionbado.sk\/wp-content\/uploads\/2023\/05\/BADO_logo_black_transparent.png","contentUrl":"https:\/\/penzionbado.sk\/wp-content\/uploads\/2023\/05\/BADO_logo_black_transparent.png","width":470,"height":473,"caption":"Penzi\u00f3n BA\u010eO ***"},"image":{"@id":"https:\/\/penzionbado.sk\/#\/schema\/logo\/image\/"},"sameAs":["https:\/\/www.facebook.com\/www.penzionbado.sk","https:\/\/www.instagram.com\/penzionvysoketatry\/","https:\/\/www.youtube.com\/channel\/UCxZmlcE9qBcD9fdk4hfpo7g"]}]}},"_links":{"self":[{"href":"https:\/\/penzionbado.sk\/cs\/wp-json\/wp\/v2\/pages\/8544"}],"collection":[{"href":"https:\/\/penzionbado.sk\/cs\/wp-json\/wp\/v2\/pages"}],"about":[{"href":"https:\/\/penzionbado.sk\/cs\/wp-json\/wp\/v2\/types\/page"}],"author":[{"embeddable":true,"href":"https:\/\/penzionbado.sk\/cs\/wp-json\/wp\/v2\/users\/1"}],"replies":[{"embeddable":true,"href":"https:\/\/penzionbado.sk\/cs\/wp-json\/wp\/v2\/comments?post=8544"}],"version-history":[{"count":6,"href":"https:\/\/penzionbado.sk\/cs\/wp-json\/wp\/v2\/pages\/8544\/revisions"}],"predecessor-version":[{"id":17141,"href":"https:\/\/penzionbado.sk\/cs\/wp-json\/wp\/v2\/pages\/8544\/revisions\/17141"}],"wp:attachment":[{"href":"https:\/\/penzionbado.sk\/cs\/wp-json\/wp\/v2\/media?parent=8544"}],"curies":[{"name":"wp","href":"https:\/\/api.w.org\/{rel}","templated":true}]}}