{"id":8531,"date":"2024-07-04T14:17:25","date_gmt":"2024-07-04T12:17:25","guid":{"rendered":"https:\/\/penzionbado.sk\/zasady-pouzivani-souboru-cookie\/"},"modified":"2024-07-18T08:14:36","modified_gmt":"2024-07-18T06:14:36","slug":"zasady-pouzivani-souboru-cookie","status":"publish","type":"page","link":"https:\/\/penzionbado.sk\/cs\/zasady-pouzivani-souboru-cookie\/","title":{"rendered":"Z\u00e1sady pou\u017e\u00edv\u00e1n\u00ed soubor\u016f cookie"},"content":{"rendered":"\t\t<div data-elementor-type=\"wp-page\" data-elementor-id=\"8531\" class=\"elementor elementor-8531 elementor-6626\" data-elementor-post-type=\"page\">\n\t\t\t\t\t\t\t\t\t<section class=\"elementor-section elementor-top-section elementor-element elementor-element-4d225ac elementor-section-full_width elementor-section-height-default elementor-section-height-default qodef-elementor-content-no\" data-id=\"4d225ac\" data-element_type=\"section\">\n\t\t\t\t\t\t<div class=\"elementor-container elementor-column-gap-no\">\n\t\t\t\t\t<div class=\"elementor-column elementor-col-100 elementor-top-column elementor-element elementor-element-c3b305a\" data-id=\"c3b305a\" data-element_type=\"column\">\n\t\t\t<div class=\"elementor-widget-wrap elementor-element-populated\">\n\t\t\t\t\t\t\t\t<div class=\"elementor-element elementor-element-da5e3dd elementor-widget elementor-widget-text-editor\" data-id=\"da5e3dd\" data-element_type=\"widget\" data-widget_type=\"text-editor.default\">\n\t\t\t\t<div class=\"elementor-widget-container\">\n\t\t\t\t\t\t\t<h2>Co jsou to soubory cookie?<\/h2>\nSoubory cookie jsou mal\u00e9 textov\u00e9 soubory vytvo\u0159en\u00e9 webov\u00fdm serverem a ulo\u017een\u00e9 v po\u010d\u00edta\u010di nebo mobiln\u00edm za\u0159\u00edzen\u00ed p\u0159i proch\u00e1zen\u00ed webu. D\u00edky t\u011bmto soubor\u016fm si webov\u00fd server po ur\u010ditou dobu pamatuje va\u0161e pohyby a preference na webov\u00fdch str\u00e1nk\u00e1ch (nap\u0159. jazyk, velikost p\u00edsma atd.) a p\u0159i p\u0159\u00ed\u0161t\u00ed n\u00e1v\u0161t\u011bv\u011b webov\u00fdch str\u00e1nek je nemus\u00edte znovu zad\u00e1vat. Soubory cookie pou\u017e\u00edv\u00e1 v\u011bt\u0161ina webov\u00fdch str\u00e1nek a e-shop\u016f.\n<h2>Distribuce soubor\u016f cookie<\/h2>\nSoubory cookie lze rozd\u011blit podle trvanlivosti na:\n<ul>\n \t<li>Kr\u00e1tkodob\u00e9 (rela\u010dn\u00ed) soubory cookie &#8211; jsou z va\u0161eho po\u010d\u00edta\u010de vymaz\u00e1ny po zav\u0159en\u00ed prohl\u00ed\u017ee\u010de.<\/li>\n \t<li>Dlouhodob\u00e9 (trval\u00e9 soubory cookie) &#8211; z\u016fst\u00e1vaj\u00ed ulo\u017eeny v po\u010d\u00edta\u010di i po zav\u0159en\u00ed prohl\u00ed\u017ee\u010de a jsou vymaz\u00e1ny po velmi dlouh\u00e9 dob\u011b. (V z\u00e1vislosti na nastaven\u00ed prohl\u00ed\u017ee\u010de). M\u016f\u017eete je tak\u00e9 odstranit ru\u010dn\u011b.<\/li>\n<\/ul>\nPodle \u00fa\u010delu je m\u016f\u017eeme rozd\u011blit na:\n<ul>\n \t<li>Technick\u00e9 &#8211; slou\u017e\u00ed k z\u00e1kladn\u00edm funkc\u00edm webu nebo str\u00e1nky (p\u0159ehr\u00e1v\u00e1n\u00ed videa, sd\u00edlen\u00ed obsahu, p\u0159ihl\u00e1\u0161en\u00ed).<\/li>\n \t<li>Analytick\u00e9 &#8211; slou\u017e\u00ed ke shroma\u017e\u010fov\u00e1n\u00ed neanonymn\u00edch \u00fadaj\u016f o va\u0161em chov\u00e1n\u00ed. Na z\u00e1klad\u011b toho m\u016f\u017eeme webov\u00e9 str\u00e1nky upravit tak, aby byly u\u017eivatelsky p\u0159\u00edv\u011btiv\u011bj\u0161\u00ed.<\/li>\n \t<li>Remarketing &#8211; slou\u017e\u00ed k c\u00edlen\u00ed reklamy na u\u017eivatele.<\/li>\n<\/ul>\n<h2>Jak pou\u017e\u00edv\u00e1me soubory cookie ?<\/h2>\nTyto webov\u00e9 str\u00e1nky pou\u017e\u00edvaj\u00ed soubory cookie k:\n<ul>\n \t<li>Pro nezbytnou funk\u010dnost webu<\/li>\n \t<li>Zapamatov\u00e1n\u00ed u\u017eivatelsk\u00fdch nastaven\u00ed<\/li>\n \t<li>Shroma\u017e\u010fov\u00e1n\u00ed anonymn\u00edch statistick\u00fdch informac\u00ed o n\u00e1v\u0161t\u011bvn\u00edc\u00edch<\/li>\n \t<li>Pro lep\u0161\u00ed p\u0159izp\u016fsoben\u00ed reklamy a sd\u00edlen\u00ed na soci\u00e1ln\u00edch s\u00edt\u00edch<\/li>\n<\/ul>\n<h2>Jak\u00e9 soubory cookie pou\u017e\u00edv\u00e1me ?<\/h2>\n<h3>Google Analytics<\/h3>\nSlu\u017ebu Google Analytics poskytuje spole\u010dnost Google, Inc. Slou\u017e\u00ed k z\u00edsk\u00e1v\u00e1n\u00ed a shroma\u017e\u010fov\u00e1n\u00ed anonymizovan\u00fdch statistick\u00fdch \u00fadaj\u016f o pou\u017e\u00edv\u00e1n\u00ed webov\u00fdch str\u00e1nek u\u017eivateli. C\u00edlem vyu\u017e\u00edv\u00e1n\u00ed t\u00e9to slu\u017eby je l\u00e9pe porozum\u011bt pot\u0159eb\u00e1m na\u0161ich n\u00e1v\u0161t\u011bvn\u00edk\u016f a ujistit se, \u017ee jsou spokojeni. Slu\u017eba Google Analytics ukl\u00e1d\u00e1 informace o tom, jak\u00e9 str\u00e1nky jste nav\u0161t\u00edvili, jak dlouho jste na nich z\u016fstali, odkud jste p\u0159i\u0161li a na jak\u00e9 odkazy jste klikli. V\u0161echny informace a soubory cookie jsou p\u0159en\u00e1\u0161eny a ukl\u00e1d\u00e1ny spole\u010dnost\u00ed Google, Inc. na serverech ve Spojen\u00fdch st\u00e1tech americk\u00fdch. Tyto \u00fadaje neobsahuj\u00ed \u017e\u00e1dn\u00e9 d\u016fv\u011brn\u00e9 informace, kter\u00e9 by n\u00e1m umo\u017enily identifikovat konkr\u00e9tn\u00edho n\u00e1v\u0161t\u011bvn\u00edka. Doba uchov\u00e1v\u00e1n\u00ed t\u011bchto informac\u00ed je nastavena na dobu neur\u010ditou. Spole\u010dnost Google, Inc. m\u016f\u017ee tyto \u00fadaje zp\u0159\u00edstupnit t\u0159et\u00edm stran\u00e1m, pokud to vy\u017eaduje z\u00e1kon.\n\nDal\u0161\u00ed informace o ochran\u011b osobn\u00edch \u00fadaj\u016f naleznete zde: <a href=\"https:\/\/support.google.com\/analytics\/topic\/2919631?hl=sk&amp;ref_topic=1008008\">https:\/\/support.google.com\/analytics\/topic\/2919631?hl=sk&amp;ref_topic=1008008<\/a>.\n\nChcete-li nainstalovat softwarov\u00fd dopln\u011bk pro odm\u00edtnut\u00ed soubor\u016f cookie slu\u017eby Google Analytics, klikn\u011bte zde: <a href=\"https:\/\/tools.google.com\/dlpage\/gaoptout\">https:\/\/tools.google.com\/dlpage\/gaoptou<\/a>.\n<h3>Facebook<\/h3>\nSpole\u010dnost Facebook, Inc. pou\u017e\u00edv\u00e1 soubory cookie k zobrazen\u00ed tla\u010d\u00edtek &#8220;To se mi l\u00edb\u00ed&#8221; a &#8220;Sd\u00edlet&#8221;, aby n\u00e1v\u0161t\u011bvn\u00edci webov\u00fdch str\u00e1nek mohli rychleji a pohodln\u011bji sd\u00edlet informace zobrazen\u00e9 na va\u0161ich webov\u00fdch str\u00e1nk\u00e1ch. (nap\u0159. \u010dl\u00e1nky, produkty, portfolio atd.) Dal\u0161\u00ed informace o souborech cookie pou\u017e\u00edvan\u00fdch spole\u010dnost\u00ed Facebook, Inc. naleznete zde: <a href=\"https:\/\/sk-sk.facebook.com\/policies\/cookies\/\">https:\/\/sk-sk.facebook.com\/policies\/cookies\/<\/a>.\n<h2>Nastaven\u00ed prohl\u00ed\u017ee\u010de<\/h2>\nV\u011bt\u0161inu webov\u00fdch prohl\u00ed\u017ee\u010d\u016f lze nastavit tak, aby soubory cookie blokovaly. A to i p\u0159esto, \u017ee n\u011bkter\u00e9 prvky na webu nemus\u00ed fungovat spr\u00e1vn\u011b. Nastaven\u00ed soubor\u016f cookie se obvykle nach\u00e1z\u00ed na kart\u011b &#8220;Mo\u017enosti&#8221; nebo &#8220;Nastaven\u00ed&#8221;.\n\nNastaven\u00ed soubor\u016f cookie pro konkr\u00e9tn\u00ed prohl\u00ed\u017ee\u010d:\n<ul>\n \t<li>Internet Explorer &#8211; <a href=\"https:\/\/support.microsoft.com\/sk-sk\/help\/17442\/windows-internet-explorer-delete-manage-cookies\">https:\/\/support.microsoft.com\/sk-sk\/help\/17442\/windows-internet-explorer-delete-manage-cookies<\/a><\/li>\n \t<li>Mozilla Firefox &#8211; <a href=\"https:\/\/support.mozilla.org\/sk\/kb\/Spr%C3%A1va%20cookies\">%C3%<\/a><\/li>\n \t<li>Google Chrome &#8211; <a href=\"https:\/\/support.google.com\/chrome\/answer\/95647?hl=sk\">https:\/\/support.google.com\/chrome\/answer\/95647?hl=sk<\/a><\/li>\n \t<li>Safari &#8211; <a href=\"https:\/\/support.apple.com\/kb\/ph21411?locale=sk_SK\">https:\/\/support.apple.com\/kb\/ph21411?locale=sk_SK<\/a><\/li>\n<\/ul>\nDal\u0161\u00ed informace o souborech cookie a jejich pou\u017e\u00edv\u00e1n\u00ed naleznete na <a href=\"https:\/\/www.aboutcookies.org\/\">adrese https:\/\/aboutcookies.org\/<\/a>.\n<p>Sv\u016fj souhlas se soubory cookie m\u016f\u017eete spravovat <a class=\"cmplz-show-banner\">kliknut\u00edm sem<\/a>.<\/p>\t\t\t\t\t\t<\/div>\n\t\t\t\t<\/div>\n\t\t\t\t\t<\/div>\n\t\t<\/div>\n\t\t\t\t\t\t\t<\/div>\n\t\t<\/section>\n\t\t\t\t\t\t\t<\/div>\n\t\t","protected":false},"excerpt":{"rendered":"<p>Co jsou to soubory cookie? Soubory cookie jsou mal\u00e9 textov\u00e9 soubory vytvo\u0159en\u00e9 webov\u00fdm serverem a ulo\u017een\u00e9 v po\u010d\u00edta\u010di nebo mobiln\u00edm za\u0159\u00edzen\u00ed p\u0159i proch\u00e1zen\u00ed webu. D\u00edky t\u011bmto soubor\u016fm si webov\u00fd server po ur\u010ditou dobu pamatuje va\u0161e pohyby a preference na webov\u00fdch str\u00e1nk\u00e1ch (nap\u0159. jazyk, velikost p\u00edsma atd.) a p\u0159i p\u0159\u00ed\u0161t\u00ed n\u00e1v\u0161t\u011bv\u011b webov\u00fdch str\u00e1nek je nemus\u00edte znovu [&hellip;]<\/p>\n","protected":false},"author":1,"featured_media":0,"parent":0,"menu_order":0,"comment_status":"closed","ping_status":"closed","template":"","meta":{"inline_featured_image":false},"yoast_head":"<!-- This site is optimized with the Yoast SEO plugin v20.13 - https:\/\/yoast.com\/wordpress\/plugins\/seo\/ -->\n<title>Z\u00e1sady pou\u017e\u00edv\u00e1n\u00ed soubor\u016f cookie | Penzi\u00f3n BA\u010eO ***<\/title>\n<meta name=\"robots\" content=\"index, follow, max-snippet:-1, max-image-preview:large, max-video-preview:-1\" \/>\n<link rel=\"canonical\" href=\"https:\/\/penzionbado.sk\/cs\/zasady-pouzivani-souboru-cookie\/\" \/>\n<meta property=\"og:locale\" content=\"cs_CZ\" \/>\n<meta property=\"og:type\" content=\"article\" \/>\n<meta property=\"og:title\" content=\"Z\u00e1sady pou\u017e\u00edv\u00e1n\u00ed soubor\u016f cookie | Penzi\u00f3n BA\u010eO ***\" \/>\n<meta property=\"og:description\" content=\"Co jsou to soubory cookie? Soubory cookie jsou mal\u00e9 textov\u00e9 soubory vytvo\u0159en\u00e9 webov\u00fdm serverem a ulo\u017een\u00e9 v po\u010d\u00edta\u010di nebo mobiln\u00edm za\u0159\u00edzen\u00ed p\u0159i proch\u00e1zen\u00ed webu. D\u00edky t\u011bmto soubor\u016fm si webov\u00fd server po ur\u010ditou dobu pamatuje va\u0161e pohyby a preference na webov\u00fdch str\u00e1nk\u00e1ch (nap\u0159. jazyk, velikost p\u00edsma atd.) a p\u0159i p\u0159\u00ed\u0161t\u00ed n\u00e1v\u0161t\u011bv\u011b webov\u00fdch str\u00e1nek je nemus\u00edte znovu [&hellip;]\" \/>\n<meta property=\"og:url\" content=\"https:\/\/penzionbado.sk\/cs\/zasady-pouzivani-souboru-cookie\/\" \/>\n<meta property=\"og:site_name\" content=\"Penzi\u00f3n BA\u010eO ***\" \/>\n<meta property=\"article:publisher\" content=\"https:\/\/www.facebook.com\/www.penzionbado.sk\" \/>\n<meta property=\"article:modified_time\" content=\"2024-07-18T06:14:36+00:00\" \/>\n<meta name=\"twitter:card\" content=\"summary_large_image\" \/>\n<meta name=\"twitter:label1\" content=\"Odhadovan\u00e1 doba \u010dten\u00ed\" \/>\n\t<meta name=\"twitter:data1\" content=\"4 minuty\" \/>\n<script type=\"application\/ld+json\" class=\"yoast-schema-graph\">{\"@context\":\"https:\/\/schema.org\",\"@graph\":[{\"@type\":\"WebPage\",\"@id\":\"https:\/\/penzionbado.sk\/cs\/zasady-pouzivani-souboru-cookie\/\",\"url\":\"https:\/\/penzionbado.sk\/cs\/zasady-pouzivani-souboru-cookie\/\",\"name\":\"Z\u00e1sady pou\u017e\u00edv\u00e1n\u00ed soubor\u016f cookie | Penzi\u00f3n BA\u010eO ***\",\"isPartOf\":{\"@id\":\"https:\/\/penzionbado.sk\/#website\"},\"datePublished\":\"2024-07-04T12:17:25+00:00\",\"dateModified\":\"2024-07-18T06:14:36+00:00\",\"breadcrumb\":{\"@id\":\"https:\/\/penzionbado.sk\/cs\/zasady-pouzivani-souboru-cookie\/#breadcrumb\"},\"inLanguage\":\"cs\",\"potentialAction\":[{\"@type\":\"ReadAction\",\"target\":[\"https:\/\/penzionbado.sk\/cs\/zasady-pouzivani-souboru-cookie\/\"]}]},{\"@type\":\"BreadcrumbList\",\"@id\":\"https:\/\/penzionbado.sk\/cs\/zasady-pouzivani-souboru-cookie\/#breadcrumb\",\"itemListElement\":[{\"@type\":\"ListItem\",\"position\":1,\"name\":\"Home\",\"item\":\"https:\/\/penzionbado.sk\/pl\/\"},{\"@type\":\"ListItem\",\"position\":2,\"name\":\"Z\u00e1sady pou\u017e\u00edv\u00e1n\u00ed soubor\u016f cookie\"}]},{\"@type\":\"WebSite\",\"@id\":\"https:\/\/penzionbado.sk\/#website\",\"url\":\"https:\/\/penzionbado.sk\/\",\"name\":\"Penzi\u00f3n BA\u010eO ***\",\"description\":\"Rodinn\u00fd penzi\u00f3n pod Lomnick\u00fdm \u0160t\u00edtom\",\"publisher\":{\"@id\":\"https:\/\/penzionbado.sk\/#organization\"},\"potentialAction\":[{\"@type\":\"SearchAction\",\"target\":{\"@type\":\"EntryPoint\",\"urlTemplate\":\"https:\/\/penzionbado.sk\/?s={search_term_string}\"},\"query-input\":\"required name=search_term_string\"}],\"inLanguage\":\"cs\"},{\"@type\":\"Organization\",\"@id\":\"https:\/\/penzionbado.sk\/#organization\",\"name\":\"Penzi\u00f3n BA\u010eO ***\",\"url\":\"https:\/\/penzionbado.sk\/\",\"logo\":{\"@type\":\"ImageObject\",\"inLanguage\":\"cs\",\"@id\":\"https:\/\/penzionbado.sk\/#\/schema\/logo\/image\/\",\"url\":\"https:\/\/penzionbado.sk\/wp-content\/uploads\/2023\/05\/BADO_logo_black_transparent.png\",\"contentUrl\":\"https:\/\/penzionbado.sk\/wp-content\/uploads\/2023\/05\/BADO_logo_black_transparent.png\",\"width\":470,\"height\":473,\"caption\":\"Penzi\u00f3n BA\u010eO ***\"},\"image\":{\"@id\":\"https:\/\/penzionbado.sk\/#\/schema\/logo\/image\/\"},\"sameAs\":[\"https:\/\/www.facebook.com\/www.penzionbado.sk\",\"https:\/\/www.instagram.com\/penzionvysoketatry\/\",\"https:\/\/www.youtube.com\/channel\/UCxZmlcE9qBcD9fdk4hfpo7g\"]}]}<\/script>\n<!-- \/ Yoast SEO plugin. -->","yoast_head_json":{"title":"Z\u00e1sady pou\u017e\u00edv\u00e1n\u00ed soubor\u016f cookie | Penzi\u00f3n BA\u010eO ***","robots":{"index":"index","follow":"follow","max-snippet":"max-snippet:-1","max-image-preview":"max-image-preview:large","max-video-preview":"max-video-preview:-1"},"canonical":"https:\/\/penzionbado.sk\/cs\/zasady-pouzivani-souboru-cookie\/","og_locale":"cs_CZ","og_type":"article","og_title":"Z\u00e1sady pou\u017e\u00edv\u00e1n\u00ed soubor\u016f cookie | Penzi\u00f3n BA\u010eO ***","og_description":"Co jsou to soubory cookie? Soubory cookie jsou mal\u00e9 textov\u00e9 soubory vytvo\u0159en\u00e9 webov\u00fdm serverem a ulo\u017een\u00e9 v po\u010d\u00edta\u010di nebo mobiln\u00edm za\u0159\u00edzen\u00ed p\u0159i proch\u00e1zen\u00ed webu. D\u00edky t\u011bmto soubor\u016fm si webov\u00fd server po ur\u010ditou dobu pamatuje va\u0161e pohyby a preference na webov\u00fdch str\u00e1nk\u00e1ch (nap\u0159. jazyk, velikost p\u00edsma atd.) a p\u0159i p\u0159\u00ed\u0161t\u00ed n\u00e1v\u0161t\u011bv\u011b webov\u00fdch str\u00e1nek je nemus\u00edte znovu [&hellip;]","og_url":"https:\/\/penzionbado.sk\/cs\/zasady-pouzivani-souboru-cookie\/","og_site_name":"Penzi\u00f3n BA\u010eO ***","article_publisher":"https:\/\/www.facebook.com\/www.penzionbado.sk","article_modified_time":"2024-07-18T06:14:36+00:00","twitter_card":"summary_large_image","twitter_misc":{"Odhadovan\u00e1 doba \u010dten\u00ed":"4 minuty"},"schema":{"@context":"https:\/\/schema.org","@graph":[{"@type":"WebPage","@id":"https:\/\/penzionbado.sk\/cs\/zasady-pouzivani-souboru-cookie\/","url":"https:\/\/penzionbado.sk\/cs\/zasady-pouzivani-souboru-cookie\/","name":"Z\u00e1sady pou\u017e\u00edv\u00e1n\u00ed soubor\u016f cookie | Penzi\u00f3n BA\u010eO ***","isPartOf":{"@id":"https:\/\/penzionbado.sk\/#website"},"datePublished":"2024-07-04T12:17:25+00:00","dateModified":"2024-07-18T06:14:36+00:00","breadcrumb":{"@id":"https:\/\/penzionbado.sk\/cs\/zasady-pouzivani-souboru-cookie\/#breadcrumb"},"inLanguage":"cs","potentialAction":[{"@type":"ReadAction","target":["https:\/\/penzionbado.sk\/cs\/zasady-pouzivani-souboru-cookie\/"]}]},{"@type":"BreadcrumbList","@id":"https:\/\/penzionbado.sk\/cs\/zasady-pouzivani-souboru-cookie\/#breadcrumb","itemListElement":[{"@type":"ListItem","position":1,"name":"Home","item":"https:\/\/penzionbado.sk\/pl\/"},{"@type":"ListItem","position":2,"name":"Z\u00e1sady pou\u017e\u00edv\u00e1n\u00ed soubor\u016f cookie"}]},{"@type":"WebSite","@id":"https:\/\/penzionbado.sk\/#website","url":"https:\/\/penzionbado.sk\/","name":"Penzi\u00f3n BA\u010eO ***","description":"Rodinn\u00fd penzi\u00f3n pod Lomnick\u00fdm \u0160t\u00edtom","publisher":{"@id":"https:\/\/penzionbado.sk\/#organization"},"potentialAction":[{"@type":"SearchAction","target":{"@type":"EntryPoint","urlTemplate":"https:\/\/penzionbado.sk\/?s={search_term_string}"},"query-input":"required name=search_term_string"}],"inLanguage":"cs"},{"@type":"Organization","@id":"https:\/\/penzionbado.sk\/#organization","name":"Penzi\u00f3n BA\u010eO ***","url":"https:\/\/penzionbado.sk\/","logo":{"@type":"ImageObject","inLanguage":"cs","@id":"https:\/\/penzionbado.sk\/#\/schema\/logo\/image\/","url":"https:\/\/penzionbado.sk\/wp-content\/uploads\/2023\/05\/BADO_logo_black_transparent.png","contentUrl":"https:\/\/penzionbado.sk\/wp-content\/uploads\/2023\/05\/BADO_logo_black_transparent.png","width":470,"height":473,"caption":"Penzi\u00f3n BA\u010eO ***"},"image":{"@id":"https:\/\/penzionbado.sk\/#\/schema\/logo\/image\/"},"sameAs":["https:\/\/www.facebook.com\/www.penzionbado.sk","https:\/\/www.instagram.com\/penzionvysoketatry\/","https:\/\/www.youtube.com\/channel\/UCxZmlcE9qBcD9fdk4hfpo7g"]}]}},"_links":{"self":[{"href":"https:\/\/penzionbado.sk\/cs\/wp-json\/wp\/v2\/pages\/8531"}],"collection":[{"href":"https:\/\/penzionbado.sk\/cs\/wp-json\/wp\/v2\/pages"}],"about":[{"href":"https:\/\/penzionbado.sk\/cs\/wp-json\/wp\/v2\/types\/page"}],"author":[{"embeddable":true,"href":"https:\/\/penzionbado.sk\/cs\/wp-json\/wp\/v2\/users\/1"}],"replies":[{"embeddable":true,"href":"https:\/\/penzionbado.sk\/cs\/wp-json\/wp\/v2\/comments?post=8531"}],"version-history":[{"count":1,"href":"https:\/\/penzionbado.sk\/cs\/wp-json\/wp\/v2\/pages\/8531\/revisions"}],"predecessor-version":[{"id":8534,"href":"https:\/\/penzionbado.sk\/cs\/wp-json\/wp\/v2\/pages\/8531\/revisions\/8534"}],"wp:attachment":[{"href":"https:\/\/penzionbado.sk\/cs\/wp-json\/wp\/v2\/media?parent=8531"}],"curies":[{"name":"wp","href":"https:\/\/api.w.org\/{rel}","templated":true}]}}