{"id":8449,"date":"2024-07-04T14:12:52","date_gmt":"2024-07-04T12:12:52","guid":{"rendered":"https:\/\/penzionbado.sk\/zpracovani-osobnich-udaju\/"},"modified":"2024-07-18T08:13:52","modified_gmt":"2024-07-18T06:13:52","slug":"zpracovani-osobnich-udaju","status":"publish","type":"page","link":"https:\/\/penzionbado.sk\/cs\/zpracovani-osobnich-udaju\/","title":{"rendered":"Zpracov\u00e1n\u00ed osobn\u00edch \u00fadaj\u016f"},"content":{"rendered":"\t\t<div data-elementor-type=\"wp-page\" data-elementor-id=\"8449\" class=\"elementor elementor-8449 elementor-679\" data-elementor-post-type=\"page\">\n\t\t\t\t\t\t\t\t\t<section class=\"elementor-section elementor-top-section elementor-element elementor-element-28572c5 elementor-section-full_width elementor-section-height-default elementor-section-height-default qodef-elementor-content-no\" data-id=\"28572c5\" data-element_type=\"section\">\n\t\t\t\t\t\t<div class=\"elementor-container elementor-column-gap-no\">\n\t\t\t\t\t<div class=\"elementor-column elementor-col-100 elementor-top-column elementor-element elementor-element-11357d8\" data-id=\"11357d8\" data-element_type=\"column\">\n\t\t\t<div class=\"elementor-widget-wrap elementor-element-populated\">\n\t\t\t\t\t\t\t\t<div class=\"elementor-element elementor-element-e26de25 elementor-widget elementor-widget-text-editor\" data-id=\"e26de25\" data-element_type=\"widget\" data-widget_type=\"text-editor.default\">\n\t\t\t\t<div class=\"elementor-widget-container\">\n\t\t\t\t\t\t\t<p>Z\u00e1sady zpracov\u00e1n\u00ed osobn\u00edch \u00fadaj\u016f podle \u010dl. 15 na\u0159\u00edzen\u00ed Evropsk\u00e9ho parlamentu a Rady (EU) 2016\/679 o ochran\u011b fyzick\u00fdch osob v souvislosti se zpracov\u00e1n\u00edm osobn\u00edch \u00fadaj\u016f a o voln\u00e9m pohybu t\u011bchto \u00fadaj\u016f (d\u00e1le jen &#8220;na\u0159\u00edzen\u00ed&#8221;).&nbsp;<\/p>\n<p>V\u00e1\u017een\u00fd host,&nbsp;<\/p>\n<p>pro vyu\u017e\u00edv\u00e1n\u00ed slu\u017eeb na\u0161eho penzionu BA\u010eO &#8211; BA\u010eO, s.r.o., Tatransk\u00e1 188\/52, Star\u00e1 Lesn\u00e1 05952, Slovensk\u00e1 republika, I\u010cO: 36472662, DI\u010c: SK2020021784 pot\u0159ebujeme Va\u0161e osobn\u00ed \u00fadaje. Bezpe\u010dnost va\u0161ich \u00fadaj\u016f a jejich z\u00e1konn\u00e9 zpracov\u00e1n\u00ed je pro n\u00e1s prvo\u0159ad\u00e9, a proto v\u00e1s informujeme o <b>z\u00e1kladn\u00edch z\u00e1sad\u00e1ch zpracov\u00e1n\u00ed va\u0161ich osobn\u00edch \u00fadaj\u016f.<\/b> V souladu s \u010dl. 5 Na\u0159\u00edzen\u00ed zajistil ochranu zpracov\u00e1n\u00ed va\u0161ich osobn\u00edch \u00fadaj\u016f v souladu s n\u00e1sleduj\u00edc\u00edmi z\u00e1kladn\u00edmi z\u00e1sadami zpracov\u00e1n\u00ed osobn\u00edch \u00fadaj\u016f.&nbsp;<\/p>\n<p><b>Osobn\u00ed \u00fadaje mus\u00ed b\u00fdt:<\/b>&nbsp;<\/p>\n<p>(<b>a<\/b> ) zpracov\u00e1v\u00e1ny z\u00e1konn\u011b, spravedliv\u011b a transparentn\u011b ve vztahu k subjektu \u00fadaj\u016f (&#8220;z\u00e1konnost, spravedlnost a transparentnost&#8221;);&nbsp;<\/p>\n<p>(<b>b<\/b> ) z\u00edsk\u00e1ny pro konkr\u00e9tn\u011b ur\u010den\u00e9, v\u00fdslovn\u011b uveden\u00e9 a legitimn\u00ed \u00fa\u010dely a nesm\u011bj\u00ed b\u00fdt d\u00e1le zpracov\u00e1v\u00e1ny zp\u016fsobem, kter\u00fd je s t\u011bmito \u00fa\u010dely neslu\u010diteln\u00fd; dal\u0161\u00ed zpracov\u00e1n\u00ed pro \u00fa\u010dely archivace ve ve\u0159ejn\u00e9m z\u00e1jmu, pro \u00fa\u010dely v\u011bdeck\u00e9ho \u010di historick\u00e9ho v\u00fdzkumu nebo pro statistick\u00e9 \u00fa\u010dely je v souladu s \u010dl. 89 odst. 1 p\u00edsm. b) zak\u00e1z\u00e1no. 1 se nepova\u017euje za neslu\u010diteln\u00fd s p\u016fvodn\u00edmi \u00fa\u010dely (&#8220;omezen\u00ed \u00fa\u010delu&#8221;);&nbsp;<\/p>\n<p>(<b>c<\/b> ) p\u0159im\u011b\u0159en\u00e9, relevantn\u00ed a omezen\u00e9 na to, co je nezbytn\u00e9 vzhledem k \u00fa\u010del\u016fm, pro kter\u00e9 jsou zpracov\u00e1v\u00e1ny (&#8220;minimalizace \u00fadaj\u016f&#8221;);&nbsp;<\/p>\n<p>(<b>d<\/b> ) spr\u00e1vn\u00e9 a v p\u0159\u00edpad\u011b pot\u0159eby aktu\u00e1ln\u00ed; mus\u00ed b\u00fdt p\u0159ijata ve\u0161ker\u00e1 nezbytn\u00e1 opat\u0159en\u00ed, aby osobn\u00ed \u00fadaje, kter\u00e9 jsou nespr\u00e1vn\u00e9 s ohledem na \u00fa\u010dely, pro kter\u00e9 jsou zpracov\u00e1v\u00e1ny, byly neprodlen\u011b vymaz\u00e1ny nebo opraveny (&#8220;spr\u00e1vnost&#8221;);&nbsp;<\/p>\n<p>(<b>e<\/b> ) uchov\u00e1v\u00e1ny ve form\u011b umo\u017e\u0148uj\u00edc\u00ed identifikaci subjekt\u016f \u00fadaj\u016f po dobu ne del\u0161\u00ed, ne\u017e je nezbytn\u00e9 pro \u00fa\u010dely, pro kter\u00e9 jsou osobn\u00ed \u00fadaje zpracov\u00e1v\u00e1ny; osobn\u00ed \u00fadaje mohou b\u00fdt uchov\u00e1v\u00e1ny d\u00e9le, pokud maj\u00ed b\u00fdt zpracov\u00e1v\u00e1ny v\u00fdhradn\u011b pro \u00fa\u010dely archivace ve ve\u0159ejn\u00e9m z\u00e1jmu, pro \u00fa\u010dely v\u011bdeck\u00e9ho nebo historick\u00e9ho v\u00fdzkumu nebo pro statistick\u00e9 \u00fa\u010dely v souladu s \u010dl. 89 odst. 1 p\u00edsm. b) na\u0159\u00edzen\u00ed (ES) \u010d. [&#8230;]. 1 za p\u0159edpokladu, \u017ee jsou p\u0159ijata vhodn\u00e1 technick\u00e1 a organiza\u010dn\u00ed opat\u0159en\u00ed vy\u017eadovan\u00e1 t\u00edmto na\u0159\u00edzen\u00edm k ochran\u011b pr\u00e1v a svobod subjekt\u016f \u00fadaj\u016f (&#8220;minimalizace uchov\u00e1v\u00e1n\u00ed&#8221;);&nbsp;<\/p>\n<p>(<b>f<\/b> ) zpracov\u00e1v\u00e1ny zp\u016fsobem, kter\u00fd zaji\u0161\u0165uje odpov\u00eddaj\u00edc\u00ed zabezpe\u010den\u00ed osobn\u00edch \u00fadaj\u016f, v\u010detn\u011b ochrany &#8211; 2 &#8211; p\u0159ed neopr\u00e1vn\u011bn\u00fdm nebo protipr\u00e1vn\u00edm zpracov\u00e1n\u00edm a p\u0159ed n\u00e1hodnou ztr\u00e1tou, zni\u010den\u00edm nebo po\u0161kozen\u00edm, a to prost\u0159ednictv\u00edm vhodn\u00fdch technick\u00fdch nebo organiza\u010dn\u00edch opat\u0159en\u00ed (&#8221;&nbsp;<\/p>\n<p>\u27a2 Provozovatel se sna\u017e\u00ed poskytovat sv\u00fdm z\u00e1kazn\u00edk\u016fm slu\u017eby nejvy\u0161\u0161\u00ed mo\u017en\u00e9 kvality. Za \u00fa\u010delem poskytov\u00e1n\u00ed t\u011bchto slu\u017eeb m\u00e1 provozovatel z\u00e1konn\u00e9 i smluvn\u00ed povinnosti, z nich\u017e vypl\u00fdv\u00e1 povinnost provozovatele zpracov\u00e1vat va\u0161e osobn\u00ed \u00fadaje v n\u00e1sleduj\u00edc\u00edm rozsahu: jm\u00e9no, p\u0159\u00edjmen\u00ed, datum narozen\u00ed, \u010d\u00edslo ob\u010dansk\u00e9ho pr\u016fkazu. Abychom v\u00e1m mohli zas\u00edlat informace o p\u0159\u00edpadn\u00fdch prob\u00edhaj\u00edc\u00edch nebo pl\u00e1novan\u00fdch akc\u00edch, ud\u00e1lostech, jako\u017e i o mo\u017enosti vyu\u017eit\u00ed v\u00fdhodn\u00fdch slu\u017eeb nab\u00edzen\u00fdch na\u0161\u00edm penzionem, zpracov\u00e1v\u00e1me va\u0161e osobn\u00ed \u00fadaje na z\u00e1klad\u011b va\u0161eho souhlasu v n\u00e1sleduj\u00edc\u00edm rozsahu: jm\u00e9no, p\u0159\u00edjmen\u00ed, telefonn\u00ed \u010d\u00edslo, e-mailov\u00e1 adresa.&nbsp;<\/p>\n<p>\u27a2 Spr\u00e1vce zpracov\u00e1v\u00e1 va\u0161e osobn\u00ed \u00fadaje pro marketingov\u00e9 \u00fa\u010dely s c\u00edlem p\u00e9\u010de o z\u00e1kazn\u00edky. Va\u0161e osobn\u00ed \u00fadaje pro tento \u00fa\u010del zpracov\u00e1v\u00e1me pouze v p\u0159\u00edpad\u011b, \u017ee n\u00e1m k tomu d\u00e1te souhlas. Spr\u00e1vce zpracov\u00e1v\u00e1 va\u0161e osobn\u00ed \u00fadaje tak\u00e9 pro \u00fa\u010dely pln\u011bn\u00ed smluvn\u00edch z\u00e1vazk\u016f, pln\u011bn\u00ed pr\u00e1vn\u00edch povinnost\u00ed a pro \u00fa\u010dely opr\u00e1vn\u011bn\u00fdch z\u00e1jm\u016f spr\u00e1vce, aby byla zaji\u0161t\u011bna ochrana osob (z\u00e1kazn\u00edk\u016f) a jejich majetku, jako\u017e i majetku spr\u00e1vce. Za t\u00edmto \u00fa\u010delem spr\u00e1vce zpracov\u00e1v\u00e1 va\u0161e osobn\u00ed \u00fadaje v rozsahu obrazov\u00e9ho z\u00e1znamu, kter\u00fd je zaji\u0161t\u011bn kamerov\u00fdm syst\u00e9mem sn\u00edmaj\u00edc\u00edm spole\u010dn\u00e9 prostory penzionu BA\u010eO.&nbsp;<\/p>\n<p>\u27a2 Spr\u00e1vce informuje subjekty \u00fadaj\u016f, \u017ee souhlas se zpracov\u00e1n\u00edm osobn\u00edch \u00fadaj\u016f m\u016f\u017eete ud\u011blit podpisem souhlasu se zpracov\u00e1n\u00edm osobn\u00edch \u00fadaj\u016f ud\u011blen\u00e9ho v souladu s \u010dl. 7 Na\u0159\u00edzen\u00ed, kter\u00e9 je v p\u00edsemn\u00e9 podob\u011b um\u00edst\u011bno na recepci penzionu BA\u010eO.&nbsp;<\/p>\n<p>\u27a2 Pokud jste ud\u011blili souhlas se zpracov\u00e1n\u00edm sv\u00fdch osobn\u00edch \u00fadaj\u016f pro marketingov\u00e9 \u00fa\u010dely, m\u00e1te pr\u00e1vo sv\u016fj souhlas kdykoli odvolat, ani\u017e by byla dot\u010dena z\u00e1konnost zpracov\u00e1n\u00ed na z\u00e1klad\u011b souhlasu ud\u011blen\u00e9ho p\u0159ed jeho odvol\u00e1n\u00edm, a to tak, \u017ee o tom informujete spr\u00e1vce na n\u00e1sleduj\u00edc\u00ed e-mailov\u00e9 adrese.&nbsp;<\/p>\n<p>\u27a2 S va\u0161\u00edm souhlasem poskytujeme va\u0161e osobn\u00ed \u00fadaje v souladu se z\u00e1konnou povinnost\u00ed spr\u00e1vce \u00fadaj\u016f opr\u00e1vn\u011bn\u00fdm org\u00e1n\u016fm na z\u00e1klad\u011b zvl\u00e1\u0161tn\u00edch p\u0159edpis\u016f.&nbsp;<\/p>\n<p>\u27a2 Va\u0161e osobn\u00ed \u00fadaje uchov\u00e1v\u00e1me pro marketingov\u00e9 \u00fa\u010dely po dobu 5 let, pro \u00fa\u010dely pln\u011bn\u00ed smluvn\u00edch povinnost\u00ed po dobu 5 let, pro \u00fa\u010dely pln\u011bn\u00ed z\u00e1konn\u00e9 povinnosti archivace \u00fa\u010detn\u00edch doklad\u016f po dobu 10 let, pro \u00fa\u010dely pln\u011bn\u00ed jin\u00fdch z\u00e1konn\u00fdch povinnost\u00ed po dobu 10 let a pro \u00fa\u010dely opr\u00e1vn\u011bn\u00fdch z\u00e1jm\u016f spr\u00e1vce po dobu 3 &#8211; 5 dn\u016f.&nbsp;<\/p>\n<p>\u27a2 Spr\u00e1vce zpracov\u00e1v\u00e1 va\u0161e osobn\u00ed \u00fadaje v pap\u00edrov\u00e9 i elektronick\u00e9 podob\u011b. Za \u00fa\u010delem spln\u011bn\u00ed z\u00e1konn\u00e9 povinnosti spr\u00e1vce \u00fadaj\u016f poskytnout va\u0161e osobn\u00ed \u00fadaje p\u0159\u00edslu\u0161n\u00fdm org\u00e1n\u016fm na z\u00e1klad\u011b zvl\u00e1\u0161tn\u00edch p\u0159edpis\u016f spr\u00e1vce \u00fadaj\u016f zaji\u0161\u0165uje, aby tyto \u00fadaje byly poskytnuty bezpe\u010dn\u011b, bez mo\u017enosti jejich zneu\u017eit\u00ed. V p\u0159\u00edpad\u011b jak\u00fdchkoli dotaz\u016f n\u00e1s nev\u00e1hejte kontaktovat e-mailem na adrese: info@penzionbado.sk nebo prost\u0159ednictv\u00edm elektronick\u00e9ho online formul\u00e1\u0159e zve\u0159ejn\u011bn\u00e9ho na na\u0161ich webov\u00fdch str\u00e1nk\u00e1ch.<\/p>\t\t\t\t\t\t<\/div>\n\t\t\t\t<\/div>\n\t\t\t\t\t<\/div>\n\t\t<\/div>\n\t\t\t\t\t\t\t<\/div>\n\t\t<\/section>\n\t\t\t\t\t\t\t<\/div>\n\t\t","protected":false},"excerpt":{"rendered":"<p>Z\u00e1sady zpracov\u00e1n\u00ed osobn\u00edch \u00fadaj\u016f podle \u010dl. 15 na\u0159\u00edzen\u00ed Evropsk\u00e9ho parlamentu a Rady (EU) 2016\/679 o ochran\u011b fyzick\u00fdch osob v souvislosti se zpracov\u00e1n\u00edm osobn\u00edch \u00fadaj\u016f a o voln\u00e9m pohybu t\u011bchto \u00fadaj\u016f (d\u00e1le jen &#8220;na\u0159\u00edzen\u00ed&#8221;).&nbsp; V\u00e1\u017een\u00fd host,&nbsp; pro vyu\u017e\u00edv\u00e1n\u00ed slu\u017eeb na\u0161eho penzionu BA\u010eO &#8211; BA\u010eO, s.r.o., Tatransk\u00e1 188\/52, Star\u00e1 Lesn\u00e1 05952, Slovensk\u00e1 republika, I\u010cO: 36472662, DI\u010c: SK2020021784 [&hellip;]<\/p>\n","protected":false},"author":1,"featured_media":0,"parent":0,"menu_order":0,"comment_status":"closed","ping_status":"closed","template":"","meta":{"inline_featured_image":false},"yoast_head":"<!-- This site is optimized with the Yoast SEO plugin v20.13 - https:\/\/yoast.com\/wordpress\/plugins\/seo\/ -->\n<title>Zpracov\u00e1n\u00ed osobn\u00edch \u00fadaj\u016f | Penzi\u00f3n BA\u010eO ***<\/title>\n<meta name=\"robots\" content=\"index, follow, max-snippet:-1, max-image-preview:large, max-video-preview:-1\" \/>\n<link rel=\"canonical\" href=\"https:\/\/penzionbado.sk\/cs\/zpracovani-osobnich-udaju\/\" \/>\n<meta property=\"og:locale\" content=\"cs_CZ\" \/>\n<meta property=\"og:type\" content=\"article\" \/>\n<meta property=\"og:title\" content=\"Zpracov\u00e1n\u00ed osobn\u00edch \u00fadaj\u016f | Penzi\u00f3n BA\u010eO ***\" \/>\n<meta property=\"og:description\" content=\"Z\u00e1sady zpracov\u00e1n\u00ed osobn\u00edch \u00fadaj\u016f podle \u010dl. 15 na\u0159\u00edzen\u00ed Evropsk\u00e9ho parlamentu a Rady (EU) 2016\/679 o ochran\u011b fyzick\u00fdch osob v souvislosti se zpracov\u00e1n\u00edm osobn\u00edch \u00fadaj\u016f a o voln\u00e9m pohybu t\u011bchto \u00fadaj\u016f (d\u00e1le jen &#8220;na\u0159\u00edzen\u00ed&#8221;).&nbsp; V\u00e1\u017een\u00fd host,&nbsp; pro vyu\u017e\u00edv\u00e1n\u00ed slu\u017eeb na\u0161eho penzionu BA\u010eO &#8211; BA\u010eO, s.r.o., Tatransk\u00e1 188\/52, Star\u00e1 Lesn\u00e1 05952, Slovensk\u00e1 republika, I\u010cO: 36472662, DI\u010c: SK2020021784 [&hellip;]\" \/>\n<meta property=\"og:url\" content=\"https:\/\/penzionbado.sk\/cs\/zpracovani-osobnich-udaju\/\" \/>\n<meta property=\"og:site_name\" content=\"Penzi\u00f3n BA\u010eO ***\" \/>\n<meta property=\"article:publisher\" content=\"https:\/\/www.facebook.com\/www.penzionbado.sk\" \/>\n<meta property=\"article:modified_time\" content=\"2024-07-18T06:13:52+00:00\" \/>\n<meta name=\"twitter:card\" content=\"summary_large_image\" \/>\n<meta name=\"twitter:label1\" content=\"Odhadovan\u00e1 doba \u010dten\u00ed\" \/>\n\t<meta name=\"twitter:data1\" content=\"5 minut\" \/>\n<script type=\"application\/ld+json\" class=\"yoast-schema-graph\">{\"@context\":\"https:\/\/schema.org\",\"@graph\":[{\"@type\":\"WebPage\",\"@id\":\"https:\/\/penzionbado.sk\/cs\/zpracovani-osobnich-udaju\/\",\"url\":\"https:\/\/penzionbado.sk\/cs\/zpracovani-osobnich-udaju\/\",\"name\":\"Zpracov\u00e1n\u00ed osobn\u00edch \u00fadaj\u016f | Penzi\u00f3n BA\u010eO ***\",\"isPartOf\":{\"@id\":\"https:\/\/penzionbado.sk\/#website\"},\"datePublished\":\"2024-07-04T12:12:52+00:00\",\"dateModified\":\"2024-07-18T06:13:52+00:00\",\"breadcrumb\":{\"@id\":\"https:\/\/penzionbado.sk\/cs\/zpracovani-osobnich-udaju\/#breadcrumb\"},\"inLanguage\":\"cs\",\"potentialAction\":[{\"@type\":\"ReadAction\",\"target\":[\"https:\/\/penzionbado.sk\/cs\/zpracovani-osobnich-udaju\/\"]}]},{\"@type\":\"BreadcrumbList\",\"@id\":\"https:\/\/penzionbado.sk\/cs\/zpracovani-osobnich-udaju\/#breadcrumb\",\"itemListElement\":[{\"@type\":\"ListItem\",\"position\":1,\"name\":\"Home\",\"item\":\"https:\/\/penzionbado.sk\/pl\/\"},{\"@type\":\"ListItem\",\"position\":2,\"name\":\"Zpracov\u00e1n\u00ed osobn\u00edch \u00fadaj\u016f\"}]},{\"@type\":\"WebSite\",\"@id\":\"https:\/\/penzionbado.sk\/#website\",\"url\":\"https:\/\/penzionbado.sk\/\",\"name\":\"Penzi\u00f3n BA\u010eO ***\",\"description\":\"Rodinn\u00fd penzi\u00f3n pod Lomnick\u00fdm \u0160t\u00edtom\",\"publisher\":{\"@id\":\"https:\/\/penzionbado.sk\/#organization\"},\"potentialAction\":[{\"@type\":\"SearchAction\",\"target\":{\"@type\":\"EntryPoint\",\"urlTemplate\":\"https:\/\/penzionbado.sk\/?s={search_term_string}\"},\"query-input\":\"required name=search_term_string\"}],\"inLanguage\":\"cs\"},{\"@type\":\"Organization\",\"@id\":\"https:\/\/penzionbado.sk\/#organization\",\"name\":\"Penzi\u00f3n BA\u010eO ***\",\"url\":\"https:\/\/penzionbado.sk\/\",\"logo\":{\"@type\":\"ImageObject\",\"inLanguage\":\"cs\",\"@id\":\"https:\/\/penzionbado.sk\/#\/schema\/logo\/image\/\",\"url\":\"https:\/\/penzionbado.sk\/wp-content\/uploads\/2023\/05\/BADO_logo_black_transparent.png\",\"contentUrl\":\"https:\/\/penzionbado.sk\/wp-content\/uploads\/2023\/05\/BADO_logo_black_transparent.png\",\"width\":470,\"height\":473,\"caption\":\"Penzi\u00f3n BA\u010eO ***\"},\"image\":{\"@id\":\"https:\/\/penzionbado.sk\/#\/schema\/logo\/image\/\"},\"sameAs\":[\"https:\/\/www.facebook.com\/www.penzionbado.sk\",\"https:\/\/www.instagram.com\/penzionvysoketatry\/\",\"https:\/\/www.youtube.com\/channel\/UCxZmlcE9qBcD9fdk4hfpo7g\"]}]}<\/script>\n<!-- \/ Yoast SEO plugin. -->","yoast_head_json":{"title":"Zpracov\u00e1n\u00ed osobn\u00edch \u00fadaj\u016f | Penzi\u00f3n BA\u010eO ***","robots":{"index":"index","follow":"follow","max-snippet":"max-snippet:-1","max-image-preview":"max-image-preview:large","max-video-preview":"max-video-preview:-1"},"canonical":"https:\/\/penzionbado.sk\/cs\/zpracovani-osobnich-udaju\/","og_locale":"cs_CZ","og_type":"article","og_title":"Zpracov\u00e1n\u00ed osobn\u00edch \u00fadaj\u016f | Penzi\u00f3n BA\u010eO ***","og_description":"Z\u00e1sady zpracov\u00e1n\u00ed osobn\u00edch \u00fadaj\u016f podle \u010dl. 15 na\u0159\u00edzen\u00ed Evropsk\u00e9ho parlamentu a Rady (EU) 2016\/679 o ochran\u011b fyzick\u00fdch osob v souvislosti se zpracov\u00e1n\u00edm osobn\u00edch \u00fadaj\u016f a o voln\u00e9m pohybu t\u011bchto \u00fadaj\u016f (d\u00e1le jen &#8220;na\u0159\u00edzen\u00ed&#8221;).&nbsp; V\u00e1\u017een\u00fd host,&nbsp; pro vyu\u017e\u00edv\u00e1n\u00ed slu\u017eeb na\u0161eho penzionu BA\u010eO &#8211; BA\u010eO, s.r.o., Tatransk\u00e1 188\/52, Star\u00e1 Lesn\u00e1 05952, Slovensk\u00e1 republika, I\u010cO: 36472662, DI\u010c: SK2020021784 [&hellip;]","og_url":"https:\/\/penzionbado.sk\/cs\/zpracovani-osobnich-udaju\/","og_site_name":"Penzi\u00f3n BA\u010eO ***","article_publisher":"https:\/\/www.facebook.com\/www.penzionbado.sk","article_modified_time":"2024-07-18T06:13:52+00:00","twitter_card":"summary_large_image","twitter_misc":{"Odhadovan\u00e1 doba \u010dten\u00ed":"5 minut"},"schema":{"@context":"https:\/\/schema.org","@graph":[{"@type":"WebPage","@id":"https:\/\/penzionbado.sk\/cs\/zpracovani-osobnich-udaju\/","url":"https:\/\/penzionbado.sk\/cs\/zpracovani-osobnich-udaju\/","name":"Zpracov\u00e1n\u00ed osobn\u00edch \u00fadaj\u016f | Penzi\u00f3n BA\u010eO ***","isPartOf":{"@id":"https:\/\/penzionbado.sk\/#website"},"datePublished":"2024-07-04T12:12:52+00:00","dateModified":"2024-07-18T06:13:52+00:00","breadcrumb":{"@id":"https:\/\/penzionbado.sk\/cs\/zpracovani-osobnich-udaju\/#breadcrumb"},"inLanguage":"cs","potentialAction":[{"@type":"ReadAction","target":["https:\/\/penzionbado.sk\/cs\/zpracovani-osobnich-udaju\/"]}]},{"@type":"BreadcrumbList","@id":"https:\/\/penzionbado.sk\/cs\/zpracovani-osobnich-udaju\/#breadcrumb","itemListElement":[{"@type":"ListItem","position":1,"name":"Home","item":"https:\/\/penzionbado.sk\/pl\/"},{"@type":"ListItem","position":2,"name":"Zpracov\u00e1n\u00ed osobn\u00edch \u00fadaj\u016f"}]},{"@type":"WebSite","@id":"https:\/\/penzionbado.sk\/#website","url":"https:\/\/penzionbado.sk\/","name":"Penzi\u00f3n BA\u010eO ***","description":"Rodinn\u00fd penzi\u00f3n pod Lomnick\u00fdm \u0160t\u00edtom","publisher":{"@id":"https:\/\/penzionbado.sk\/#organization"},"potentialAction":[{"@type":"SearchAction","target":{"@type":"EntryPoint","urlTemplate":"https:\/\/penzionbado.sk\/?s={search_term_string}"},"query-input":"required name=search_term_string"}],"inLanguage":"cs"},{"@type":"Organization","@id":"https:\/\/penzionbado.sk\/#organization","name":"Penzi\u00f3n BA\u010eO ***","url":"https:\/\/penzionbado.sk\/","logo":{"@type":"ImageObject","inLanguage":"cs","@id":"https:\/\/penzionbado.sk\/#\/schema\/logo\/image\/","url":"https:\/\/penzionbado.sk\/wp-content\/uploads\/2023\/05\/BADO_logo_black_transparent.png","contentUrl":"https:\/\/penzionbado.sk\/wp-content\/uploads\/2023\/05\/BADO_logo_black_transparent.png","width":470,"height":473,"caption":"Penzi\u00f3n BA\u010eO ***"},"image":{"@id":"https:\/\/penzionbado.sk\/#\/schema\/logo\/image\/"},"sameAs":["https:\/\/www.facebook.com\/www.penzionbado.sk","https:\/\/www.instagram.com\/penzionvysoketatry\/","https:\/\/www.youtube.com\/channel\/UCxZmlcE9qBcD9fdk4hfpo7g"]}]}},"_links":{"self":[{"href":"https:\/\/penzionbado.sk\/cs\/wp-json\/wp\/v2\/pages\/8449"}],"collection":[{"href":"https:\/\/penzionbado.sk\/cs\/wp-json\/wp\/v2\/pages"}],"about":[{"href":"https:\/\/penzionbado.sk\/cs\/wp-json\/wp\/v2\/types\/page"}],"author":[{"embeddable":true,"href":"https:\/\/penzionbado.sk\/cs\/wp-json\/wp\/v2\/users\/1"}],"replies":[{"embeddable":true,"href":"https:\/\/penzionbado.sk\/cs\/wp-json\/wp\/v2\/comments?post=8449"}],"version-history":[{"count":1,"href":"https:\/\/penzionbado.sk\/cs\/wp-json\/wp\/v2\/pages\/8449\/revisions"}],"predecessor-version":[{"id":8450,"href":"https:\/\/penzionbado.sk\/cs\/wp-json\/wp\/v2\/pages\/8449\/revisions\/8450"}],"wp:attachment":[{"href":"https:\/\/penzionbado.sk\/cs\/wp-json\/wp\/v2\/media?parent=8449"}],"curies":[{"name":"wp","href":"https:\/\/api.w.org\/{rel}","templated":true}]}}